{"id":132552,"date":"2024-11-26T14:53:48","date_gmt":"2024-11-26T13:53:48","guid":{"rendered":"https:\/\/secureus.se\/dorrstangarsats-dc700-3-6-paket-silver\/"},"modified":"2026-04-08T15:28:59","modified_gmt":"2026-04-08T13:28:59","slug":"dorrstangarsats-dc700-3-6-paket-silver","status":"publish","type":"product","link":"https:\/\/secureus.se\/fr\/dorrstangarsats-dc700-3-6-paket-silver\/","title":{"rendered":"Ferme-porte ASSA ABLOY DC700 \u2013 Kit complet \u2013 EN 3-6 \u2013 Coulissant G195 \u2013 Argent"},"content":{"rendered":"<p><strong>ASSA ABLOY DC700<\/strong> \u00e4r en modern och drifts\u00e4ker d\u00f6rrst\u00e4ngare f\u00f6r dig som vill ha en s\u00e4ker, kontrollerad och smidig st\u00e4ngning av innerd\u00f6rrar, ytterd\u00f6rrar och brandd\u00f6rrar. Den h\u00e4r modellen levereras som <strong>kit complet<\/strong> en argent avec <strong>rail coulissant G195<\/strong>, vilket g\u00f6r den till ett bra val b\u00e5de vid nyinstallation och utbyte.<\/p>\n<p>DC700 passar <strong>portes simples jusqu&#039;\u00e0 1400 mm<\/strong> et a <strong>Force de fermeture r\u00e9glable EN 3-6<\/strong>. Gr\u00e2ce \u00e0 <strong>Technologie Cam Motion<\/strong> f\u00e5r du ett l\u00e4ttare \u00f6ppningsmotst\u00e5nd j\u00e4mf\u00f6rt med en traditionell d\u00f6rrst\u00e4ngare, samtidigt som st\u00e4ngningskraften bibeh\u00e5lls. Det g\u00f6r modellen s\u00e4rskilt l\u00e4mplig i d\u00f6rrmilj\u00f6er d\u00e4r b\u00e5de funktion, komfort och tillg\u00e4nglighet \u00e4r viktiga.<\/p>\n<h3>Ceci est inclus dans le kit<\/h3>\n<ul>\n<li>D\u00f6rrst\u00e4ngarhus DC700<\/li>\n<li>Plaque de montage A120<\/li>\n<li>Rail coulissant G195<\/li>\n<\/ul>\n<h3>Caract\u00e9ristiques<\/h3>\n<ul>\n<li>Kit complet comprenant bo\u00eetier de ferme-porte, plaque de montage et rail de guidage.<\/li>\n<li>Syst\u00e8me de bras : <strong>Rail coulissant<\/strong><\/li>\n<li>Force de fermeture : <strong>UN 3-6<\/strong><\/li>\n<li>Couple de fermeture <strong>18 Nm till 54 Nm<\/strong><\/li>\n<li>Convient aux portes simples<\/li>\n<li>Largeur maximale du vantail de porte\u00a0: <strong>1400 millim\u00e8tres<\/strong><\/li>\n<li>Technologie Cam Motion pour une r\u00e9sistance \u00e0 l&#039;ouverture plus l\u00e9g\u00e8re<\/li>\n<li>vitesse de fermeture r\u00e9glable<\/li>\n<li>force d&#039;impact r\u00e9glable<\/li>\n<li>Frein d&#039;ouverture r\u00e9glable<\/li>\n<li>Angle d&#039;ouverture c\u00f4t\u00e9 charni\u00e8re vers le haut \u00e0 environ. <strong>170\u00b0<\/strong><\/li>\n<li>Angle d&#039;ouverture du c\u00f4t\u00e9 de la but\u00e9e jusqu&#039;\u00e0 environ. <strong>120\u00b0<\/strong><\/li>\n<li>Convient aux portes \u00e0 ouverture \u00e0 gauche et \u00e0 droite<\/li>\n<li>Plaque de montage dissimul\u00e9e<\/li>\n<li>Hauteur r\u00e9glable jusqu&#039;\u00e0 <strong>14 mm<\/strong> pour une installation plus facile<\/li>\n<li>R\u00e9ussir la classe <strong>C5<\/strong><\/li>\n<li>Approuv\u00e9 conform\u00e9ment \u00e0 <strong>EN1154<\/strong><\/li>\n<li>Homologu\u00e9 pour les portes coupe-feu <strong>EI60<\/strong><\/li>\n<li>Produit de construction \u00e9valu\u00e9 : Oui<\/li>\n<li>Traitement de surface : <strong>Argent<\/strong><\/li>\n<\/ul>\n<h3>Montage<\/h3>\n<p>DC700 kan anv\u00e4ndas i flera olika montageutf\u00f6randen och \u00e4r en flexibel l\u00f6sning f\u00f6r m\u00e5nga typer av d\u00f6rrmilj\u00f6er. Enligt produktdatan passar modellen f\u00f6r montage p\u00e5 <strong>d\u00f6rr g\u00e5ngj\u00e4rnssida, karm g\u00e5ngj\u00e4rnssida, d\u00f6rr anslagssida och karm anslagssida<\/strong>.<\/p>\n<h3>Fonction<\/h3>\n<p>DC700 \u00e4r en <strong>ferme-porte \u00e0 disque \u00e0 came<\/strong> d\u00e4r glidskena anv\u00e4nds samtidigt som st\u00e4ngningskraften bibeh\u00e5lls. Kamskivetekniken g\u00f6r att \u00f6ppningsmotst\u00e5ndet i f\u00f6rh\u00e5llande till st\u00e4ngningskraften blir l\u00e4gre \u00e4n hos en vanlig d\u00f6rrst\u00e4ngare, vilket ger en smidigare k\u00e4nsla vid passage.<\/p>\n<h3>Informations importantes<\/h3>\n<p>Lors du montage sur <strong>page d&#039;annonce<\/strong> avec <strong>rail coulissant G195<\/strong> recommand\u00e9 <strong>registre d&#039;ouverture A153<\/strong> pour un fonctionnement plus efficace et mieux contr\u00f4l\u00e9.<\/p>\n<h3>Mesure<\/h3>\n<ul>\n<li>Hauteur: <strong>64 millim\u00e8tres<\/strong><\/li>\n<li>Profondeur: <strong>57 millim\u00e8tres<\/strong><\/li>\n<li>Longueur: <strong>270 millim\u00e8tres<\/strong><\/li>\n<\/ul>\n<h3>Convient pour<\/h3>\n<ul>\n<li>portes int\u00e9rieures<\/li>\n<li>portes d&#039;entr\u00e9e<\/li>\n<li>portes coupe-feu<\/li>\n<li>portes d&#039;entr\u00e9e<\/li>\n<li>propri\u00e9t\u00e9s, bureaux et environnements publics<\/li>\n<\/ul>\n<p>ASSA ABLOY DC700 \u00e4r ett bra val f\u00f6r dig som s\u00f6ker en <strong>Ferme-porte avec rail de guidage<\/strong> i komplett sats d\u00e4r b\u00e5de funktion, komfort och h\u00e5llbarhet \u00e4r viktiga. Du f\u00e5r en p\u00e5litlig d\u00f6rrst\u00e4ngare med h\u00f6g justerbarhet, l\u00e4tt \u00f6ppningsk\u00e4nsla och stabil drift i m\u00e5nga olika typer av d\u00f6rrmilj\u00f6er.<\/p>\n<div style=\"background: #f6f8fa;padding: 14px;border-radius: 6px;margin: 18px 0\"><strong>Vous avez besoin d&#039;aide pour choisir le bon ferme-porte ?<\/strong><br \/>\nComparez le type de porte, le type de bras et la largeur de la porte, ou d\u00e9couvrez d&#039;autres mod\u00e8les de notre gamme.<br \/>\n<a style=\"font-weight: bold\" href=\"https:\/\/secureus.se\/fr\/dorrstangare-kompletta\/\"><br \/>\nVoir tous les ferme-portes complets ici \u2192<br \/>\n<\/a><\/div>","protected":false},"excerpt":{"rendered":"<p><strong>Kit complet de ferme-porte ASSA ABLOY DC700 argent\u00e9<\/strong> avec rail de guidage G195 pour une fermeture s\u00fbre et contr\u00f4l\u00e9e des portes int\u00e9rieures, ext\u00e9rieures et coupe-feu. Convient <strong>portes simples jusqu&#039;\u00e0 1400 mm<\/strong> et a <strong>Technologie Cam Motion<\/strong> pour une r\u00e9sistance \u00e0 l&#039;ouverture plus l\u00e9g\u00e8re.<\/p>\n<p>L&#039;ensemble complet comprend : <strong>bo\u00eetier de ferme-porte DC700, plaque de montage A120 et rail de glissement G195<\/strong>. Le mod\u00e8le a <strong>Force de fermeture r\u00e9glable EN 3-6<\/strong>, frein d&#039;ouverture et convient aux portes \u00e0 ouverture \u00e0 gauche et \u00e0 droite.<\/p>","protected":false},"featured_media":133280,"template":"","meta":{"_acf_changed":false},"product_brand":[],"product_cat":[3258,4864],"product_tag":[4863],"class_list":{"0":"post-132552","1":"product","2":"type-product","3":"status-publish","4":"has-post-thumbnail","6":"product_cat-dorrstangare","7":"product_cat-dorrstangare-kompletta","8":"product_tag-pf","9":"product_shipping_class-tunga-paket","10":"pa_brands-abloy","11":"tm-no-options","13":"first","14":"instock","15":"sale","16":"taxable","17":"shipping-taxable","18":"purchasable","19":"product-type-simple"},"acf":[],"_links":{"self":[{"href":"https:\/\/secureus.se\/fr\/wp-json\/wp\/v2\/product\/132552","targetHints":{"allow":["GET"]}}],"collection":[{"href":"https:\/\/secureus.se\/fr\/wp-json\/wp\/v2\/product"}],"about":[{"href":"https:\/\/secureus.se\/fr\/wp-json\/wp\/v2\/types\/product"}],"wp:featuredmedia":[{"embeddable":true,"href":"https:\/\/secureus.se\/fr\/wp-json\/wp\/v2\/media\/133280"}],"wp:attachment":[{"href":"https:\/\/secureus.se\/fr\/wp-json\/wp\/v2\/media?parent=132552"}],"wp:term":[{"taxonomy":"product_brand","embeddable":true,"href":"https:\/\/secureus.se\/fr\/wp-json\/wp\/v2\/product_brand?post=132552"},{"taxonomy":"product_cat","embeddable":true,"href":"https:\/\/secureus.se\/fr\/wp-json\/wp\/v2\/product_cat?post=132552"},{"taxonomy":"product_tag","embeddable":true,"href":"https:\/\/secureus.se\/fr\/wp-json\/wp\/v2\/product_tag?post=132552"}],"curies":[{"name":"wp","href":"https:\/\/api.w.org\/{rel}","templated":true}]}}