{"id":133527,"date":"2024-11-26T15:05:36","date_gmt":"2024-11-26T14:05:36","guid":{"rendered":"https:\/\/secureus.se\/?post_type=product&#038;p=133527"},"modified":"2026-03-24T11:03:34","modified_gmt":"2026-03-24T10:03:34","slug":"dorrstangarsats-dc500-paket-silver","status":"publish","type":"product","link":"https:\/\/secureus.se\/fr\/dorrstangarsats-dc500-paket-silver\/","title":{"rendered":"Ferme-porte ASSA ABLOY DC500 \u2013 Kit complet \u2013 EN 1-4 \u2013 Coulissant G195 \u2013 Argent"},"content":{"rendered":"<p><strong>ASSA ABLOY DC500<\/strong> est un ferme-porte moderne et fiable pour ceux qui souhaitent une fermeture s\u00fbre, contr\u00f4l\u00e9e et en douceur des portes ext\u00e9rieures, int\u00e9rieures et coupe-feu. Ce mod\u00e8le est livr\u00e9 comme <strong>kit complet<\/strong> en argent avec <strong>rail coulissant G195<\/strong>, ce qui en fait un choix pratique aussi bien pour les nouvelles installations que pour les remplacements.<\/p>\n<p>Le DC500 convient aux portes jusqu&#039;\u00e0 <strong>1100 millim\u00e8tres<\/strong> et a <strong>Force de fermeture r\u00e9glable EN 1-4<\/strong>. Gr\u00e2ce \u00e0 <strong>Technologie Cam Motion<\/strong> Ce mod\u00e8le offre une r\u00e9sistance \u00e0 l&#039;ouverture plus l\u00e9g\u00e8re qu&#039;un ferme-porte traditionnel, tout en conservant une force de fermeture optimale. Il constitue ainsi un excellent choix pour les portes o\u00f9 fonctionnalit\u00e9, confort et accessibilit\u00e9 sont essentiels.<\/p>\n<h3>Ceci est inclus dans le kit<\/h3>\n<ul>\n<li>Bo\u00eetier de ferme-porte DC500<\/li>\n<li>Rail coulissant G195<\/li>\n<li>Plaque de montage A120<\/li>\n<\/ul>\n<h3>Caract\u00e9ristiques<\/h3>\n<ul>\n<li>Kit complet comprenant bo\u00eetier de ferme-porte, rail de guidage et plaque de montage<\/li>\n<li>force du ressort r\u00e9glable <strong>FR 1-4<\/strong><\/li>\n<li>Couple de fermeture <strong>9 Nm \u00e0 26 Nm<\/strong><\/li>\n<li>Largeur de porte maximale <strong>1100 millim\u00e8tres<\/strong><\/li>\n<li>R\u00e9ussir la classe <strong>C5<\/strong><\/li>\n<li>Technologie Cam Motion pour une r\u00e9sistance \u00e0 l&#039;ouverture plus l\u00e9g\u00e8re<\/li>\n<li>Hauteur r\u00e9glable jusqu&#039;\u00e0 <strong>14 mm<\/strong> pour une installation plus facile<\/li>\n<li>vitesse de fermeture r\u00e9glable<\/li>\n<li>force d&#039;impact r\u00e9glable<\/li>\n<li>Frein d&#039;ouverture r\u00e9glable<\/li>\n<li>Angle d&#039;ouverture c\u00f4t\u00e9 charni\u00e8re vers le haut \u00e0 environ. <strong>170\u00b0<\/strong><\/li>\n<li>Angle d&#039;ouverture du c\u00f4t\u00e9 de la but\u00e9e jusqu&#039;\u00e0 environ. <strong>120\u00b0<\/strong><\/li>\n<li>Approuv\u00e9 conform\u00e9ment \u00e0 <strong>EN1154<\/strong><\/li>\n<li>Homologu\u00e9 pour les portes coupe-feu <strong>EI60<\/strong><\/li>\n<li>Convient aux portes \u00e0 ouverture \u00e0 gauche et \u00e0 droite<\/li>\n<li>Plaque de montage dissimul\u00e9e<\/li>\n<li>Traitement de surface : <strong>Argent<\/strong><\/li>\n<\/ul>\n<h3>Fonction<\/h3>\n<p>ASSA ABLOY DC500 est un <strong>ferme-porte \u00e0 disque \u00e0 came<\/strong> Le syst\u00e8me utilise un rail de guidage tout en maintenant la force de fermeture. La technologie \u00e0 disque \u00e0 came offre \u00e9galement l&#039;avantage d&#039;une r\u00e9sistance \u00e0 l&#039;ouverture plus faible par rapport \u00e0 la force de fermeture qu&#039;avec un ferme-porte classique.<\/p>\n<h3>Informations importantes lors de l&#039;installation<\/h3>\n<p>Lors du montage sur <strong>page d&#039;annonce<\/strong> avec <strong>rail coulissant G195<\/strong> recommand\u00e9 <strong>registre d&#039;ouverture A153<\/strong> pour un fonctionnement plus efficace et mieux contr\u00f4l\u00e9.<\/p>\n<h3>Mesure<\/h3>\n<ul>\n<li>Hauteur: <strong>64 millim\u00e8tres<\/strong><\/li>\n<li>Profondeur: <strong>57 millim\u00e8tres<\/strong><\/li>\n<li>Longueur: <strong>270 millim\u00e8tres<\/strong><\/li>\n<\/ul>\n<h3>Convient pour<\/h3>\n<ul>\n<li>portes d&#039;entr\u00e9e<\/li>\n<li>portes int\u00e9rieures<\/li>\n<li>portes coupe-feu<\/li>\n<li>portes d&#039;entr\u00e9e<\/li>\n<li>propri\u00e9t\u00e9s, bureaux et environnements publics<\/li>\n<\/ul>\n<p>L&#039;ASSA ABLOY DC500 est un bon choix pour ceux qui recherchent une <strong>Ferme-porte avec rail de guidage<\/strong> Ce kit complet est id\u00e9al pour les portes \u00e0 faible hauteur. Il comprend un ferme-porte fiable, \u00e0 fonctionnement fluide, offrant une grande flexibilit\u00e9 de r\u00e9glage et une apparence discr\u00e8te qui s&#039;int\u00e8gre \u00e0 de nombreux types de b\u00e2timents.<\/p>\n<div style=\"background: #f6f8fa;padding: 14px;border-radius: 6px;margin: 18px 0\"><strong>Vous avez besoin d&#039;aide pour choisir le bon ferme-porte ?<\/strong><br \/>\nComparez le type de porte, la largeur de la porte et la conception du bras, ou d\u00e9couvrez d&#039;autres mod\u00e8les de notre gamme.<br \/>\n<a style=\"font-weight: bold\" href=\"https:\/\/secureus.se\/fr\/dorrstangare-kompletta\/\"><br \/>\nVoir tous les ferme-portes complets ici \u2192<br \/>\n<\/a><\/div>","protected":false},"excerpt":{"rendered":"<p><strong>Kit complet de ferme-porte ASSA ABLOY DC500 argent\u00e9<\/strong> avec rail coulissant G195 pour une fermeture s\u00fbre et contr\u00f4l\u00e9e des portes ext\u00e9rieures, int\u00e9rieures et coupe-feu. Convient aux portes jusqu&#039;\u00e0 <strong>1100 millim\u00e8tres<\/strong> et a <strong>Technologie Cam Motion<\/strong> pour une r\u00e9sistance \u00e0 l&#039;ouverture plus l\u00e9g\u00e8re.<\/p>\n<p>L&#039;ensemble complet comprend : <strong>bo\u00eetier de ferme-porte DC500, rail de guidage G195 et plaque de montage A120<\/strong>. Le mod\u00e8le a <strong>Force de fermeture r\u00e9glable EN 1-4<\/strong>, frein d&#039;ouverture et convient aux portes \u00e0 ouverture \u00e0 gauche et \u00e0 droite.<\/p>","protected":false},"featured_media":133525,"template":"","meta":{"_acf_changed":false},"product_brand":[],"product_cat":[3258,4864],"product_tag":[4863],"class_list":{"0":"post-133527","1":"product","2":"type-product","3":"status-publish","4":"has-post-thumbnail","6":"product_cat-dorrstangare","7":"product_cat-dorrstangare-kompletta","8":"product_tag-pf","9":"product_shipping_class-tunga-paket","10":"pa_brands-abloy","11":"tm-no-options","13":"first","14":"instock","15":"sale","16":"taxable","17":"shipping-taxable","18":"purchasable","19":"product-type-simple"},"acf":[],"_links":{"self":[{"href":"https:\/\/secureus.se\/fr\/wp-json\/wp\/v2\/product\/133527","targetHints":{"allow":["GET"]}}],"collection":[{"href":"https:\/\/secureus.se\/fr\/wp-json\/wp\/v2\/product"}],"about":[{"href":"https:\/\/secureus.se\/fr\/wp-json\/wp\/v2\/types\/product"}],"wp:featuredmedia":[{"embeddable":true,"href":"https:\/\/secureus.se\/fr\/wp-json\/wp\/v2\/media\/133525"}],"wp:attachment":[{"href":"https:\/\/secureus.se\/fr\/wp-json\/wp\/v2\/media?parent=133527"}],"wp:term":[{"taxonomy":"product_brand","embeddable":true,"href":"https:\/\/secureus.se\/fr\/wp-json\/wp\/v2\/product_brand?post=133527"},{"taxonomy":"product_cat","embeddable":true,"href":"https:\/\/secureus.se\/fr\/wp-json\/wp\/v2\/product_cat?post=133527"},{"taxonomy":"product_tag","embeddable":true,"href":"https:\/\/secureus.se\/fr\/wp-json\/wp\/v2\/product_tag?post=133527"}],"curies":[{"name":"wp","href":"https:\/\/api.w.org\/{rel}","templated":true}]}}