{"id":134600,"date":"2020-07-07T19:24:00","date_gmt":"2020-07-07T17:24:00","guid":{"rendered":"https:\/\/secureus.se\/stilren-liten-2\/"},"modified":"2025-12-31T19:35:56","modified_gmt":"2025-12-31T18:35:56","slug":"stilren-liten","status":"publish","type":"product","link":"https:\/\/secureus.se\/fr\/stilren-liten\/","title":{"rendered":"Plaque de porte \u00e9l\u00e9gante Small"},"content":{"rendered":"<p>Dimensions : 120 x 55 mm<br \/>\nMat\u00e9riel: Laiton<br \/>\nPoids : 150 grammes<br \/>\nTraitement de surface\u00a0: Verni transparent<\/p>\n<p>Bienvenue dans notre boutique d&#039;enseignes ! Ici vous pouvez voir notre gamme de plaques de porte en laiton.<\/p>\n<h6><em><strong><a href=\"https:\/\/dinskylt.se\/shop-dorrskyltar-massing\/\" target=\"_blank\" rel=\"noopener\">Cliquez sur le signe que vous aimez et entrez votre nom dans le g\u00e9n\u00e9rateur de produits sur https:\/\/dinskylt.se<\/a>\/<\/strong><\/em><\/h6>\n<p>Dans la boutique de panneaux, vous pouvez facilement voir \u00e0 l&#039;avance \u00e0 quoi ressemblera votre plaque de porte en laiton. Une fois la commande pass\u00e9e, la plaque de porte en laiton sera grav\u00e9e et vous sera envoy\u00e9e sous 24 heures. Tous nos panneaux sont fabriqu\u00e9s \u00e0 Alings\u00e5s et livr\u00e9s dans toute la r\u00e9gion nordique sous 5 jours. Si vous avez des questions sur nos panneaux de porte, vous \u00eates toujours les bienvenus \u00e0 nous contacter !<\/p>","protected":false},"excerpt":{"rendered":"<p>Veuillez noter que vous achetez la plaque dans notre boutique de design - Le prix est le m\u00eame et la livraison est gratuite<\/p>\n<h5><em><strong><a href=\"https:\/\/dinskylt.se\/shop-dorrskyltar-massing\/\" target=\"_blank\" rel=\"noopener\">Ici, vous achetez et personnalisez avec vos propres noms dans le g\u00e9n\u00e9rateur de produits sur https:\/\/dinskylt.se<\/a>\/<\/strong><\/em><\/h5>\n<p><img decoding=\"async\" class=\"wp-image-123502210 size-medium\" src=\"https:\/\/securityonline.se\/wp-content\/uploads\/2020\/07\/Skylt_499kr_dinskylt.se_-300x240.jpg\" alt=\"panneaux de porte-laiton-plus-haute-qualit\u00e9-brf\" width=\"300\" height=\"240\" \/><\/p>\n<p>Allez-y et soyez heureux, styl\u00e9 et pr\u00eat, quoique dans un petit format !<\/p>\n<p>Comme un tout petit mini biscuit au chocolat.<br \/>\nJolie mais en m\u00eame temps avec un caract\u00e8re qui respire le style. Comme son grand fr\u00e8re, elle est fine et chanfrein\u00e9e sur les bords et le choix pour ceux qui veulent une plaque de porte intemporelle et styl\u00e9e, mais comme dit dans un petit format.<\/p>\n<p>Attention, mangez les mini cookies chocolat \u00e0 vos risques et p\u00e9rils !<\/p>\n<p>Ps Cette friandise se marie parfaitement avec notre panneau No Advertising, <a href=\"https:\/\/dinskylt.se\/product\/ingen-reklam-tack\/\">regarde-le ici<\/a>.<\/p>","protected":false},"featured_media":134598,"template":"","meta":{"_acf_changed":false},"product_brand":[],"product_cat":[2920],"product_tag":[],"class_list":{"0":"post-134600","1":"product","2":"type-product","3":"status-publish","4":"has-post-thumbnail","6":"product_cat-dorrskyltar-i-massing","7":"pa_available-n","8":"pa_available-y","9":"pa_brands-secureus","10":"pa_color-gold","11":"pa_color-silver","12":"pa_holes-y","13":"pa_holes-n","14":"tm-no-options","16":"first","17":"instock","18":"taxable","19":"shipping-taxable","20":"purchasable","21":"product-type-simple"},"acf":[],"_links":{"self":[{"href":"https:\/\/secureus.se\/fr\/wp-json\/wp\/v2\/product\/134600","targetHints":{"allow":["GET"]}}],"collection":[{"href":"https:\/\/secureus.se\/fr\/wp-json\/wp\/v2\/product"}],"about":[{"href":"https:\/\/secureus.se\/fr\/wp-json\/wp\/v2\/types\/product"}],"wp:featuredmedia":[{"embeddable":true,"href":"https:\/\/secureus.se\/fr\/wp-json\/wp\/v2\/media\/134598"}],"wp:attachment":[{"href":"https:\/\/secureus.se\/fr\/wp-json\/wp\/v2\/media?parent=134600"}],"wp:term":[{"taxonomy":"product_brand","embeddable":true,"href":"https:\/\/secureus.se\/fr\/wp-json\/wp\/v2\/product_brand?post=134600"},{"taxonomy":"product_cat","embeddable":true,"href":"https:\/\/secureus.se\/fr\/wp-json\/wp\/v2\/product_cat?post=134600"},{"taxonomy":"product_tag","embeddable":true,"href":"https:\/\/secureus.se\/fr\/wp-json\/wp\/v2\/product_tag?post=134600"}],"curies":[{"name":"wp","href":"https:\/\/api.w.org\/{rel}","templated":true}]}}