{"id":134603,"date":"2020-05-27T22:34:46","date_gmt":"2020-05-27T20:34:46","guid":{"rendered":"https:\/\/secureus.se\/ingen-reklam-tack-2\/"},"modified":"2026-04-06T18:54:51","modified_gmt":"2026-04-06T16:54:51","slug":"ingen-reklam-tack","status":"publish","type":"product","link":"https:\/\/secureus.se\/fr\/ingen-reklam-tack\/","title":{"rendered":"Pas de publicit\u00e9 ni de magazines gratuits s&#039;il vous pla\u00eet !"},"content":{"rendered":"<p>Dimensions : 110 x 38 mm<br \/>\nMat\u00e9riel: Plastique<\/p>\n<p>Il est muni d&#039;un adh\u00e9sif de 3 mm au dos pour une fixation facile sur la bo\u00eete aux lettres. Installation directe et facile, sans outil.<\/p>","protected":false},"excerpt":{"rendered":"<p>Dites \u00e0 Postis que vous ne voulez pas de publicit\u00e9, avec style. Commandez un panneau de remerciement sans publicit\u00e9 pour seulement 59 SEK.<\/p>","protected":false},"featured_media":134602,"template":"","meta":{"_acf_changed":false},"product_brand":[],"product_cat":[4263],"product_tag":[],"class_list":{"0":"post-134603","1":"product","2":"type-product","3":"status-publish","4":"has-post-thumbnail","6":"product_cat-dorrskyltar-i-plast","7":"product_shipping_class-postnord-varubrev","8":"tm-no-options","10":"first","11":"instock","12":"sale","13":"taxable","14":"shipping-taxable","15":"purchasable","16":"product-type-simple"},"acf":[],"_links":{"self":[{"href":"https:\/\/secureus.se\/fr\/wp-json\/wp\/v2\/product\/134603","targetHints":{"allow":["GET"]}}],"collection":[{"href":"https:\/\/secureus.se\/fr\/wp-json\/wp\/v2\/product"}],"about":[{"href":"https:\/\/secureus.se\/fr\/wp-json\/wp\/v2\/types\/product"}],"wp:featuredmedia":[{"embeddable":true,"href":"https:\/\/secureus.se\/fr\/wp-json\/wp\/v2\/media\/134602"}],"wp:attachment":[{"href":"https:\/\/secureus.se\/fr\/wp-json\/wp\/v2\/media?parent=134603"}],"wp:term":[{"taxonomy":"product_brand","embeddable":true,"href":"https:\/\/secureus.se\/fr\/wp-json\/wp\/v2\/product_brand?post=134603"},{"taxonomy":"product_cat","embeddable":true,"href":"https:\/\/secureus.se\/fr\/wp-json\/wp\/v2\/product_cat?post=134603"},{"taxonomy":"product_tag","embeddable":true,"href":"https:\/\/secureus.se\/fr\/wp-json\/wp\/v2\/product_tag?post=134603"}],"curies":[{"name":"wp","href":"https:\/\/api.w.org\/{rel}","templated":true}]}}