{"id":134611,"date":"2020-05-26T17:13:12","date_gmt":"2020-05-26T15:13:12","guid":{"rendered":"https:\/\/secureus.se\/kurvig-2\/"},"modified":"2025-12-31T19:34:17","modified_gmt":"2025-12-31T18:34:17","slug":"kurvig","status":"publish","type":"product","link":"https:\/\/secureus.se\/fr\/kurvig\/","title":{"rendered":"Plaque de porte courb\u00e9e"},"content":{"rendered":"<p>Dimensions : 130 x 50 mm<br \/>\nMat\u00e9riel: Laiton<br \/>\nPoids : 140 grammes<br \/>\nTraitement de surface\u00a0: Verni transparent<\/p>\n<p>Bienvenue dans notre boutique d&#039;enseignes ! Ici vous pouvez voir notre gamme de plaques de porte en laiton.<\/p>\n<p><em><strong><a href=\"https:\/\/dinskylt.se\/shop-dorrskyltar-massing\/\" target=\"_blank\" rel=\"noopener\">Cliquez sur le signe que vous aimez et entrez votre nom dans le g\u00e9n\u00e9rateur de produits sur https:\/\/dinskylt.se<\/a>\/<\/strong><\/em><\/p>\n<p>Dans la boutique de panneaux, vous pouvez facilement voir \u00e0 l&#039;avance \u00e0 quoi ressemblera votre plaque de porte en laiton. Une fois la commande pass\u00e9e, la plaque de porte en laiton sera grav\u00e9e et vous sera envoy\u00e9e sous 24 heures. Tous nos panneaux sont fabriqu\u00e9s \u00e0 Alings\u00e5s et livr\u00e9s dans toute la r\u00e9gion nordique sous 5 jours. Si vous avez des questions sur nos panneaux de porte, vous \u00eates toujours les bienvenus \u00e0 nous contacter !<\/p>","protected":false},"excerpt":{"rendered":"<p>Veuillez noter que vous achetez la plaque dans notre boutique de design \u2013 Le prix est le m\u00eame et la livraison est gratuite.<\/p>\n<p>Si Kim Kardashian \u00e9tait une plaque de porte, c&#039;est bien celle-l\u00e0. Courb\u00e9, unique et accrocheur.<\/p>\n<p>Aux formes arrondies, cette plaque de porte en laiton est le choix \u00e9vident pour ceux qui souhaitent agr\u00e9menter la porte d&#039;entr\u00e9e d&#039;un objet ornemental que vos voisins oublieront vite.<\/p>\n<h5><em><strong><a href=\"https:\/\/dinskylt.se\/shop-dorrskyltar-massing\/\" target=\"_blank\" rel=\"noopener\">Ici, vous achetez et personnalisez avec vos propres noms dans le g\u00e9n\u00e9rateur de produits sur https:\/\/dinskylt.se<\/a>\/<\/strong><\/em><\/h5>\n<p><img decoding=\"async\" class=\"alignnone wp-image-123502210 size-medium\" src=\"https:\/\/securityonline.se\/wp-content\/uploads\/2020\/07\/Skylt_499kr_dinskylt.se_-300x240.jpg\" alt=\"panneaux de porte-laiton-plus-haute-qualit\u00e9-brf\" width=\"300\" height=\"240\" \/><\/p>\n<p>Ps : Cette information va parfaitement avec notre panneau \u00ab\u00a0Pas de publicit\u00e9\u00a0\u00bb, jetez-y un coup d&#039;\u0153il.\u00a0<a href=\"http:\/\/dinskylt.se\/product\/ingen-reklam-tack\/\">ici<\/a>.<\/p>","protected":false},"featured_media":134609,"template":"","meta":{"_acf_changed":false},"product_brand":[],"product_cat":[2920],"product_tag":[],"class_list":{"0":"post-134611","1":"product","2":"type-product","3":"status-publish","4":"has-post-thumbnail","6":"product_cat-dorrskyltar-i-massing","7":"pa_available-n","8":"pa_available-y","9":"pa_brands-secureus","10":"pa_color-gold","11":"pa_color-silver","12":"pa_holes-y","13":"pa_holes-n","14":"tm-no-options","16":"first","17":"instock","18":"taxable","19":"shipping-taxable","20":"purchasable","21":"product-type-simple"},"acf":[],"_links":{"self":[{"href":"https:\/\/secureus.se\/fr\/wp-json\/wp\/v2\/product\/134611","targetHints":{"allow":["GET"]}}],"collection":[{"href":"https:\/\/secureus.se\/fr\/wp-json\/wp\/v2\/product"}],"about":[{"href":"https:\/\/secureus.se\/fr\/wp-json\/wp\/v2\/types\/product"}],"wp:featuredmedia":[{"embeddable":true,"href":"https:\/\/secureus.se\/fr\/wp-json\/wp\/v2\/media\/134609"}],"wp:attachment":[{"href":"https:\/\/secureus.se\/fr\/wp-json\/wp\/v2\/media?parent=134611"}],"wp:term":[{"taxonomy":"product_brand","embeddable":true,"href":"https:\/\/secureus.se\/fr\/wp-json\/wp\/v2\/product_brand?post=134611"},{"taxonomy":"product_cat","embeddable":true,"href":"https:\/\/secureus.se\/fr\/wp-json\/wp\/v2\/product_cat?post=134611"},{"taxonomy":"product_tag","embeddable":true,"href":"https:\/\/secureus.se\/fr\/wp-json\/wp\/v2\/product_tag?post=134611"}],"curies":[{"name":"wp","href":"https:\/\/api.w.org\/{rel}","templated":true}]}}