{"id":134615,"date":"2020-05-26T00:15:53","date_gmt":"2020-05-25T22:15:53","guid":{"rendered":"https:\/\/secureus.se\/klassiskdorrskylt-2\/"},"modified":"2025-12-31T19:34:13","modified_gmt":"2025-12-31T18:34:13","slug":"klassiskdorrskylt","status":"publish","type":"product","link":"https:\/\/secureus.se\/fr\/klassiskdorrskylt\/","title":{"rendered":"Plaque de porte classique"},"content":{"rendered":"<p>Veuillez noter que vous achetez la plaque dans notre boutique de design \u2013 Le prix est le m\u00eame et la livraison est gratuite.<\/p>\n<p><em><strong><a href=\"https:\/\/dinskylt.se\/shop-dorrskyltar-massing\/\" target=\"_blank\" rel=\"noopener\">Cliquez sur le signe que vous aimez et entrez vos noms dans le g\u00e9n\u00e9rateur de produits sur https:\/\/dinskylt.se<\/a>\/<\/strong><\/em><\/p>\n<p><img decoding=\"async\" class=\"alignnone wp-image-123502210 size-medium\" src=\"https:\/\/securityonline.se\/wp-content\/uploads\/2020\/07\/Skylt_499kr_dinskylt.se_-300x240.jpg\" alt=\"\" width=\"300\" height=\"240\" \/><\/p>\n<p>Dimensions : 155 x 60 mm<br \/>\nMat\u00e9riel: Laiton<br \/>\nPoids : 250 grammes<\/p>\n<p>Traitement de surface\u00a0: Verni transparent<\/p>","protected":false},"excerpt":{"rendered":"<p>Veuillez noter que vous achetez la plaque dans notre boutique de design \u2013 Le prix est le m\u00eame et la livraison est gratuite.<\/p>\n<h5><em><strong><a href=\"https:\/\/dinskylt.se\/shop-dorrskyltar-massing\/\" target=\"_blank\" rel=\"noopener\">Ici, vous achetez et personnalisez avec vos propres noms dans le g\u00e9n\u00e9rateur de produits sur https:\/\/dinskylt.se<\/a>\/<\/strong><\/em><\/h5>\n<p><img decoding=\"async\" class=\"alignnone wp-image-123502210 size-medium\" src=\"https:\/\/securityonline.se\/wp-content\/uploads\/2020\/07\/Skylt_499kr_dinskylt.se_-300x240.jpg\" alt=\"panneaux de porte-laiton-plus-haute-qualit\u00e9-brf\" width=\"300\" height=\"240\" \/><\/p>\n<p>Si George Clooney devait commander une plaque de porte pour orner sa porte, ce serait celle-ci.<\/p>\n<p>Une plaque de porte classique en laiton selon toutes les r\u00e8gles de l&#039;art. Lignes droites aux bords chanfrein\u00e9s et \u00e9l\u00e9gants. Cette plaque est le choix \u00e9vident pour ceux qui souhaitent une touche dor\u00e9e suppl\u00e9mentaire au quotidien, sur la porte et sur la plaque de porte.<\/p>\n<p>Ps : Cette information va parfaitement avec notre panneau \u00ab\u00a0Pas de publicit\u00e9\u00a0\u00bb, jetez-y un coup d&#039;\u0153il. <a href=\"http:\/\/dinskylt.se\/product\/ingen-reklam-tack\/\">ici<\/a>.<\/p>","protected":false},"featured_media":134613,"template":"","meta":{"_acf_changed":false},"product_brand":[],"product_cat":[2920],"product_tag":[],"class_list":{"0":"post-134615","1":"product","2":"type-product","3":"status-publish","4":"has-post-thumbnail","6":"product_cat-dorrskyltar-i-massing","7":"pa_available-n","8":"pa_available-y","9":"pa_brands-secureus","10":"pa_color-gold","11":"pa_color-silver","12":"pa_holes-y","13":"pa_holes-n","14":"tm-no-options","16":"first","17":"instock","18":"taxable","19":"shipping-taxable","20":"purchasable","21":"product-type-simple"},"acf":[],"_links":{"self":[{"href":"https:\/\/secureus.se\/fr\/wp-json\/wp\/v2\/product\/134615","targetHints":{"allow":["GET"]}}],"collection":[{"href":"https:\/\/secureus.se\/fr\/wp-json\/wp\/v2\/product"}],"about":[{"href":"https:\/\/secureus.se\/fr\/wp-json\/wp\/v2\/types\/product"}],"wp:featuredmedia":[{"embeddable":true,"href":"https:\/\/secureus.se\/fr\/wp-json\/wp\/v2\/media\/134613"}],"wp:attachment":[{"href":"https:\/\/secureus.se\/fr\/wp-json\/wp\/v2\/media?parent=134615"}],"wp:term":[{"taxonomy":"product_brand","embeddable":true,"href":"https:\/\/secureus.se\/fr\/wp-json\/wp\/v2\/product_brand?post=134615"},{"taxonomy":"product_cat","embeddable":true,"href":"https:\/\/secureus.se\/fr\/wp-json\/wp\/v2\/product_cat?post=134615"},{"taxonomy":"product_tag","embeddable":true,"href":"https:\/\/secureus.se\/fr\/wp-json\/wp\/v2\/product_tag?post=134615"}],"curies":[{"name":"wp","href":"https:\/\/api.w.org\/{rel}","templated":true}]}}