{"id":137044,"date":"2024-06-12T13:12:56","date_gmt":"2024-06-12T11:12:56","guid":{"rendered":"https:\/\/secureus.se\/?post_type=product&#038;p=137044"},"modified":"2026-04-08T16:02:35","modified_gmt":"2026-04-08T14:02:35","slug":"provkit-solo-20-93-m-rok-barvaskor","status":"publish","type":"product","link":"https:\/\/secureus.se\/fr\/provkit-solo-20-93-m-rok-barvaskor\/","title":{"rendered":"Kit d&#039;\u00e9chantillons Solo 20 \u2013 9,3 m (fum\u00e9e) \u2013 \u00c9tuis de transport"},"content":{"rendered":"<h1>Kit d&#039;\u00e9chantillons Solo 20 \u2013 9,3 m (fum\u00e9e) \u2013 \u00c9tuis de transport<\/h1>\n<h3 data-start=\"299\" data-end=\"345\">kit de test professionnel pour d\u00e9tecteur de fum\u00e9e<\/h3>\n<p data-start=\"346\" data-end=\"559\">Solo 20 est un kit de test complet con\u00e7u pour tester facilement et en toute s\u00e9curit\u00e9 le fonctionnement des d\u00e9tecteurs de fum\u00e9e sur les installations en hauteur, jusqu&#039;\u00e0 environ 9,3 m.<\/p>\n<p data-start=\"346\" data-end=\"559\">Le kit est optimis\u00e9 pour une efficacit\u00e9 et une facilit\u00e9 de transport optimales.<\/p>\n<h3 data-start=\"561\" data-end=\"585\">Contenu du Solo 20<\/h3>\n<ul data-start=\"586\" data-end=\"1129\">\n<li data-start=\"586\" data-end=\"674\">\n<p data-start=\"588\" data-end=\"674\"><strong data-start=\"588\" data-end=\"616\">Testeur de d\u00e9tecteur Solo 330<\/strong> \u2013 Tests de d\u00e9tecteurs de fum\u00e9e avec des bouteilles de gaz de test Solo A5.<\/p>\n<\/li>\n<li data-start=\"675\" data-end=\"833\">\n<p data-start=\"677\" data-end=\"833\"><strong data-start=\"677\" data-end=\"703\">Perche t\u00e9lescopique Solo 100<\/strong> \u2013 long, 4,5 m avec 4 segments en fibre de verre, peut \u00eatre combin\u00e9 avec trois perches d&#039;extension Solo 101 pour une port\u00e9e totale allant jusqu&#039;\u00e0 9,3 m.<\/p>\n<\/li>\n<li data-start=\"834\" data-end=\"912\">\n<p data-start=\"836\" data-end=\"912\"><strong data-start=\"836\" data-end=\"872\">3 tiges d&#039;extension Solo 101<\/strong> \u2013 augmente la hauteur et la flexibilit\u00e9 de l&#039;\u00e9chantillon.<\/p>\n<\/li>\n<li data-start=\"913\" data-end=\"1026\">\n<p data-start=\"915\" data-end=\"1026\"><strong data-start=\"915\" data-end=\"944\">\u00c9tui de transport + carquois Solo 610<\/strong> \u2013 Syst\u00e8me de rangement pratique avec espace pour les tiges, les testeurs et les bouteilles de gaz de test.<\/p>\n<\/li>\n<li data-start=\"1027\" data-end=\"1129\">\n<p data-start=\"1029\" data-end=\"1129\"><strong data-start=\"1029\" data-end=\"1059\">3 bouteilles de gaz de test Solo A5<\/strong> \u2013 optimis\u00e9 pour les d\u00e9tecteurs de fum\u00e9e, suffisant pour environ 400 \u00e9chantillons par flacon.<\/p>\n<\/li>\n<\/ul>\n<h3 data-start=\"1131\" data-end=\"1163\">Utilisation facile et s\u00fbre<\/h3>\n<ol data-start=\"1164\" data-end=\"1431\">\n<li data-start=\"1164\" data-end=\"1223\">\n<p data-start=\"1167\" data-end=\"1223\">Secouez les bouteilles de gaz de test Solo A5 et installez-les dans le Solo 330.<\/p>\n<\/li>\n<li data-start=\"1224\" data-end=\"1268\">\n<p data-start=\"1227\" data-end=\"1268\">Vissez le r\u00e9cipient et tournez d&#039;un quart de tour.<\/p>\n<\/li>\n<li data-start=\"1269\" data-end=\"1351\">\n<p data-start=\"1272\" data-end=\"1351\">Placez la coupelle autour du d\u00e9tecteur, appuyez l\u00e9g\u00e8rement contre le plafond et laissez le gaz s&#039;\u00e9chapper.<\/p>\n<\/li>\n<li data-start=\"1352\" data-end=\"1431\">\n<p data-start=\"1355\" data-end=\"1431\">Attendez environ 10 secondes que le d\u00e9tecteur \u00e9mette une alarme. Si n\u00e9cessaire, r\u00e9p\u00e9tez le test.<\/p>\n<\/li>\n<\/ol>\n<h3 data-start=\"1433\" data-end=\"1459\">Avantages du Solo 20<\/h3>\n<ul data-start=\"1460\" data-end=\"1722\">\n<li data-start=\"1460\" data-end=\"1494\">\n<p data-start=\"1462\" data-end=\"1494\">Kit complet pour d\u00e9tecteurs de fum\u00e9e<\/p>\n<\/li>\n<li data-start=\"1495\" data-end=\"1558\">\n<p data-start=\"1497\" data-end=\"1558\">Atteignez une hauteur maximale de 9,3 m gr\u00e2ce \u00e0 la perche t\u00e9lescopique et ses rallonges.<\/p>\n<\/li>\n<li data-start=\"1559\" data-end=\"1615\">\n<p data-start=\"1561\" data-end=\"1615\">\u00c9tui de transport professionnel et carquois pour un transport facile<\/p>\n<\/li>\n<li data-start=\"1616\" data-end=\"1675\">\n<p data-start=\"1618\" data-end=\"1675\">Manipulation ais\u00e9e avec r\u00e9initialisation rapide des d\u00e9tecteurs<\/p>\n<\/li>\n<li data-start=\"1676\" data-end=\"1722\">\n<p data-start=\"1678\" data-end=\"1722\">Compatible avec la plupart des marques de d\u00e9tecteurs de fum\u00e9e<\/p>\n<\/li>\n<\/ul>\n<h3 data-start=\"1724\" data-end=\"1754\">Sp\u00e9cifications techniques<\/h3>\n<ul data-start=\"1755\" data-end=\"2021\">\n<li data-start=\"1755\" data-end=\"1788\">\n<p data-start=\"1757\" data-end=\"1788\">Hauteur d&#039;essai : jusqu&#039;\u00e0 9,3 m<\/p>\n<\/li>\n<li data-start=\"1789\" data-end=\"1858\">\n<p data-start=\"1791\" data-end=\"1858\">Contenu : Solo 330, Solo 100, 3 \u00d7 Solo 101, Solo 610, 3 \u00d7 Solo A5<\/p>\n<\/li>\n<li data-start=\"1859\" data-end=\"1921\">\n<p data-start=\"1861\" data-end=\"1921\">Mat\u00e9riau de la perche t\u00e9lescopique\u00a0: fibre de verre, non conductrice d\u2019\u00e9lectricit\u00e9<\/p>\n<\/li>\n<li data-start=\"1922\" data-end=\"1973\">\n<p data-start=\"1924\" data-end=\"1973\">Capacit\u00e9 des flacons de test de gaz : environ 400 \u00e9chantillons par flacon<\/p>\n<\/li>\n<li data-start=\"1974\" data-end=\"2021\">\n<p data-start=\"1976\" data-end=\"2021\">\n<\/li>\n<\/ul>","protected":false},"excerpt":{"rendered":"<p>Le kit de test Solo 20 est un kit complet pour le test fonctionnel des d\u00e9tecteurs de fum\u00e9e jusqu&#039;\u00e0 environ 9,3 m.<\/p>\n<p>Contient une perche t\u00e9lescopique Solo 100 avec 3 perches d&#039;extension Solo 101, un testeur de d\u00e9tecteur Solo 330, 3 bouteilles de gaz de test Solo A5 et un \u00e9tui de transport et un carquois Solo 610.<\/p>","protected":false},"featured_media":137043,"template":"","meta":{"_acf_changed":false},"product_brand":[],"product_cat":[2945,3849],"product_tag":[],"class_list":{"0":"post-137044","1":"product","2":"type-product","3":"status-publish","4":"has-post-thumbnail","6":"product_cat-solo","7":"product_cat-solo-kit","8":"product_shipping_class-tunga-paket","9":"pa_brands-solo","10":"tm-no-options","12":"first","13":"instock","14":"taxable","15":"shipping-taxable","16":"purchasable","17":"product-type-simple"},"acf":[],"_links":{"self":[{"href":"https:\/\/secureus.se\/fr\/wp-json\/wp\/v2\/product\/137044","targetHints":{"allow":["GET"]}}],"collection":[{"href":"https:\/\/secureus.se\/fr\/wp-json\/wp\/v2\/product"}],"about":[{"href":"https:\/\/secureus.se\/fr\/wp-json\/wp\/v2\/types\/product"}],"wp:featuredmedia":[{"embeddable":true,"href":"https:\/\/secureus.se\/fr\/wp-json\/wp\/v2\/media\/137043"}],"wp:attachment":[{"href":"https:\/\/secureus.se\/fr\/wp-json\/wp\/v2\/media?parent=137044"}],"wp:term":[{"taxonomy":"product_brand","embeddable":true,"href":"https:\/\/secureus.se\/fr\/wp-json\/wp\/v2\/product_brand?post=137044"},{"taxonomy":"product_cat","embeddable":true,"href":"https:\/\/secureus.se\/fr\/wp-json\/wp\/v2\/product_cat?post=137044"},{"taxonomy":"product_tag","embeddable":true,"href":"https:\/\/secureus.se\/fr\/wp-json\/wp\/v2\/product_tag?post=137044"}],"curies":[{"name":"wp","href":"https:\/\/api.w.org\/{rel}","templated":true}]}}