{"id":137232,"date":"2024-06-12T13:12:53","date_gmt":"2024-06-12T11:12:53","guid":{"rendered":"https:\/\/secureus.se\/?post_type=product&#038;p=137232"},"modified":"2026-04-23T12:57:54","modified_gmt":"2026-04-23T10:57:54","slug":"provkit-solo-12-73-m-varme-rok-vaska-nedtagare","status":"publish","type":"product","link":"https:\/\/secureus.se\/fr\/provkit-solo-12-73-m-varme-rok-vaska-nedtagare\/","title":{"rendered":"Kit d&#039;\u00e9chantillons Solo 12 \u2013 7,3 m (chaleur\/fum\u00e9e) \u2013 Sac et d\u00e9flecteur"},"content":{"rendered":"<h1>Kit d&#039;\u00e9chantillons Solo 12 \u2013 7,3 m (chaleur\/fum\u00e9e) \u2013 Sac et d\u00e9flecteur<\/h1>\n<h3 data-start=\"394\" data-end=\"445\">Kit de test complet pour d\u00e9tecteurs de fum\u00e9e et de chaleur<\/h3>\n<p data-start=\"446\" data-end=\"711\">Le Solo 12 est con\u00e7u pour tester efficacement et en toute s\u00e9curit\u00e9 les d\u00e9tecteurs de fum\u00e9e et de chaleur jusqu&#039;\u00e0 environ 7,3 m.<\/p>\n<p data-start=\"446\" data-end=\"711\">Ce kit combine des perches t\u00e9lescopiques, des rallonges et du mat\u00e9riel de test avec une mallette de transport et un carquois, ce qui le rend facile \u00e0 transporter et \u00e0 utiliser sur le chantier.<\/p>\n<h3 data-start=\"713\" data-end=\"737\">Contenu de Solo 12<\/h3>\n<ul data-start=\"738\" data-end=\"1373\">\n<li data-start=\"738\" data-end=\"854\">\n<p data-start=\"740\" data-end=\"854\"><strong data-start=\"740\" data-end=\"768\">Testeur de d\u00e9tecteur Solo 330<\/strong> \u2013 teste les d\u00e9tecteurs de fum\u00e9e et de CO, compatible avec les bouteilles de gaz de test Solo A5 et Solo C3.<\/p>\n<\/li>\n<li data-start=\"855\" data-end=\"941\">\n<p data-start=\"857\" data-end=\"941\"><strong data-start=\"857\" data-end=\"890\">Testeur de d\u00e9tecteur de chaleur Solo 461<\/strong> \u2013 aliment\u00e9 par batterie pour tester les d\u00e9tecteurs de chaleur.<\/p>\n<\/li>\n<li data-start=\"942\" data-end=\"1032\">\n<p data-start=\"944\" data-end=\"1032\"><strong data-start=\"944\" data-end=\"970\">Perche t\u00e9lescopique Solo 108<\/strong> \u2013 2,5 m, fibre de verre, non conducteur d&#039;\u00e9lectricit\u00e9, l\u00e9ger et rigide.<\/p>\n<\/li>\n<li data-start=\"1033\" data-end=\"1124\">\n<p data-start=\"1035\" data-end=\"1124\"><strong data-start=\"1035\" data-end=\"1071\">3 tiges d&#039;extension Solo 101<\/strong> \u2013 1,13 m chacune, peuvent \u00eatre reli\u00e9es entre elles pour obtenir une hauteur plus importante.<\/p>\n<\/li>\n<li data-start=\"1125\" data-end=\"1196\">\n<p data-start=\"1127\" data-end=\"1196\"><strong data-start=\"1127\" data-end=\"1160\">Dispositif de d\u00e9montage universel Solo 200<\/strong> \u2013 retrait s\u00e9curis\u00e9 des d\u00e9tecteurs.<\/p>\n<\/li>\n<li data-start=\"1197\" data-end=\"1286\">\n<p data-start=\"1199\" data-end=\"1286\"><strong data-start=\"1199\" data-end=\"1228\">\u00c9tui de transport + carquois Solo 610<\/strong> \u2013 pratique pour le transport et le stockage du mat\u00e9riel.<\/p>\n<\/li>\n<li data-start=\"1287\" data-end=\"1373\">\n<p data-start=\"1289\" data-end=\"1373\"><strong data-start=\"1289\" data-end=\"1319\">3 bouteilles de gaz de test Solo A5<\/strong> \u2013 Test de fum\u00e9e, suffisant pour environ 400 tests par bouteille.<\/p>\n<\/li>\n<\/ul>\n<h3 data-start=\"1375\" data-end=\"1407\">Utilisation facile et s\u00fbre<\/h3>\n<ol data-start=\"1408\" data-end=\"1707\">\n<li data-start=\"1408\" data-end=\"1505\">\n<p data-start=\"1411\" data-end=\"1505\">Montez le Solo 330 ou le Solo 461 sur le Solo 108 et sur n&#039;importe quel poteau Solo 101 pour obtenir la hauteur souhait\u00e9e.<\/p>\n<\/li>\n<li data-start=\"1506\" data-end=\"1567\">\n<p data-start=\"1509\" data-end=\"1567\">Secouez la bouteille de gaz de test Solo A5 et installez-la dans le testeur.<\/p>\n<\/li>\n<li data-start=\"1568\" data-end=\"1638\">\n<p data-start=\"1571\" data-end=\"1638\">Placez la coupelle autour du d\u00e9tecteur, appuyez l\u00e9g\u00e8rement et laissez le gaz s&#039;\u00e9chapper.<\/p>\n<\/li>\n<li data-start=\"1639\" data-end=\"1707\">\n<p data-start=\"1642\" data-end=\"1707\">Attendez environ 10 secondes que le d\u00e9tecteur \u00e9mette une alarme ; r\u00e9p\u00e9tez l&#039;op\u00e9ration si n\u00e9cessaire.<\/p>\n<\/li>\n<\/ol>\n<h3 data-start=\"1709\" data-end=\"1735\">Avantages du Solo 12<\/h3>\n<ul data-start=\"1736\" data-end=\"1922\">\n<li data-start=\"1736\" data-end=\"1763\">\n<p data-start=\"1738\" data-end=\"1763\">Port\u00e9e jusqu&#039;\u00e0 7,3 m<\/p>\n<\/li>\n<li data-start=\"1764\" data-end=\"1805\">\n<p data-start=\"1766\" data-end=\"1805\">Compact et portable avec \u00e9tui Solo 610<\/p>\n<\/li>\n<li data-start=\"1806\" data-end=\"1865\">\n<p data-start=\"1808\" data-end=\"1865\">Teste les d\u00e9tecteurs de fum\u00e9e et de chaleur ainsi que les d\u00e9tecteurs de CO.<\/p>\n<\/li>\n<li data-start=\"1866\" data-end=\"1922\">\n<p data-start=\"1868\" data-end=\"1922\">Assemblage et manipulation faciles des tiges et des testeurs<\/p>\n<\/li>\n<\/ul>\n<h3 data-start=\"1924\" data-end=\"1954\">Sp\u00e9cifications techniques<\/h3>\n<ul data-start=\"1955\" data-end=\"2229\">\n<li data-start=\"1955\" data-end=\"1988\">\n<p data-start=\"1957\" data-end=\"1988\">Hauteur d&#039;essai : jusqu&#039;\u00e0 7,3 m<\/p>\n<\/li>\n<li data-start=\"1989\" data-end=\"2078\">\n<p data-start=\"1991\" data-end=\"2078\">Contenu : Solo 330, Solo 461, Solo 108, 3 \u00d7 Solo 101, Solo 200, Solo 610, 3 \u00d7 Solo A5<\/p>\n<\/li>\n<li data-start=\"2079\" data-end=\"2133\">\n<p data-start=\"2081\" data-end=\"2133\">Mat\u00e9riau de la tige : Fibre de verre, non conductrice d&#039;\u00e9lectricit\u00e9<\/p>\n<\/li>\n<li data-start=\"2134\" data-end=\"2181\">\n<p data-start=\"2136\" data-end=\"2181\">Capacit\u00e9 du flacon de gaz de test : environ 400 \u00e9chantillons\/flacon<\/p>\n<\/li>\n<li data-start=\"2182\" data-end=\"2229\">\n<p data-start=\"2184\" data-end=\"2229\">Compatible avec les testeurs Solo et Testifire<\/p>\n<\/li>\n<\/ul>","protected":false},"excerpt":{"rendered":"<p>Le kit de test Solo 12 est un kit complet pour tester les d\u00e9tecteurs de fum\u00e9e et de chaleur jusqu&#039;\u00e0 environ 7,3 m.<\/p>\n<p>Contient une perche t\u00e9lescopique Solo 108, 3 perches d&#039;extension Solo 101, un testeur de d\u00e9tecteur Solo 330, un testeur de d\u00e9tecteur de chaleur Solo 461, un dispositif de d\u00e9montage Solo 200, un \u00e9tui de transport Solo 610 et 3 bouteilles de gaz de test Solo A5.<\/p>\n<p>Id\u00e9al pour les tests professionnels en haute altitude.<\/p>","protected":false},"featured_media":137230,"template":"","meta":{"_acf_changed":false},"product_brand":[],"product_cat":[2945,3849],"product_tag":[],"class_list":{"0":"post-137232","1":"product","2":"type-product","3":"status-publish","4":"has-post-thumbnail","6":"product_cat-solo","7":"product_cat-solo-kit","8":"product_shipping_class-tunga-paket","9":"pa_brands-solo","10":"tm-no-options","12":"first","13":"onbackorder","14":"taxable","15":"shipping-taxable","16":"purchasable","17":"product-type-simple"},"acf":[],"_links":{"self":[{"href":"https:\/\/secureus.se\/fr\/wp-json\/wp\/v2\/product\/137232","targetHints":{"allow":["GET"]}}],"collection":[{"href":"https:\/\/secureus.se\/fr\/wp-json\/wp\/v2\/product"}],"about":[{"href":"https:\/\/secureus.se\/fr\/wp-json\/wp\/v2\/types\/product"}],"wp:featuredmedia":[{"embeddable":true,"href":"https:\/\/secureus.se\/fr\/wp-json\/wp\/v2\/media\/137230"}],"wp:attachment":[{"href":"https:\/\/secureus.se\/fr\/wp-json\/wp\/v2\/media?parent=137232"}],"wp:term":[{"taxonomy":"product_brand","embeddable":true,"href":"https:\/\/secureus.se\/fr\/wp-json\/wp\/v2\/product_brand?post=137232"},{"taxonomy":"product_cat","embeddable":true,"href":"https:\/\/secureus.se\/fr\/wp-json\/wp\/v2\/product_cat?post=137232"},{"taxonomy":"product_tag","embeddable":true,"href":"https:\/\/secureus.se\/fr\/wp-json\/wp\/v2\/product_tag?post=137232"}],"curies":[{"name":"wp","href":"https:\/\/api.w.org\/{rel}","templated":true}]}}