{"id":137843,"date":"2024-06-05T12:50:22","date_gmt":"2024-06-05T10:50:22","guid":{"rendered":"https:\/\/secureus.se\/tradlos-powerg-co-detektor-pg8913-dsc\/"},"modified":"2026-04-01T11:04:51","modified_gmt":"2026-04-01T09:04:51","slug":"tradlos-powerg-co-detektor-pg8913-dsc","status":"publish","type":"product","link":"https:\/\/secureus.se\/fr\/tradlos-powerg-co-detektor-pg8913-dsc\/","title":{"rendered":"D\u00e9tecteur de CO sans fil PowerG PG8913 DSC"},"content":{"rendered":"<h1>D\u00e9tecteur de CO sans fil PowerG PG8913 DSC \u2013 S\u00e9curit\u00e9 haut de gamme<\/h1>\n<p>Le <strong>Le d\u00e9tecteur de CO sans fil PG8913 de DSC<\/strong> est une solution fiable pour prot\u00e9ger votre maison ou votre entreprise des niveaux dangereux de monoxyde de carbone (CO).<\/p>\n<p>Gr\u00e2ce \u00e0 la technologie sans fil PowerG, \u00e0 l&#039;indication d&#039;alarme visuelle et sonore et \u00e0 la longue dur\u00e9e de vie de la batterie, ce d\u00e9tecteur offre des performances et une s\u00e9curit\u00e9 sup\u00e9rieures.<\/p>\n<h5>Fonctions principales<\/h5>\n<ul>\n<li><strong>Alerte pr\u00e9coce en cas de d\u00e9tection de CO<\/strong>: D\u00e9tecte rapidement le monoxyde de carbone et fournit une alerte pr\u00e9coce avant qu&#039;il ne devienne dangereux.<\/li>\n<li><strong>Alarme forte et indication visuelle<\/strong>:\n<ul>\n<li>Sir\u00e8ne int\u00e9gr\u00e9e de 95 dB pour garantir que toutes les personnes \u00e0 proximit\u00e9 soient alert\u00e9es.<\/li>\n<li>LED clignotantes pour confirmation visuelle.<\/li>\n<\/ul>\n<\/li>\n<li><strong>Longue dur\u00e9e de vie de la batterie<\/strong>: Jusqu&#039;\u00e0 4 ans de fonctionnement en utilisation normale, ce qui minimise la maintenance.<\/li>\n<li><strong>S\u00e9curit\u00e9 certifi\u00e9e<\/strong>: R\u00e9pond aux normes de s\u00e9curit\u00e9 les plus strictes, notamment EN 50291 (Europe) et UL 2075 (USA).<\/li>\n<li><strong>Fonction de test<\/strong>: Des autotests automatiques et un bouton de test manuel pour garantir un fonctionnement optimal.<\/li>\n<li><strong>Indicateur de batterie faible<\/strong>: Indication visuelle et sans fil lorsque la batterie doit \u00eatre remplac\u00e9e.<\/li>\n<\/ul>\n<h5>Avantages<\/h5>\n<ul>\n<li><strong>Installation sans fil<\/strong>: Rapide et facile \u00e0 installer sans c\u00e2blage.<\/li>\n<li><strong>Gamme sup\u00e9rieure<\/strong>: La technologie PowerG permet une communication s\u00fbre et fiable m\u00eame dans les grandes propri\u00e9t\u00e9s.<\/li>\n<li><strong>Parfait pour la maison et l&#039;entreprise<\/strong>: Prot\u00e8ge aussi bien les habitations priv\u00e9es que les environnements commerciaux.<\/li>\n<\/ul>\n<h5>Caract\u00e9ristiques<\/h5>\n<ul>\n<li><strong>Signal d&#039;alarme<\/strong>: niveau sonore 95 dB.<\/li>\n<li><strong>Autonomie de la batterie<\/strong>: 4 ans en utilisation normale.<\/li>\n<li><strong>Attestation<\/strong>: EN 50291, LPCB (Royaume-Uni) et UL 2075 (\u00c9tats-Unis).<\/li>\n<li><strong>Fonctions<\/strong>: Auto-test automatique, bouton de test manuel et indication de batterie faible.<\/li>\n<\/ul>\n<p>Avec <strong>D\u00e9tecteur de CO PG8913<\/strong> vous pouvez garantir une maison et un environnement de travail plus s\u00fbrs gr\u00e2ce \u00e0 une alerte rapide et fiable en cas de fuite de monoxyde de carbone.<\/p>","protected":false},"excerpt":{"rendered":"<p>Le d\u00e9tecteur de CO sans fil PowerG PG8913 de DSC fournit une alerte pr\u00e9coce en cas de niveaux de CO dangereux.<\/p>\n<p>Avec une sir\u00e8ne de 95 dB, une alarme LED et une batterie longue dur\u00e9e, il est id\u00e9al pour les installations de s\u00e9curit\u00e9 domestiques et professionnelles.<\/p>","protected":false},"featured_media":137840,"template":"","meta":{"_acf_changed":false},"product_brand":[],"product_cat":[3319],"product_tag":[],"class_list":{"0":"post-137843","1":"product","2":"type-product","3":"status-publish","4":"has-post-thumbnail","6":"product_cat-brandvarnare-dsc-larm-neo-power-hybridlarm","7":"pa_brands-4dsc","8":"tm-no-options","10":"first","11":"instock","12":"sale","13":"taxable","14":"shipping-taxable","15":"purchasable","16":"product-type-simple"},"acf":[],"_links":{"self":[{"href":"https:\/\/secureus.se\/fr\/wp-json\/wp\/v2\/product\/137843","targetHints":{"allow":["GET"]}}],"collection":[{"href":"https:\/\/secureus.se\/fr\/wp-json\/wp\/v2\/product"}],"about":[{"href":"https:\/\/secureus.se\/fr\/wp-json\/wp\/v2\/types\/product"}],"wp:featuredmedia":[{"embeddable":true,"href":"https:\/\/secureus.se\/fr\/wp-json\/wp\/v2\/media\/137840"}],"wp:attachment":[{"href":"https:\/\/secureus.se\/fr\/wp-json\/wp\/v2\/media?parent=137843"}],"wp:term":[{"taxonomy":"product_brand","embeddable":true,"href":"https:\/\/secureus.se\/fr\/wp-json\/wp\/v2\/product_brand?post=137843"},{"taxonomy":"product_cat","embeddable":true,"href":"https:\/\/secureus.se\/fr\/wp-json\/wp\/v2\/product_cat?post=137843"},{"taxonomy":"product_tag","embeddable":true,"href":"https:\/\/secureus.se\/fr\/wp-json\/wp\/v2\/product_tag?post=137843"}],"curies":[{"name":"wp","href":"https:\/\/api.w.org\/{rel}","templated":true}]}}