{"id":138067,"date":"2024-06-12T13:12:59","date_gmt":"2024-06-12T11:12:59","guid":{"rendered":"https:\/\/secureus.se\/?post_type=product&#038;p=138067"},"modified":"2026-04-08T16:06:55","modified_gmt":"2026-04-08T14:06:55","slug":"provkit-solo-22-93-m-varme-rok-vaskor-nedtagare","status":"publish","type":"product","link":"https:\/\/secureus.se\/fr\/provkit-solo-22-93-m-varme-rok-vaskor-nedtagare\/","title":{"rendered":"Kit de test Solo 22 \u2013 9,3 m (chaleur\/fum\u00e9e) \u2013 Sacs et kits de d\u00e9montage"},"content":{"rendered":"<h1>Kit de test Solo 22 \u2013 9,3 m (chaleur\/fum\u00e9e) \u2013 Sacs et kits de d\u00e9montage<\/h1>\n<h3 data-start=\"361\" data-end=\"427\">Kit de test complet pour d\u00e9tecteurs de fum\u00e9e et de chaleur jusqu&#039;\u00e0 9,3 m<\/h3>\n<p data-start=\"428\" data-end=\"646\">Solo 22 est un kit de test professionnel offrant une solution compl\u00e8te pour tester et entretenir les d\u00e9tecteurs de fum\u00e9e et de chaleur dans les grands locaux ou sous les hauts plafonds.<\/p>\n<p data-start=\"428\" data-end=\"646\">Ce kit est con\u00e7u pour l&#039;efficacit\u00e9, la s\u00e9curit\u00e9 et la facilit\u00e9 de transport.<\/p>\n<h3 data-start=\"648\" data-end=\"672\">Contenu de Solo 22<\/h3>\n<ul data-start=\"673\" data-end=\"1417\">\n<li data-start=\"673\" data-end=\"782\">\n<p data-start=\"675\" data-end=\"782\"><strong data-start=\"675\" data-end=\"703\">Testeur de d\u00e9tecteur Solo 330<\/strong> \u2013 tests de d\u00e9tecteurs de fum\u00e9e et de CO avec des bouteilles de gaz de test Solo A5 et Solo C3.<\/p>\n<\/li>\n<li data-start=\"783\" data-end=\"941\">\n<p data-start=\"785\" data-end=\"941\"><strong data-start=\"785\" data-end=\"811\">Perche t\u00e9lescopique Solo 100<\/strong> \u2013 long, 4,5 m avec 4 segments en fibre de verre, peut \u00eatre combin\u00e9 avec trois perches d&#039;extension Solo 101 pour une port\u00e9e totale allant jusqu&#039;\u00e0 9,3 m.<\/p>\n<\/li>\n<li data-start=\"942\" data-end=\"1019\">\n<p data-start=\"944\" data-end=\"1019\"><strong data-start=\"944\" data-end=\"980\">3 tiges d&#039;extension Solo 101<\/strong> \u2013 offre une hauteur et une flexibilit\u00e9 maximales.<\/p>\n<\/li>\n<li data-start=\"1020\" data-end=\"1123\">\n<p data-start=\"1022\" data-end=\"1123\"><strong data-start=\"1022\" data-end=\"1055\">Dispositif de d\u00e9montage universel Solo 200<\/strong> \u2013 des griffes r\u00e9glables pour manipuler la plupart des d\u00e9tecteurs d&#039;alarme incendie.<\/p>\n<\/li>\n<li data-start=\"1124\" data-end=\"1189\">\n<p data-start=\"1126\" data-end=\"1189\"><strong data-start=\"1126\" data-end=\"1149\">Testeur PDG Solo 461<\/strong> \u2013 testeur de d\u00e9tecteur de chaleur aliment\u00e9 par batterie.<\/p>\n<\/li>\n<li data-start=\"1190\" data-end=\"1292\">\n<p data-start=\"1192\" data-end=\"1292\"><strong data-start=\"1192\" data-end=\"1222\">3 bouteilles de gaz de test Solo A5<\/strong> \u2013 optimis\u00e9 pour les d\u00e9tecteurs de fum\u00e9e, suffisant pour environ 400 \u00e9chantillons par flacon.<\/p>\n<\/li>\n<li data-start=\"1293\" data-end=\"1417\">\n<p data-start=\"1295\" data-end=\"1417\"><strong data-start=\"1295\" data-end=\"1324\">\u00c9tui de transport + carquois Solo 610<\/strong> \u2013 Syst\u00e8me de rangement pratique avec espace pour les tiges, les testeurs, les bouteilles de gaz de test et les dispositifs de d\u00e9montage.<\/p>\n<\/li>\n<\/ul>\n<h3 data-start=\"1419\" data-end=\"1451\">Utilisation facile et s\u00fbre<\/h3>\n<ol data-start=\"1452\" data-end=\"1788\">\n<li data-start=\"1452\" data-end=\"1511\">\n<p data-start=\"1455\" data-end=\"1511\">Secouez les bouteilles de gaz de test Solo A5 et installez-les dans le Solo 330.<\/p>\n<\/li>\n<li data-start=\"1512\" data-end=\"1556\">\n<p data-start=\"1515\" data-end=\"1556\">Vissez le r\u00e9cipient et tournez d&#039;un quart de tour.<\/p>\n<\/li>\n<li data-start=\"1557\" data-end=\"1639\">\n<p data-start=\"1560\" data-end=\"1639\">Placez la coupelle autour du d\u00e9tecteur, appuyez l\u00e9g\u00e8rement contre le plafond et laissez le gaz s&#039;\u00e9chapper.<\/p>\n<\/li>\n<li data-start=\"1640\" data-end=\"1719\">\n<p data-start=\"1643\" data-end=\"1719\">Attendez environ 10 secondes que le d\u00e9tecteur \u00e9mette une alarme. Si n\u00e9cessaire, r\u00e9p\u00e9tez le test.<\/p>\n<\/li>\n<li data-start=\"1720\" data-end=\"1788\">\n<p data-start=\"1723\" data-end=\"1788\">Le testeur de d\u00e9tecteurs de chaleur Solo 461 est utilis\u00e9 pour les d\u00e9tecteurs de temp\u00e9rature.<\/p>\n<\/li>\n<\/ol>\n<h3 data-start=\"1790\" data-end=\"1816\">Avantages du Solo 22<\/h3>\n<ul data-start=\"1817\" data-end=\"2110\">\n<li data-start=\"1817\" data-end=\"1884\">\n<p data-start=\"1819\" data-end=\"1884\">\u00c9quipement complet pour le test des d\u00e9tecteurs de fum\u00e9e et de chaleur<\/p>\n<\/li>\n<li data-start=\"1885\" data-end=\"1948\">\n<p data-start=\"1887\" data-end=\"1948\">Atteignez une hauteur maximale de 9,3 m gr\u00e2ce \u00e0 la perche t\u00e9lescopique et ses rallonges.<\/p>\n<\/li>\n<li data-start=\"1949\" data-end=\"2005\">\n<p data-start=\"1951\" data-end=\"2005\">\u00c9tui de transport professionnel et carquois pour un transport facile<\/p>\n<\/li>\n<li data-start=\"2006\" data-end=\"2049\">\n<p data-start=\"2008\" data-end=\"2049\">Compatible avec la plupart des marques de d\u00e9tecteurs<\/p>\n<\/li>\n<li data-start=\"2050\" data-end=\"2110\">\n<p data-start=\"2052\" data-end=\"2110\">Utilisation simple avec r\u00e9initialisation rapide des d\u00e9tecteurs<\/p>\n<\/li>\n<\/ul>\n<h3 data-start=\"2112\" data-end=\"2142\">Sp\u00e9cifications techniques<\/h3>\n<ul data-start=\"2143\" data-end=\"2440\">\n<li data-start=\"2143\" data-end=\"2176\">\n<p data-start=\"2145\" data-end=\"2176\">Hauteur d&#039;essai : jusqu&#039;\u00e0 9,3 m<\/p>\n<\/li>\n<li data-start=\"2177\" data-end=\"2266\">\n<p data-start=\"2179\" data-end=\"2266\">Contenu : Solo 330, Solo 461, Solo 100, 3 \u00d7 Solo 101, Solo 200, Solo 610, 3 \u00d7 Solo A5<\/p>\n<\/li>\n<li data-start=\"2267\" data-end=\"2329\">\n<p data-start=\"2269\" data-end=\"2329\">Mat\u00e9riau de la perche t\u00e9lescopique\u00a0: fibre de verre, non conductrice d\u2019\u00e9lectricit\u00e9<\/p>\n<\/li>\n<li data-start=\"2330\" data-end=\"2381\">\n<p data-start=\"2332\" data-end=\"2381\">Capacit\u00e9 des flacons de test de gaz : environ 400 \u00e9chantillons par flacon<\/p>\n<\/li>\n<li data-start=\"2382\" data-end=\"2440\">\n<p data-start=\"2384\" data-end=\"2440\">Compatible avec : testeurs Solo et Testifire, testeurs de mise hors service<\/p>\n<\/li>\n<\/ul>","protected":false},"excerpt":{"rendered":"<p>Le kit de test Solo 22 est un kit complet pour les tests fonctionnels des d\u00e9tecteurs de fum\u00e9e et de chaleur jusqu&#039;\u00e0 environ 9,3 m. Il contient la perche t\u00e9lescopique Solo 100 avec 3 perches d&#039;extension Solo 101, le testeur de d\u00e9tecteur Solo 330, le testeur de d\u00e9tecteur de chaleur Solo 461, le dispositif de d\u00e9montage Solo 200, 3 bouteilles de gaz de test Solo A5 et l&#039;\u00e9tui de transport et le carquois Solo 610.<\/p>","protected":false},"featured_media":138066,"template":"","meta":{"_acf_changed":false},"product_brand":[],"product_cat":[3849,2945],"product_tag":[],"class_list":{"0":"post-138067","1":"product","2":"type-product","3":"status-publish","4":"has-post-thumbnail","6":"product_cat-solo-kit","7":"product_cat-solo","8":"product_shipping_class-tunga-paket","9":"tm-no-options","11":"first","12":"instock","13":"taxable","14":"shipping-taxable","15":"purchasable","16":"product-type-simple"},"acf":[],"_links":{"self":[{"href":"https:\/\/secureus.se\/fr\/wp-json\/wp\/v2\/product\/138067","targetHints":{"allow":["GET"]}}],"collection":[{"href":"https:\/\/secureus.se\/fr\/wp-json\/wp\/v2\/product"}],"about":[{"href":"https:\/\/secureus.se\/fr\/wp-json\/wp\/v2\/types\/product"}],"wp:featuredmedia":[{"embeddable":true,"href":"https:\/\/secureus.se\/fr\/wp-json\/wp\/v2\/media\/138066"}],"wp:attachment":[{"href":"https:\/\/secureus.se\/fr\/wp-json\/wp\/v2\/media?parent=138067"}],"wp:term":[{"taxonomy":"product_brand","embeddable":true,"href":"https:\/\/secureus.se\/fr\/wp-json\/wp\/v2\/product_brand?post=138067"},{"taxonomy":"product_cat","embeddable":true,"href":"https:\/\/secureus.se\/fr\/wp-json\/wp\/v2\/product_cat?post=138067"},{"taxonomy":"product_tag","embeddable":true,"href":"https:\/\/secureus.se\/fr\/wp-json\/wp\/v2\/product_tag?post=138067"}],"curies":[{"name":"wp","href":"https:\/\/api.w.org\/{rel}","templated":true}]}}