{"id":138076,"date":"2024-06-12T13:12:58","date_gmt":"2024-06-12T11:12:58","guid":{"rendered":"https:\/\/secureus.se\/?post_type=product&#038;p=138076"},"modified":"2026-04-08T16:07:01","modified_gmt":"2026-04-08T14:07:01","slug":"provkit-solo-23-93-m-rok-vaskor-nedtagare","status":"publish","type":"product","link":"https:\/\/secureus.se\/fr\/provkit-solo-23-93-m-rok-vaskor-nedtagare\/","title":{"rendered":"Kit d&#039;\u00e9chantillons Solo 23 \u2013 9,3 m (fum\u00e9e) \u2013 Sacs et d\u00e9montages"},"content":{"rendered":"<h1>Kit d&#039;\u00e9chantillons Solo 23 \u2013 9,3 m (fum\u00e9e) \u2013 Sacs et d\u00e9montages<\/h1>\n<h3 data-start=\"319\" data-end=\"380\">Kit de test professionnel pour d\u00e9tecteurs de fum\u00e9e jusqu&#039;\u00e0 9,3 m<\/h3>\n<p data-start=\"381\" data-end=\"561\">Solo 23 est un kit de test efficace qui offre une solution compl\u00e8te pour tester et entretenir les d\u00e9tecteurs de fum\u00e9e dans les immeubles de grande hauteur.<\/p>\n<p data-start=\"381\" data-end=\"561\">Le kit est con\u00e7u pour une manipulation facile, une s\u00e9curit\u00e9 optimale et un transport ais\u00e9.<\/p>\n<h3 data-start=\"563\" data-end=\"587\">Contenu de Solo 23<\/h3>\n<ul data-start=\"588\" data-end=\"1234\">\n<li data-start=\"588\" data-end=\"676\">\n<p data-start=\"590\" data-end=\"676\"><strong data-start=\"590\" data-end=\"618\">Testeur de d\u00e9tecteur Solo 330<\/strong> \u2013 Tests de d\u00e9tecteurs de fum\u00e9e avec des bouteilles de gaz de test Solo A5.<\/p>\n<\/li>\n<li data-start=\"677\" data-end=\"835\">\n<p data-start=\"679\" data-end=\"835\"><strong data-start=\"679\" data-end=\"705\">Perche t\u00e9lescopique Solo 100<\/strong> \u2013 long, 4,5 m avec 4 segments en fibre de verre, peut \u00eatre combin\u00e9 avec trois perches d&#039;extension Solo 101 pour une port\u00e9e totale allant jusqu&#039;\u00e0 9,3 m.<\/p>\n<\/li>\n<li data-start=\"836\" data-end=\"913\">\n<p data-start=\"838\" data-end=\"913\"><strong data-start=\"838\" data-end=\"874\">3 tiges d&#039;extension Solo 101<\/strong> \u2013 offre une hauteur et une flexibilit\u00e9 maximales.<\/p>\n<\/li>\n<li data-start=\"914\" data-end=\"1017\">\n<p data-start=\"916\" data-end=\"1017\"><strong data-start=\"916\" data-end=\"949\">Dispositif de d\u00e9montage universel Solo 200<\/strong> \u2013 des griffes r\u00e9glables pour manipuler la plupart des d\u00e9tecteurs d&#039;alarme incendie.<\/p>\n<\/li>\n<li data-start=\"1018\" data-end=\"1120\">\n<p data-start=\"1020\" data-end=\"1120\"><strong data-start=\"1020\" data-end=\"1050\">3 bouteilles de gaz de test Solo A5<\/strong> \u2013 optimis\u00e9 pour les d\u00e9tecteurs de fum\u00e9e, suffisant pour environ 400 \u00e9chantillons par flacon.<\/p>\n<\/li>\n<li data-start=\"1121\" data-end=\"1234\">\n<p data-start=\"1123\" data-end=\"1234\"><strong data-start=\"1123\" data-end=\"1152\">\u00c9tui de transport + carquois Solo 610<\/strong> \u2013 Syst\u00e8me de rangement pratique avec espace pour les tiges, les testeurs et les bouteilles de gaz de test.<\/p>\n<\/li>\n<\/ul>\n<h3 data-start=\"1236\" data-end=\"1268\">Utilisation facile et s\u00fbre<\/h3>\n<ol data-start=\"1269\" data-end=\"1536\">\n<li data-start=\"1269\" data-end=\"1328\">\n<p data-start=\"1272\" data-end=\"1328\">Secouez les bouteilles de gaz de test Solo A5 et installez-les dans le Solo 330.<\/p>\n<\/li>\n<li data-start=\"1329\" data-end=\"1373\">\n<p data-start=\"1332\" data-end=\"1373\">Vissez le r\u00e9cipient et tournez d&#039;un quart de tour.<\/p>\n<\/li>\n<li data-start=\"1374\" data-end=\"1456\">\n<p data-start=\"1377\" data-end=\"1456\">Placez la coupelle autour du d\u00e9tecteur, appuyez l\u00e9g\u00e8rement contre le plafond et laissez le gaz s&#039;\u00e9chapper.<\/p>\n<\/li>\n<li data-start=\"1457\" data-end=\"1536\">\n<p data-start=\"1460\" data-end=\"1536\">Attendez environ 10 secondes que le d\u00e9tecteur \u00e9mette une alarme. Si n\u00e9cessaire, r\u00e9p\u00e9tez le test.<\/p>\n<\/li>\n<\/ol>\n<h3 data-start=\"1538\" data-end=\"1564\">Avantages du Solo 23<\/h3>\n<ul data-start=\"1565\" data-end=\"1843\">\n<li data-start=\"1565\" data-end=\"1618\">\n<p data-start=\"1567\" data-end=\"1618\">\u00c9quipement complet pour le test des d\u00e9tecteurs de fum\u00e9e<\/p>\n<\/li>\n<li data-start=\"1619\" data-end=\"1682\">\n<p data-start=\"1621\" data-end=\"1682\">Atteignez une hauteur maximale de 9,3 m gr\u00e2ce \u00e0 la perche t\u00e9lescopique et ses rallonges.<\/p>\n<\/li>\n<li data-start=\"1683\" data-end=\"1739\">\n<p data-start=\"1685\" data-end=\"1739\">\u00c9tui de transport professionnel et carquois pour un transport facile<\/p>\n<\/li>\n<li data-start=\"1740\" data-end=\"1783\">\n<p data-start=\"1742\" data-end=\"1783\">Compatible avec la plupart des marques de d\u00e9tecteurs<\/p>\n<\/li>\n<li data-start=\"1784\" data-end=\"1843\">\n<p data-start=\"1786\" data-end=\"1843\">Manipulation facile et r\u00e9initialisation rapide des d\u00e9tecteurs<\/p>\n<\/li>\n<\/ul>\n<h3 data-start=\"1845\" data-end=\"1875\">Sp\u00e9cifications techniques<\/h3>\n<ul data-start=\"1876\" data-end=\"2163\">\n<li data-start=\"1876\" data-end=\"1909\">\n<p data-start=\"1878\" data-end=\"1909\">Hauteur d&#039;essai : jusqu&#039;\u00e0 9,3 m<\/p>\n<\/li>\n<li data-start=\"1910\" data-end=\"1989\">\n<p data-start=\"1912\" data-end=\"1989\">Contenu : Solo 330, Solo 100, 3 \u00d7 Solo 101, Solo 200, Solo 610, 3 \u00d7 Solo A5<\/p>\n<\/li>\n<li data-start=\"1990\" data-end=\"2052\">\n<p data-start=\"1992\" data-end=\"2052\">Mat\u00e9riau de la perche t\u00e9lescopique\u00a0: fibre de verre, non conductrice d\u2019\u00e9lectricit\u00e9<\/p>\n<\/li>\n<li data-start=\"2053\" data-end=\"2104\">\n<p data-start=\"2055\" data-end=\"2104\">Capacit\u00e9 des flacons de test de gaz : environ 400 \u00e9chantillons par flacon<\/p>\n<\/li>\n<li data-start=\"2105\" data-end=\"2163\">\n<p data-start=\"2107\" data-end=\"2163\">Compatible avec : testeurs Solo et Testifire, testeurs de mise hors service<\/p>\n<\/li>\n<\/ul>","protected":false},"excerpt":{"rendered":"<p>Le kit de test Solo 23 est un kit complet pour tester le fonctionnement des d\u00e9tecteurs de fum\u00e9e jusqu&#039;\u00e0 environ 9,3 m. Il contient la perche t\u00e9lescopique Solo 100 avec 3 perches d&#039;extension Solo 101, le testeur de d\u00e9tecteurs Solo 330, le descendeur Solo 200, 3 bouteilles de gaz de test Solo A5 et l&#039;\u00e9tui de transport et le carquois Solo 610.<\/p>","protected":false},"featured_media":138075,"template":"","meta":{"_acf_changed":false},"product_brand":[],"product_cat":[2945,3849],"product_tag":[],"class_list":{"0":"post-138076","1":"product","2":"type-product","3":"status-publish","4":"has-post-thumbnail","6":"product_cat-solo","7":"product_cat-solo-kit","8":"product_shipping_class-tunga-paket","9":"tm-no-options","11":"first","12":"instock","13":"taxable","14":"shipping-taxable","15":"purchasable","16":"product-type-simple"},"acf":[],"_links":{"self":[{"href":"https:\/\/secureus.se\/fr\/wp-json\/wp\/v2\/product\/138076","targetHints":{"allow":["GET"]}}],"collection":[{"href":"https:\/\/secureus.se\/fr\/wp-json\/wp\/v2\/product"}],"about":[{"href":"https:\/\/secureus.se\/fr\/wp-json\/wp\/v2\/types\/product"}],"wp:featuredmedia":[{"embeddable":true,"href":"https:\/\/secureus.se\/fr\/wp-json\/wp\/v2\/media\/138075"}],"wp:attachment":[{"href":"https:\/\/secureus.se\/fr\/wp-json\/wp\/v2\/media?parent=138076"}],"wp:term":[{"taxonomy":"product_brand","embeddable":true,"href":"https:\/\/secureus.se\/fr\/wp-json\/wp\/v2\/product_brand?post=138076"},{"taxonomy":"product_cat","embeddable":true,"href":"https:\/\/secureus.se\/fr\/wp-json\/wp\/v2\/product_cat?post=138076"},{"taxonomy":"product_tag","embeddable":true,"href":"https:\/\/secureus.se\/fr\/wp-json\/wp\/v2\/product_tag?post=138076"}],"curies":[{"name":"wp","href":"https:\/\/api.w.org\/{rel}","templated":true}]}}