{"id":138436,"date":"2024-01-31T11:58:41","date_gmt":"2024-01-31T10:58:41","guid":{"rendered":"https:\/\/secureus.se\/magicard-3633-0053-printer-cleaning-kit-pack-of-10\/"},"modified":"2026-04-08T16:15:10","modified_gmt":"2026-04-08T14:15:10","slug":"magicard-3633-0053-printer-cleaning-kit-pack-of-10","status":"publish","type":"product","link":"https:\/\/secureus.se\/fr\/magicard-3633-0053-printer-cleaning-kit-pack-of-10\/","title":{"rendered":"Kit de nettoyage pour imprimante de cartes Magicard 3633-0053 \u2013 Lot de 10"},"content":{"rendered":"<p>Le kit de nettoyage d&#039;imprimante Magicard 3633-0053 est sp\u00e9cialement fabriqu\u00e9 pour maintenir des performances optimales et prolonger la dur\u00e9e de vie des imprimantes de cartes Magicard Enduro et Rio Pro de vos clients.<\/p>\n<ul>\n<li>10x cartes de nettoyage<\/li>\n<li>1x stylo de nettoyage<\/li>\n<li>Compatible avec les imprimantes de cartes Magicard 300, 600, Enduro et Rio Pro<\/li>\n<li>Code du fabricant : 3633-0053<\/li>\n<\/ul>\n<p><strong><br \/>\nPoids du produit :<br \/>\n0,26 kg<br \/>\n<\/strong><\/p>","protected":false},"excerpt":{"rendered":"<p>Le kit de nettoyage d&#039;imprimante Magicard 3633-0053 est sp\u00e9cialement fabriqu\u00e9 pour maintenir des performances optimales et prolonger la dur\u00e9e de vie des imprimantes de cartes Magicard Enduro et Rio Pro de vos clients. 10x Nettoyage<\/p>","protected":false},"featured_media":138433,"template":"","meta":{"_acf_changed":false},"product_brand":[],"product_cat":[4807],"product_tag":[],"class_list":{"0":"post-138436","1":"product","2":"type-product","3":"status-publish","4":"has-post-thumbnail","6":"product_cat-rengoringskit","7":"product_shipping_class-postnord-varubrev","8":"pa_brands-magicard","9":"tm-no-options","11":"first","12":"instock","13":"taxable","14":"shipping-taxable","15":"purchasable","16":"product-type-simple"},"acf":[],"_links":{"self":[{"href":"https:\/\/secureus.se\/fr\/wp-json\/wp\/v2\/product\/138436","targetHints":{"allow":["GET"]}}],"collection":[{"href":"https:\/\/secureus.se\/fr\/wp-json\/wp\/v2\/product"}],"about":[{"href":"https:\/\/secureus.se\/fr\/wp-json\/wp\/v2\/types\/product"}],"wp:featuredmedia":[{"embeddable":true,"href":"https:\/\/secureus.se\/fr\/wp-json\/wp\/v2\/media\/138433"}],"wp:attachment":[{"href":"https:\/\/secureus.se\/fr\/wp-json\/wp\/v2\/media?parent=138436"}],"wp:term":[{"taxonomy":"product_brand","embeddable":true,"href":"https:\/\/secureus.se\/fr\/wp-json\/wp\/v2\/product_brand?post=138436"},{"taxonomy":"product_cat","embeddable":true,"href":"https:\/\/secureus.se\/fr\/wp-json\/wp\/v2\/product_cat?post=138436"},{"taxonomy":"product_tag","embeddable":true,"href":"https:\/\/secureus.se\/fr\/wp-json\/wp\/v2\/product_tag?post=138436"}],"curies":[{"name":"wp","href":"https:\/\/api.w.org\/{rel}","templated":true}]}}