{"id":138479,"date":"2024-01-11T12:35:30","date_gmt":"2024-01-11T11:35:30","guid":{"rendered":"https:\/\/secureus.se\/exxact-stromstallare-infalld-valfri-gravyr-oppnaknapp-logo\/"},"modified":"2025-11-26T15:08:32","modified_gmt":"2025-11-26T14:08:32","slug":"exxact-stromstallare-infalld-valfri-gravyr-oppnaknapp-logo","status":"publish","type":"product","link":"https:\/\/secureus.se\/fr\/exxact-stromstallare-infalld-valfri-gravyr-oppnaknapp-logo\/","title":{"rendered":"Exxact Switch Encastr\u00e9 - Gravure optionnelle du logo &quot;Open Button&quot;"},"content":{"rendered":"<p>Bouton d&#039;ouverture\/fermeture et retour \u00e9lastique avec motif au choix \u2013 Des \u00e9preuves sont toujours fournies pour les nouveaux produits. Veuillez noter que la gravure est monochrome.<\/p>\n<p>Le d\u00e9lai de livraison est de 2 \u00e0 5 jours et les prix incluent la gravure et le design.<\/p>\n<p>Si vous souhaitez que les boutons ouverts soient affich\u00e9s sur votre couche unique au client, faites-le nous savoir.<\/p>\n<p>&nbsp;<\/p>","protected":false},"excerpt":{"rendered":"<p>\u00d6ppnaknapp slutande funktion och \u00e5terfj\u00e4drande med ert val av design &#8211; Korrektur kommer allid p\u00e5 nya produkter. Observera att gravyr \u00e4r 1-f\u00e4rgad. Leveranstiden \u00e4r 2-5 dagar och priser inkluderar gravyr<\/p>","protected":false},"featured_media":138478,"template":"","meta":{"_acf_changed":false},"product_brand":[],"product_cat":[1830,4826],"product_tag":[2989,2936,2937],"class_list":{"0":"post-138479","1":"product","2":"type-product","3":"status-publish","4":"has-post-thumbnail","6":"product_cat-brandknappar","7":"product_cat-exxact","8":"product_tag-egen-logo-ej-taggar-kort","9":"product_tag-oppna-brand-design-produkt","10":"product_tag-oppnaknappar","11":"product_shipping_class-postnord-varubrev","12":"pa_brands-schneider-electric","13":"tm-has-options","15":"first","16":"instock","17":"featured","18":"taxable","19":"shipping-taxable","20":"purchasable","21":"product-type-simple"},"acf":[],"_links":{"self":[{"href":"https:\/\/secureus.se\/fr\/wp-json\/wp\/v2\/product\/138479","targetHints":{"allow":["GET"]}}],"collection":[{"href":"https:\/\/secureus.se\/fr\/wp-json\/wp\/v2\/product"}],"about":[{"href":"https:\/\/secureus.se\/fr\/wp-json\/wp\/v2\/types\/product"}],"wp:featuredmedia":[{"embeddable":true,"href":"https:\/\/secureus.se\/fr\/wp-json\/wp\/v2\/media\/138478"}],"wp:attachment":[{"href":"https:\/\/secureus.se\/fr\/wp-json\/wp\/v2\/media?parent=138479"}],"wp:term":[{"taxonomy":"product_brand","embeddable":true,"href":"https:\/\/secureus.se\/fr\/wp-json\/wp\/v2\/product_brand?post=138479"},{"taxonomy":"product_cat","embeddable":true,"href":"https:\/\/secureus.se\/fr\/wp-json\/wp\/v2\/product_cat?post=138479"},{"taxonomy":"product_tag","embeddable":true,"href":"https:\/\/secureus.se\/fr\/wp-json\/wp\/v2\/product_tag?post=138479"}],"curies":[{"name":"wp","href":"https:\/\/api.w.org\/{rel}","templated":true}]}}