{"id":138484,"date":"2024-03-07T14:56:35","date_gmt":"2024-03-07T13:56:35","guid":{"rendered":"https:\/\/secureus.se\/optex-flx-p-dt-x5-flipx-professional-pir-detektor-med-dubbla-tekniker-for-inomhusbruk-med-mikrovagsugn-vit\/"},"modified":"2025-12-31T21:09:00","modified_gmt":"2025-12-31T20:09:00","slug":"optex-flx-p-dt-x5","status":"publish","type":"product","link":"https:\/\/secureus.se\/fr\/optex-flx-p-dt-x5\/","title":{"rendered":"Optex FLX-P-DT-X5 D\u00e9tecteurs combin\u00e9s professionnels FlipX PIR + micro-ondes angle de 15 m\u00e8tres ou longue port\u00e9e 24 m\u00e8tres"},"content":{"rendered":"<h1><strong>Optex FLX-P-DT-X5 FlipX - Technologie avanc\u00e9e PIR et micro-ondes pour une utilisation en int\u00e9rieur<\/strong><\/h1>\n<p>Optex FLX-P-DT-X5 FlipX est un d\u00e9tecteur de mouvement int\u00e9rieur professionnel qui utilise une combinaison de technologie PIR (infrarouge passif) et micro-ondes pour garantir une d\u00e9tection de mouvement fiable et pr\u00e9cise.<\/p>\n<p>Le d\u00e9tecteur est con\u00e7u pour offrir une s\u00e9curit\u00e9 et une efficacit\u00e9 fiables dans une vari\u00e9t\u00e9 d&#039;environnements, des installations r\u00e9sidentielles aux installations commerciales.<\/p>\n<p><strong>Techniques doubles pour une plus grande pr\u00e9cision\u00a0:<\/strong> FLX-P-DT-X5 FlipX utilise \u00e0 la fois la technologie PIR et micro-ondes pour optimiser la d\u00e9tection.<\/p>\n<p>La technologie PIR capture les mouvements gr\u00e2ce aux changements du rayonnement infrarouge, tandis que la technologie micro-ondes utilise les ondes radio pour d\u00e9tecter les mouvements m\u00eame derri\u00e8re les objets et les murs.<\/p>\n<p>Cette double technologie permet au d\u00e9tecteur d&#039;identifier avec pr\u00e9cision les mouvements et de minimiser le risque de fausses alarmes.<\/p>\n<p><strong>Lentille r\u00e9versible pour une couverture plus large\u00a0:<\/strong> L&#039;une des caract\u00e9ristiques les plus remarquables du mod\u00e8le FlipX est la lentille r\u00e9versible.<\/p>\n<p>En tournant simplement l&#039;objectif, l&#039;utilisateur peut ajuster la zone de couverture du d\u00e9tecteur et l&#039;adapter aux besoins sp\u00e9cifiques.<\/p>\n<p>Cela offre une flexibilit\u00e9 suppl\u00e9mentaire dans l\u2019installation et facilite l\u2019optimisation de la couverture sur une zone plus grande.<\/p>\n<p><strong>Technologie de d\u00e9tection am\u00e9lior\u00e9e\u00a0:<\/strong> Le d\u00e9tecteur est \u00e9quip\u00e9 d&#039;une lentille sph\u00e9rique raffin\u00e9e qui am\u00e9liore la d\u00e9tection de mouvement sur tout le champ de vision du d\u00e9tecteur.<\/p>\n<p>L&#039;objectif offre une zone de d\u00e9tection plus large et plus pr\u00e9cise, ce qui facilite la capture des mouvements dans n&#039;importe quelle partie de la pi\u00e8ce. Avec un angle de d\u00e9tection de 180 degr\u00e9s, le FLX-P-DT-X5 FlipX peut surveiller efficacement une vaste zone, ce qui le rend id\u00e9al pour les grandes pi\u00e8ces ou les espaces ouverts.<\/p>\n<p><strong>Indicateur LED et facilit\u00e9 d&#039;utilisation :<\/strong> Pour fournir un retour rapide sur l&#039;\u00e9tat de l&#039;appareil, le FLX-P-DT-X5 FlipX est \u00e9quip\u00e9 d&#039;un indicateur LED qui indique clairement quand le d\u00e9tecteur est actif ou non.<\/p>\n<p>La couleur de la LED permet d&#039;identifier facilement l&#039;\u00e9tat de l&#039;appareil, ce qui facilite l&#039;installation et la gestion. Il est \u00e9galement possible de r\u00e9gler la sensibilit\u00e9 et de configurer le d\u00e9tecteur via l&#039;interface conviviale pour encore plus de pr\u00e9cision.<\/p>\n<p><strong>Logique SMDA pour l&#039;intelligence et la flexibilit\u00e9\u00a0:<\/strong> Une autre fonctionnalit\u00e9 avanc\u00e9e de FlipX est la logique brevet\u00e9e SMDA (Super Multi-Dimensional Analysis).<\/p>\n<p>Cette technologie intelligente permet au d\u00e9tecteur d&#039;analyser les mouvements avec plus de pr\u00e9cision et de pr\u00e9cision. La logique SMDA filtre les mouvements inutiles, tels que les petits animaux ou les vibrations, et permet au d\u00e9tecteur de se concentrer sur les menaces et intrusions r\u00e9elles.<\/p>\n<p><strong>\u00c9l\u00e9ment de capture humaine\u00a0:<\/strong> Le d\u00e9tecteur dispose d&#039;un \u00e9l\u00e9ment de capture sp\u00e9cifique con\u00e7u pour d\u00e9tecter les mouvements humains avec une grande pr\u00e9cision.<\/p>\n<p>Cela permet au FLX-P-DT-X5 de faire la distinction entre les personnes et les autres objets se d\u00e9pla\u00e7ant dans la zone, minimisant ainsi le risque de fausses alarmes caus\u00e9es par de petits animaux ou d&#039;autres mouvements ind\u00e9sirables.<\/p>\n<p><strong>Installation flexible et couverture personnalisable\u00a0:<\/strong> Le mod\u00e8le FlipX est facile \u00e0 installer et peut \u00eatre mont\u00e9 dans diff\u00e9rents environnements.<\/p>\n<p>La lentille r\u00e9glable et r\u00e9versible permet d&#039;adapter la zone de d\u00e9tection selon les besoins et garantit que toutes les zones importantes sont couvertes. Le d\u00e9tecteur est \u00e9galement compatible avec d&#039;autres syst\u00e8mes de s\u00e9curit\u00e9 et peut \u00eatre facilement int\u00e9gr\u00e9 dans une solution de s\u00e9curit\u00e9 plus vaste.<\/p>\n<p><strong>Longue dur\u00e9e de vie et fiabilit\u00e9\u00a0:<\/strong> Optex FLX-P-DT-X5 FlipX est con\u00e7u pour une utilisation \u00e0 long terme et poss\u00e8de une construction robuste pour durer des ann\u00e9es.<\/p>\n<p>Il est con\u00e7u pour offrir des performances stables et une longue dur\u00e9e de vie, ce qui en fait une solution de s\u00e9curit\u00e9 fiable pour les propri\u00e9t\u00e9s r\u00e9sidentielles et commerciales.<\/p>\n<p><strong>Caract\u00e9ristiques:<\/strong><\/p>\n<ul>\n<li><strong>Technique:<\/strong> PIR + Micro-ondes<\/li>\n<li><strong>Angle de d\u00e9tection\u00a0:<\/strong> 180 degr\u00e9s<\/li>\n<li><strong>Lentille sph\u00e9rique raffin\u00e9e pour une large couverture<\/strong><\/li>\n<li><strong>Indicateur LED avec couleur facilement visible<\/strong><\/li>\n<li><strong>\u00c9l\u00e9ment de capture de mouvement humain<\/strong><\/li>\n<li><strong>Lentille r\u00e9versible pour une couverture r\u00e9glable<\/strong><\/li>\n<li><strong>Logique SMDA pour des analyses intelligentes<\/strong><\/li>\n<li><strong>Temp\u00e9rature de fonctionnement :<\/strong> -10\u00b0C \u00e0 +50\u00b0C<\/li>\n<li><strong>Autonomie de la batterie\u00a0:<\/strong> Longue dur\u00e9e de vie<\/li>\n<li><strong>Installation:<\/strong> Simple et flexible, peut \u00eatre mont\u00e9 de diff\u00e9rentes mani\u00e8res<\/li>\n<\/ul>\n<p>&nbsp;<\/p>","protected":false},"excerpt":{"rendered":"<p>Optex FLX-P-DT-X5 FlipX est un d\u00e9tecteur PIR avanc\u00e9 pour une utilisation en int\u00e9rieur avec deux technologies : technologie PIR et micro-ondes.<\/p>\n<p>Con\u00e7u pour fournir une fiabilit\u00e9 \u00e9lev\u00e9e et une d\u00e9tection pr\u00e9cise avec une lentille r\u00e9versible et une lentille sph\u00e9rique am\u00e9lior\u00e9e pour une large couverture.<\/p>","protected":false},"featured_media":138481,"template":"","meta":{"_acf_changed":false},"product_brand":[],"product_cat":[1325],"product_tag":[2989,2145,2465],"class_list":{"0":"post-138484","1":"product","2":"type-product","3":"status-publish","4":"has-post-thumbnail","6":"product_cat-larmgivare-skalskydd","7":"product_tag-egen-logo-ej-taggar-kort","8":"product_tag-rorelsedetektor-ir-detektorer","9":"product_tag-sbsc-larmklass2","10":"product_shipping_class-postnord-varubrev","11":"pa_brands-optex","12":"tm-no-options","14":"first","15":"onbackorder","16":"featured","17":"taxable","18":"shipping-taxable","19":"purchasable","20":"product-type-simple"},"acf":[],"_links":{"self":[{"href":"https:\/\/secureus.se\/fr\/wp-json\/wp\/v2\/product\/138484","targetHints":{"allow":["GET"]}}],"collection":[{"href":"https:\/\/secureus.se\/fr\/wp-json\/wp\/v2\/product"}],"about":[{"href":"https:\/\/secureus.se\/fr\/wp-json\/wp\/v2\/types\/product"}],"wp:featuredmedia":[{"embeddable":true,"href":"https:\/\/secureus.se\/fr\/wp-json\/wp\/v2\/media\/138481"}],"wp:attachment":[{"href":"https:\/\/secureus.se\/fr\/wp-json\/wp\/v2\/media?parent=138484"}],"wp:term":[{"taxonomy":"product_brand","embeddable":true,"href":"https:\/\/secureus.se\/fr\/wp-json\/wp\/v2\/product_brand?post=138484"},{"taxonomy":"product_cat","embeddable":true,"href":"https:\/\/secureus.se\/fr\/wp-json\/wp\/v2\/product_cat?post=138484"},{"taxonomy":"product_tag","embeddable":true,"href":"https:\/\/secureus.se\/fr\/wp-json\/wp\/v2\/product_tag?post=138484"}],"curies":[{"name":"wp","href":"https:\/\/api.w.org\/{rel}","templated":true}]}}