{"id":138488,"date":"2024-03-07T14:44:15","date_gmt":"2024-03-07T13:44:15","guid":{"rendered":"https:\/\/secureus.se\/optex-flx-p-st-flipx-professional-indoor-pir-with-dual-technology\/"},"modified":"2025-12-31T21:05:19","modified_gmt":"2025-12-31T20:05:19","slug":"optex-flx-p-st-flipx-professional-indoor-pir-with-dual-technology","status":"publish","type":"product","link":"https:\/\/secureus.se\/fr\/optex-flx-p-st-flipx-professional-indoor-pir-with-dual-technology\/","title":{"rendered":"D\u00e9tecteur PIR professionnel Optex FLX-P-ST FlipX angle de 15 m\u00e8tres ou faisceau long de 24 m\u00e8tres"},"content":{"rendered":"<h1><strong>Optex FLX-P-ST FlipX \u2013 D\u00e9tecteur PIR avanc\u00e9 avec lentille r\u00e9glable unique<\/strong><\/h1>\n<p>Optex FLX-P-ST FlipX est un d\u00e9tecteur PIR professionnel qui offre une solution innovante pour la d\u00e9tection de mouvement en int\u00e9rieur.<\/p>\n<p>Avec sa caract\u00e9ristique unique \u2013 une lentille rotative \u00e0 180\u00b0 \u2013 ce d\u00e9tecteur offre aux utilisateurs une flexibilit\u00e9 totale pour personnaliser la zone de d\u00e9tection en fonction de diff\u00e9rents besoins et environnements.<\/p>\n<p>La s\u00e9rie FlipX est l&#039;une des gammes de produits les plus avanc\u00e9es d&#039;Optex et est id\u00e9ale pour tout, des applications r\u00e9sidentielles aux syst\u00e8mes de s\u00e9curit\u00e9 avanc\u00e9s dans les propri\u00e9t\u00e9s commerciales.<\/p>\n<p><strong>Objectif rotatif unique \u00e0 180\u00b0 pour une d\u00e9tection personnalis\u00e9e\u00a0:<\/strong> L&#039;une des caract\u00e9ristiques les plus remarquables de l&#039;Optex FLX-P-ST est son objectif rotatif \u00e0 180\u00b0.<\/p>\n<p>Cette conception unique permet de personnaliser le mod\u00e8le de d\u00e9tection d&#039;une mani\u00e8re qui n&#039;\u00e9tait pas possible auparavant avec les d\u00e9tecteurs PIR traditionnels.<\/p>\n<p>En retirant simplement le couvercle et en tournant l&#039;objectif, l&#039;utilisateur peut r\u00e9gler l&#039;angle de d\u00e9tection d&#039;un large angle de 85\u00b0 pour couvrir de grandes zones ouvertes, \u00e0 un angle \u00e9troit de 5\u00b0 parfait pour couvrir de longs passages ou des fen\u00eatres.<\/p>\n<p>Cette fonctionnalit\u00e9 offre une flexibilit\u00e9 exceptionnelle pour r\u00e9pondre aux besoins de s\u00e9curit\u00e9 sp\u00e9cifiques de chaque pi\u00e8ce ou zone.<\/p>\n<p><strong>Technologie de d\u00e9tection am\u00e9lior\u00e9e avec des \u00e9l\u00e9ments pyro\u00e9lectriques\u00a0:<\/strong> La s\u00e9rie FlipX est \u00e9quip\u00e9e des derniers \u00e9l\u00e9ments pyro\u00e9lectriques, lui permettant de d\u00e9tecter les mouvements avec une pr\u00e9cision et une fiabilit\u00e9 sup\u00e9rieures \u00e0 celles de nombreux autres d\u00e9tecteurs PIR traditionnels.<\/p>\n<p>Ces \u00e9l\u00e9ments r\u00e9agissent rapidement aux changements du rayonnement infrarouge, permettant au FLX-P-ST d&#039;identifier efficacement les mouvements des personnes, tout en filtrant les interf\u00e9rences ind\u00e9sirables telles que les animaux ou les objets immobiles.<\/p>\n<p><strong>Installation flexible pour les propri\u00e9t\u00e9s r\u00e9sidentielles et commerciales\u00a0:<\/strong> L&#039;Optex FLX-P-ST FlipX est con\u00e7u pour \u00eatre tout aussi efficace dans les petits et grands environnements.<\/p>\n<p>Que vous ayez besoin de surveiller un espace de bureau ouvert ou un couloir \u00e9troit, vous pouvez r\u00e9gler le d\u00e9tecteur pour garantir une couverture et une s\u00e9curit\u00e9 optimales.<\/p>\n<p>Le d\u00e9tecteur est facile \u00e0 installer et peut \u00eatre mont\u00e9 au mur ou au plafond en fonction du besoin de d\u00e9tection, et la lentille r\u00e9glable rend l&#039;installation encore plus facile.<\/p>\n<p><strong>Lampe LED pour une indication claire\u00a0:<\/strong> Pour donner aux utilisateurs une indication visuelle rapide et claire de l&#039;\u00e9tat de l&#039;appareil, le FLX-P-ST est \u00e9quip\u00e9 d&#039;une lumi\u00e8re LED bien visible.<\/p>\n<p>Cette lumi\u00e8re fournit un signal visuel imm\u00e9diat indiquant que le d\u00e9tecteur est actif ou d\u00e9tecte un mouvement, ce qui facilite \u00e0 la fois l&#039;installation et le fonctionnement. La lumi\u00e8re LED facilite \u00e9galement le test et le r\u00e9glage de l&#039;unit\u00e9 pour garantir qu&#039;elle est correctement configur\u00e9e pour des performances optimales.<\/p>\n<p><strong>Compatibilit\u00e9 et int\u00e9gration\u00a0:<\/strong> Le FLX-P-ST est compatible avec tous les syst\u00e8mes de s\u00e9curit\u00e9 Optex et autres solutions de s\u00e9curit\u00e9, ce qui facilite son int\u00e9gration dans votre r\u00e9seau de s\u00e9curit\u00e9 actuel.<\/p>\n<p>Sa flexibilit\u00e9 de d\u00e9tection le rend utile dans de nombreuses applications diff\u00e9rentes, des r\u00e9sidences priv\u00e9es aux grands syst\u00e8mes de s\u00e9curit\u00e9 commerciaux.<\/p>\n<p><strong>Longue durabilit\u00e9 et fiabilit\u00e9\u00a0:<\/strong> Optex est connu pour cr\u00e9er des produits de la plus haute qualit\u00e9, et le FLX-P-ST FlipX ne fait pas exception.<\/p>\n<p>Il est construit pour \u00eatre durable et fiable, et gr\u00e2ce \u00e0 ses technologies innovantes, il offre des performances durables et une protection constante. L&#039;installation est rapide et facile et l&#039;unit\u00e9 a une longue dur\u00e9e de vie, ce qui en fait une option rentable \u00e0 long terme.<\/p>\n<p><strong>Sp\u00e9cifications techniques\u00a0:<\/strong><\/p>\n<ul>\n<li><strong>Technologie de d\u00e9tection\u00a0:<\/strong> PIR (Infrarouge Passif) et \u00e9l\u00e9ment pyro\u00e9lectrique<\/li>\n<li><strong>Objectif rotatif\u00a0:<\/strong> 180\u00b0 pour un angle de d\u00e9tection r\u00e9glable<\/li>\n<li><strong>Angle de d\u00e9tection\u00a0:<\/strong> R\u00e9glable de 5\u00b0 \u00e0 85\u00b0<\/li>\n<li><strong>Indicateur LED\u00a0:<\/strong> Oui, pour l&#039;indication visuelle de l&#039;\u00e9tat<\/li>\n<li><strong>Zone de travail\u00a0:<\/strong> Propri\u00e9t\u00e9s r\u00e9sidentielles, commerciales, couloirs et passages<\/li>\n<li><strong>Plage de temp\u00e9rature\u00a0:<\/strong> -10\u00b0C \u00e0 +50\u00b0C<\/li>\n<li><strong>Installation:<\/strong> Montage au mur ou au plafond<\/li>\n<li><strong>Mesure:<\/strong> 80x50x50mm<\/li>\n<li><strong>Poids:<\/strong> 150g<\/li>\n<\/ul>","protected":false},"excerpt":{"rendered":"<p>Optex FLX-P-ST FlipX est un d\u00e9tecteur PIR professionnel pour une utilisation en int\u00e9rieur, \u00e9quip\u00e9 d&#039;une lentille unique rotative \u00e0 180\u00b0 pour une d\u00e9tection personnalis\u00e9e.<\/p>\n<p>Parfait pour les propri\u00e9t\u00e9s r\u00e9sidentielles et commerciales, il offre une couverture flexible avec un angle de d\u00e9tection r\u00e9glable.<\/p>","protected":false},"featured_media":138481,"template":"","meta":{"_acf_changed":false},"product_brand":[],"product_cat":[1325],"product_tag":[2989,2145,2465],"class_list":{"0":"post-138488","1":"product","2":"type-product","3":"status-publish","4":"has-post-thumbnail","6":"product_cat-larmgivare-skalskydd","7":"product_tag-egen-logo-ej-taggar-kort","8":"product_tag-rorelsedetektor-ir-detektorer","9":"product_tag-sbsc-larmklass2","10":"product_shipping_class-postnord-varubrev","11":"pa_brands-optex","12":"tm-no-options","14":"first","15":"instock","16":"featured","17":"taxable","18":"shipping-taxable","19":"purchasable","20":"product-type-simple"},"acf":[],"_links":{"self":[{"href":"https:\/\/secureus.se\/fr\/wp-json\/wp\/v2\/product\/138488","targetHints":{"allow":["GET"]}}],"collection":[{"href":"https:\/\/secureus.se\/fr\/wp-json\/wp\/v2\/product"}],"about":[{"href":"https:\/\/secureus.se\/fr\/wp-json\/wp\/v2\/types\/product"}],"wp:featuredmedia":[{"embeddable":true,"href":"https:\/\/secureus.se\/fr\/wp-json\/wp\/v2\/media\/138481"}],"wp:attachment":[{"href":"https:\/\/secureus.se\/fr\/wp-json\/wp\/v2\/media?parent=138488"}],"wp:term":[{"taxonomy":"product_brand","embeddable":true,"href":"https:\/\/secureus.se\/fr\/wp-json\/wp\/v2\/product_brand?post=138488"},{"taxonomy":"product_cat","embeddable":true,"href":"https:\/\/secureus.se\/fr\/wp-json\/wp\/v2\/product_cat?post=138488"},{"taxonomy":"product_tag","embeddable":true,"href":"https:\/\/secureus.se\/fr\/wp-json\/wp\/v2\/product_tag?post=138488"}],"curies":[{"name":"wp","href":"https:\/\/api.w.org\/{rel}","templated":true}]}}