{"id":138629,"date":"2024-01-15T11:14:30","date_gmt":"2024-01-15T10:14:30","guid":{"rendered":"https:\/\/secureus.se\/airborne-dc-dual-e-medium\/"},"modified":"2025-09-15T13:07:38","modified_gmt":"2025-09-15T11:07:38","slug":"airborne-dc-dual-e-medium","status":"publish","type":"product","link":"https:\/\/secureus.se\/fr\/airborne-dc-dual-e-medium\/","title":{"rendered":"AIRBORNE DC DUAL E-M\u00c9DIA"},"content":{"rendered":"<p>Transmetteur d&#039;alarme homologu\u00e9 pour la transmission d&#039;alarmes anti-effraction classe d&#039;alarme 3-4 selon SBF 110:8 et d&#039;alarmes incendie selon SSF 114:2. Airborne DC Dual utilise deux chemins d&#039;alarme avec le r\u00e9seau mobile (2G\/4G) comme canal de communication principal et une connexion IP fixe comme sauvegarde. Peut \u00eatre utilis\u00e9 pour les composeurs t\u00e9l\u00e9phoniques traditionnels o\u00f9 les protocoles analogiques tels que SIA, Robofon ou CID sont num\u00e9ris\u00e9s et transmis num\u00e9riquement. Le transmetteur d&#039;alarme dispose de 16 entr\u00e9es et 4 sorties ainsi que de la possibilit\u00e9 de communication s\u00e9rie avec le dispositif central. Livr\u00e9 mont\u00e9 dans un coffret avec antenne int\u00e9gr\u00e9e, interrupteur anti-sabotage et contact de d\u00e9molition hors batterie et adaptateur secteur.<\/p>","protected":false},"excerpt":{"rendered":"<p>Transmetteur d&#039;alarme homologu\u00e9 pour la transmission d&#039;alarmes anti-effraction, classe d&#039;alarme 3-4 selon SBF 110:8 et d&#039;alarmes incendie selon SSF 114:2. Airborne DC Dual utilise deux chemins d&#039;alarme avec le r\u00e9seau mobile (2G\/4G) comme canal de communication principal et la ligne fixe<\/p>","protected":false},"featured_media":138628,"template":"","meta":{"_acf_changed":false},"product_brand":[],"product_cat":[1551],"product_tag":[],"class_list":{"0":"post-138629","1":"product","2":"type-product","3":"status-publish","4":"has-post-thumbnail","6":"product_cat-larmoverforing","7":"product_shipping_class-tunga-paket","8":"pa_brands-addsecure","9":"tm-no-options","11":"first","12":"instock","13":"taxable","14":"shipping-taxable","15":"purchasable","16":"product-type-simple"},"acf":[],"_links":{"self":[{"href":"https:\/\/secureus.se\/fr\/wp-json\/wp\/v2\/product\/138629","targetHints":{"allow":["GET"]}}],"collection":[{"href":"https:\/\/secureus.se\/fr\/wp-json\/wp\/v2\/product"}],"about":[{"href":"https:\/\/secureus.se\/fr\/wp-json\/wp\/v2\/types\/product"}],"wp:featuredmedia":[{"embeddable":true,"href":"https:\/\/secureus.se\/fr\/wp-json\/wp\/v2\/media\/138628"}],"wp:attachment":[{"href":"https:\/\/secureus.se\/fr\/wp-json\/wp\/v2\/media?parent=138629"}],"wp:term":[{"taxonomy":"product_brand","embeddable":true,"href":"https:\/\/secureus.se\/fr\/wp-json\/wp\/v2\/product_brand?post=138629"},{"taxonomy":"product_cat","embeddable":true,"href":"https:\/\/secureus.se\/fr\/wp-json\/wp\/v2\/product_cat?post=138629"},{"taxonomy":"product_tag","embeddable":true,"href":"https:\/\/secureus.se\/fr\/wp-json\/wp\/v2\/product_tag?post=138629"}],"curies":[{"name":"wp","href":"https:\/\/api.w.org\/{rel}","templated":true}]}}