{"id":139680,"date":"2023-09-26T13:07:07","date_gmt":"2023-09-26T11:07:07","guid":{"rendered":"https:\/\/secureus.se\/elslutbleck-step-98-omstallbar-24v-kolvkontakt\/"},"modified":"2026-04-08T16:37:52","modified_gmt":"2026-04-08T14:37:52","slug":"elslutbleck-step-98-omstallbar-24v-kolvkontakt","status":"publish","type":"product","link":"https:\/\/secureus.se\/fr\/elslutbleck-step-98-omstallbar-24v-kolvkontakt\/","title":{"rendered":"Plaque de terminaison \u00e9lectrique STEP 98 Contact \u00e0 piston r\u00e9glable 24V"},"content":{"rendered":"<p>Plaque de terminaison \u00e9lectrique STEP 98 Contact \u00e0 piston r\u00e9glable 24V<\/p>\n<p>STEP 98 Preload est une g\u00e2che \u00e9lectrique homologu\u00e9e incendie avec fonction r\u00e9glable, parfaite pour les portes verrouill\u00e9es avec un bouton ou une cl\u00e9.<\/p>\n<p>Equip\u00e9 d&#039;un contact \u00e0 piston et de la technologie HPR\u00ae pour une s\u00e9curit\u00e9 et une fiabilit\u00e9 \u00e9lev\u00e9es.<\/p>\n<p>La g\u00e2che \u00e9lectrique STEP 98 Preload est une g\u00e2che \u00e9lectrique de haute qualit\u00e9 con\u00e7ue pour les portes de s\u00e9curit\u00e9 et les espaces n\u00e9cessitant un verrouillage avec un bouton ou une cl\u00e9.<\/p>\n<p>Il est particuli\u00e8rement adapt\u00e9 aux installations o\u00f9 la r\u00e9sistance au feu et la s\u00e9curit\u00e9 sont importantes, comme dans les b\u00e2timents soumis \u00e0 des exigences strictes en mati\u00e8re de s\u00e9curit\u00e9 incendie.<\/p>\n<p>STEP 98 est homologu\u00e9 incendie jusqu&#039;\u00e0 E\/EI 120 selon SS-EN 14846:2008 et peut donc r\u00e9sister au feu jusqu&#039;\u00e0 120 minutes.<\/p>\n<p class=\"\" data-start=\"787\" data-end=\"1157\">L&#039;une des caract\u00e9ristiques uniques de STEP 98 est la possibilit\u00e9 d&#039;installer un indicateur de p\u00eane (ST4880) qui permet de bloquer le syst\u00e8me de contr\u00f4le d&#039;acc\u00e8s de la porte ou l&#039;automatisation de la porte lorsque le p\u00eane \u00e0 crochet ou le p\u00eane droit du bo\u00eetier de serrure est verrouill\u00e9 m\u00e9caniquement.<\/p>\n<p class=\"\" data-start=\"787\" data-end=\"1157\">STEP 98 est \u00e9quip\u00e9 de la technologie brevet\u00e9e de pression de bande de STEP, ce qui signifie que la porte peut \u00eatre ouverte malgr\u00e9 une pression de bande allant jusqu&#039;\u00e0 40 kg.<\/p>\n<p class=\"\" data-start=\"1159\" data-end=\"1406\">La fonction commutable (avant ou arri\u00e8re) offre une flexibilit\u00e9 et le commutateur \u00e0 piston int\u00e9gr\u00e9 permet d&#039;indiquer l&#039;\u00e9tat ferm\u00e9\/ouvert de la porte.<\/p>\n<p class=\"\" data-start=\"1159\" data-end=\"1406\">STEP 98 a une r\u00e9sistance \u00e0 la rupture de 9 kN (environ 900 kg) et est r\u00e9sistant aux chocs pour une s\u00e9curit\u00e9 accrue.<\/p>\n<p class=\"\" data-start=\"1408\" data-end=\"1423\"><strong data-start=\"1408\" data-end=\"1423\">Propri\u00e9t\u00e9s:<\/strong><\/p>\n<ul data-start=\"1424\" data-end=\"1957\">\n<li class=\"\" data-start=\"1424\" data-end=\"1503\">\n<p class=\"\" data-start=\"1426\" data-end=\"1503\">Fonction marche avant ou arri\u00e8re commutable (verrouill\u00e9e ou d\u00e9verrouill\u00e9e en mode hors tension)<\/p>\n<\/li>\n<li class=\"\" data-start=\"1504\" data-end=\"1562\">\n<p class=\"\" data-start=\"1506\" data-end=\"1562\">Contact \u00e0 piston avec indication de l&#039;\u00e9tat de la porte (ferm\u00e9e\/ouverte)<\/p>\n<\/li>\n<li class=\"\" data-start=\"1563\" data-end=\"1619\">\n<p class=\"\" data-start=\"1565\" data-end=\"1619\">Homologu\u00e9 au feu jusqu&#039;\u00e0 E\/EI 120 selon SS-EN 14846:2008<\/p>\n<\/li>\n<li class=\"\" data-start=\"1620\" data-end=\"1668\">\n<p class=\"\" data-start=\"1622\" data-end=\"1668\">Diode de protection int\u00e9gr\u00e9e pour une s\u00e9curit\u00e9 \u00e9lectrique accrue<\/p>\n<\/li>\n<li class=\"\" data-start=\"1669\" data-end=\"1706\">\n<p class=\"\" data-start=\"1671\" data-end=\"1706\">R\u00e9sistance \u00e0 la rupture de 9 kN (environ 900 kg)<\/p>\n<\/li>\n<li class=\"\" data-start=\"1707\" data-end=\"1806\">\n<p class=\"\" data-start=\"1709\" data-end=\"1806\">Garantit l&#039;ouverture malgr\u00e9 une pression de bande jusqu&#039;\u00e0 40 kg (0,4 kN) en marche avant et arri\u00e8re<\/p>\n<\/li>\n<li class=\"\" data-start=\"1807\" data-end=\"1866\">\n<p class=\"\" data-start=\"1809\" data-end=\"1866\">Antichoc et r\u00e9versible pour portes droites et gauches<\/p>\n<\/li>\n<li class=\"\" data-start=\"1867\" data-end=\"1913\">\n<p class=\"\" data-start=\"1869\" data-end=\"1913\">Capable de verrouiller les boulons \u00e0 crochet ou les boulons droits<\/p>\n<\/li>\n<li class=\"\" data-start=\"1914\" data-end=\"1957\">\n<p class=\"\" data-start=\"1916\" data-end=\"1957\">C\u00e2ble de connexion sans halog\u00e8ne de 5 m\u00e8tres inclus<\/p>\n<\/li>\n<\/ul>\n<p class=\"\" data-start=\"1959\" data-end=\"1988\"><strong data-start=\"1959\" data-end=\"1988\">Sp\u00e9cifications techniques :<\/strong><\/p>\n<ul data-start=\"1989\" data-end=\"2626\">\n<li class=\"\" data-start=\"1989\" data-end=\"2096\">\n<p class=\"\" data-start=\"1991\" data-end=\"2096\">Alimentation : 12 V DC (+15% -10%) 220 mAh \/ max 600 mA ou 24 V DC (+15% -10%) 110 mAh \/ max 300 mA<\/p>\n<\/li>\n<li class=\"\" data-start=\"2097\" data-end=\"2160\">\n<p class=\"\" data-start=\"2099\" data-end=\"2160\">Contact \u00e0 piston : Microrupteur unipolaire inverseur, max. 30 V CC, 1 A<\/p>\n<\/li>\n<li class=\"\" data-start=\"2161\" data-end=\"2201\">\n<p class=\"\" data-start=\"2163\" data-end=\"2201\">Durabilit\u00e9 : Grade X selon SS-EN 14846<\/p>\n<\/li>\n<li class=\"\" data-start=\"2202\" data-end=\"2241\">\n<p class=\"\" data-start=\"2204\" data-end=\"2241\">Corrosion : Grade M selon SS-EN 14846<\/p>\n<\/li>\n<li class=\"\" data-start=\"2242\" data-end=\"2280\">\n<p class=\"\" data-start=\"2244\" data-end=\"2280\">S\u00e9curit\u00e9 : Grade 3 selon SS-EN 14846<\/p>\n<\/li>\n<li class=\"\" data-start=\"2281\" data-end=\"2343\">\n<p class=\"\" data-start=\"2283\" data-end=\"2343\">Manipulation \u00e9lectrique de s\u00e9curit\u00e9 : Grade 1 selon SS-EN 14846<\/p>\n<\/li>\n<li class=\"\" data-start=\"2344\" data-end=\"2366\">\n<p class=\"\" data-start=\"2346\" data-end=\"2366\">Test\u00e9 au feu : 120 min<\/p>\n<\/li>\n<li class=\"\" data-start=\"2367\" data-end=\"2392\">\n<p class=\"\" data-start=\"2369\" data-end=\"2392\">R\u00e9sistance \u00e0 la rupture : 900 kg<\/p>\n<\/li>\n<li class=\"\" data-start=\"2393\" data-end=\"2423\">\n<p class=\"\" data-start=\"2395\" data-end=\"2423\">Charni\u00e8re de porte : droite, gauche<\/p>\n<\/li>\n<li class=\"\" data-start=\"2424\" data-end=\"2478\">\n<p class=\"\" data-start=\"2426\" data-end=\"2478\">C\u00e2ble inclus : Oui, c\u00e2ble de connexion sans halog\u00e8ne de 5 m\u00e8tres<\/p>\n<\/li>\n<li class=\"\" data-start=\"2479\" data-end=\"2497\">\n<p class=\"\" data-start=\"2481\" data-end=\"2497\">Pression de la bande : 40 kg<\/p>\n<\/li>\n<li class=\"\" data-start=\"2498\" data-end=\"2533\">\n<p class=\"\" data-start=\"2500\" data-end=\"2533\">Type de serrure : Serrure \u00e0 p\u00eane simple, Serrure \u00e0 p\u00eane double<\/p>\n<\/li>\n<li class=\"\" data-start=\"2534\" data-end=\"2587\">\n<p class=\"\" data-start=\"2536\" data-end=\"2587\">Dimensions du produit : Largeur : 25 mm, Profondeur : 35 mm, Hauteur : 90 mm<\/p>\n<\/li>\n<li class=\"\" data-start=\"2588\" data-end=\"2605\">\n<p class=\"\" data-start=\"2590\" data-end=\"2605\">Contact du piston : Oui<\/p>\n<\/li>\n<li class=\"\" data-start=\"2606\" data-end=\"2626\">\n<p class=\"\" data-start=\"2608\" data-end=\"2626\">Tension AC\/DC : DC<\/p>\n<\/li>\n<\/ul>","protected":false},"excerpt":{"rendered":"<p>Vous pouvez voir ici quels poteaux et mod\u00e8les s&#039;adaptent ensemble \u00e0 partir de la gamme STEP de but\u00e9es de porte \u00e9lectriques.<\/p>\n<h5><strong><a href=\"https:\/\/steplock.com\/sv\/stolpguide\/#!?lang=sv&amp;blog_id=1&amp;paged=1&amp;number=50\" target=\"_blank\" rel=\"noopener\">Guide de publication STEP\u00a0<\/a><\/strong><\/h5>\n<h5><strong><a href=\"https:\/\/steplock.com\/sv\/projekteringsguide\/#!?lang=sv&amp;blog_id=1&amp;paged=1&amp;number=999\" target=\"_blank\" rel=\"noopener\">Guide de conception STEP<\/a><\/strong><\/h5>","protected":false},"featured_media":139679,"template":"","meta":{"_acf_changed":false},"product_brand":[],"product_cat":[3355],"product_tag":[4197,4202],"class_list":{"0":"post-139680","1":"product","2":"type-product","3":"status-publish","4":"has-post-thumbnail","6":"product_cat-elslutbleck","7":"product_tag-24v","8":"product_tag-omstallbar-rattvand-omvand","9":"product_shipping_class-tunga-paket","10":"pa_brands-step","11":"tm-no-options","13":"first","14":"onbackorder","15":"sale","16":"taxable","17":"shipping-taxable","18":"purchasable","19":"product-type-simple"},"acf":[],"_links":{"self":[{"href":"https:\/\/secureus.se\/fr\/wp-json\/wp\/v2\/product\/139680","targetHints":{"allow":["GET"]}}],"collection":[{"href":"https:\/\/secureus.se\/fr\/wp-json\/wp\/v2\/product"}],"about":[{"href":"https:\/\/secureus.se\/fr\/wp-json\/wp\/v2\/types\/product"}],"wp:featuredmedia":[{"embeddable":true,"href":"https:\/\/secureus.se\/fr\/wp-json\/wp\/v2\/media\/139679"}],"wp:attachment":[{"href":"https:\/\/secureus.se\/fr\/wp-json\/wp\/v2\/media?parent=139680"}],"wp:term":[{"taxonomy":"product_brand","embeddable":true,"href":"https:\/\/secureus.se\/fr\/wp-json\/wp\/v2\/product_brand?post=139680"},{"taxonomy":"product_cat","embeddable":true,"href":"https:\/\/secureus.se\/fr\/wp-json\/wp\/v2\/product_cat?post=139680"},{"taxonomy":"product_tag","embeddable":true,"href":"https:\/\/secureus.se\/fr\/wp-json\/wp\/v2\/product_tag?post=139680"}],"curies":[{"name":"wp","href":"https:\/\/api.w.org\/{rel}","templated":true}]}}