{"id":139699,"date":"2023-09-26T13:06:55","date_gmt":"2023-09-26T11:06:55","guid":{"rendered":"https:\/\/secureus.se\/elslutbleck-step-30-rattvand-12v-kolvkontakt\/"},"modified":"2026-04-08T16:30:19","modified_gmt":"2026-04-08T14:30:19","slug":"elslutbleck-step-30-rattvand-12v-kolvkontakt","status":"publish","type":"product","link":"https:\/\/secureus.se\/fr\/elslutbleck-step-30-rattvand-12v-kolvkontakt\/","title":{"rendered":"Feuille de bornes \u00e9lectriques \u00c9TAPE 30 Contact piston 12 V orient\u00e9 vers la droite"},"content":{"rendered":"<h1>Feuille de bornes \u00e9lectriques \u00c9TAPE 30 Contact piston 12 V orient\u00e9 vers la droite<\/h1>\n<p>STEP 30 Preload est une g\u00e2che \u00e9lectrique minimale avec contact \u00e0 piston, con\u00e7ue pour remplacer les anciennes g\u00e2ches \u00e9lectriques simples et cr\u00e9er un environnement de porte fiable.<\/p>\n<p>Equip\u00e9 de la technologie HPR\u00ae et d&#039;une r\u00e9sistance \u00e0 la rupture de 500 kg.<\/p>\n<p class=\"\" data-start=\"397\" data-end=\"826\">La g\u00e2che \u00e9lectrique pr\u00e9charg\u00e9e STEP 30 est une g\u00e2che \u00e9lectrique compacte et fiable, parfaite pour remplacer les g\u00e2ches \u00e9lectriques plus anciennes ou plus simples et pour fournir un environnement de porte s\u00e9curis\u00e9, m\u00eame dans les sections et les \u00e9videments de porte plus anciens.<\/p>\n<p class=\"\" data-start=\"397\" data-end=\"826\">La porte pr\u00e9charg\u00e9e STEP 30 est \u00e9quip\u00e9e de la technologie brevet\u00e9e de pression de bande de STEP, ce qui signifie que la porte peut toujours s&#039;ouvrir, m\u00eame si elle est expos\u00e9e \u00e0 la pression.<\/p>\n<p class=\"\" data-start=\"397\" data-end=\"826\">Cela en fait une solution fiable pour les syst\u00e8mes de portes neufs et anciens.<\/p>\n<p class=\"\" data-start=\"828\" data-end=\"1290\">Avec une r\u00e9sistance \u00e0 la rupture de 5 kN (environ 500 kg), STEP 30 garantit \u00e0 la fois fiabilit\u00e9 et durabilit\u00e9 \u00e0 long terme.<\/p>\n<p class=\"\" data-start=\"828\" data-end=\"1290\">Il dispose d&#039;une fonction r\u00e9versible, o\u00f9 la porte est d\u00e9verrouill\u00e9e en position hors tension, ce qui permet de l&#039;ouvrir rapidement et facilement si n\u00e9cessaire.<\/p>\n<p class=\"\" data-start=\"828\" data-end=\"1290\">L&#039;interrupteur \u00e0 piston int\u00e9gr\u00e9 fournit une indication de l&#039;\u00e9tat ferm\u00e9\/ouvert de la porte, ce qui facilite l&#039;int\u00e9gration avec les syst\u00e8mes de contr\u00f4le d&#039;acc\u00e8s et les syst\u00e8mes d&#039;alarme.<\/p>\n<p class=\"\" data-start=\"828\" data-end=\"1290\">STEP 30 est \u00e9galement antichoc et r\u00e9versible pour s&#039;adapter aux portes droites et gauches.<\/p>\n<p class=\"\" data-start=\"1292\" data-end=\"1307\"><strong data-start=\"1292\" data-end=\"1307\">Propri\u00e9t\u00e9s:<\/strong><\/p>\n<ul data-start=\"1308\" data-end=\"1735\">\n<li class=\"\" data-start=\"1308\" data-end=\"1352\">\n<p class=\"\" data-start=\"1310\" data-end=\"1352\">Fonction orient\u00e9e vers la droite (d\u00e9verrouill\u00e9e en mode hors tension)<\/p>\n<\/li>\n<li class=\"\" data-start=\"1353\" data-end=\"1408\">\n<p class=\"\" data-start=\"1355\" data-end=\"1408\">Contact du piston. Indication de l&#039;\u00e9tat de la porte (ferm\u00e9e\/ouverte)<\/p>\n<\/li>\n<li class=\"\" data-start=\"1409\" data-end=\"1447\">\n<p class=\"\" data-start=\"1411\" data-end=\"1447\">Diode de protection int\u00e9gr\u00e9e pour une s\u00e9curit\u00e9 accrue<\/p>\n<\/li>\n<li class=\"\" data-start=\"1448\" data-end=\"1485\">\n<p class=\"\" data-start=\"1450\" data-end=\"1485\">R\u00e9sistance \u00e0 la rupture de 5 kN (environ 500 kg)<\/p>\n<\/li>\n<li class=\"\" data-start=\"1486\" data-end=\"1588\">\n<p class=\"\" data-start=\"1488\" data-end=\"1588\">Garantit l&#039;ouverture malgr\u00e9 une pression de bande jusqu&#039;\u00e0 0,4 kN (environ 40 kg) en marche avant comme en marche arri\u00e8re<\/p>\n<\/li>\n<li class=\"\" data-start=\"1589\" data-end=\"1648\">\n<p class=\"\" data-start=\"1591\" data-end=\"1648\">Antichoc et r\u00e9versible pour portes droites et gauches<\/p>\n<\/li>\n<li class=\"\" data-start=\"1649\" data-end=\"1691\">\n<p class=\"\" data-start=\"1651\" data-end=\"1691\">Convient aux serrures \u00e0 un ou deux battants<\/p>\n<\/li>\n<li class=\"\" data-start=\"1692\" data-end=\"1735\">\n<p class=\"\" data-start=\"1694\" data-end=\"1735\">C\u00e2ble de connexion sans halog\u00e8ne de 5 m\u00e8tres inclus<\/p>\n<\/li>\n<\/ul>\n<p class=\"\" data-start=\"1737\" data-end=\"1766\"><strong data-start=\"1737\" data-end=\"1766\">Sp\u00e9cifications techniques :<\/strong><\/p>\n<ul data-start=\"1767\" data-end=\"2436\">\n<li class=\"\" data-start=\"1767\" data-end=\"1874\">\n<p class=\"\" data-start=\"1769\" data-end=\"1874\">Alimentation : 24 V DC (+15% -10%) 110 mAh \/ max 300 mA ou 12 V DC (+15% -10%) 220 mAh \/ max 600 mA<\/p>\n<\/li>\n<li class=\"\" data-start=\"1875\" data-end=\"1938\">\n<p class=\"\" data-start=\"1877\" data-end=\"1938\">Contact \u00e0 piston : Microrupteur unipolaire inverseur, max. 30 V CC, 1 A<\/p>\n<\/li>\n<li class=\"\" data-start=\"1939\" data-end=\"1979\">\n<p class=\"\" data-start=\"1941\" data-end=\"1979\">Durabilit\u00e9 : Grade X selon SS-EN 14846<\/p>\n<\/li>\n<li class=\"\" data-start=\"1980\" data-end=\"2019\">\n<p class=\"\" data-start=\"1982\" data-end=\"2019\">Corrosion : Grade M selon SS-EN 14846<\/p>\n<\/li>\n<li class=\"\" data-start=\"2020\" data-end=\"2058\">\n<p class=\"\" data-start=\"2022\" data-end=\"2058\">S\u00e9curit\u00e9 : Grade 3 selon SS-EN 14846<\/p>\n<\/li>\n<li class=\"\" data-start=\"2059\" data-end=\"2084\">\n<p class=\"\" data-start=\"2061\" data-end=\"2084\">R\u00e9sistance \u00e0 la rupture : 500 kg<\/p>\n<\/li>\n<li class=\"\" data-start=\"2085\" data-end=\"2115\">\n<p class=\"\" data-start=\"2087\" data-end=\"2115\">Charni\u00e8re de porte : droite, gauche<\/p>\n<\/li>\n<li class=\"\" data-start=\"2116\" data-end=\"2134\">\n<p class=\"\" data-start=\"2118\" data-end=\"2134\">C\u00e2ble inclus : Non<\/p>\n<\/li>\n<li class=\"\" data-start=\"2135\" data-end=\"2153\">\n<p class=\"\" data-start=\"2137\" data-end=\"2153\">Pression de la bande : 40 kg<\/p>\n<\/li>\n<li class=\"\" data-start=\"2154\" data-end=\"2189\">\n<p class=\"\" data-start=\"2156\" data-end=\"2189\">Type de serrure : Serrure \u00e0 p\u00eane simple, Serrure \u00e0 p\u00eane double<\/p>\n<\/li>\n<li class=\"\" data-start=\"2190\" data-end=\"2245\">\n<p class=\"\" data-start=\"2192\" data-end=\"2245\">Dimensions du produit : Largeur : 20,5 mm, Profondeur : 28 mm, Hauteur : 99 mm<\/p>\n<\/li>\n<li class=\"\" data-start=\"2246\" data-end=\"2263\">\n<p class=\"\" data-start=\"2248\" data-end=\"2263\">Contact du piston : Oui<\/p>\n<\/li>\n<li class=\"\" data-start=\"2264\" data-end=\"2284\">\n<p class=\"\" data-start=\"2266\" data-end=\"2284\">Tension AC\/DC : DC<\/p>\n<\/li>\n<li class=\"\" data-start=\"2285\" data-end=\"2307\">\n<p class=\"\" data-start=\"2287\" data-end=\"2307\">Tension maximale : 13,8 V<\/p>\n<\/li>\n<li class=\"\" data-start=\"2308\" data-end=\"2330\">\n<p class=\"\" data-start=\"2310\" data-end=\"2330\">Tension minimale : 10,8 V<\/p>\n<\/li>\n<li class=\"\" data-start=\"2331\" data-end=\"2359\">\n<p class=\"\" data-start=\"2333\" data-end=\"2359\">Couleur\/Finition : Acier inoxydable<\/p>\n<\/li>\n<li class=\"\" data-start=\"2360\" data-end=\"2380\">\n<p class=\"\" data-start=\"2362\" data-end=\"2380\">Produit de construction \u00e9valu\u00e9 : Oui<\/p>\n<\/li>\n<li class=\"\" data-start=\"2381\" data-end=\"2402\">\n<p class=\"\" data-start=\"2383\" data-end=\"2402\">V\u00e9rifi\u00e9 EPD : Non<\/p>\n<\/li>\n<li class=\"\" data-start=\"2403\" data-end=\"2415\">\n<p class=\"\" data-start=\"2405\" data-end=\"2415\">FINFO : Non<\/p>\n<\/li>\n<li class=\"\" data-start=\"2416\" data-end=\"2436\">\n<p class=\"\" data-start=\"2418\" data-end=\"2436\">SundaHouse not\u00e9 : Oui<\/p>\n<\/li>\n<\/ul>","protected":false},"excerpt":{"rendered":"<p>Vous pouvez voir ici quels poteaux et mod\u00e8les s&#039;adaptent ensemble \u00e0 partir de la gamme STEP de but\u00e9es de porte \u00e9lectriques.<\/p>\n<h5><strong><a href=\"https:\/\/steplock.com\/sv\/stolpguide\/#!?lang=sv&amp;blog_id=1&amp;paged=1&amp;number=50\" target=\"_blank\" rel=\"noopener\">Guide de publication STEP\u00a0<\/a><\/strong><\/h5>\n<h5><strong><a href=\"https:\/\/steplock.com\/sv\/projekteringsguide\/#!?lang=sv&amp;blog_id=1&amp;paged=1&amp;number=999\" target=\"_blank\" rel=\"noopener\">Guide de conception STEP<\/a><\/strong><\/h5>","protected":false},"featured_media":139697,"template":"","meta":{"_acf_changed":false},"product_brand":[],"product_cat":[3355],"product_tag":[4198,4200],"class_list":{"0":"post-139699","1":"product","2":"type-product","3":"status-publish","4":"has-post-thumbnail","6":"product_cat-elslutbleck","7":"product_tag-12v","8":"product_tag-rattvand","9":"product_shipping_class-tunga-paket","10":"pa_brands-step","11":"tm-no-options","13":"first","14":"onbackorder","15":"sale","16":"taxable","17":"shipping-taxable","18":"purchasable","19":"product-type-simple"},"acf":[],"_links":{"self":[{"href":"https:\/\/secureus.se\/fr\/wp-json\/wp\/v2\/product\/139699","targetHints":{"allow":["GET"]}}],"collection":[{"href":"https:\/\/secureus.se\/fr\/wp-json\/wp\/v2\/product"}],"about":[{"href":"https:\/\/secureus.se\/fr\/wp-json\/wp\/v2\/types\/product"}],"wp:featuredmedia":[{"embeddable":true,"href":"https:\/\/secureus.se\/fr\/wp-json\/wp\/v2\/media\/139697"}],"wp:attachment":[{"href":"https:\/\/secureus.se\/fr\/wp-json\/wp\/v2\/media?parent=139699"}],"wp:term":[{"taxonomy":"product_brand","embeddable":true,"href":"https:\/\/secureus.se\/fr\/wp-json\/wp\/v2\/product_brand?post=139699"},{"taxonomy":"product_cat","embeddable":true,"href":"https:\/\/secureus.se\/fr\/wp-json\/wp\/v2\/product_cat?post=139699"},{"taxonomy":"product_tag","embeddable":true,"href":"https:\/\/secureus.se\/fr\/wp-json\/wp\/v2\/product_tag?post=139699"}],"curies":[{"name":"wp","href":"https:\/\/api.w.org\/{rel}","templated":true}]}}