{"id":139713,"date":"2023-09-26T13:06:42","date_gmt":"2023-09-26T11:06:42","guid":{"rendered":"https:\/\/secureus.se\/elslutbleck-step-30-omvand-12v\/"},"modified":"2026-03-26T09:55:55","modified_gmt":"2026-03-26T08:55:55","slug":"elslutbleck-step-30-omvand-12v","status":"publish","type":"product","link":"https:\/\/secureus.se\/fr\/elslutbleck-step-30-omvand-12v\/","title":{"rendered":"Plaque de terminaison \u00e9lectrique STEP 30 Reverse 12V"},"content":{"rendered":"<h1>Plaque de terminaison \u00e9lectrique STEP 30 Reverse 12V<\/h1>\n<p>La g\u00e2che \u00e9lectrique pr\u00e9charg\u00e9e STEP 30 est une g\u00e2che \u00e9lectrique compacte con\u00e7ue pour remplacer les anciens mod\u00e8les et garantir un environnement de porte fiable.<\/p>\n<p>Equip\u00e9 d&#039;une fonction inverse et d&#039;une r\u00e9sistance \u00e0 la rupture de 500 kg.<\/p>\n<p class=\"\" data-start=\"352\" data-end=\"780\">La g\u00e2che \u00e9lectrique pr\u00e9charg\u00e9e STEP 30 est une solution fiable pour remplacer les g\u00e2ches \u00e9lectriques plus anciennes ou plus simples et cr\u00e9er un environnement de porte s\u00e9curis\u00e9, m\u00eame dans les sections et les \u00e9videments de porte plus anciens.<\/p>\n<p class=\"\" data-start=\"352\" data-end=\"780\">Faisant partie de la s\u00e9rie Preload de STEP, le STEP 30 combine des dimensions minimales avec une qualit\u00e9 et une flexibilit\u00e9 \u00e9lev\u00e9es.<\/p>\n<p class=\"\" data-start=\"352\" data-end=\"780\">Dot\u00e9e de la technologie brevet\u00e9e de pression de bande de STEP, cette g\u00e2che \u00e9lectrique garantit que la porte peut toujours \u00eatre ouverte, m\u00eame si elle est soumise \u00e0 une pression.<\/p>\n<p class=\"\" data-start=\"782\" data-end=\"1280\">La fonction inverse signifie que la porte est d\u00e9verrouill\u00e9e en position hors tension, ce qui permet d&#039;ouvrir la porte rapidement si n\u00e9cessaire.<\/p>\n<p class=\"\" data-start=\"782\" data-end=\"1280\">Sans contact \u00e0 piston, cette g\u00e2che \u00e9lectrique est id\u00e9ale pour les installations o\u00f9 un contact \u00e0 piston n&#039;est pas requis.<\/p>\n<p class=\"\" data-start=\"782\" data-end=\"1280\">La diode de protection int\u00e9gr\u00e9e augmente la s\u00e9curit\u00e9 et en fait une solution fiable pour les syst\u00e8mes de portes neufs et anciens.<\/p>\n<p class=\"\" data-start=\"782\" data-end=\"1280\">Avec une r\u00e9sistance \u00e0 la rupture de 5 kN (environ 500 kg) et une capacit\u00e9 d&#039;ouverture malgr\u00e9 une pression de bande allant jusqu&#039;\u00e0 40 kg, STEP 30 Preload offre \u00e0 la fois s\u00e9curit\u00e9 et fiabilit\u00e9.<\/p>\n<p class=\"\" data-start=\"1282\" data-end=\"1297\"><strong data-start=\"1282\" data-end=\"1297\">Propri\u00e9t\u00e9s:<\/strong><\/p>\n<ul data-start=\"1298\" data-end=\"1659\">\n<li class=\"\" data-start=\"1298\" data-end=\"1339\">\n<p class=\"\" data-start=\"1300\" data-end=\"1339\">Fonction inverse (verrouill\u00e9e en mode hors tension)<\/p>\n<\/li>\n<li class=\"\" data-start=\"1340\" data-end=\"1359\">\n<p class=\"\" data-start=\"1342\" data-end=\"1359\">Pas de contact avec le piston<\/p>\n<\/li>\n<li class=\"\" data-start=\"1360\" data-end=\"1398\">\n<p class=\"\" data-start=\"1362\" data-end=\"1398\">Diode de protection int\u00e9gr\u00e9e pour une s\u00e9curit\u00e9 accrue<\/p>\n<\/li>\n<li class=\"\" data-start=\"1399\" data-end=\"1436\">\n<p class=\"\" data-start=\"1401\" data-end=\"1436\">R\u00e9sistance \u00e0 la rupture de 5 kN (environ 500 kg)<\/p>\n<\/li>\n<li class=\"\" data-start=\"1437\" data-end=\"1539\">\n<p class=\"\" data-start=\"1439\" data-end=\"1539\">Garantit l&#039;ouverture malgr\u00e9 une pression de bande jusqu&#039;\u00e0 0,4 kN (environ 40 kg) en marche avant comme en marche arri\u00e8re<\/p>\n<\/li>\n<li class=\"\" data-start=\"1540\" data-end=\"1599\">\n<p class=\"\" data-start=\"1542\" data-end=\"1599\">Antichoc et r\u00e9versible pour portes droites et gauches<\/p>\n<\/li>\n<li class=\"\" data-start=\"1600\" data-end=\"1642\">\n<p class=\"\" data-start=\"1602\" data-end=\"1642\">Convient aux serrures \u00e0 un ou deux battants<\/p>\n<\/li>\n<li class=\"\" data-start=\"1643\" data-end=\"1659\">\n<p class=\"\" data-start=\"1645\" data-end=\"1659\">C\u00e2ble non inclus<\/p>\n<\/li>\n<\/ul>\n<p class=\"\" data-start=\"1661\" data-end=\"1690\"><strong data-start=\"1661\" data-end=\"1690\">Sp\u00e9cifications techniques :<\/strong><\/p>\n<ul data-start=\"1691\" data-end=\"2278\">\n<li class=\"\" data-start=\"1691\" data-end=\"1798\">\n<p class=\"\" data-start=\"1693\" data-end=\"1798\">Alimentation : 24 V DC (+15% -10%) 110 mAh \/ max 300 mA ou 12 V DC (+15% -10%) 220 mAh \/ max 600 mA<\/p>\n<\/li>\n<li class=\"\" data-start=\"1799\" data-end=\"1839\">\n<p class=\"\" data-start=\"1801\" data-end=\"1839\">Durabilit\u00e9 : Grade X selon SS-EN 14846<\/p>\n<\/li>\n<li class=\"\" data-start=\"1840\" data-end=\"1879\">\n<p class=\"\" data-start=\"1842\" data-end=\"1879\">Corrosion : Grade M selon SS-EN 14846<\/p>\n<\/li>\n<li class=\"\" data-start=\"1880\" data-end=\"1918\">\n<p class=\"\" data-start=\"1882\" data-end=\"1918\">S\u00e9curit\u00e9 : Grade 3 selon SS-EN 14846<\/p>\n<\/li>\n<li class=\"\" data-start=\"1919\" data-end=\"1944\">\n<p class=\"\" data-start=\"1921\" data-end=\"1944\">R\u00e9sistance \u00e0 la rupture : 500 kg<\/p>\n<\/li>\n<li class=\"\" data-start=\"1945\" data-end=\"1975\">\n<p class=\"\" data-start=\"1947\" data-end=\"1975\">Charni\u00e8re de porte : droite, gauche<\/p>\n<\/li>\n<li class=\"\" data-start=\"1976\" data-end=\"1994\">\n<p class=\"\" data-start=\"1978\" data-end=\"1994\">Pression de la bande : 40 kg<\/p>\n<\/li>\n<li class=\"\" data-start=\"1995\" data-end=\"2030\">\n<p class=\"\" data-start=\"1997\" data-end=\"2030\">Type de serrure : Serrure \u00e0 p\u00eane simple, Serrure \u00e0 p\u00eane double<\/p>\n<\/li>\n<li class=\"\" data-start=\"2031\" data-end=\"2086\">\n<p class=\"\" data-start=\"2033\" data-end=\"2086\">Dimensions du produit : Largeur : 20,5 mm, Profondeur : 28 mm, Hauteur : 99 mm<\/p>\n<\/li>\n<li class=\"\" data-start=\"2087\" data-end=\"2105\">\n<p class=\"\" data-start=\"2089\" data-end=\"2105\">Contact piston : Non<\/p>\n<\/li>\n<li class=\"\" data-start=\"2106\" data-end=\"2126\">\n<p class=\"\" data-start=\"2108\" data-end=\"2126\">Tension AC\/DC : DC<\/p>\n<\/li>\n<li class=\"\" data-start=\"2127\" data-end=\"2149\">\n<p class=\"\" data-start=\"2129\" data-end=\"2149\">Tension maximale : 13,8 V<\/p>\n<\/li>\n<li class=\"\" data-start=\"2150\" data-end=\"2172\">\n<p class=\"\" data-start=\"2152\" data-end=\"2172\">Tension minimale : 10,8 V<\/p>\n<\/li>\n<li class=\"\" data-start=\"2173\" data-end=\"2201\">\n<p class=\"\" data-start=\"2175\" data-end=\"2201\">Couleur\/Finition : Acier inoxydable<\/p>\n<\/li>\n<li class=\"\" data-start=\"2202\" data-end=\"2222\">\n<p class=\"\" data-start=\"2204\" data-end=\"2222\">Produit de construction \u00e9valu\u00e9 : Oui<\/p>\n<\/li>\n<li class=\"\" data-start=\"2223\" data-end=\"2244\">\n<p class=\"\" data-start=\"2225\" data-end=\"2244\">V\u00e9rifi\u00e9 EPD : Non<\/p>\n<\/li>\n<li class=\"\" data-start=\"2245\" data-end=\"2257\">\n<p class=\"\" data-start=\"2247\" data-end=\"2257\">FINFO : Non<\/p>\n<\/li>\n<li class=\"\" data-start=\"2258\" data-end=\"2278\">\n<p class=\"\" data-start=\"2260\" data-end=\"2278\">SundaHouse not\u00e9 : Oui<\/p>\n<\/li>\n<\/ul>","protected":false},"excerpt":{"rendered":"<p>Vous pouvez voir ici quels poteaux et mod\u00e8les s&#039;adaptent ensemble \u00e0 partir de la gamme STEP de but\u00e9es de porte \u00e9lectriques.<\/p>\n<h5><strong><a href=\"https:\/\/steplock.com\/sv\/stolpguide\/#!?lang=sv&amp;blog_id=1&amp;paged=1&amp;number=50\" target=\"_blank\" rel=\"noopener\">Guide de publication STEP\u00a0<\/a><\/strong><\/h5>\n<h5><strong><a href=\"https:\/\/steplock.com\/sv\/projekteringsguide\/#!?lang=sv&amp;blog_id=1&amp;paged=1&amp;number=999\" target=\"_blank\" rel=\"noopener\">Guide de conception STEP<\/a><\/strong><\/h5>","protected":false},"featured_media":139712,"template":"","meta":{"_acf_changed":false},"product_brand":[],"product_cat":[3355],"product_tag":[4198,4201],"class_list":{"0":"post-139713","1":"product","2":"type-product","3":"status-publish","4":"has-post-thumbnail","6":"product_cat-elslutbleck","7":"product_tag-12v","8":"product_tag-omvand","9":"product_shipping_class-tunga-paket","10":"pa_brands-step","11":"tm-no-options","13":"first","14":"onbackorder","15":"sale","16":"taxable","17":"shipping-taxable","18":"purchasable","19":"product-type-simple"},"acf":[],"_links":{"self":[{"href":"https:\/\/secureus.se\/fr\/wp-json\/wp\/v2\/product\/139713","targetHints":{"allow":["GET"]}}],"collection":[{"href":"https:\/\/secureus.se\/fr\/wp-json\/wp\/v2\/product"}],"about":[{"href":"https:\/\/secureus.se\/fr\/wp-json\/wp\/v2\/types\/product"}],"wp:featuredmedia":[{"embeddable":true,"href":"https:\/\/secureus.se\/fr\/wp-json\/wp\/v2\/media\/139712"}],"wp:attachment":[{"href":"https:\/\/secureus.se\/fr\/wp-json\/wp\/v2\/media?parent=139713"}],"wp:term":[{"taxonomy":"product_brand","embeddable":true,"href":"https:\/\/secureus.se\/fr\/wp-json\/wp\/v2\/product_brand?post=139713"},{"taxonomy":"product_cat","embeddable":true,"href":"https:\/\/secureus.se\/fr\/wp-json\/wp\/v2\/product_cat?post=139713"},{"taxonomy":"product_tag","embeddable":true,"href":"https:\/\/secureus.se\/fr\/wp-json\/wp\/v2\/product_tag?post=139713"}],"curies":[{"name":"wp","href":"https:\/\/api.w.org\/{rel}","templated":true}]}}