{"id":139731,"date":"2023-09-26T13:07:58","date_gmt":"2023-09-26T11:07:58","guid":{"rendered":"https:\/\/secureus.se\/elslutbleck-step-90-rattvand-12v\/"},"modified":"2026-03-26T09:48:52","modified_gmt":"2026-03-26T08:48:52","slug":"elslutbleck-step-90-rattvand-12v","status":"publish","type":"product","link":"https:\/\/secureus.se\/fr\/elslutbleck-step-90-rattvand-12v\/","title":{"rendered":"Plaque \u00e0 bornes \u00e9lectriques STEP 90 Droite 12V"},"content":{"rendered":"<h1>Plaque \u00e0 bornes \u00e9lectriques STEP 90 Droite 12V<\/h1>\n<p>STEP 90 Preload est une g\u00e2che \u00e9lectrique coupe-feu au format compact avec fonction orient\u00e9e vers l&#039;avant. Id\u00e9al pour les environnements de porte avec des exigences de s\u00e9curit\u00e9 et de fiabilit\u00e9 \u00e9lev\u00e9es lors du verrouillage pendant la journ\u00e9e.<\/p>\n<p class=\"\" data-start=\"244\" data-end=\"625\">La g\u00e2che \u00e9lectrique pr\u00e9contrainte STEP 90 avec fonction orient\u00e9e vers la droite est une solution fiable et s\u00fbre pour les environnements de porte o\u00f9 un verrouillage s\u00e9curis\u00e9 est combin\u00e9 \u00e0 des exigences de r\u00e9sistance au feu et de fr\u00e9quence d&#039;ouverture \u00e9lev\u00e9e.<\/p>\n<p class=\"\" data-start=\"244\" data-end=\"625\">Gr\u00e2ce \u00e0 sa conception compacte, la t\u00f4le est facile \u00e0 installer m\u00eame dans les espaces restreints, ce qui en fait un excellent choix pour les mises \u00e0 niveau des portes existantes.<\/p>\n<p class=\"\" data-start=\"627\" data-end=\"900\">Le produit fait partie de la s\u00e9rie Preload de STEP et est \u00e9quip\u00e9 de la technologie de moulage brevet\u00e9e HPR\u00ae.<\/p>\n<p class=\"\" data-start=\"627\" data-end=\"900\">Il permet un d\u00e9verrouillage s\u00fbr m\u00eame avec une pression de bande allant jusqu&#039;\u00e0 250 kg, ce qui est crucial dans les environnements de porte avec des bandes d&#039;\u00e9tanch\u00e9it\u00e9 ou une pression provenant de l&#039;automatisation des portes automatiques.<\/p>\n<p class=\"\" data-start=\"902\" data-end=\"1268\">STEP 90 est homologu\u00e9 incendie jusqu&#039;\u00e0 E\/EI 120 selon la norme SS-EN 14846:2008 et test\u00e9 pour r\u00e9sister \u00e0 une r\u00e9sistance \u00e0 la rupture de 1200 kg.<\/p>\n<p class=\"\" data-start=\"902\" data-end=\"1268\">La fonction orient\u00e9e vers la droite signifie que le panneau est verrouill\u00e9 dans une position hors tension, ce qui est la norme dans les installations critiques pour la s\u00e9curit\u00e9.<\/p>\n<p class=\"\" data-start=\"902\" data-end=\"1268\">Le produit est r\u00e9versible et s&#039;adapte aux portes \u00e0 ouverture \u00e0 droite et \u00e0 ouverture \u00e0 gauche ainsi qu&#039;aux bo\u00eetiers de serrure des s\u00e9ries Connect, Modul et Narrow Profile.<\/p>\n<p class=\"\" data-start=\"1270\" data-end=\"1296\"><strong data-start=\"1270\" data-end=\"1296\">Caract\u00e9ristiques et avantages :<\/strong><\/p>\n<ul data-start=\"1297\" data-end=\"1529\">\n<li class=\"\" data-start=\"1297\" data-end=\"1340\">\n<p class=\"\" data-start=\"1299\" data-end=\"1340\">Fonction orient\u00e9e vers la droite (verrouill\u00e9e en mode hors tension)<\/p>\n<\/li>\n<li class=\"\" data-start=\"1341\" data-end=\"1381\">\n<p class=\"\" data-start=\"1343\" data-end=\"1381\">Classe de r\u00e9sistance au feu E\/EI 120 selon SS-EN 14846<\/p>\n<\/li>\n<li class=\"\" data-start=\"1382\" data-end=\"1425\">\n<p class=\"\" data-start=\"1384\" data-end=\"1425\">Technologie HPR\u00ae pour l&#039;impression de bandes jusqu&#039;\u00e0 250 kg<\/p>\n<\/li>\n<li class=\"\" data-start=\"1426\" data-end=\"1461\">\n<p class=\"\" data-start=\"1428\" data-end=\"1461\">Dimensions compactes \u2013 installation facile<\/p>\n<\/li>\n<li class=\"\" data-start=\"1462\" data-end=\"1494\">\n<p class=\"\" data-start=\"1464\" data-end=\"1494\">Conception r\u00e9versible et r\u00e9sistante aux chocs<\/p>\n<\/li>\n<li class=\"\" data-start=\"1495\" data-end=\"1529\">\n<p class=\"\" data-start=\"1497\" data-end=\"1529\">Pour serrures \u00e0 un ou deux battants<\/p>\n<\/li>\n<\/ul>\n<p class=\"\" data-start=\"1531\" data-end=\"1857\"><strong data-start=\"1531\" data-end=\"1560\">Sp\u00e9cifications techniques\u00a0:<\/strong><br data-start=\"1560\" data-end=\"1563\" \/>Tension de fonctionnement : 12 V CC (10,8-13,8 V)<br data-start=\"1599\" data-end=\"1602\" \/>Consommation \u00e9lectrique : 220 mAh \/ max 600 mA<br data-start=\"1640\" data-end=\"1643\" \/>R\u00e9sistance \u00e0 la rupture : 1200 kg (12 kN)<br data-start=\"1675\" data-end=\"1678\" \/>Pression de la bande : 250 kg<br data-start=\"1695\" data-end=\"1698\" \/>Dimensions (LxPxH) : 25 x 28 x 90 mm<br data-start=\"1727\" data-end=\"1730\" \/>Type de serrure : Serrure \u00e0 p\u00eane simple, Serrure \u00e0 p\u00eane double<br data-start=\"1763\" data-end=\"1766\" \/>Contact piston : Non<br data-start=\"1782\" data-end=\"1785\" \/>C\u00e2ble : Non<br data-start=\"1795\" data-end=\"1798\" \/>Traitement de surface : Acier inoxydable<br data-start=\"1819\" data-end=\"1822\" \/>Mat\u00e9riaux de construction class\u00e9s et class\u00e9s SundaHus\u00a0: Oui<\/p>","protected":false},"excerpt":{"rendered":"<p>Vous pouvez voir ici quels poteaux et mod\u00e8les s&#039;adaptent ensemble \u00e0 partir de la gamme STEP de but\u00e9es de porte \u00e9lectriques.<\/p>\n<h5><strong><a href=\"https:\/\/steplock.com\/sv\/stolpguide\/#!?lang=sv&amp;blog_id=1&amp;paged=1&amp;number=50\" target=\"_blank\" rel=\"noopener\">Guide de publication STEP\u00a0<\/a><\/strong><\/h5>\n<h5><strong><a href=\"https:\/\/steplock.com\/sv\/projekteringsguide\/#!?lang=sv&amp;blog_id=1&amp;paged=1&amp;number=999\" target=\"_blank\" rel=\"noopener\">Guide de conception STEP<\/a><\/strong><\/h5>","protected":false},"featured_media":139727,"template":"","meta":{"_acf_changed":false},"product_brand":[],"product_cat":[3355],"product_tag":[4198,4200],"class_list":{"0":"post-139731","1":"product","2":"type-product","3":"status-publish","4":"has-post-thumbnail","6":"product_cat-elslutbleck","7":"product_tag-12v","8":"product_tag-rattvand","9":"product_shipping_class-tunga-paket","10":"pa_brands-step","11":"tm-no-options","13":"first","14":"instock","15":"sale","16":"taxable","17":"shipping-taxable","18":"purchasable","19":"product-type-simple"},"acf":[],"_links":{"self":[{"href":"https:\/\/secureus.se\/fr\/wp-json\/wp\/v2\/product\/139731","targetHints":{"allow":["GET"]}}],"collection":[{"href":"https:\/\/secureus.se\/fr\/wp-json\/wp\/v2\/product"}],"about":[{"href":"https:\/\/secureus.se\/fr\/wp-json\/wp\/v2\/types\/product"}],"wp:featuredmedia":[{"embeddable":true,"href":"https:\/\/secureus.se\/fr\/wp-json\/wp\/v2\/media\/139727"}],"wp:attachment":[{"href":"https:\/\/secureus.se\/fr\/wp-json\/wp\/v2\/media?parent=139731"}],"wp:term":[{"taxonomy":"product_brand","embeddable":true,"href":"https:\/\/secureus.se\/fr\/wp-json\/wp\/v2\/product_brand?post=139731"},{"taxonomy":"product_cat","embeddable":true,"href":"https:\/\/secureus.se\/fr\/wp-json\/wp\/v2\/product_cat?post=139731"},{"taxonomy":"product_tag","embeddable":true,"href":"https:\/\/secureus.se\/fr\/wp-json\/wp\/v2\/product_tag?post=139731"}],"curies":[{"name":"wp","href":"https:\/\/api.w.org\/{rel}","templated":true}]}}