{"id":139739,"date":"2023-09-27T18:04:29","date_gmt":"2023-09-27T16:04:29","guid":{"rendered":"https:\/\/secureus.se\/anslutningskabel-960-961-5m\/"},"modified":"2025-09-15T13:08:10","modified_gmt":"2025-09-15T11:08:10","slug":"anslutningskabel-960-961-5m","status":"publish","type":"product","link":"https:\/\/secureus.se\/fr\/anslutningskabel-960-961-5m\/","title":{"rendered":"C\u00e2ble de connexion 960\/961 5m"},"content":{"rendered":"<p><b>Description:<br \/>\n<\/b>C\u00e2ble de connexion pour plaque d&#039;extr\u00e9mit\u00e9 \u00e9lectrique ASSA ABLOY 960 et 961. Longueur 5 m\u00e8tres.<\/p>","protected":false},"excerpt":{"rendered":"<h5><a href=\"https:\/\/elslutblecksguiden.se\/\" target=\"_blank\" rel=\"noopener\">Guide pour les serrures \u00e9lectriques ASSA, les serrures motoris\u00e9es, les g\u00e2ches \u00e9lectriques et le guide de remplacement<\/a><\/h5>","protected":false},"featured_media":139738,"template":"","meta":{"_acf_changed":false},"product_brand":[],"product_cat":[2834],"product_tag":[2967],"class_list":{"0":"post-139739","1":"product","2":"type-product","3":"status-publish","4":"has-post-thumbnail","6":"product_cat-ellas-motorlastillbehor","7":"product_tag-rg-assa-abloy","8":"product_shipping_class-tunga-paket","9":"pa_brands-abloy","10":"tm-no-options","12":"first","13":"outofstock","14":"taxable","15":"shipping-taxable","16":"purchasable","17":"product-type-simple"},"acf":[],"_links":{"self":[{"href":"https:\/\/secureus.se\/fr\/wp-json\/wp\/v2\/product\/139739","targetHints":{"allow":["GET"]}}],"collection":[{"href":"https:\/\/secureus.se\/fr\/wp-json\/wp\/v2\/product"}],"about":[{"href":"https:\/\/secureus.se\/fr\/wp-json\/wp\/v2\/types\/product"}],"wp:featuredmedia":[{"embeddable":true,"href":"https:\/\/secureus.se\/fr\/wp-json\/wp\/v2\/media\/139738"}],"wp:attachment":[{"href":"https:\/\/secureus.se\/fr\/wp-json\/wp\/v2\/media?parent=139739"}],"wp:term":[{"taxonomy":"product_brand","embeddable":true,"href":"https:\/\/secureus.se\/fr\/wp-json\/wp\/v2\/product_brand?post=139739"},{"taxonomy":"product_cat","embeddable":true,"href":"https:\/\/secureus.se\/fr\/wp-json\/wp\/v2\/product_cat?post=139739"},{"taxonomy":"product_tag","embeddable":true,"href":"https:\/\/secureus.se\/fr\/wp-json\/wp\/v2\/product_tag?post=139739"}],"curies":[{"name":"wp","href":"https:\/\/api.w.org\/{rel}","templated":true}]}}