{"id":139753,"date":"2023-09-26T13:07:49","date_gmt":"2023-09-26T11:07:49","guid":{"rendered":"https:\/\/secureus.se\/elslutbleck-step-40-omvand-12v-kolvkontakt\/"},"modified":"2026-04-08T16:10:28","modified_gmt":"2026-04-08T14:10:28","slug":"elslutbleck-step-40-omvand-12v-kolvkontakt","status":"publish","type":"product","link":"https:\/\/secureus.se\/fr\/elslutbleck-step-40-omvand-12v-kolvkontakt\/","title":{"rendered":"Feuille de bornes \u00e9lectriques \u00c9TAPE 40 Contact piston 12 V invers\u00e9"},"content":{"rendered":"<h1>Feuille de bornes \u00e9lectriques \u00c9TAPE 40 Contact piston 12 V invers\u00e9<\/h1>\n<p>G\u00e2che \u00e9lectrique HPR pr\u00e9charg\u00e9e STEP 40 avec fonction inverse et contact piston. Adapt\u00e9 aux syst\u00e8mes 12V. Ouverture silencieuse et fiable m\u00eame avec une pression de bande de 250 kg. Conception r\u00e9versible.<\/p>\n<p class=\"\" data-start=\"248\" data-end=\"580\">La g\u00e2che \u00e9lectrique STEP 40 Preload HPR allie une fonction fiable, une conception compacte et une s\u00e9curit\u00e9 \u00e9lev\u00e9e \u2013 parfaite pour le verrouillage de jour dans les environnements de porte \u00e0 exigences \u00e9lev\u00e9es.<\/p>\n<p class=\"\" data-start=\"248\" data-end=\"580\">La fonction inverse (ouverture en cas de panne de courant) le rend particuli\u00e8rement adapt\u00e9 aux issues de secours ou aux portes o\u00f9 un passage libre est n\u00e9cessaire en cas de panne de courant.<\/p>\n<p class=\"\" data-start=\"582\" data-end=\"933\">Gr\u00e2ce \u00e0 la technologie brevet\u00e9e de pression de bande HPR\u00ae de STEP, la g\u00e2che \u00e9lectrique peut se d\u00e9verrouiller m\u00eame lorsque la porte est soumise \u00e0 une pression allant jusqu&#039;\u00e0 250 kg.<\/p>\n<p class=\"\" data-start=\"582\" data-end=\"933\">Il offre un fonctionnement fiable m\u00eame dans les environnements de portes lourdes avec un flux d&#039;utilisation \u00e9lev\u00e9. Le STEP 40 est test\u00e9 sur plus de 1,5 million de cycles et poss\u00e8de une r\u00e9sistance \u00e0 la rupture de 1 200 kg, garantissant une longue dur\u00e9e de vie et un verrouillage s\u00e9curis\u00e9.<\/p>\n<p class=\"\" data-start=\"935\" data-end=\"1220\">Gr\u00e2ce \u00e0 un contact \u00e0 piston int\u00e9gr\u00e9, vous obtenez une indication d&#039;\u00e9tat indiquant si la porte est ferm\u00e9e ou ouverte, ce qui simplifie l&#039;int\u00e9gration avec les syst\u00e8mes de contr\u00f4le d&#039;acc\u00e8s ou les syst\u00e8mes d&#039;alarme.<\/p>\n<p class=\"\" data-start=\"935\" data-end=\"1220\">La plaque est r\u00e9versible et s&#039;adapte aux portes droites et gauches et peut \u00eatre mont\u00e9e sur les bo\u00eetiers de serrure des s\u00e9ries Connect, Modul et Narrow Profile.<\/p>\n<p class=\"\" data-start=\"1222\" data-end=\"1248\"><strong data-start=\"1222\" data-end=\"1248\">Caract\u00e9ristiques et avantages :<\/strong><\/p>\n<ul data-start=\"1249\" data-end=\"1555\">\n<li class=\"\" data-start=\"1249\" data-end=\"1294\">\n<p class=\"\" data-start=\"1251\" data-end=\"1294\">Fonction inverse \u2013 ouverture en cas de panne de courant<\/p>\n<\/li>\n<li class=\"\" data-start=\"1295\" data-end=\"1325\">\n<p class=\"\" data-start=\"1297\" data-end=\"1325\">Interrupteur \u00e0 poussoir pour l&#039;\u00e9tat de la porte<\/p>\n<\/li>\n<li class=\"\" data-start=\"1326\" data-end=\"1355\">\n<p class=\"\" data-start=\"1328\" data-end=\"1355\">R\u00e9sistance \u00e0 la rupture : 1 200 kg<\/p>\n<\/li>\n<li class=\"\" data-start=\"1356\" data-end=\"1389\">\n<p class=\"\" data-start=\"1358\" data-end=\"1389\">R\u00e9siste \u00e0 une pression de moulage jusqu&#039;\u00e0 250 kg<\/p>\n<\/li>\n<li class=\"\" data-start=\"1390\" data-end=\"1416\">\n<p class=\"\" data-start=\"1392\" data-end=\"1416\">Technologie brevet\u00e9e HPR\u00ae<\/p>\n<\/li>\n<li class=\"\" data-start=\"1417\" data-end=\"1451\">\n<p class=\"\" data-start=\"1419\" data-end=\"1451\">Conception compacte et r\u00e9versible<\/p>\n<\/li>\n<li class=\"\" data-start=\"1452\" data-end=\"1483\">\n<p class=\"\" data-start=\"1454\" data-end=\"1483\">Diode de protection et parasurtenseur<\/p>\n<\/li>\n<li class=\"\" data-start=\"1484\" data-end=\"1517\">\n<p class=\"\" data-start=\"1486\" data-end=\"1517\">Pour serrures \u00e0 un ou deux vantaux<\/p>\n<\/li>\n<li class=\"\" data-start=\"1518\" data-end=\"1555\">\n<p class=\"\" data-start=\"1520\" data-end=\"1555\">Mat\u00e9riaux de construction \u00e9valu\u00e9s et SundaHus \u00e9valu\u00e9s<\/p>\n<\/li>\n<\/ul>","protected":false},"excerpt":{"rendered":"<p>Vous pouvez voir ici quels poteaux et mod\u00e8les s&#039;adaptent ensemble \u00e0 partir de la gamme STEP de but\u00e9es de porte \u00e9lectriques.<\/p>\n<h5><strong><a href=\"https:\/\/steplock.com\/sv\/stolpguide\/#!?lang=sv&amp;blog_id=1&amp;paged=1&amp;number=50\" target=\"_blank\" rel=\"noopener\">Guide de publication STEP\u00a0<\/a><\/strong><\/h5>\n<h5><strong><a href=\"https:\/\/steplock.com\/sv\/projekteringsguide\/#!?lang=sv&amp;blog_id=1&amp;paged=1&amp;number=999\" target=\"_blank\" rel=\"noopener\">Guide de conception STEP<\/a><\/strong><\/h5>","protected":false},"featured_media":139746,"template":"","meta":{"_acf_changed":false},"product_brand":[],"product_cat":[3355],"product_tag":[4198,4201],"class_list":{"0":"post-139753","1":"product","2":"type-product","3":"status-publish","4":"has-post-thumbnail","6":"product_cat-elslutbleck","7":"product_tag-12v","8":"product_tag-omvand","9":"product_shipping_class-tunga-paket","10":"pa_brands-step","11":"tm-no-options","13":"first","14":"onbackorder","15":"sale","16":"taxable","17":"shipping-taxable","18":"purchasable","19":"product-type-simple"},"acf":[],"_links":{"self":[{"href":"https:\/\/secureus.se\/fr\/wp-json\/wp\/v2\/product\/139753","targetHints":{"allow":["GET"]}}],"collection":[{"href":"https:\/\/secureus.se\/fr\/wp-json\/wp\/v2\/product"}],"about":[{"href":"https:\/\/secureus.se\/fr\/wp-json\/wp\/v2\/types\/product"}],"wp:featuredmedia":[{"embeddable":true,"href":"https:\/\/secureus.se\/fr\/wp-json\/wp\/v2\/media\/139746"}],"wp:attachment":[{"href":"https:\/\/secureus.se\/fr\/wp-json\/wp\/v2\/media?parent=139753"}],"wp:term":[{"taxonomy":"product_brand","embeddable":true,"href":"https:\/\/secureus.se\/fr\/wp-json\/wp\/v2\/product_brand?post=139753"},{"taxonomy":"product_cat","embeddable":true,"href":"https:\/\/secureus.se\/fr\/wp-json\/wp\/v2\/product_cat?post=139753"},{"taxonomy":"product_tag","embeddable":true,"href":"https:\/\/secureus.se\/fr\/wp-json\/wp\/v2\/product_tag?post=139753"}],"curies":[{"name":"wp","href":"https:\/\/api.w.org\/{rel}","templated":true}]}}