{"id":139754,"date":"2023-09-26T13:06:24","date_gmt":"2023-09-26T11:06:24","guid":{"rendered":"https:\/\/secureus.se\/elslutbleck-step-90-omvand-12v\/"},"modified":"2026-03-26T09:56:32","modified_gmt":"2026-03-26T08:56:32","slug":"elslutbleck-step-90-omvand-12v","status":"publish","type":"product","link":"https:\/\/secureus.se\/fr\/elslutbleck-step-90-omvand-12v\/","title":{"rendered":"T\u00f4le de connexion \u00e9lectrique STEP 90 Reverse 12V"},"content":{"rendered":"<h1>T\u00f4le de connexion \u00e9lectrique STEP 90 Reverse 12V<\/h1>\n<p class=\"\" data-start=\"120\" data-end=\"310\">La g\u00e2che \u00e9lectrique STEP 90 Preload HPR est une g\u00e2che \u00e9lectrique homologu\u00e9e incendie avec une conception compacte et une haute s\u00e9curit\u00e9, id\u00e9ale pour une utilisation dans les portes avec des exigences \u00e9lev\u00e9es en mati\u00e8re de fiabilit\u00e9 op\u00e9rationnelle.<\/p>\n<p class=\"\" data-start=\"312\" data-end=\"801\"><strong data-start=\"312\" data-end=\"332\">Description longue<\/strong>:<br data-start=\"333\" data-end=\"336\" \/>STEP 90 Preload HPR est une g\u00e2che \u00e9lectrique homologu\u00e9e incendie avec une construction compacte et durable, con\u00e7ue pour offrir une fiabilit\u00e9 op\u00e9rationnelle \u00e9lev\u00e9e et une longue dur\u00e9e de vie.<\/p>\n<p class=\"\" data-start=\"312\" data-end=\"801\">Gr\u00e2ce \u00e0 la technologie brevet\u00e9e de pression de bande, la porte peut \u00eatre ouverte m\u00eame avec une pression allant jusqu&#039;\u00e0 250 kg, ce qui fait de STEP 90 Preload un choix flexible et fiable.<\/p>\n<p class=\"\" data-start=\"312\" data-end=\"801\">Le produit est certifi\u00e9 pour la r\u00e9sistance au feu jusqu&#039;\u00e0 E\/EI120 selon la norme SS-EN 14846:2008 et est particuli\u00e8rement adapt\u00e9 aux portes \u00e0 fr\u00e9quences d&#039;ouverture \u00e9lev\u00e9es.<\/p>\n<p class=\"\" data-start=\"803\" data-end=\"1036\">La g\u00e2che \u00e9lectrique est r\u00e9versible et s&#039;adapte aux portes \u00e0 ouverture \u00e0 droite et \u00e0 ouverture \u00e0 gauche, ce qui facilite l&#039;installation.<\/p>\n<p class=\"\" data-start=\"803\" data-end=\"1036\">Gr\u00e2ce \u00e0 un contact \u00e0 piston, le syst\u00e8me peut \u00eatre int\u00e9gr\u00e9 aux syst\u00e8mes de contr\u00f4le d&#039;acc\u00e8s et aux syst\u00e8mes d&#039;alarme pour indiquer si la porte est ferm\u00e9e\/ouverte.<\/p>\n<p class=\"\" data-start=\"1038\" data-end=\"1055\"><strong data-start=\"1038\" data-end=\"1052\">Caract\u00e9ristiques<\/strong>:<\/p>\n<ul data-start=\"1056\" data-end=\"1478\">\n<li class=\"\" data-start=\"1056\" data-end=\"1099\">\n<p class=\"\" data-start=\"1058\" data-end=\"1099\">Fonction inverse (verrouill\u00e9e en mode hors tension)<\/p>\n<\/li>\n<li class=\"\" data-start=\"1100\" data-end=\"1162\">\n<p class=\"\" data-start=\"1102\" data-end=\"1162\">Homologu\u00e9 au feu jusqu&#039;\u00e0 F (E\/EI 120) selon SS-EN 14846:2008<\/p>\n<\/li>\n<li class=\"\" data-start=\"1163\" data-end=\"1220\">\n<p class=\"\" data-start=\"1165\" data-end=\"1220\">Indication de d\u00e9tection de l&#039;\u00e9tat de la porte (ferm\u00e9e\/ouverte)<\/p>\n<\/li>\n<li class=\"\" data-start=\"1221\" data-end=\"1259\">\n<p class=\"\" data-start=\"1223\" data-end=\"1259\">R\u00e9sistance \u00e0 la rupture 1200 kg (environ 12 kN)<\/p>\n<\/li>\n<li class=\"\" data-start=\"1260\" data-end=\"1336\">\n<p class=\"\" data-start=\"1262\" data-end=\"1336\">Technologie HPR\u00ae qui garantit l&#039;ouverture malgr\u00e9 une pression de bande de 250 kg (environ 2,5 kN)<\/p>\n<\/li>\n<li class=\"\" data-start=\"1337\" data-end=\"1352\">\n<p class=\"\" data-start=\"1339\" data-end=\"1352\">Antid\u00e9tonant<\/p>\n<\/li>\n<li class=\"\" data-start=\"1353\" data-end=\"1393\">\n<p class=\"\" data-start=\"1355\" data-end=\"1393\">R\u00e9versible pour portes droite et gauche<\/p>\n<\/li>\n<li class=\"\" data-start=\"1394\" data-end=\"1478\">\n<p class=\"\" data-start=\"1396\" data-end=\"1478\">Convient aux bo\u00eetiers de serrure avec serrures \u00e0 simple et double loquet des s\u00e9ries Connect, Modul et Narrow Profile<\/p>\n<\/li>\n<\/ul>\n<p class=\"\" data-start=\"1480\" data-end=\"1511\"><strong data-start=\"1480\" data-end=\"1508\">Sp\u00e9cifications techniques<\/strong>:<\/p>\n<ul data-start=\"1512\" data-end=\"2105\">\n<li class=\"\" data-start=\"1512\" data-end=\"1548\">\n<p class=\"\" data-start=\"1514\" data-end=\"1548\"><strong data-start=\"1514\" data-end=\"1537\">R\u00e9sistance \u00e0 la rupture maximale<\/strong>: 1200 kg<\/p>\n<\/li>\n<li class=\"\" data-start=\"1549\" data-end=\"1585\">\n<p class=\"\" data-start=\"1551\" data-end=\"1585\"><strong data-start=\"1551\" data-end=\"1567\">Porte suspendue<\/strong>:Droite, Gauche<\/p>\n<\/li>\n<li class=\"\" data-start=\"1586\" data-end=\"1610\">\n<p class=\"\" data-start=\"1588\" data-end=\"1610\"><strong data-start=\"1588\" data-end=\"1603\">C\u00e2ble inclus<\/strong>: Non<\/p>\n<\/li>\n<li class=\"\" data-start=\"1611\" data-end=\"1636\">\n<p class=\"\" data-start=\"1613\" data-end=\"1636\"><strong data-start=\"1613\" data-end=\"1626\">Impression de liste<\/strong>: 250 kg<\/p>\n<\/li>\n<li class=\"\" data-start=\"1637\" data-end=\"1678\">\n<p class=\"\" data-start=\"1639\" data-end=\"1678\"><strong data-start=\"1639\" data-end=\"1649\">Type de serrure<\/strong>: Serrure \u00e0 loquet simple, Serrure \u00e0 loquet double<\/p>\n<\/li>\n<li class=\"\" data-start=\"1679\" data-end=\"1707\">\n<p class=\"\" data-start=\"1681\" data-end=\"1707\"><strong data-start=\"1681\" data-end=\"1698\">Produit large<\/strong>: 25 mm<\/p>\n<\/li>\n<li class=\"\" data-start=\"1708\" data-end=\"1734\">\n<p class=\"\" data-start=\"1710\" data-end=\"1734\"><strong data-start=\"1710\" data-end=\"1728\">Mat\u00e9riaux de construction \u00e9valu\u00e9s<\/strong>: Oui<\/p>\n<\/li>\n<li class=\"\" data-start=\"1735\" data-end=\"1762\">\n<p class=\"\" data-start=\"1737\" data-end=\"1762\"><strong data-start=\"1737\" data-end=\"1753\">Produit profond<\/strong>: 28 mm<\/p>\n<\/li>\n<li class=\"\" data-start=\"1763\" data-end=\"1797\">\n<p class=\"\" data-start=\"1765\" data-end=\"1797\"><strong data-start=\"1765\" data-end=\"1790\">Tension de fonctionnement 12V\/24V<\/strong>: 12V<\/p>\n<\/li>\n<li class=\"\" data-start=\"1798\" data-end=\"1826\">\n<p class=\"\" data-start=\"1800\" data-end=\"1826\"><strong data-start=\"1800\" data-end=\"1819\">Bo\u00eetier double torsion<\/strong>: Non<\/p>\n<\/li>\n<li class=\"\" data-start=\"1827\" data-end=\"1854\">\n<p class=\"\" data-start=\"1829\" data-end=\"1854\"><strong data-start=\"1829\" data-end=\"1847\">V\u00e9rifi\u00e9 EPD<\/strong>: Non<\/p>\n<\/li>\n<li class=\"\" data-start=\"1855\" data-end=\"1873\">\n<p class=\"\" data-start=\"1857\" data-end=\"1873\"><strong data-start=\"1857\" data-end=\"1866\">BONNES INFOS<\/strong>: Non<\/p>\n<\/li>\n<li class=\"\" data-start=\"1874\" data-end=\"1908\">\n<p class=\"\" data-start=\"1876\" data-end=\"1908\"><strong data-start=\"1876\" data-end=\"1897\">Couleur\/Traitement de surface<\/strong>: Acier inoxydable<\/p>\n<\/li>\n<li class=\"\" data-start=\"1909\" data-end=\"1936\">\n<p class=\"\" data-start=\"1911\" data-end=\"1936\"><strong data-start=\"1911\" data-end=\"1927\">Produit sur\u00e9lev\u00e9<\/strong>: 90 mm<\/p>\n<\/li>\n<li class=\"\" data-start=\"1937\" data-end=\"1961\">\n<p class=\"\" data-start=\"1939\" data-end=\"1961\"><strong data-start=\"1939\" data-end=\"1954\">Connecteur \u00e0 piston<\/strong>: Non<\/p>\n<\/li>\n<li class=\"\" data-start=\"1962\" data-end=\"1993\">\n<p class=\"\" data-start=\"1964\" data-end=\"1993\"><strong data-start=\"1964\" data-end=\"1983\">Droite\/Recul<\/strong>: Inverse<\/p>\n<\/li>\n<li class=\"\" data-start=\"1994\" data-end=\"2020\">\n<p class=\"\" data-start=\"1996\" data-end=\"2020\"><strong data-start=\"1996\" data-end=\"2014\">Tension AC\/DC<\/strong>: DC<\/p>\n<\/li>\n<li class=\"\" data-start=\"2021\" data-end=\"2049\">\n<p class=\"\" data-start=\"2023\" data-end=\"2049\"><strong data-start=\"2023\" data-end=\"2039\">Tension maximale<\/strong>: 13,8 V<\/p>\n<\/li>\n<li class=\"\" data-start=\"2050\" data-end=\"2078\">\n<p class=\"\" data-start=\"2052\" data-end=\"2078\"><strong data-start=\"2052\" data-end=\"2068\">Tension minimale<\/strong>: 10,8 V<\/p>\n<\/li>\n<li class=\"\" data-start=\"2079\" data-end=\"2105\">\n<p class=\"\" data-start=\"2081\" data-end=\"2105\"><strong data-start=\"2081\" data-end=\"2099\">SundaMaison not\u00e9e<\/strong>: Oui<\/p>\n<\/li>\n<\/ul>","protected":false},"excerpt":{"rendered":"<p>Vous pouvez voir ici quels poteaux et mod\u00e8les s&#039;adaptent ensemble \u00e0 partir de la gamme STEP de but\u00e9es de porte \u00e9lectriques.<\/p>\n<h5><strong><a href=\"https:\/\/steplock.com\/sv\/stolpguide\/#!?lang=sv&amp;blog_id=1&amp;paged=1&amp;number=50\" target=\"_blank\" rel=\"noopener\">Guide de publication STEP\u00a0<\/a><\/strong><\/h5>\n<h5><strong><a href=\"https:\/\/steplock.com\/sv\/projekteringsguide\/#!?lang=sv&amp;blog_id=1&amp;paged=1&amp;number=999\" target=\"_blank\" rel=\"noopener\">Guide de conception STEP<\/a><\/strong><\/h5>","protected":false},"featured_media":139745,"template":"","meta":{"_acf_changed":false},"product_brand":[],"product_cat":[3355],"product_tag":[4198,4201],"class_list":{"0":"post-139754","1":"product","2":"type-product","3":"status-publish","4":"has-post-thumbnail","6":"product_cat-elslutbleck","7":"product_tag-12v","8":"product_tag-omvand","9":"product_shipping_class-tunga-paket","10":"pa_brands-step","11":"tm-no-options","13":"first","14":"onbackorder","15":"sale","16":"taxable","17":"shipping-taxable","18":"purchasable","19":"product-type-simple"},"acf":[],"_links":{"self":[{"href":"https:\/\/secureus.se\/fr\/wp-json\/wp\/v2\/product\/139754","targetHints":{"allow":["GET"]}}],"collection":[{"href":"https:\/\/secureus.se\/fr\/wp-json\/wp\/v2\/product"}],"about":[{"href":"https:\/\/secureus.se\/fr\/wp-json\/wp\/v2\/types\/product"}],"wp:featuredmedia":[{"embeddable":true,"href":"https:\/\/secureus.se\/fr\/wp-json\/wp\/v2\/media\/139745"}],"wp:attachment":[{"href":"https:\/\/secureus.se\/fr\/wp-json\/wp\/v2\/media?parent=139754"}],"wp:term":[{"taxonomy":"product_brand","embeddable":true,"href":"https:\/\/secureus.se\/fr\/wp-json\/wp\/v2\/product_brand?post=139754"},{"taxonomy":"product_cat","embeddable":true,"href":"https:\/\/secureus.se\/fr\/wp-json\/wp\/v2\/product_cat?post=139754"},{"taxonomy":"product_tag","embeddable":true,"href":"https:\/\/secureus.se\/fr\/wp-json\/wp\/v2\/product_tag?post=139754"}],"curies":[{"name":"wp","href":"https:\/\/api.w.org\/{rel}","templated":true}]}}