{"id":139766,"date":"2023-09-26T13:06:14","date_gmt":"2023-09-26T11:06:14","guid":{"rendered":"https:\/\/secureus.se\/elslutbleck-step-18-vanster-rattvand-12v-for-assa-511\/"},"modified":"2026-04-08T16:27:27","modified_gmt":"2026-04-08T14:27:27","slug":"elslutbleck-step-18-vanster-rattvand-12v-for-assa-511","status":"publish","type":"product","link":"https:\/\/secureus.se\/fr\/elslutbleck-step-18-vanster-rattvand-12v-for-assa-511\/","title":{"rendered":"Plaque d&#039;extr\u00e9mit\u00e9 \u00e9lectrique STEP 18 Gauche Droite face 12V pour Assa 511"},"content":{"rendered":"<h1>Plaque d&#039;extr\u00e9mit\u00e9 \u00e9lectrique STEP 18 Gauche Droite face 12V pour Assa 511<\/h1>\n<p>La g\u00e2che \u00e9lectrique STEP 18 Secure offre une s\u00e9curit\u00e9 anti-intrusion \u00e9lev\u00e9e et une fonctionnalit\u00e9 approuv\u00e9e contre les incendies. Con\u00e7u pour serrure \u00e0 crochet Assa 511 avec piston de 10 mm, adapt\u00e9 aux portes de s\u00e9curit\u00e9.<\/p>\n<p class=\"\" data-start=\"355\" data-end=\"752\">STEP 18 Secure est une serrure \u00e9lectrique de haute s\u00e9curit\u00e9 con\u00e7ue pour \u00eatre install\u00e9e dans des portes avec un nombre \u00e9lev\u00e9 d&#039;entr\u00e9es et de sorties, comme dans les prisons et les banques.<\/p>\n<p class=\"\" data-start=\"355\" data-end=\"752\">La serrure est homologu\u00e9e pour le verrouillage des portes de s\u00e9curit\u00e9 jusqu&#039;\u00e0 RC4 et est homologu\u00e9e incendie jusqu&#039;\u00e0 E\/EI 60. STEP 18 Secure est particuli\u00e8rement adapt\u00e9e aux portes n\u00e9cessitant une \u00e9vacuation et \u00e0 celles qui doivent r\u00e9sister \u00e0 des ouvertures fr\u00e9quentes et rapides.<\/p>\n<p class=\"\" data-start=\"754\" data-end=\"1156\">Pour serrure \u00e0 crochet Assa 511 avec piston de 10 mm, et poss\u00e8de une fonction \u00e0 droite (verrouill\u00e9e en position hors tension).<\/p>\n<p class=\"\" data-start=\"754\" data-end=\"1156\">Il offre une s\u00e9curit\u00e9 \u00e9lev\u00e9e, avec une r\u00e9sistance \u00e0 la rupture de 15 kN (environ 1500 kg), et fonctionne \u00e9galement avec une pression de bande jusqu&#039;\u00e0 5 kN (environ 500 kg).<\/p>\n<p class=\"\" data-start=\"754\" data-end=\"1156\">Il est \u00e9galement \u00e9quip\u00e9 d&#039;un interrupteur \u00e0 piston et d&#039;indicateurs pour indiquer si la porte est ferm\u00e9e\/ouverte et verrouill\u00e9e\/d\u00e9verrouill\u00e9e, ce qui le rend id\u00e9al pour les syst\u00e8mes de contr\u00f4le d&#039;acc\u00e8s et les syst\u00e8mes d&#039;alarme.<\/p>\n<p class=\"\" data-start=\"1158\" data-end=\"1175\"><strong data-start=\"1158\" data-end=\"1172\">Caract\u00e9ristiques<\/strong>:<\/p>\n<ul data-start=\"1176\" data-end=\"1620\">\n<li class=\"\" data-start=\"1176\" data-end=\"1219\">\n<p class=\"\" data-start=\"1178\" data-end=\"1219\">Pour serrure \u00e0 r\u00e8gle \u00e0 crochet Assa 511 avec piston de 10 mm<\/p>\n<\/li>\n<li class=\"\" data-start=\"1220\" data-end=\"1265\">\n<p class=\"\" data-start=\"1222\" data-end=\"1265\">Fonction orient\u00e9e vers la droite (verrouill\u00e9e en mode hors tension)<\/p>\n<\/li>\n<li class=\"\" data-start=\"1266\" data-end=\"1294\">\n<p class=\"\" data-start=\"1268\" data-end=\"1294\">Pour portes battantes \u00e0 gauche<\/p>\n<\/li>\n<li class=\"\" data-start=\"1295\" data-end=\"1328\">\n<p class=\"\" data-start=\"1297\" data-end=\"1328\">Homologu\u00e9 incendie jusqu&#039;\u00e0 E\/EI 60<\/p>\n<\/li>\n<li class=\"\" data-start=\"1329\" data-end=\"1413\">\n<p class=\"\" data-start=\"1331\" data-end=\"1413\">Interrupteur \u00e0 piston int\u00e9gr\u00e9 pour indiquer l&#039;\u00e9tat ferm\u00e9\/ouvert et verrouill\u00e9\/d\u00e9verrouill\u00e9 de la porte<\/p>\n<\/li>\n<li class=\"\" data-start=\"1414\" data-end=\"1436\">\n<p class=\"\" data-start=\"1416\" data-end=\"1436\">Diode de protection int\u00e9gr\u00e9e<\/p>\n<\/li>\n<li class=\"\" data-start=\"1437\" data-end=\"1475\">\n<p class=\"\" data-start=\"1439\" data-end=\"1475\">R\u00e9sistance \u00e0 la rupture 15 kN (environ 1500 kg)<\/p>\n<\/li>\n<li class=\"\" data-start=\"1476\" data-end=\"1558\">\n<p class=\"\" data-start=\"1478\" data-end=\"1558\">S&#039;ouvre malgr\u00e9 une pression de bande de 5 kN (environ 500 kg) en marche avant et arri\u00e8re<\/p>\n<\/li>\n<li class=\"\" data-start=\"1559\" data-end=\"1574\">\n<p class=\"\" data-start=\"1561\" data-end=\"1574\">Antid\u00e9tonant<\/p>\n<\/li>\n<li class=\"\" data-start=\"1575\" data-end=\"1620\">\n<p class=\"\" data-start=\"1577\" data-end=\"1620\">C\u00e2ble de connexion sans halog\u00e8ne de 5 m\u00e8tres inclus<\/p>\n<\/li>\n<\/ul>\n<p class=\"\" data-start=\"1622\" data-end=\"1653\"><strong data-start=\"1622\" data-end=\"1650\">Sp\u00e9cifications techniques<\/strong>:<\/p>\n<ul data-start=\"1654\" data-end=\"2237\">\n<li class=\"\" data-start=\"1654\" data-end=\"1690\">\n<p class=\"\" data-start=\"1656\" data-end=\"1690\"><strong data-start=\"1656\" data-end=\"1679\">R\u00e9sistance \u00e0 la rupture maximale<\/strong>: 1500 kg<\/p>\n<\/li>\n<li class=\"\" data-start=\"1691\" data-end=\"1720\">\n<p class=\"\" data-start=\"1693\" data-end=\"1720\"><strong data-start=\"1693\" data-end=\"1709\">Porte suspendue<\/strong>: Gauche<\/p>\n<\/li>\n<li class=\"\" data-start=\"1721\" data-end=\"1744\">\n<p class=\"\" data-start=\"1723\" data-end=\"1744\"><strong data-start=\"1723\" data-end=\"1738\">C\u00e2ble inclus<\/strong>: Oui<\/p>\n<\/li>\n<li class=\"\" data-start=\"1745\" data-end=\"1770\">\n<p class=\"\" data-start=\"1747\" data-end=\"1770\"><strong data-start=\"1747\" data-end=\"1760\">Impression de liste<\/strong>: 500 kg<\/p>\n<\/li>\n<li class=\"\" data-start=\"1771\" data-end=\"1808\">\n<p class=\"\" data-start=\"1773\" data-end=\"1808\"><strong data-start=\"1773\" data-end=\"1783\">Type de serrure<\/strong>: Serrure \u00e0 crochet, Loquets<\/p>\n<\/li>\n<li class=\"\" data-start=\"1809\" data-end=\"1837\">\n<p class=\"\" data-start=\"1811\" data-end=\"1837\"><strong data-start=\"1811\" data-end=\"1828\">Produit large<\/strong>: 35 mm<\/p>\n<\/li>\n<li class=\"\" data-start=\"1838\" data-end=\"1864\">\n<p class=\"\" data-start=\"1840\" data-end=\"1864\"><strong data-start=\"1840\" data-end=\"1858\">Mat\u00e9riaux de construction \u00e9valu\u00e9s<\/strong>: Oui<\/p>\n<\/li>\n<li class=\"\" data-start=\"1865\" data-end=\"1892\">\n<p class=\"\" data-start=\"1867\" data-end=\"1892\"><strong data-start=\"1867\" data-end=\"1883\">Produit profond<\/strong>: 40 mm<\/p>\n<\/li>\n<li class=\"\" data-start=\"1893\" data-end=\"1927\">\n<p class=\"\" data-start=\"1895\" data-end=\"1927\"><strong data-start=\"1895\" data-end=\"1920\">Tension de fonctionnement 12V\/24V<\/strong>: 12V<\/p>\n<\/li>\n<li class=\"\" data-start=\"1928\" data-end=\"1956\">\n<p class=\"\" data-start=\"1930\" data-end=\"1956\"><strong data-start=\"1930\" data-end=\"1949\">Bo\u00eetier double torsion<\/strong>: Non<\/p>\n<\/li>\n<li class=\"\" data-start=\"1957\" data-end=\"1984\">\n<p class=\"\" data-start=\"1959\" data-end=\"1984\"><strong data-start=\"1959\" data-end=\"1977\">V\u00e9rifi\u00e9 EPD<\/strong>: Non<\/p>\n<\/li>\n<li class=\"\" data-start=\"1985\" data-end=\"2003\">\n<p class=\"\" data-start=\"1987\" data-end=\"2003\"><strong data-start=\"1987\" data-end=\"1996\">BONNES INFOS<\/strong>: Non<\/p>\n<\/li>\n<li class=\"\" data-start=\"2004\" data-end=\"2038\">\n<p class=\"\" data-start=\"2006\" data-end=\"2038\"><strong data-start=\"2006\" data-end=\"2027\">Couleur\/Traitement de surface<\/strong>: Acier inoxydable<\/p>\n<\/li>\n<li class=\"\" data-start=\"2039\" data-end=\"2067\">\n<p class=\"\" data-start=\"2041\" data-end=\"2067\"><strong data-start=\"2041\" data-end=\"2057\">Produit sur\u00e9lev\u00e9<\/strong>: 230 mm<\/p>\n<\/li>\n<li class=\"\" data-start=\"2068\" data-end=\"2091\">\n<p class=\"\" data-start=\"2070\" data-end=\"2091\"><strong data-start=\"2070\" data-end=\"2085\">Connecteur \u00e0 piston<\/strong>: Oui<\/p>\n<\/li>\n<li class=\"\" data-start=\"2092\" data-end=\"2125\">\n<p class=\"\" data-start=\"2094\" data-end=\"2125\"><strong data-start=\"2094\" data-end=\"2113\">Droite\/Recul<\/strong>: Orient\u00e9 vers la droite<\/p>\n<\/li>\n<li class=\"\" data-start=\"2126\" data-end=\"2152\">\n<p class=\"\" data-start=\"2128\" data-end=\"2152\"><strong data-start=\"2128\" data-end=\"2146\">Tension AC\/DC<\/strong>: DC<\/p>\n<\/li>\n<li class=\"\" data-start=\"2153\" data-end=\"2181\">\n<p class=\"\" data-start=\"2155\" data-end=\"2181\"><strong data-start=\"2155\" data-end=\"2171\">Tension maximale<\/strong>: 13,8 V<\/p>\n<\/li>\n<li class=\"\" data-start=\"2182\" data-end=\"2210\">\n<p class=\"\" data-start=\"2184\" data-end=\"2210\"><strong data-start=\"2184\" data-end=\"2200\">Tension minimale<\/strong>: 10,8 V<\/p>\n<\/li>\n<li class=\"\" data-start=\"2211\" data-end=\"2237\">\n<p class=\"\" data-start=\"2213\" data-end=\"2237\"><strong data-start=\"2213\" data-end=\"2231\">SundaMaison not\u00e9e<\/strong>: Oui<\/p>\n<\/li>\n<\/ul>","protected":false},"excerpt":{"rendered":"<p>Vous pouvez voir ici quels poteaux et mod\u00e8les s&#039;adaptent ensemble \u00e0 partir de la gamme STEP de but\u00e9es de porte \u00e9lectriques.<\/p>\n<h5><strong><a href=\"https:\/\/steplock.com\/sv\/stolpguide\/#!?lang=sv&amp;blog_id=1&amp;paged=1&amp;number=50\" target=\"_blank\" rel=\"noopener\">Guide de publication STEP\u00a0<\/a><\/strong><\/h5>\n<h5><strong><a href=\"https:\/\/steplock.com\/sv\/projekteringsguide\/#!?lang=sv&amp;blog_id=1&amp;paged=1&amp;number=999\" target=\"_blank\" rel=\"noopener\">Guide de conception STEP<\/a><\/strong><\/h5>","protected":false},"featured_media":139764,"template":"","meta":{"_acf_changed":false},"product_brand":[],"product_cat":[3355],"product_tag":[4198,4200],"class_list":{"0":"post-139766","1":"product","2":"type-product","3":"status-publish","4":"has-post-thumbnail","6":"product_cat-elslutbleck","7":"product_tag-12v","8":"product_tag-rattvand","9":"product_shipping_class-tunga-paket","10":"pa_brands-step","11":"tm-no-options","13":"first","14":"onbackorder","15":"sale","16":"taxable","17":"shipping-taxable","18":"purchasable","19":"product-type-simple"},"acf":[],"_links":{"self":[{"href":"https:\/\/secureus.se\/fr\/wp-json\/wp\/v2\/product\/139766","targetHints":{"allow":["GET"]}}],"collection":[{"href":"https:\/\/secureus.se\/fr\/wp-json\/wp\/v2\/product"}],"about":[{"href":"https:\/\/secureus.se\/fr\/wp-json\/wp\/v2\/types\/product"}],"wp:featuredmedia":[{"embeddable":true,"href":"https:\/\/secureus.se\/fr\/wp-json\/wp\/v2\/media\/139764"}],"wp:attachment":[{"href":"https:\/\/secureus.se\/fr\/wp-json\/wp\/v2\/media?parent=139766"}],"wp:term":[{"taxonomy":"product_brand","embeddable":true,"href":"https:\/\/secureus.se\/fr\/wp-json\/wp\/v2\/product_brand?post=139766"},{"taxonomy":"product_cat","embeddable":true,"href":"https:\/\/secureus.se\/fr\/wp-json\/wp\/v2\/product_cat?post=139766"},{"taxonomy":"product_tag","embeddable":true,"href":"https:\/\/secureus.se\/fr\/wp-json\/wp\/v2\/product_tag?post=139766"}],"curies":[{"name":"wp","href":"https:\/\/api.w.org\/{rel}","templated":true}]}}