{"id":139777,"date":"2023-09-26T13:07:32","date_gmt":"2023-09-26T11:07:32","guid":{"rendered":"https:\/\/secureus.se\/elslutbleck-step-28e-vanster-rattvand-12v-7mm-regel\/"},"modified":"2026-04-23T12:43:02","modified_gmt":"2026-04-23T10:43:02","slug":"elslutbleck-step-28e-vanster-rattvand-12v-7mm-regel","status":"publish","type":"product","link":"https:\/\/secureus.se\/fr\/elslutbleck-step-28e-vanster-rattvand-12v-7mm-regel\/","title":{"rendered":"Plaque d&#039;extr\u00e9mit\u00e9 \u00e9lectrique STEP 28E Gauche Droite face 12V R\u00e8gle 7mm"},"content":{"rendered":"<h1>Plaque d&#039;extr\u00e9mit\u00e9 \u00e9lectrique STEP 28E Gauche Droite face 12V R\u00e8gle 7mm<\/h1>\n<p>\u00c9TAPE 28E G\u00e2che \u00e9lectrique s\u00e9curis\u00e9e avec fonction droite pour portes \u00e0 ouverture \u00e0 gauche. Adapt\u00e9 pour boulon Connect 7 mm, homologu\u00e9 feu E\/EI60, contact piston et haute s\u00e9curit\u00e9.<\/p>\n<p class=\"\" data-start=\"243\" data-end=\"681\">La g\u00e2che \u00e9lectrique STEP 28E Secure est une solution s\u00fbre et flexible pour les environnements de porte avec des exigences \u00e9lev\u00e9es en mati\u00e8re de protection contre l&#039;intrusion, de r\u00e9sistance au feu et de possibilit\u00e9 d&#039;\u00e9vacuation.<\/p>\n<p class=\"\" data-start=\"243\" data-end=\"681\">Ce mod\u00e8le est d\u00e9velopp\u00e9 pour les portes \u00e0 ouverture \u00e0 gauche et est utilis\u00e9 avec les serrures \u00e0 p\u00eane de la s\u00e9rie Connect avec un piston de 7 mm.<\/p>\n<p class=\"\" data-start=\"243\" data-end=\"681\">Avec la fonction droitier (verrouillage en cas de panne de courant), il est parfait l\u00e0 o\u00f9 une s\u00e9curit\u00e9 maximale doit \u00eatre maintenue m\u00eame en cas de panne de courant.<\/p>\n<p class=\"\" data-start=\"683\" data-end=\"1083\">Gr\u00e2ce au contact \u00e0 piston et au contact \u00e0 loquet int\u00e9gr\u00e9s, l&#039;\u00e9tat de la porte peut \u00eatre surveill\u00e9 en temps r\u00e9el, ce qui rend la g\u00e2che \u00e9lectrique adapt\u00e9e \u00e0 l&#039;int\u00e9gration avec les syst\u00e8mes d&#039;alarme et de contr\u00f4le d&#039;acc\u00e8s.<\/p>\n<p class=\"\" data-start=\"683\" data-end=\"1083\">La construction peut supporter une r\u00e9sistance \u00e0 la rupture \u00e9lev\u00e9e de plus de 15 kN et la fonctionnalit\u00e9 est garantie m\u00eame avec une pression de bande allant jusqu&#039;\u00e0 500 kg.<\/p>\n<p class=\"\" data-start=\"683\" data-end=\"1083\">STEP 28E est certifi\u00e9 selon la classe de feu E\/EI 60 et est fourni avec un c\u00e2ble de connexion sans halog\u00e8ne de 5 m\u00e8tres.<\/p>\n<p class=\"\" data-start=\"1085\" data-end=\"1369\">Cette g\u00e2che \u00e9lectrique est souvent utilis\u00e9e en combinaison avec des serrures d&#039;\u00e9vacuation d&#039;urgence selon SS-EN 179 lorsque les exigences en mati\u00e8re d&#039;incendie et l&#039;automatisation des portes doivent \u00eatre combin\u00e9es.<\/p>\n<p class=\"\" data-start=\"1085\" data-end=\"1369\">Avec STEP 28E Secure, vous obtenez une solution fiable et robuste pour les environnements exigeants tels que les b\u00e2timents publics, les institutions et les espaces class\u00e9s de s\u00e9curit\u00e9.<\/p>\n<p class=\"\" data-start=\"1371\" data-end=\"1399\"><strong data-start=\"1371\" data-end=\"1397\">Caract\u00e9ristiques et avantages :<\/strong><\/p>\n<ul data-start=\"1400\" data-end=\"1675\">\n<li class=\"\" data-start=\"1400\" data-end=\"1434\">\n<p class=\"\" data-start=\"1402\" data-end=\"1434\">Pour piston de 7 mm de la s\u00e9rie Connect<\/p>\n<\/li>\n<li class=\"\" data-start=\"1435\" data-end=\"1481\">\n<p class=\"\" data-start=\"1437\" data-end=\"1481\">Fonction inverse \u2013 verrouill\u00e9e en cas de panne de courant<\/p>\n<\/li>\n<li class=\"\" data-start=\"1482\" data-end=\"1510\">\n<p class=\"\" data-start=\"1484\" data-end=\"1510\">Pour portes battantes \u00e0 gauche<\/p>\n<\/li>\n<li class=\"\" data-start=\"1511\" data-end=\"1532\">\n<p class=\"\" data-start=\"1513\" data-end=\"1532\">Classe de feu E\/EI60<\/p>\n<\/li>\n<li class=\"\" data-start=\"1533\" data-end=\"1581\">\n<p class=\"\" data-start=\"1535\" data-end=\"1581\">Contact de piston et de verrouillage pour la surveillance de l&#039;\u00e9tat<\/p>\n<\/li>\n<li class=\"\" data-start=\"1582\" data-end=\"1612\">\n<p class=\"\" data-start=\"1584\" data-end=\"1612\">R\u00e9sistance \u00e0 la rupture sup\u00e9rieure \u00e0 15 kN<\/p>\n<\/li>\n<li class=\"\" data-start=\"1613\" data-end=\"1642\">\n<p class=\"\" data-start=\"1615\" data-end=\"1642\">R\u00e9sistance \u00e0 la pression de la bande 500 kg<\/p>\n<\/li>\n<li class=\"\" data-start=\"1643\" data-end=\"1675\">\n<p class=\"\" data-start=\"1645\" data-end=\"1675\">C\u00e2ble sans halog\u00e8ne de 5 m\u00e8tres inclus<\/p>\n<\/li>\n<\/ul>","protected":false},"excerpt":{"rendered":"<p>Vous pouvez voir ici quels poteaux et mod\u00e8les s&#039;adaptent ensemble \u00e0 partir de la gamme STEP de but\u00e9es de porte \u00e9lectriques.<\/p>\n<h5><strong><a href=\"https:\/\/steplock.com\/sv\/stolpguide\/#!?lang=sv&amp;blog_id=1&amp;paged=1&amp;number=50\" target=\"_blank\" rel=\"noopener\">Guide de publication STEP\u00a0<\/a><\/strong><\/h5>\n<h5><strong><a href=\"https:\/\/steplock.com\/sv\/projekteringsguide\/#!?lang=sv&amp;blog_id=1&amp;paged=1&amp;number=999\" target=\"_blank\" rel=\"noopener\">Guide de conception STEP<\/a><\/strong><\/h5>","protected":false},"featured_media":139775,"template":"","meta":{"_acf_changed":false},"product_brand":[],"product_cat":[3355],"product_tag":[4198,4200],"class_list":{"0":"post-139777","1":"product","2":"type-product","3":"status-publish","4":"has-post-thumbnail","6":"product_cat-elslutbleck","7":"product_tag-12v","8":"product_tag-rattvand","9":"product_shipping_class-tunga-paket","10":"pa_brands-step","11":"tm-no-options","13":"first","14":"onbackorder","15":"sale","16":"taxable","17":"shipping-taxable","18":"purchasable","19":"product-type-simple"},"acf":[],"_links":{"self":[{"href":"https:\/\/secureus.se\/fr\/wp-json\/wp\/v2\/product\/139777","targetHints":{"allow":["GET"]}}],"collection":[{"href":"https:\/\/secureus.se\/fr\/wp-json\/wp\/v2\/product"}],"about":[{"href":"https:\/\/secureus.se\/fr\/wp-json\/wp\/v2\/types\/product"}],"wp:featuredmedia":[{"embeddable":true,"href":"https:\/\/secureus.se\/fr\/wp-json\/wp\/v2\/media\/139775"}],"wp:attachment":[{"href":"https:\/\/secureus.se\/fr\/wp-json\/wp\/v2\/media?parent=139777"}],"wp:term":[{"taxonomy":"product_brand","embeddable":true,"href":"https:\/\/secureus.se\/fr\/wp-json\/wp\/v2\/product_brand?post=139777"},{"taxonomy":"product_cat","embeddable":true,"href":"https:\/\/secureus.se\/fr\/wp-json\/wp\/v2\/product_cat?post=139777"},{"taxonomy":"product_tag","embeddable":true,"href":"https:\/\/secureus.se\/fr\/wp-json\/wp\/v2\/product_tag?post=139777"}],"curies":[{"name":"wp","href":"https:\/\/api.w.org\/{rel}","templated":true}]}}