{"id":139789,"date":"2023-09-26T13:07:31","date_gmt":"2023-09-26T11:07:31","guid":{"rendered":"https:\/\/secureus.se\/elslutbleck-step-28e-vanster-rattvand-12v-9mm-regel\/"},"modified":"2026-04-23T12:43:09","modified_gmt":"2026-04-23T10:43:09","slug":"elslutbleck-step-28e-vanster-rattvand-12v-9mm-regel","status":"publish","type":"product","link":"https:\/\/secureus.se\/fr\/elslutbleck-step-28e-vanster-rattvand-12v-9mm-regel\/","title":{"rendered":"Plaque \u00e0 bornes \u00e9lectriques STEP 28E Gauche Droite face 12V R\u00e8gle de 9mm"},"content":{"rendered":"<h1>Plaque \u00e0 bornes \u00e9lectriques STEP 28E Gauche Droite face 12V R\u00e8gle de 9mm<\/h1>\n<p>STEP 28E Secure \u2013 G\u00e2che \u00e9lectrique pour portes \u00e0 ouverture \u00e0 gauche avec fonction \u00e0 droite et piston de 9 mm de la s\u00e9rie Connect. Homologu\u00e9 feu E\/EI60, haute s\u00e9curit\u00e9 et contact piston.<\/p>\n<p class=\"\" data-start=\"243\" data-end=\"602\">La g\u00e2che \u00e9lectrique STEP 28E Secure est une g\u00e2che \u00e9lectrique robuste et fiable con\u00e7ue pour les environnements o\u00f9 des fonctions de haute s\u00e9curit\u00e9, de r\u00e9sistance au feu et d&#039;\u00e9vacuation doivent \u00eatre combin\u00e9es \u00e0 une automatisation de porte moderne.<\/p>\n<p class=\"\" data-start=\"243\" data-end=\"602\">Ce mod\u00e8le est adapt\u00e9 aux portes \u00e0 ouverture \u00e0 gauche et s&#039;utilise avec une serrure \u00e0 mortaise ou une serrure \u00e0 mortaise avec piston de 9 mm de la s\u00e9rie Connect.<\/p>\n<p class=\"\" data-start=\"604\" data-end=\"894\">Avec la fonction droite (verrouill\u00e9e en position hors tension), le STEP 28E garantit que la porte reste verrouill\u00e9e m\u00eame en cas de panne de courant.<\/p>\n<p class=\"\" data-start=\"604\" data-end=\"894\">La g\u00e2che \u00e9lectrique est homologu\u00e9e incendie jusqu&#039;\u00e0 la classe E\/EI 60 et dispose d&#039;un contact \u00e0 piston int\u00e9gr\u00e9 et d&#039;un contact \u00e0 verrouillage qui permet une surveillance pr\u00e9cise de l&#039;\u00e9tat via un syst\u00e8me de contr\u00f4le d&#039;acc\u00e8s ou un syst\u00e8me d&#039;alarme.<\/p>\n<p class=\"\" data-start=\"896\" data-end=\"1192\">La r\u00e9sistance \u00e0 la rupture \u00e9lev\u00e9e de plus de 15 kN et le fonctionnement garanti \u00e0 une pression de bande allant jusqu&#039;\u00e0 500 kg font de cette g\u00e2che \u00e9lectrique un excellent choix pour les portes et espaces s\u00e9curis\u00e9s.<\/p>\n<p class=\"\" data-start=\"896\" data-end=\"1192\">La construction est inviolable et l&#039;installation est simplifi\u00e9e gr\u00e2ce \u00e0 un c\u00e2ble de connexion sans halog\u00e8ne de 5 m\u00e8tres inclus.<\/p>\n<p class=\"\" data-start=\"1194\" data-end=\"1339\">STEP 28E Secure est souvent utilis\u00e9 en combinaison avec des serrures d&#039;\u00e9vacuation d&#039;urgence selon SS-EN 179, o\u00f9 les exigences en mati\u00e8re d&#039;\u00e9vacuation, de s\u00e9curit\u00e9 et d&#039;automatisation des portes co\u00efncident.<\/p>\n<p class=\"\" data-start=\"1341\" data-end=\"1369\"><strong data-start=\"1341\" data-end=\"1367\">Caract\u00e9ristiques et avantages :<\/strong><\/p>\n<ul data-start=\"1370\" data-end=\"1648\">\n<li class=\"\" data-start=\"1370\" data-end=\"1413\">\n<p class=\"\" data-start=\"1372\" data-end=\"1413\">Adapt\u00e9 pour piston de 9 mm de la s\u00e9rie Connect<\/p>\n<\/li>\n<li class=\"\" data-start=\"1414\" data-end=\"1453\">\n<p class=\"\" data-start=\"1416\" data-end=\"1453\">Fonctionnement correct \u2013 verrouill\u00e9 sans alimentation<\/p>\n<\/li>\n<li class=\"\" data-start=\"1454\" data-end=\"1482\">\n<p class=\"\" data-start=\"1456\" data-end=\"1482\">Pour portes battantes \u00e0 gauche<\/p>\n<\/li>\n<li class=\"\" data-start=\"1483\" data-end=\"1505\">\n<p class=\"\" data-start=\"1485\" data-end=\"1505\">Classe de feu E\/EI 60<\/p>\n<\/li>\n<li class=\"\" data-start=\"1506\" data-end=\"1546\">\n<p class=\"\" data-start=\"1508\" data-end=\"1546\">Interrupteur \u00e0 piston et interrupteur \u00e0 loquet int\u00e9gr\u00e9s<\/p>\n<\/li>\n<li class=\"\" data-start=\"1547\" data-end=\"1577\">\n<p class=\"\" data-start=\"1549\" data-end=\"1577\">R\u00e9sistance \u00e0 la rupture sup\u00e9rieure \u00e0 15 kN<\/p>\n<\/li>\n<li class=\"\" data-start=\"1578\" data-end=\"1611\">\n<p class=\"\" data-start=\"1580\" data-end=\"1611\">R\u00e9siste \u00e0 une pression de bande jusqu&#039;\u00e0 500 kg<\/p>\n<\/li>\n<li class=\"\" data-start=\"1612\" data-end=\"1648\">\n<p class=\"\" data-start=\"1614\" data-end=\"1648\">C\u00e2ble sans halog\u00e8ne de 5 m\u00e8tres inclus<\/p>\n<\/li>\n<\/ul>","protected":false},"excerpt":{"rendered":"<p>Vous pouvez voir ici quels poteaux et mod\u00e8les s&#039;adaptent ensemble \u00e0 partir de la gamme STEP de but\u00e9es de porte \u00e9lectriques.<\/p>\n<h5><strong><a href=\"https:\/\/steplock.com\/sv\/stolpguide\/#!?lang=sv&amp;blog_id=1&amp;paged=1&amp;number=50\" target=\"_blank\" rel=\"noopener\">Guide de publication STEP\u00a0<\/a><\/strong><\/h5>\n<h5><strong><a href=\"https:\/\/steplock.com\/sv\/projekteringsguide\/#!?lang=sv&amp;blog_id=1&amp;paged=1&amp;number=999\" target=\"_blank\" rel=\"noopener\">Guide de conception STEP<\/a><\/strong><\/h5>","protected":false},"featured_media":139787,"template":"","meta":{"_acf_changed":false},"product_brand":[],"product_cat":[3355],"product_tag":[4198,4200],"class_list":{"0":"post-139789","1":"product","2":"type-product","3":"status-publish","4":"has-post-thumbnail","6":"product_cat-elslutbleck","7":"product_tag-12v","8":"product_tag-rattvand","9":"product_shipping_class-tunga-paket","10":"pa_brands-step","11":"tm-no-options","13":"first","14":"onbackorder","15":"sale","16":"taxable","17":"shipping-taxable","18":"purchasable","19":"product-type-simple"},"acf":[],"_links":{"self":[{"href":"https:\/\/secureus.se\/fr\/wp-json\/wp\/v2\/product\/139789","targetHints":{"allow":["GET"]}}],"collection":[{"href":"https:\/\/secureus.se\/fr\/wp-json\/wp\/v2\/product"}],"about":[{"href":"https:\/\/secureus.se\/fr\/wp-json\/wp\/v2\/types\/product"}],"wp:featuredmedia":[{"embeddable":true,"href":"https:\/\/secureus.se\/fr\/wp-json\/wp\/v2\/media\/139787"}],"wp:attachment":[{"href":"https:\/\/secureus.se\/fr\/wp-json\/wp\/v2\/media?parent=139789"}],"wp:term":[{"taxonomy":"product_brand","embeddable":true,"href":"https:\/\/secureus.se\/fr\/wp-json\/wp\/v2\/product_brand?post=139789"},{"taxonomy":"product_cat","embeddable":true,"href":"https:\/\/secureus.se\/fr\/wp-json\/wp\/v2\/product_cat?post=139789"},{"taxonomy":"product_tag","embeddable":true,"href":"https:\/\/secureus.se\/fr\/wp-json\/wp\/v2\/product_tag?post=139789"}],"curies":[{"name":"wp","href":"https:\/\/api.w.org\/{rel}","templated":true}]}}