{"id":139811,"date":"2023-09-26T13:07:26","date_gmt":"2023-09-26T11:07:26","guid":{"rendered":"https:\/\/secureus.se\/elslutbleck-step-28e-vanster-rattvand-24v-12mm-regel\/"},"modified":"2026-04-08T16:21:38","modified_gmt":"2026-04-08T14:21:38","slug":"elslutbleck-step-28e-vanster-rattvand-24v-12mm-regel","status":"publish","type":"product","link":"https:\/\/secureus.se\/fr\/elslutbleck-step-28e-vanster-rattvand-24v-12mm-regel\/","title":{"rendered":"Plaque \u00e0 bornes \u00e9lectriques STEP 28E Gauche Droite face 24V R\u00e8gle de 12mm"},"content":{"rendered":"<h1>Plaque \u00e0 bornes \u00e9lectriques STEP 28E Gauche Droite face 24V R\u00e8gle de 12mm<\/h1>\n<p>G\u00e2che \u00e9lectrique STEP 28E Secure avec fonction droite pour portes \u00e0 ouverture \u00e0 gauche et piston de 12 mm de la s\u00e9rie Modul. Classement au feu E\/EI 60. Incl. C\u00e2ble sans halog\u00e8ne de 5 m.<\/p>\n<p>STEP 28E Secure est une g\u00e2che \u00e9lectrique puissante et polyvalente qui permet de combiner la protection contre l&#039;intrusion, la r\u00e9sistance au feu et les exigences d&#039;\u00e9vacuation - id\u00e9ale pour les environnements de porte avec des syst\u00e8mes de portes automatiques ou des poign\u00e9es de tirage.<\/p>\n<p>Ce mod\u00e8le est sp\u00e9cifiquement adapt\u00e9 aux portes \u00e0 ouverture \u00e0 gauche et est utilis\u00e9 avec le piston de 12 mm de la s\u00e9rie Modul, qui offre une s\u00e9curit\u00e9 \u00e9lev\u00e9e contre les manipulations et les chocs physiques.<\/p>\n<p class=\"\" data-start=\"662\" data-end=\"968\">Avec la fonction droitier, la g\u00e2che \u00e9lectrique reste verrouill\u00e9e en cas de panne de courant, cr\u00e9ant ainsi une couche de protection suppl\u00e9mentaire.<\/p>\n<p class=\"\" data-start=\"662\" data-end=\"968\">Le produit est homologu\u00e9 selon la classe de protection incendie E\/EI 60 et, gr\u00e2ce au piston et au contact de verrouillage int\u00e9gr\u00e9s, l&#039;\u00e9tat de la porte (ouvert\/ferm\u00e9 et verrouill\u00e9\/d\u00e9verrouill\u00e9) peut \u00eatre surveill\u00e9 en temps r\u00e9el via un contr\u00f4le d&#039;acc\u00e8s ou des alarmes.<\/p>\n<p class=\"\" data-start=\"970\" data-end=\"1308\">STEP 28E Secure est inviolable, poss\u00e8de une r\u00e9sistance \u00e0 la rupture tr\u00e8s \u00e9lev\u00e9e (plus de 15 kN) et garantit une ouverture s\u00fbre m\u00eame avec une pression de bande allant jusqu&#039;\u00e0 500 kg.<\/p>\n<p class=\"\" data-start=\"970\" data-end=\"1308\">Sa conception compacte et robuste en acier inoxydable en fait un excellent choix dans les environnements o\u00f9 la fiabilit\u00e9 et la durabilit\u00e9 sont cruciales. Livr\u00e9 complet avec 5 m\u00e8tres de c\u00e2ble de connexion sans halog\u00e8ne.<\/p>\n<p class=\"\" data-start=\"1310\" data-end=\"1338\"><strong data-start=\"1310\" data-end=\"1336\">Caract\u00e9ristiques et avantages :<\/strong><\/p>\n<ul data-start=\"1339\" data-end=\"1608\">\n<li class=\"\" data-start=\"1339\" data-end=\"1375\">\n<p class=\"\" data-start=\"1341\" data-end=\"1375\">Convient aux pistons de 12 mm de la s\u00e9rie Modul<\/p>\n<\/li>\n<li class=\"\" data-start=\"1376\" data-end=\"1415\">\n<p class=\"\" data-start=\"1378\" data-end=\"1415\">Fonctionnement correct \u2013 verrouill\u00e9 sans alimentation<\/p>\n<\/li>\n<li class=\"\" data-start=\"1416\" data-end=\"1453\">\n<p class=\"\" data-start=\"1418\" data-end=\"1453\">Adapt\u00e9 aux portes suspendues \u00e0 gauche<\/p>\n<\/li>\n<li class=\"\" data-start=\"1454\" data-end=\"1485\">\n<p class=\"\" data-start=\"1456\" data-end=\"1485\">R\u00e9sistance au feu selon la norme E\/EI 60<\/p>\n<\/li>\n<li class=\"\" data-start=\"1486\" data-end=\"1520\">\n<p class=\"\" data-start=\"1488\" data-end=\"1520\">Interrupteur \u00e0 piston et \u00e0 loquet int\u00e9gr\u00e9<\/p>\n<\/li>\n<li class=\"\" data-start=\"1521\" data-end=\"1551\">\n<p class=\"\" data-start=\"1523\" data-end=\"1551\">R\u00e9sistance \u00e0 la rupture sup\u00e9rieure \u00e0 15 kN<\/p>\n<\/li>\n<li class=\"\" data-start=\"1552\" data-end=\"1579\">\n<p class=\"\" data-start=\"1554\" data-end=\"1579\">R\u00e9siste \u00e0 une pression de bande de 500 kg<\/p>\n<\/li>\n<li class=\"\" data-start=\"1580\" data-end=\"1608\">\n<p class=\"\" data-start=\"1582\" data-end=\"1608\">Incl. C\u00e2ble sans halog\u00e8ne de 5 m<\/p>\n<\/li>\n<\/ul>","protected":false},"excerpt":{"rendered":"<p>Vous pouvez voir ici quels poteaux et mod\u00e8les s&#039;adaptent ensemble \u00e0 partir de la gamme STEP de but\u00e9es de porte \u00e9lectriques.<\/p>\n<h5><strong><a href=\"https:\/\/steplock.com\/sv\/stolpguide\/#!?lang=sv&amp;blog_id=1&amp;paged=1&amp;number=50\" target=\"_blank\" rel=\"noopener\">Guide de publication STEP\u00a0<\/a><\/strong><\/h5>\n<h5><strong><a href=\"https:\/\/steplock.com\/sv\/projekteringsguide\/#!?lang=sv&amp;blog_id=1&amp;paged=1&amp;number=999\" target=\"_blank\" rel=\"noopener\">Guide de conception STEP<\/a><\/strong><\/h5>","protected":false},"featured_media":139809,"template":"","meta":{"_acf_changed":false},"product_brand":[],"product_cat":[3355],"product_tag":[4197,4200],"class_list":{"0":"post-139811","1":"product","2":"type-product","3":"status-publish","4":"has-post-thumbnail","6":"product_cat-elslutbleck","7":"product_tag-24v","8":"product_tag-rattvand","9":"product_shipping_class-tunga-paket","10":"pa_brands-step","11":"tm-no-options","13":"first","14":"onbackorder","15":"sale","16":"taxable","17":"shipping-taxable","18":"purchasable","19":"product-type-simple"},"acf":[],"_links":{"self":[{"href":"https:\/\/secureus.se\/fr\/wp-json\/wp\/v2\/product\/139811","targetHints":{"allow":["GET"]}}],"collection":[{"href":"https:\/\/secureus.se\/fr\/wp-json\/wp\/v2\/product"}],"about":[{"href":"https:\/\/secureus.se\/fr\/wp-json\/wp\/v2\/types\/product"}],"wp:featuredmedia":[{"embeddable":true,"href":"https:\/\/secureus.se\/fr\/wp-json\/wp\/v2\/media\/139809"}],"wp:attachment":[{"href":"https:\/\/secureus.se\/fr\/wp-json\/wp\/v2\/media?parent=139811"}],"wp:term":[{"taxonomy":"product_brand","embeddable":true,"href":"https:\/\/secureus.se\/fr\/wp-json\/wp\/v2\/product_brand?post=139811"},{"taxonomy":"product_cat","embeddable":true,"href":"https:\/\/secureus.se\/fr\/wp-json\/wp\/v2\/product_cat?post=139811"},{"taxonomy":"product_tag","embeddable":true,"href":"https:\/\/secureus.se\/fr\/wp-json\/wp\/v2\/product_tag?post=139811"}],"curies":[{"name":"wp","href":"https:\/\/api.w.org\/{rel}","templated":true}]}}