{"id":139825,"date":"2023-09-26T13:07:01","date_gmt":"2023-09-26T11:07:01","guid":{"rendered":"https:\/\/secureus.se\/elslutbleck-step-18-vanster-omvand-24v-12mm-regel\/"},"modified":"2026-04-08T16:39:06","modified_gmt":"2026-04-08T14:39:06","slug":"elslutbleck-step-18-vanster-omvand-24v-12mm-regel","status":"publish","type":"product","link":"https:\/\/secureus.se\/fr\/elslutbleck-step-18-vanster-omvand-24v-12mm-regel\/","title":{"rendered":"Plaque d&#039;extr\u00e9mit\u00e9 \u00e9lectrique STEP 18 Gauche Inverse 24V R\u00e8gle 12mm"},"content":{"rendered":"<h1>Plaque d&#039;extr\u00e9mit\u00e9 \u00e9lectrique STEP 18 Gauche Inverse 24V R\u00e8gle 12mm<\/h1>\n<p>STEP 18 Secure est une g\u00e2che \u00e9lectrique haute s\u00e9curit\u00e9, homologu\u00e9e incendie, pour serrures \u00e0 p\u00eane avec piston de 12 mm de la s\u00e9rie Modul, con\u00e7ue pour les portes de s\u00e9curit\u00e9 avec des exigences \u00e9lev\u00e9es en mati\u00e8re de protection contre l&#039;intrusion et de verrouillage rapide.<\/p>\n<p class=\"\" data-start=\"389\" data-end=\"786\">La g\u00e2che \u00e9lectrique STEP 18 Secure offre la plus haute s\u00e9curit\u00e9 pour les portes qui n\u00e9cessitent un verrouillage et un d\u00e9verrouillage rapides et durables, ce qui la rend parfaite pour les portes avec un nombre \u00e9lev\u00e9 d&#039;entr\u00e9es et de sorties.<\/p>\n<p class=\"\" data-start=\"389\" data-end=\"786\">Homologu\u00e9 pour le verrouillage des portes de s\u00e9curit\u00e9 jusqu&#039;\u00e0 RC4 et ignifuge jusqu&#039;\u00e0 E\/EI 60, il offre une s\u00e9curit\u00e9 \u00e9lev\u00e9e pour les environnements critiques tels que les prisons, les banques et autres installations de s\u00e9curit\u00e9.<\/p>\n<p class=\"\" data-start=\"788\" data-end=\"1129\">Avec une r\u00e9sistance \u00e0 la rupture de 15 kN (environ 1 500 kg) et une capacit\u00e9 d&#039;ouverture malgr\u00e9 une pression de bande de 5 kN (environ 500 kg) en marche avant et arri\u00e8re, STEP 18 Secure offre \u00e0 la fois fiabilit\u00e9 et s\u00e9curit\u00e9.<\/p>\n<p class=\"\" data-start=\"788\" data-end=\"1129\">La fonction inverse signifie que la porte est d\u00e9verrouill\u00e9e dans un \u00e9tat hors tension, ce qui la rend id\u00e9ale pour les applications o\u00f9 la porte doit pouvoir \u00eatre ouverte rapidement.<\/p>\n<p class=\"\" data-start=\"1131\" data-end=\"1368\">La g\u00e2che \u00e9lectrique est \u00e9quip\u00e9e d&#039;un interrupteur \u00e0 piston int\u00e9gr\u00e9 pour indiquer l&#039;\u00e9tat ferm\u00e9\/ouvert de la porte, ce qui facilite l&#039;int\u00e9gration avec les syst\u00e8mes de contr\u00f4le d&#039;acc\u00e8s et les syst\u00e8mes d&#039;alarme. C\u00e2ble de connexion sans halog\u00e8ne de 5 m\u00e8tres inclus pour une installation facile.<\/p>\n<p class=\"\" data-start=\"1370\" data-end=\"1385\"><strong data-start=\"1370\" data-end=\"1385\">Propri\u00e9t\u00e9s:<\/strong><\/p>\n<ul data-start=\"1386\" data-end=\"1954\">\n<li class=\"\" data-start=\"1386\" data-end=\"1430\">\n<p class=\"\" data-start=\"1388\" data-end=\"1430\">Pour serrure de commande avec piston de 12 mm de la s\u00e9rie Modul<\/p>\n<\/li>\n<li class=\"\" data-start=\"1431\" data-end=\"1473\">\n<p class=\"\" data-start=\"1433\" data-end=\"1473\">Fonction inverse (d\u00e9verrouill\u00e9e en mode hors tension)<\/p>\n<\/li>\n<li class=\"\" data-start=\"1474\" data-end=\"1500\">\n<p class=\"\" data-start=\"1476\" data-end=\"1500\">Pour portes battantes \u00e0 gauche<\/p>\n<\/li>\n<li class=\"\" data-start=\"1501\" data-end=\"1532\">\n<p class=\"\" data-start=\"1503\" data-end=\"1532\">Homologu\u00e9 incendie jusqu&#039;\u00e0 E\/EI 60<\/p>\n<\/li>\n<li class=\"\" data-start=\"1533\" data-end=\"1643\">\n<p class=\"\" data-start=\"1535\" data-end=\"1643\">Indication int\u00e9gr\u00e9e de l&#039;\u00e9tat de la porte (ferm\u00e9e\/ouverte) et de l&#039;\u00e9tat du verrou (verrouill\u00e9\/d\u00e9verrouill\u00e9) via un contact \u00e0 piston et un contact \u00e0 loquet<\/p>\n<\/li>\n<li class=\"\" data-start=\"1644\" data-end=\"1682\">\n<p class=\"\" data-start=\"1646\" data-end=\"1682\">Diode de protection int\u00e9gr\u00e9e pour une s\u00e9curit\u00e9 accrue<\/p>\n<\/li>\n<li class=\"\" data-start=\"1683\" data-end=\"1722\">\n<p class=\"\" data-start=\"1685\" data-end=\"1722\">R\u00e9sistance \u00e0 la rupture de 15 kN (environ 1500 kg)<\/p>\n<\/li>\n<li class=\"\" data-start=\"1723\" data-end=\"1803\">\n<p class=\"\" data-start=\"1725\" data-end=\"1803\">S&#039;ouvre malgr\u00e9 une pression de bande de 5 kN (environ 500 kg) en marche avant et arri\u00e8re<\/p>\n<\/li>\n<li class=\"\" data-start=\"1804\" data-end=\"1863\">\n<p class=\"\" data-start=\"1806\" data-end=\"1863\">Antichoc et r\u00e9versible pour portes droites et gauches<\/p>\n<\/li>\n<li class=\"\" data-start=\"1864\" data-end=\"1910\">\n<p class=\"\" data-start=\"1866\" data-end=\"1910\">Capable de verrouiller les boulons \u00e0 crochet ou les boulons droits<\/p>\n<\/li>\n<li class=\"\" data-start=\"1911\" data-end=\"1954\">\n<p class=\"\" data-start=\"1913\" data-end=\"1954\">C\u00e2ble de connexion sans halog\u00e8ne de 5 m\u00e8tres inclus<\/p>\n<\/li>\n<\/ul>\n<p class=\"\" data-start=\"1956\" data-end=\"1985\"><strong data-start=\"1956\" data-end=\"1985\">Sp\u00e9cifications techniques :<\/strong><\/p>\n<ul data-start=\"1986\" data-end=\"2627\">\n<li class=\"\" data-start=\"1986\" data-end=\"2077\">\n<p class=\"\" data-start=\"1988\" data-end=\"2077\">Alimentation : 12 V DC (+15% -10%) 639 mA d\u00e9verrouill\u00e9 ou 24 V DC (+15% -10%) 313 mA d\u00e9verrouill\u00e9<\/p>\n<\/li>\n<li class=\"\" data-start=\"2078\" data-end=\"2142\">\n<p class=\"\" data-start=\"2080\" data-end=\"2142\">Contact \u00e0 piston : Microrupteur unipolaire inverseur, max. 30 V CC, 1 A<\/p>\n<\/li>\n<li class=\"\" data-start=\"2143\" data-end=\"2183\">\n<p class=\"\" data-start=\"2145\" data-end=\"2183\">Durabilit\u00e9 : Grade Y selon SS-EN 14846<\/p>\n<\/li>\n<li class=\"\" data-start=\"2184\" data-end=\"2223\">\n<p class=\"\" data-start=\"2186\" data-end=\"2223\">Corrosion : Grade M selon SS-EN 14846<\/p>\n<\/li>\n<li class=\"\" data-start=\"2224\" data-end=\"2262\">\n<p class=\"\" data-start=\"2226\" data-end=\"2262\">S\u00e9curit\u00e9 : Grade 7 selon SS-EN 14846<\/p>\n<\/li>\n<li class=\"\" data-start=\"2263\" data-end=\"2353\">\n<p class=\"\" data-start=\"2265\" data-end=\"2353\">Manipulation \u00e9lectrique de s\u00e9curit\u00e9 : Grade 3 (face vers l&#039;avant) Grade 1 (face vers l&#039;arri\u00e8re) selon SS-EN 14846<\/p>\n<\/li>\n<li class=\"\" data-start=\"2354\" data-end=\"2375\">\n<p class=\"\" data-start=\"2356\" data-end=\"2375\">Test\u00e9 au feu : 60 min<\/p>\n<\/li>\n<li class=\"\" data-start=\"2376\" data-end=\"2402\">\n<p class=\"\" data-start=\"2378\" data-end=\"2402\">R\u00e9sistance \u00e0 la rupture : 1500 kg<\/p>\n<\/li>\n<li class=\"\" data-start=\"2403\" data-end=\"2426\">\n<p class=\"\" data-start=\"2405\" data-end=\"2426\">Charni\u00e8re de porte : gauche<\/p>\n<\/li>\n<li class=\"\" data-start=\"2427\" data-end=\"2481\">\n<p class=\"\" data-start=\"2429\" data-end=\"2481\">C\u00e2ble inclus : Oui, c\u00e2ble de connexion sans halog\u00e8ne de 5 m\u00e8tres<\/p>\n<\/li>\n<li class=\"\" data-start=\"2482\" data-end=\"2501\">\n<p class=\"\" data-start=\"2484\" data-end=\"2501\">Pression nominale : 500 kg<\/p>\n<\/li>\n<li class=\"\" data-start=\"2502\" data-end=\"2533\">\n<p class=\"\" data-start=\"2504\" data-end=\"2533\">Type de serrure : Serrure \u00e0 crochet, Serrure \u00e0 loquet<\/p>\n<\/li>\n<li class=\"\" data-start=\"2534\" data-end=\"2588\">\n<p class=\"\" data-start=\"2536\" data-end=\"2588\">Dimensions du produit : Largeur : 35 mm, Profondeur : 40 mm, Hauteur : 230 mm<\/p>\n<\/li>\n<li class=\"\" data-start=\"2589\" data-end=\"2606\">\n<p class=\"\" data-start=\"2591\" data-end=\"2606\">Contact du piston : Oui<\/p>\n<\/li>\n<li class=\"\" data-start=\"2607\" data-end=\"2627\">\n<p class=\"\" data-start=\"2609\" data-end=\"2627\">Tension AC\/DC : DC<\/p>\n<\/li>\n<\/ul>","protected":false},"excerpt":{"rendered":"<p>Vous pouvez voir ici quels poteaux et mod\u00e8les s&#039;adaptent ensemble \u00e0 partir de la gamme STEP de but\u00e9es de porte \u00e9lectriques.<\/p>\n<h5><strong><a href=\"https:\/\/steplock.com\/sv\/stolpguide\/#!?lang=sv&amp;blog_id=1&amp;paged=1&amp;number=50\" target=\"_blank\" rel=\"noopener\">Guide de publication STEP\u00a0<\/a><\/strong><\/h5>\n<h5><strong><a href=\"https:\/\/steplock.com\/sv\/projekteringsguide\/#!?lang=sv&amp;blog_id=1&amp;paged=1&amp;number=999\" target=\"_blank\" rel=\"noopener\">Guide de conception STEP<\/a><\/strong><\/h5>","protected":false},"featured_media":139823,"template":"","meta":{"_acf_changed":false},"product_brand":[],"product_cat":[3355],"product_tag":[4197,4201],"class_list":{"0":"post-139825","1":"product","2":"type-product","3":"status-publish","4":"has-post-thumbnail","6":"product_cat-elslutbleck","7":"product_tag-24v","8":"product_tag-omvand","9":"product_shipping_class-tunga-paket","10":"pa_brands-step","11":"tm-no-options","13":"first","14":"onbackorder","15":"sale","16":"taxable","17":"shipping-taxable","18":"purchasable","19":"product-type-simple"},"acf":[],"_links":{"self":[{"href":"https:\/\/secureus.se\/fr\/wp-json\/wp\/v2\/product\/139825","targetHints":{"allow":["GET"]}}],"collection":[{"href":"https:\/\/secureus.se\/fr\/wp-json\/wp\/v2\/product"}],"about":[{"href":"https:\/\/secureus.se\/fr\/wp-json\/wp\/v2\/types\/product"}],"wp:featuredmedia":[{"embeddable":true,"href":"https:\/\/secureus.se\/fr\/wp-json\/wp\/v2\/media\/139823"}],"wp:attachment":[{"href":"https:\/\/secureus.se\/fr\/wp-json\/wp\/v2\/media?parent=139825"}],"wp:term":[{"taxonomy":"product_brand","embeddable":true,"href":"https:\/\/secureus.se\/fr\/wp-json\/wp\/v2\/product_brand?post=139825"},{"taxonomy":"product_cat","embeddable":true,"href":"https:\/\/secureus.se\/fr\/wp-json\/wp\/v2\/product_cat?post=139825"},{"taxonomy":"product_tag","embeddable":true,"href":"https:\/\/secureus.se\/fr\/wp-json\/wp\/v2\/product_tag?post=139825"}],"curies":[{"name":"wp","href":"https:\/\/api.w.org\/{rel}","templated":true}]}}