{"id":139855,"date":"2023-09-26T13:06:31","date_gmt":"2023-09-26T11:06:31","guid":{"rendered":"https:\/\/secureus.se\/elslutbleck-step-48-omstallbar-12v\/"},"modified":"2026-03-26T09:57:20","modified_gmt":"2026-03-26T08:57:20","slug":"elslutbleck-step-48-omstallbar-12v","status":"publish","type":"product","link":"https:\/\/secureus.se\/fr\/elslutbleck-step-48-omstallbar-12v\/","title":{"rendered":"Plaque de terminaison \u00e9lectrique STEP 48 Commutable 12V"},"content":{"rendered":"<h1>Plaque de terminaison \u00e9lectrique STEP 48 Commutable 12V<\/h1>\n<p>La g\u00e2che \u00e9lectrique pr\u00e9charg\u00e9e STEP 48 assure une ouverture et une s\u00e9curit\u00e9 fiables dans les espaces verrouill\u00e9s par un bouton ou une cl\u00e9.<\/p>\n<p>Equip\u00e9 de la technologie de pression de bande STEP, il garantit le fonctionnement m\u00eame sous une pression allant jusqu&#039;\u00e0 40 kg. Parfait pour la fonction avant et arri\u00e8re.<\/p>\n<p class=\"\" data-start=\"411\" data-end=\"791\">La g\u00e2che \u00e9lectrique pr\u00e9charg\u00e9e STEP 48 est la solution id\u00e9ale pour les espaces o\u00f9 la s\u00e9curit\u00e9 et la fiabilit\u00e9 sont cruciales.<\/p>\n<p class=\"\" data-start=\"411\" data-end=\"791\">Pour les portes devant \u00eatre verrouill\u00e9es avec un bouton ou une cl\u00e9, il assure une ouverture fiable m\u00eame lorsque la porte est soumise \u00e0 une pression de moulage allant jusqu&#039;\u00e0 40 kg.<\/p>\n<p class=\"\" data-start=\"411\" data-end=\"791\">STEP 48 fait partie de la s\u00e9rie Preload de STEP et offre une qualit\u00e9 et une flexibilit\u00e9 \u00e9lev\u00e9es pour les syst\u00e8mes de portes nouveaux et anciens.<\/p>\n<p class=\"\" data-start=\"793\" data-end=\"1212\">Avec une r\u00e9sistance \u00e0 la rupture de 9 kN (environ 900 kg) et la possibilit\u00e9 d&#039;installer un indicateur de p\u00eane ST4880, STEP 48 offre un blocage automatique du syst\u00e8me d&#039;acc\u00e8s de la porte ou de la serrure \u00e0 code lorsque le p\u00eane \u00e0 crochet ou le p\u00eane droit du bo\u00eetier de serrure est verrouill\u00e9 m\u00e9caniquement.<\/p>\n<p class=\"\" data-start=\"793\" data-end=\"1212\">Les produits de la s\u00e9rie Preload de STEP sont test\u00e9s pour r\u00e9sister \u00e0 des fr\u00e9quences d&#039;ouverture \u00e9lev\u00e9es et \u00e0 des contraintes extr\u00eames, ce qui en fait un choix id\u00e9al pour les utilisateurs soucieux de leur s\u00e9curit\u00e9.<\/p>\n<p class=\"\" data-start=\"1214\" data-end=\"1229\"><strong data-start=\"1214\" data-end=\"1229\">Propri\u00e9t\u00e9s:<\/strong><\/p>\n<ul data-start=\"1230\" data-end=\"1597\">\n<li class=\"\" data-start=\"1230\" data-end=\"1307\">\n<p class=\"\" data-start=\"1232\" data-end=\"1307\">Fonction marche avant et arri\u00e8re commutable (verrouill\u00e9e ou d\u00e9verrouill\u00e9e en mode hors tension)<\/p>\n<\/li>\n<li class=\"\" data-start=\"1308\" data-end=\"1346\">\n<p class=\"\" data-start=\"1310\" data-end=\"1346\">Diode de protection int\u00e9gr\u00e9e pour une s\u00e9curit\u00e9 accrue<\/p>\n<\/li>\n<li class=\"\" data-start=\"1347\" data-end=\"1384\">\n<p class=\"\" data-start=\"1349\" data-end=\"1384\">R\u00e9sistance \u00e0 la rupture de 9 kN (environ 900 kg)<\/p>\n<\/li>\n<li class=\"\" data-start=\"1385\" data-end=\"1487\">\n<p class=\"\" data-start=\"1387\" data-end=\"1487\">Garantit l&#039;ouverture malgr\u00e9 une pression de bande jusqu&#039;\u00e0 0,4 kN (environ 40 kg) en marche avant comme en marche arri\u00e8re<\/p>\n<\/li>\n<li class=\"\" data-start=\"1488\" data-end=\"1501\">\n<p class=\"\" data-start=\"1490\" data-end=\"1501\">Antid\u00e9tonant<\/p>\n<\/li>\n<li class=\"\" data-start=\"1502\" data-end=\"1550\">\n<p class=\"\" data-start=\"1504\" data-end=\"1550\">R\u00e9versible pour s&#039;adapter aux portes droite et gauche<\/p>\n<\/li>\n<li class=\"\" data-start=\"1551\" data-end=\"1597\">\n<p class=\"\" data-start=\"1553\" data-end=\"1597\">Capable de verrouiller les boulons \u00e0 crochet ou les boulons droits<\/p>\n<\/li>\n<\/ul>\n<p class=\"\" data-start=\"1599\" data-end=\"1628\"><strong data-start=\"1599\" data-end=\"1628\">Sp\u00e9cifications techniques :<\/strong><\/p>\n<ul data-start=\"1629\" data-end=\"2102\">\n<li class=\"\" data-start=\"1629\" data-end=\"1658\">\n<p class=\"\" data-start=\"1631\" data-end=\"1658\">R\u00e9sistance \u00e0 la rupture max : 900 kg<\/p>\n<\/li>\n<li class=\"\" data-start=\"1659\" data-end=\"1689\">\n<p class=\"\" data-start=\"1661\" data-end=\"1689\">Charni\u00e8re de porte : droite, gauche<\/p>\n<\/li>\n<li class=\"\" data-start=\"1690\" data-end=\"1708\">\n<p class=\"\" data-start=\"1692\" data-end=\"1708\">C\u00e2ble inclus : Non<\/p>\n<\/li>\n<li class=\"\" data-start=\"1709\" data-end=\"1727\">\n<p class=\"\" data-start=\"1711\" data-end=\"1727\">Pression de la bande : 40 kg<\/p>\n<\/li>\n<li class=\"\" data-start=\"1728\" data-end=\"1763\">\n<p class=\"\" data-start=\"1730\" data-end=\"1763\">Type de serrure : Serrure \u00e0 p\u00eane simple, Serrure \u00e0 p\u00eane double<\/p>\n<\/li>\n<li class=\"\" data-start=\"1764\" data-end=\"1786\">\n<p class=\"\" data-start=\"1766\" data-end=\"1786\">Largeur du produit : 25 mm<\/p>\n<\/li>\n<li class=\"\" data-start=\"1787\" data-end=\"1807\">\n<p class=\"\" data-start=\"1789\" data-end=\"1807\">Produit de construction \u00e9valu\u00e9 : Oui<\/p>\n<\/li>\n<li class=\"\" data-start=\"1808\" data-end=\"1829\">\n<p class=\"\" data-start=\"1810\" data-end=\"1829\">Profondeur du produit : 35 mm<\/p>\n<\/li>\n<li class=\"\" data-start=\"1830\" data-end=\"1858\">\n<p class=\"\" data-start=\"1832\" data-end=\"1858\">Tension de fonctionnement 12V\/24V : 12V<\/p>\n<\/li>\n<li class=\"\" data-start=\"1859\" data-end=\"1881\">\n<p class=\"\" data-start=\"1861\" data-end=\"1881\">Chute \u00e0 double torsion : Non<\/p>\n<\/li>\n<li class=\"\" data-start=\"1882\" data-end=\"1903\">\n<p class=\"\" data-start=\"1884\" data-end=\"1903\">V\u00e9rifi\u00e9 EPD : Non<\/p>\n<\/li>\n<li class=\"\" data-start=\"1904\" data-end=\"1916\">\n<p class=\"\" data-start=\"1906\" data-end=\"1916\">FINFO : Non<\/p>\n<\/li>\n<li class=\"\" data-start=\"1917\" data-end=\"1945\">\n<p class=\"\" data-start=\"1919\" data-end=\"1945\">Couleur\/Finition : Acier inoxydable<\/p>\n<\/li>\n<li class=\"\" data-start=\"1946\" data-end=\"1967\">\n<p class=\"\" data-start=\"1948\" data-end=\"1967\">Hauteur du produit : 90 mm<\/p>\n<\/li>\n<li class=\"\" data-start=\"1968\" data-end=\"1986\">\n<p class=\"\" data-start=\"1970\" data-end=\"1986\">Contact piston : Non<\/p>\n<\/li>\n<li class=\"\" data-start=\"1987\" data-end=\"2014\">\n<p class=\"\" data-start=\"1989\" data-end=\"2014\">Droite\/Inverse : Droite<\/p>\n<\/li>\n<li class=\"\" data-start=\"2015\" data-end=\"2035\">\n<p class=\"\" data-start=\"2017\" data-end=\"2035\">Tension AC\/DC : DC<\/p>\n<\/li>\n<li class=\"\" data-start=\"2036\" data-end=\"2058\">\n<p class=\"\" data-start=\"2038\" data-end=\"2058\">Tension maximale : 27,6 V<\/p>\n<\/li>\n<li class=\"\" data-start=\"2059\" data-end=\"2081\">\n<p class=\"\" data-start=\"2061\" data-end=\"2081\">Tension minimale : 21,6 V<\/p>\n<\/li>\n<li class=\"\" data-start=\"2082\" data-end=\"2102\">\n<p class=\"\" data-start=\"2084\" data-end=\"2102\">SundaHouse not\u00e9 : Oui<\/p>\n<\/li>\n<\/ul>","protected":false},"excerpt":{"rendered":"<p>Vous pouvez voir ici quels poteaux et mod\u00e8les s&#039;adaptent ensemble \u00e0 partir de la gamme STEP de but\u00e9es de porte \u00e9lectriques.<\/p>\n<h5><strong><a href=\"https:\/\/steplock.com\/sv\/stolpguide\/#!?lang=sv&amp;blog_id=1&amp;paged=1&amp;number=50\" target=\"_blank\" rel=\"noopener\">Guide de publication STEP\u00a0<\/a><\/strong><\/h5>\n<h5><strong><a href=\"https:\/\/steplock.com\/sv\/projekteringsguide\/#!?lang=sv&amp;blog_id=1&amp;paged=1&amp;number=999\" target=\"_blank\" rel=\"noopener\">Guide de conception STEP<\/a><\/strong><\/h5>","protected":false},"featured_media":139853,"template":"","meta":{"_acf_changed":false},"product_brand":[],"product_cat":[3355],"product_tag":[4198,4200],"class_list":{"0":"post-139855","1":"product","2":"type-product","3":"status-publish","4":"has-post-thumbnail","6":"product_cat-elslutbleck","7":"product_tag-12v","8":"product_tag-rattvand","9":"product_shipping_class-tunga-paket","10":"pa_brands-step","11":"tm-no-options","13":"first","14":"onbackorder","15":"sale","16":"taxable","17":"shipping-taxable","18":"purchasable","19":"product-type-simple"},"acf":[],"_links":{"self":[{"href":"https:\/\/secureus.se\/fr\/wp-json\/wp\/v2\/product\/139855","targetHints":{"allow":["GET"]}}],"collection":[{"href":"https:\/\/secureus.se\/fr\/wp-json\/wp\/v2\/product"}],"about":[{"href":"https:\/\/secureus.se\/fr\/wp-json\/wp\/v2\/types\/product"}],"wp:featuredmedia":[{"embeddable":true,"href":"https:\/\/secureus.se\/fr\/wp-json\/wp\/v2\/media\/139853"}],"wp:attachment":[{"href":"https:\/\/secureus.se\/fr\/wp-json\/wp\/v2\/media?parent=139855"}],"wp:term":[{"taxonomy":"product_brand","embeddable":true,"href":"https:\/\/secureus.se\/fr\/wp-json\/wp\/v2\/product_brand?post=139855"},{"taxonomy":"product_cat","embeddable":true,"href":"https:\/\/secureus.se\/fr\/wp-json\/wp\/v2\/product_cat?post=139855"},{"taxonomy":"product_tag","embeddable":true,"href":"https:\/\/secureus.se\/fr\/wp-json\/wp\/v2\/product_tag?post=139855"}],"curies":[{"name":"wp","href":"https:\/\/api.w.org\/{rel}","templated":true}]}}