{"id":139859,"date":"2023-09-26T13:08:06","date_gmt":"2023-09-26T11:08:06","guid":{"rendered":"https:\/\/secureus.se\/elslutbleck-step-48-omstallbar-24v-kolvkontakt\/"},"modified":"2026-04-08T16:05:07","modified_gmt":"2026-04-08T14:05:07","slug":"elslutbleck-step-48-omstallbar-24v-kolvkontakt","status":"publish","type":"product","link":"https:\/\/secureus.se\/fr\/elslutbleck-step-48-omstallbar-24v-kolvkontakt\/","title":{"rendered":"Plaque de terminaison \u00e9lectrique STEP 48 Contact piston r\u00e9glable 24V"},"content":{"rendered":"<h1>Plaque de terminaison \u00e9lectrique STEP 48 Contact piston r\u00e9glable 24V<\/h1>\n<p>\u00c9TAPE 48 G\u00e2che \u00e9lectrique pr\u00e9charg\u00e9e avec fonction commutable pour fonctionnement avant\/arri\u00e8re. Contact de piston, technologie de pression de bande et conception compacte pour un verrouillage s\u00e9curis\u00e9.<\/p>\n<p class=\"\" data-start=\"230\" data-end=\"712\">La g\u00e2che \u00e9lectrique STEP 48 Preload est une g\u00e2che \u00e9lectrique compacte et polyvalente con\u00e7ue pour les environnements de porte o\u00f9 la flexibilit\u00e9, la s\u00e9curit\u00e9 et une fiabilit\u00e9 op\u00e9rationnelle \u00e9lev\u00e9e sont requises.<\/p>\n<p class=\"\" data-start=\"230\" data-end=\"712\">Gr\u00e2ce \u00e0 sa fonction r\u00e9versible, la plaque peut \u00eatre facilement r\u00e9gl\u00e9e entre une orientation vers l&#039;avant (verrouill\u00e9e en cas de panne de courant) et une orientation vers l&#039;arri\u00e8re (d\u00e9verrouill\u00e9e en cas de panne de courant) en fonction des besoins de l&#039;installation.<\/p>\n<p class=\"\" data-start=\"230\" data-end=\"712\">Cela rend le produit particuli\u00e8rement adapt\u00e9 aux environnements o\u00f9 les conditions de fonctionnement peuvent changer ou o\u00f9 des exigences de s\u00e9curit\u00e9 particuli\u00e8res s&#039;appliquent.<\/p>\n<p class=\"\" data-start=\"714\" data-end=\"1106\">Cette g\u00e2che \u00e9lectrique est \u00e9quip\u00e9e de la technologie brevet\u00e9e de pression de bande de STEP, ce qui signifie que la porte peut \u00eatre d\u00e9verrouill\u00e9e m\u00eame avec une pression de bande allant jusqu&#039;\u00e0 40 kg - une caract\u00e9ristique qui garantit un fonctionnement sans probl\u00e8me dans les sections de porte \u00e9troites ou expos\u00e9es.<\/p>\n<p class=\"\" data-start=\"714\" data-end=\"1106\">Le contact du piston fournit une indication fiable de l&#039;\u00e9tat de la porte (ouverte\/ferm\u00e9e), faisant du STEP 48 un excellent choix lors de l&#039;int\u00e9gration avec des syst\u00e8mes de contr\u00f4le d&#039;acc\u00e8s ou des alarmes.<\/p>\n<p class=\"\" data-start=\"1108\" data-end=\"1340\">STEP 48 peut supporter une r\u00e9sistance \u00e0 la rupture de 9 kN et est r\u00e9versible pour s&#039;adapter aux portes \u00e0 ouverture \u00e0 droite et \u00e0 ouverture \u00e0 gauche.<\/p>\n<p class=\"\" data-start=\"1108\" data-end=\"1340\">Il est \u00e9galement compatible avec les verrous \u00e0 crochet et \u00e0 p\u00eane droit, et prend \u00e9galement en charge l&#039;indication du p\u00eane externe via l&#039;accessoire ST4880.<\/p>\n<p class=\"\" data-start=\"1342\" data-end=\"1370\"><strong data-start=\"1342\" data-end=\"1368\">Caract\u00e9ristiques et avantages :<\/strong><\/p>\n<ul data-start=\"1371\" data-end=\"1680\">\n<li class=\"\" data-start=\"1371\" data-end=\"1421\">\n<p class=\"\" data-start=\"1373\" data-end=\"1421\">Commutable entre la fonction avant et arri\u00e8re<\/p>\n<\/li>\n<li class=\"\" data-start=\"1422\" data-end=\"1466\">\n<p class=\"\" data-start=\"1424\" data-end=\"1466\">Contact \u00e0 piston pour indiquer l&#039;\u00e9tat de la porte<\/p>\n<\/li>\n<li class=\"\" data-start=\"1467\" data-end=\"1502\">\n<p class=\"\" data-start=\"1469\" data-end=\"1502\">R\u00e9siste \u00e0 une pression allant jusqu&#039;\u00e0 40 kg<\/p>\n<\/li>\n<li class=\"\" data-start=\"1503\" data-end=\"1527\">\n<p class=\"\" data-start=\"1505\" data-end=\"1527\">R\u00e9sistance \u00e0 la rupture 9 kN<\/p>\n<\/li>\n<li class=\"\" data-start=\"1528\" data-end=\"1568\">\n<p class=\"\" data-start=\"1530\" data-end=\"1568\">Compatible avec l&#039;indicateur de r\u00e8gle ST4880<\/p>\n<\/li>\n<li class=\"\" data-start=\"1569\" data-end=\"1605\">\n<p class=\"\" data-start=\"1571\" data-end=\"1605\">R\u00e9versible pour portes droite\/gauche<\/p>\n<\/li>\n<li class=\"\" data-start=\"1606\" data-end=\"1643\">\n<p class=\"\" data-start=\"1608\" data-end=\"1643\">Diode de protection et fusible anti-d\u00e9tonation inclus<\/p>\n<\/li>\n<li class=\"\" data-start=\"1644\" data-end=\"1680\">\n<p class=\"\" data-start=\"1646\" data-end=\"1680\">Pour serrures \u00e0 un ou deux battants<\/p>\n<\/li>\n<\/ul>\n<p class=\"\" data-start=\"1682\" data-end=\"1867\"><strong data-start=\"1682\" data-end=\"1705\">Domaines d&#039;utilisation :<\/strong><br data-start=\"1705\" data-end=\"1708\" \/>Convient aux bureaux, \u00e9coles, propri\u00e9t\u00e9s commerciales et autres environnements de portes o\u00f9 des r\u00e8gles de verrouillage diff\u00e9rentes sont requises, ainsi qu&#039;aux portes avec boutons, cl\u00e9s et d\u00e9verrouillage automatique.<\/p>\n<p class=\"\" data-start=\"1869\" data-end=\"2251\"><strong data-start=\"1869\" data-end=\"1898\">Sp\u00e9cifications techniques\u00a0:<\/strong><br data-start=\"1898\" data-end=\"1901\" \/>Tension de fonctionnement : 24 V CC (21,6-27,6 V)<br data-start=\"1937\" data-end=\"1940\" \/>Consommation \u00e9lectrique : 110 mAh \/ max 300 mA<br data-start=\"1978\" data-end=\"1981\" \/>Contact \u00e0 piston : Microrupteur, 30 V DC \/ 1 A<br data-start=\"2021\" data-end=\"2024\" \/>R\u00e9sistance \u00e0 la rupture : 900 kg<br data-start=\"2047\" data-end=\"2050\" \/>Pression de la bande : 40 kg<br data-start=\"2066\" data-end=\"2069\" \/>Charni\u00e8re de porte : droite\/gauche<br data-start=\"2096\" data-end=\"2099\" \/>Type de serrure : Serrure \u00e0 p\u00eane simple, Serrure \u00e0 p\u00eane double<br data-start=\"2132\" data-end=\"2135\" \/>Dimensions (LxPxH) : 25 x 35 x 90 mm<br data-start=\"2164\" data-end=\"2167\" \/>Traitement de surface : Acier inoxydable<br data-start=\"2188\" data-end=\"2191\" \/>Produit de construction \u00e9valu\u00e9 : Oui<br data-start=\"2209\" data-end=\"2212\" \/>SundaHouse not\u00e9 : Oui<br data-start=\"2230\" data-end=\"2233\" \/>C\u00e2ble inclus : Non<\/p>","protected":false},"excerpt":{"rendered":"<p>Vous pouvez voir ici quels poteaux et mod\u00e8les s&#039;adaptent ensemble \u00e0 partir de la gamme STEP de but\u00e9es de porte \u00e9lectriques.<\/p>\n<h5><strong><a href=\"https:\/\/steplock.com\/sv\/stolpguide\/#!?lang=sv&amp;blog_id=1&amp;paged=1&amp;number=50\" target=\"_blank\" rel=\"noopener\">Guide de publication STEP\u00a0<\/a><\/strong><\/h5>\n<h5><strong><a href=\"https:\/\/steplock.com\/sv\/projekteringsguide\/#!?lang=sv&amp;blog_id=1&amp;paged=1&amp;number=999\" target=\"_blank\" rel=\"noopener\">Guide de conception STEP<\/a><\/strong><\/h5>","protected":false},"featured_media":139857,"template":"","meta":{"_acf_changed":false},"product_brand":[],"product_cat":[3355],"product_tag":[4197,4202],"class_list":{"0":"post-139859","1":"product","2":"type-product","3":"status-publish","4":"has-post-thumbnail","6":"product_cat-elslutbleck","7":"product_tag-24v","8":"product_tag-omstallbar-rattvand-omvand","9":"product_shipping_class-tunga-paket","10":"pa_brands-step","11":"tm-no-options","13":"first","14":"onbackorder","15":"sale","16":"taxable","17":"shipping-taxable","18":"purchasable","19":"product-type-simple"},"acf":[],"_links":{"self":[{"href":"https:\/\/secureus.se\/fr\/wp-json\/wp\/v2\/product\/139859","targetHints":{"allow":["GET"]}}],"collection":[{"href":"https:\/\/secureus.se\/fr\/wp-json\/wp\/v2\/product"}],"about":[{"href":"https:\/\/secureus.se\/fr\/wp-json\/wp\/v2\/types\/product"}],"wp:featuredmedia":[{"embeddable":true,"href":"https:\/\/secureus.se\/fr\/wp-json\/wp\/v2\/media\/139857"}],"wp:attachment":[{"href":"https:\/\/secureus.se\/fr\/wp-json\/wp\/v2\/media?parent=139859"}],"wp:term":[{"taxonomy":"product_brand","embeddable":true,"href":"https:\/\/secureus.se\/fr\/wp-json\/wp\/v2\/product_brand?post=139859"},{"taxonomy":"product_cat","embeddable":true,"href":"https:\/\/secureus.se\/fr\/wp-json\/wp\/v2\/product_cat?post=139859"},{"taxonomy":"product_tag","embeddable":true,"href":"https:\/\/secureus.se\/fr\/wp-json\/wp\/v2\/product_tag?post=139859"}],"curies":[{"name":"wp","href":"https:\/\/api.w.org\/{rel}","templated":true}]}}