{"id":139864,"date":"2023-09-26T13:06:28","date_gmt":"2023-09-26T11:06:28","guid":{"rendered":"https:\/\/secureus.se\/elslutbleck-step-60-rattvand-12v-kolvkontakt-10m-kabel\/"},"modified":"2026-04-08T16:29:57","modified_gmt":"2026-04-08T14:29:57","slug":"elslutbleck-step-60-rattvand-12v-kolvkontakt-10m-kabel","status":"publish","type":"product","link":"https:\/\/secureus.se\/fr\/elslutbleck-step-60-rattvand-12v-kolvkontakt-10m-kabel\/","title":{"rendered":"Plaque de terminaison \u00e9lectrique STEP 60 Connecteur \u00e0 piston 12 V orient\u00e9 vers la droite C\u00e2ble de 10 m"},"content":{"rendered":"<div>\n<h1>Plaque de terminaison \u00e9lectrique STEP 60 Connecteur \u00e0 piston 12 V orient\u00e9 vers la droite C\u00e2ble de 10 m<\/h1>\n<p>La g\u00e2che \u00e9lectrique STEP 60 Silent offre un fonctionnement silencieux et s\u00fbr pour les portes \u00e0 fr\u00e9quence d&#039;utilisation \u00e9lev\u00e9e.<\/p>\n<p>Avec une construction robuste, une classe de feu E\/EI120 et 10 m\u00e8tres de c\u00e2ble inclus, c&#039;est une solution efficace pour la s\u00e9curit\u00e9 et l&#039;att\u00e9nuation du bruit.<\/p>\n<p class=\"\" data-start=\"423\" data-end=\"918\">La g\u00e2che \u00e9lectrique STEP 60 Silent est con\u00e7ue pour r\u00e9duire les niveaux de bruit lors de l&#039;ouverture et de la fermeture tout en assurant un haut niveau de s\u00e9curit\u00e9 anti-intrusion.<\/p>\n<p class=\"\" data-start=\"423\" data-end=\"918\">Cette g\u00e2che \u00e9lectrique est parfaite pour une installation dans des portes fr\u00e9quemment utilis\u00e9es, par exemple dans des environnements o\u00f9 l&#039;isolation acoustique est une priorit\u00e9.<\/p>\n<p class=\"\" data-start=\"423\" data-end=\"918\">STEP 60 Silent appartient \u00e0 la s\u00e9rie Silent de STEP et utilise la technologie silencieuse brevet\u00e9e STEP qui rend les all\u00e9es silencieuses et fluides, r\u00e9duisant ainsi les bruits g\u00eanants et am\u00e9liorant l&#039;exp\u00e9rience utilisateur.<\/p>\n<p class=\"\" data-start=\"920\" data-end=\"1316\">Il est certifi\u00e9 pour une r\u00e9sistance au feu jusqu&#039;\u00e0 E\/EI 120, ce qui le rend adapt\u00e9 aux limites des cellules d&#039;incendie.<\/p>\n<p class=\"\" data-start=\"920\" data-end=\"1316\">Il offre \u00e9galement une r\u00e9sistance \u00e0 la rupture tr\u00e8s \u00e9lev\u00e9e de 16 kN (environ 1600 kg) et peut s&#039;ouvrir m\u00eame sous une pression de bande allant jusqu&#039;\u00e0 100 kg.<\/p>\n<p class=\"\" data-start=\"920\" data-end=\"1316\">L&#039;interrupteur \u00e0 piston int\u00e9gr\u00e9 indique si la porte est ferm\u00e9e\/ouverte et verrouill\u00e9e\/d\u00e9verrouill\u00e9e, ce qui le rend id\u00e9al pour l&#039;int\u00e9gration avec des syst\u00e8mes de contr\u00f4le d&#039;acc\u00e8s ou des syst\u00e8mes d&#039;alarme.<\/p>\n<p class=\"\" data-start=\"1318\" data-end=\"1333\"><strong data-start=\"1318\" data-end=\"1333\">Propri\u00e9t\u00e9s:<\/strong><\/p>\n<ul data-start=\"1334\" data-end=\"1854\">\n<li class=\"\" data-start=\"1334\" data-end=\"1377\">\n<p class=\"\" data-start=\"1336\" data-end=\"1377\">Fonction orient\u00e9e vers la droite (verrouill\u00e9e en mode hors tension)<\/p>\n<\/li>\n<li class=\"\" data-start=\"1378\" data-end=\"1451\">\n<p class=\"\" data-start=\"1380\" data-end=\"1451\">Certifi\u00e9 pour la r\u00e9sistance au feu jusqu&#039;\u00e0 E\/EI 120 selon SS-EN 14846:2008<\/p>\n<\/li>\n<li class=\"\" data-start=\"1452\" data-end=\"1503\">\n<p class=\"\" data-start=\"1454\" data-end=\"1503\">Microrupteur unipolaire alternatif, max. 30 V CC, 1 A<\/p>\n<\/li>\n<li class=\"\" data-start=\"1504\" data-end=\"1599\">\n<p class=\"\" data-start=\"1506\" data-end=\"1599\">Interrupteur \u00e0 piston int\u00e9gr\u00e9 avec indication pour d\u00e9tecter l&#039;\u00e9tat de la porte (ferm\u00e9e\/ouverte, verrouill\u00e9e\/d\u00e9verrouill\u00e9e)<\/p>\n<\/li>\n<li class=\"\" data-start=\"1600\" data-end=\"1666\">\n<p class=\"\" data-start=\"1602\" data-end=\"1666\">Contact de verrouillage pour connexion au syst\u00e8me de contr\u00f4le d&#039;acc\u00e8s ou au syst\u00e8me d&#039;alarme<\/p>\n<\/li>\n<li class=\"\" data-start=\"1667\" data-end=\"1706\">\n<p class=\"\" data-start=\"1669\" data-end=\"1706\">R\u00e9sistance \u00e0 la rupture de 16 kN (environ 1600 kg)<\/p>\n<\/li>\n<li class=\"\" data-start=\"1707\" data-end=\"1793\">\n<p class=\"\" data-start=\"1709\" data-end=\"1793\">Garantit l&#039;ouverture malgr\u00e9 une pression de bande jusqu&#039;\u00e0 100 kg en marche avant et arri\u00e8re<\/p>\n<\/li>\n<li class=\"\" data-start=\"1794\" data-end=\"1820\">\n<p class=\"\" data-start=\"1796\" data-end=\"1820\">Construction anti-choc<\/p>\n<\/li>\n<li class=\"\" data-start=\"1821\" data-end=\"1854\">\n<p class=\"\" data-start=\"1823\" data-end=\"1854\">C\u00e2ble sans halog\u00e8ne de 10 m\u00e8tres inclus<\/p>\n<\/li>\n<\/ul>\n<p class=\"\" data-start=\"1856\" data-end=\"1885\"><strong data-start=\"1856\" data-end=\"1885\">Sp\u00e9cifications techniques :<\/strong><\/p>\n<ul data-start=\"1886\" data-end=\"2390\">\n<li class=\"\" data-start=\"1886\" data-end=\"1916\">\n<p class=\"\" data-start=\"1888\" data-end=\"1916\">R\u00e9sistance \u00e0 la rupture max : 1600 kg<\/p>\n<\/li>\n<li class=\"\" data-start=\"1917\" data-end=\"1947\">\n<p class=\"\" data-start=\"1919\" data-end=\"1947\">Charni\u00e8re de porte : droite, gauche<\/p>\n<\/li>\n<li class=\"\" data-start=\"1948\" data-end=\"1993\">\n<p class=\"\" data-start=\"1950\" data-end=\"1993\">C\u00e2ble inclus : Oui (c\u00e2ble sans halog\u00e8ne de 10 m\u00e8tres)<\/p>\n<\/li>\n<li class=\"\" data-start=\"1994\" data-end=\"2013\">\n<p class=\"\" data-start=\"1996\" data-end=\"2013\">Pression de la bande : 100 kg<\/p>\n<\/li>\n<li class=\"\" data-start=\"2014\" data-end=\"2049\">\n<p class=\"\" data-start=\"2016\" data-end=\"2049\">Type de serrure : Serrure \u00e0 p\u00eane simple, Serrure \u00e0 p\u00eane double<\/p>\n<\/li>\n<li class=\"\" data-start=\"2050\" data-end=\"2072\">\n<p class=\"\" data-start=\"2052\" data-end=\"2072\">Largeur du produit : 28 mm<\/p>\n<\/li>\n<li class=\"\" data-start=\"2073\" data-end=\"2093\">\n<p class=\"\" data-start=\"2075\" data-end=\"2093\">Produit de construction \u00e9valu\u00e9 : Oui<\/p>\n<\/li>\n<li class=\"\" data-start=\"2094\" data-end=\"2115\">\n<p class=\"\" data-start=\"2096\" data-end=\"2115\">Profondeur du produit : 34 mm<\/p>\n<\/li>\n<li class=\"\" data-start=\"2116\" data-end=\"2144\">\n<p class=\"\" data-start=\"2118\" data-end=\"2144\">Tension de fonctionnement 12V\/24V : 12V<\/p>\n<\/li>\n<li class=\"\" data-start=\"2145\" data-end=\"2167\">\n<p class=\"\" data-start=\"2147\" data-end=\"2167\">Chute \u00e0 double torsion : Non<\/p>\n<\/li>\n<li class=\"\" data-start=\"2168\" data-end=\"2189\">\n<p class=\"\" data-start=\"2170\" data-end=\"2189\">V\u00e9rifi\u00e9 EPD : Non<\/p>\n<\/li>\n<li class=\"\" data-start=\"2190\" data-end=\"2202\">\n<p class=\"\" data-start=\"2192\" data-end=\"2202\">FINFO : Non<\/p>\n<\/li>\n<li class=\"\" data-start=\"2203\" data-end=\"2231\">\n<p class=\"\" data-start=\"2205\" data-end=\"2231\">Couleur\/Finition : Acier inoxydable<\/p>\n<\/li>\n<li class=\"\" data-start=\"2232\" data-end=\"2256\">\n<p class=\"\" data-start=\"2234\" data-end=\"2256\">Hauteur du produit : 149,5 mm<\/p>\n<\/li>\n<li class=\"\" data-start=\"2257\" data-end=\"2274\">\n<p class=\"\" data-start=\"2259\" data-end=\"2274\">Contact du piston : Oui<\/p>\n<\/li>\n<li class=\"\" data-start=\"2275\" data-end=\"2302\">\n<p class=\"\" data-start=\"2277\" data-end=\"2302\">Droite\/Inverse : Droite<\/p>\n<\/li>\n<li class=\"\" data-start=\"2303\" data-end=\"2323\">\n<p class=\"\" data-start=\"2305\" data-end=\"2323\">Tension AC\/DC : DC<\/p>\n<\/li>\n<li class=\"\" data-start=\"2324\" data-end=\"2346\">\n<p class=\"\" data-start=\"2326\" data-end=\"2346\">Tension maximale : 13,8 V<\/p>\n<\/li>\n<li class=\"\" data-start=\"2347\" data-end=\"2369\">\n<p class=\"\" data-start=\"2349\" data-end=\"2369\">Tension minimale : 10,8 V<\/p>\n<\/li>\n<li class=\"\" data-start=\"2370\" data-end=\"2390\">\n<p class=\"\" data-start=\"2372\" data-end=\"2390\">SundaHouse not\u00e9 : Oui<\/p>\n<\/li>\n<\/ul>\n<div>\n<div><\/div>\n<\/div>\n<\/div>","protected":false},"excerpt":{"rendered":"<p>Vous pouvez voir ici quels poteaux et mod\u00e8les s&#039;adaptent ensemble \u00e0 partir de la gamme STEP de but\u00e9es de porte \u00e9lectriques.<\/p>\n<h5><strong><a href=\"https:\/\/steplock.com\/sv\/stolpguide\/#!?lang=sv&amp;blog_id=1&amp;paged=1&amp;number=50\" target=\"_blank\" rel=\"noopener\">Guide de publication STEP\u00a0<\/a><\/strong><\/h5>\n<h5><strong><a href=\"https:\/\/steplock.com\/sv\/projekteringsguide\/#!?lang=sv&amp;blog_id=1&amp;paged=1&amp;number=999\" target=\"_blank\" rel=\"noopener\">Guide de conception STEP<\/a><\/strong><\/h5>","protected":false},"featured_media":139863,"template":"","meta":{"_acf_changed":false},"product_brand":[],"product_cat":[3355],"product_tag":[4198,4200],"class_list":{"0":"post-139864","1":"product","2":"type-product","3":"status-publish","4":"has-post-thumbnail","6":"product_cat-elslutbleck","7":"product_tag-12v","8":"product_tag-rattvand","9":"product_shipping_class-tunga-paket","10":"pa_brands-step","11":"tm-no-options","13":"first","14":"onbackorder","15":"sale","16":"taxable","17":"shipping-taxable","18":"purchasable","19":"product-type-simple"},"acf":[],"_links":{"self":[{"href":"https:\/\/secureus.se\/fr\/wp-json\/wp\/v2\/product\/139864","targetHints":{"allow":["GET"]}}],"collection":[{"href":"https:\/\/secureus.se\/fr\/wp-json\/wp\/v2\/product"}],"about":[{"href":"https:\/\/secureus.se\/fr\/wp-json\/wp\/v2\/types\/product"}],"wp:featuredmedia":[{"embeddable":true,"href":"https:\/\/secureus.se\/fr\/wp-json\/wp\/v2\/media\/139863"}],"wp:attachment":[{"href":"https:\/\/secureus.se\/fr\/wp-json\/wp\/v2\/media?parent=139864"}],"wp:term":[{"taxonomy":"product_brand","embeddable":true,"href":"https:\/\/secureus.se\/fr\/wp-json\/wp\/v2\/product_brand?post=139864"},{"taxonomy":"product_cat","embeddable":true,"href":"https:\/\/secureus.se\/fr\/wp-json\/wp\/v2\/product_cat?post=139864"},{"taxonomy":"product_tag","embeddable":true,"href":"https:\/\/secureus.se\/fr\/wp-json\/wp\/v2\/product_tag?post=139864"}],"curies":[{"name":"wp","href":"https:\/\/api.w.org\/{rel}","templated":true}]}}