{"id":139899,"date":"2023-09-26T13:07:46","date_gmt":"2023-09-26T11:07:46","guid":{"rendered":"https:\/\/secureus.se\/elslutbleck-step-90-rattvand-12v-kolvkontakt\/"},"modified":"2026-04-08T16:11:49","modified_gmt":"2026-04-08T14:11:49","slug":"elslutbleck-step-90-rattvand-12v-kolvkontakt","status":"publish","type":"product","link":"https:\/\/secureus.se\/fr\/elslutbleck-step-90-rattvand-12v-kolvkontakt\/","title":{"rendered":"Plaque \u00e0 bornes \u00e9lectriques STEP 90 Contact piston 12 V orient\u00e9 vers la droite"},"content":{"rendered":"<h1>Plaque \u00e0 bornes \u00e9lectriques STEP 90 Contact piston 12 V orient\u00e9 vers la droite<\/h1>\n<p>STEP 90 Preload HPR est une g\u00e2che \u00e9lectrique compacte, \u00e0 droite, avec contact \u00e0 piston et haute fiabilit\u00e9 de fonctionnement. R\u00e9sistant au feu jusqu&#039;\u00e0 E\/EI120 et s&#039;ouvre malgr\u00e9 une pression de bande de 250 kg.<\/p>\n<p class=\"\" data-start=\"246\" data-end=\"576\">La g\u00e2che \u00e9lectrique STEP 90 Preload HPR est d\u00e9velopp\u00e9e pour les environnements avec des exigences \u00e9lev\u00e9es en mati\u00e8re de s\u00e9curit\u00e9, de fiabilit\u00e9 op\u00e9rationnelle et d&#039;installation compacte.<\/p>\n<p class=\"\" data-start=\"246\" data-end=\"576\">Dot\u00e9 d&#039;une fonction orient\u00e9e vers la droite (verrouill\u00e9e en position hors tension) et d&#039;un contact \u00e0 piston, il fournit une indication claire de l&#039;\u00e9tat de la position de la porte - id\u00e9al pour la connexion \u00e0 un syst\u00e8me de contr\u00f4le d&#039;acc\u00e8s ou \u00e0 une alarme.<\/p>\n<p class=\"\" data-start=\"578\" data-end=\"837\">STEP 90 appartient \u00e0 la s\u00e9rie Preload de STEP et est \u00e9quip\u00e9 de la technologie brevet\u00e9e de pression de bande HPR\u00ae, qui garantit le d\u00e9verrouillage m\u00eame si la porte est soumise \u00e0 une pression allant jusqu&#039;\u00e0 250 kg.<\/p>\n<p class=\"\" data-start=\"578\" data-end=\"837\">Cela en fait un choix tr\u00e8s fiable dans les environnements de portes avec une fr\u00e9quence d&#039;ouverture \u00e9lev\u00e9e.<\/p>\n<p class=\"\" data-start=\"839\" data-end=\"1177\">Il est class\u00e9 au feu selon la norme E\/EI120 et poss\u00e8de une r\u00e9sistance \u00e0 la rupture \u00e9lev\u00e9e de 1 200 kg. La construction est robuste et inviolable, tandis que les dimensions sont si petites que la t\u00f4le peut \u00eatre facilement install\u00e9e m\u00eame dans des espaces restreints.<\/p>\n<p class=\"\" data-start=\"839\" data-end=\"1177\">Le produit est r\u00e9versible pour les portes \u00e0 ouverture \u00e0 droite et \u00e0 gauche et s&#039;adapte aux bo\u00eetiers de serrure des s\u00e9ries Connect, Modul et Narrow Profile.<\/p>\n<p class=\"\" data-start=\"1179\" data-end=\"1207\"><strong data-start=\"1179\" data-end=\"1205\">Caract\u00e9ristiques et avantages :<\/strong><\/p>\n<ul data-start=\"1208\" data-end=\"1512\">\n<li class=\"\" data-start=\"1208\" data-end=\"1247\">\n<p class=\"\" data-start=\"1210\" data-end=\"1247\">Fonctionnement correct (verrouill\u00e9 sans alimentation)<\/p>\n<\/li>\n<li class=\"\" data-start=\"1248\" data-end=\"1291\">\n<p class=\"\" data-start=\"1250\" data-end=\"1291\">Interrupteur \u00e0 piston pour d\u00e9tecter l&#039;\u00e9tat de la porte<\/p>\n<\/li>\n<li class=\"\" data-start=\"1292\" data-end=\"1325\">\n<p class=\"\" data-start=\"1294\" data-end=\"1325\">R\u00e9sistance au feu jusqu&#039;\u00e0 E\/EI120<\/p>\n<\/li>\n<li class=\"\" data-start=\"1326\" data-end=\"1373\">\n<p class=\"\" data-start=\"1328\" data-end=\"1373\">Technologie HPR\u00ae \u2013 s&#039;ouvre malgr\u00e9 une pression de bande de 250 kg<\/p>\n<\/li>\n<li class=\"\" data-start=\"1374\" data-end=\"1402\">\n<p class=\"\" data-start=\"1376\" data-end=\"1402\">R\u00e9sistance \u00e0 la rupture 1 200 kg<\/p>\n<\/li>\n<li class=\"\" data-start=\"1403\" data-end=\"1433\">\n<p class=\"\" data-start=\"1405\" data-end=\"1433\">Conception compacte et r\u00e9versible<\/p>\n<\/li>\n<li class=\"\" data-start=\"1434\" data-end=\"1477\">\n<p class=\"\" data-start=\"1436\" data-end=\"1477\">Antichoc et \u00e9quip\u00e9 d&#039;une diode de protection<\/p>\n<\/li>\n<li class=\"\" data-start=\"1478\" data-end=\"1512\">\n<p class=\"\" data-start=\"1480\" data-end=\"1512\">Convient aux serrures \u00e0 un ou deux vantaux<\/p>\n<\/li>\n<\/ul>","protected":false},"excerpt":{"rendered":"<p>Vous pouvez voir ici quels poteaux et mod\u00e8les s&#039;adaptent ensemble \u00e0 partir de la gamme STEP de but\u00e9es de porte \u00e9lectriques.<\/p>\n<h5><strong><a href=\"https:\/\/steplock.com\/sv\/stolpguide\/#!?lang=sv&amp;blog_id=1&amp;paged=1&amp;number=50\" target=\"_blank\" rel=\"noopener\">Guide de publication STEP\u00a0<\/a><\/strong><\/h5>\n<h5><strong><a href=\"https:\/\/steplock.com\/sv\/projekteringsguide\/#!?lang=sv&amp;blog_id=1&amp;paged=1&amp;number=999\" target=\"_blank\" rel=\"noopener\">Guide de conception STEP<\/a><\/strong><\/h5>","protected":false},"featured_media":139893,"template":"","meta":{"_acf_changed":false},"product_brand":[],"product_cat":[3355],"product_tag":[4196,4200],"class_list":{"0":"post-139899","1":"product","2":"type-product","3":"status-publish","4":"has-post-thumbnail","6":"product_cat-elslutbleck","7":"product_tag-12-24v","8":"product_tag-rattvand","9":"product_shipping_class-tunga-paket","10":"pa_brands-step","11":"tm-no-options","13":"first","14":"onbackorder","15":"sale","16":"taxable","17":"shipping-taxable","18":"purchasable","19":"product-type-simple"},"acf":[],"_links":{"self":[{"href":"https:\/\/secureus.se\/fr\/wp-json\/wp\/v2\/product\/139899","targetHints":{"allow":["GET"]}}],"collection":[{"href":"https:\/\/secureus.se\/fr\/wp-json\/wp\/v2\/product"}],"about":[{"href":"https:\/\/secureus.se\/fr\/wp-json\/wp\/v2\/types\/product"}],"wp:featuredmedia":[{"embeddable":true,"href":"https:\/\/secureus.se\/fr\/wp-json\/wp\/v2\/media\/139893"}],"wp:attachment":[{"href":"https:\/\/secureus.se\/fr\/wp-json\/wp\/v2\/media?parent=139899"}],"wp:term":[{"taxonomy":"product_brand","embeddable":true,"href":"https:\/\/secureus.se\/fr\/wp-json\/wp\/v2\/product_brand?post=139899"},{"taxonomy":"product_cat","embeddable":true,"href":"https:\/\/secureus.se\/fr\/wp-json\/wp\/v2\/product_cat?post=139899"},{"taxonomy":"product_tag","embeddable":true,"href":"https:\/\/secureus.se\/fr\/wp-json\/wp\/v2\/product_tag?post=139899"}],"curies":[{"name":"wp","href":"https:\/\/api.w.org\/{rel}","templated":true}]}}