{"id":139934,"date":"2023-09-26T13:07:37","date_gmt":"2023-09-26T11:07:37","guid":{"rendered":"https:\/\/secureus.se\/elslutbleck-step-18-vanster-omvand-12v-9mm-regel-connect\/"},"modified":"2026-04-23T12:42:40","modified_gmt":"2026-04-23T10:42:40","slug":"elslutbleck-step-18-vanster-omvand-12v-9mm-regel-connect","status":"publish","type":"product","link":"https:\/\/secureus.se\/fr\/elslutbleck-step-18-vanster-omvand-12v-9mm-regel-connect\/","title":{"rendered":"Plaque d&#039;extr\u00e9mit\u00e9 \u00e9lectrique STEP 18 Gauche Inverse 12V 9mm Regel Connect"},"content":{"rendered":"<h1>Plaque d&#039;extr\u00e9mit\u00e9 \u00e9lectrique STEP 18 Gauche Inverse 12V 9mm Regel Connect<\/h1>\n<p>\u00c9TAPE 18 Fixez la g\u00e2che \u00e9lectrique pour portes suspendues \u00e0 gauche avec un boulon Connect de 9 mm. Fonction inverse, classe de feu E\/EI60, contact piston et haute r\u00e9sistance \u00e0 la rupture.<\/p>\n<p class=\"\" data-start=\"237\" data-end=\"695\">La g\u00e2che \u00e9lectrique STEP 18 Secure est une g\u00e2che \u00e9lectrique puissante et fiable, d\u00e9velopp\u00e9e pour les environnements avec des exigences tr\u00e8s \u00e9lev\u00e9es en mati\u00e8re de s\u00e9curit\u00e9 et de fiabilit\u00e9.<\/p>\n<p class=\"\" data-start=\"237\" data-end=\"695\">Ce mod\u00e8le est con\u00e7u pour les serrures \u00e0 p\u00eane avec piston de 9 mm de la s\u00e9rie Connect et est adapt\u00e9 aux portes \u00e0 ouverture \u00e0 gauche.<\/p>\n<p class=\"\" data-start=\"237\" data-end=\"695\">La plaque est dot\u00e9e d&#039;une fonction inverse, ce qui signifie qu&#039;elle est d\u00e9verrouill\u00e9e en position hors tension - parfaite pour les voies d&#039;\u00e9vacuation o\u00f9 la s\u00e9curit\u00e9 doit \u00eatre combin\u00e9e \u00e0 un acc\u00e8s rapide.<\/p>\n<p class=\"\" data-start=\"697\" data-end=\"1029\">Le produit est class\u00e9 au feu jusqu&#039;\u00e0 E\/EI60 et approuv\u00e9 pour les portes de s\u00e9curit\u00e9 jusqu&#039;\u00e0 RC4, ce qui le rend particuli\u00e8rement adapt\u00e9 \u00e0 une utilisation dans, par exemple, les banques, les prisons et autres environnements \u00e0 haut risque.<\/p>\n<p class=\"\" data-start=\"697\" data-end=\"1029\">STEP 18 est \u00e9quip\u00e9 d&#039;un contact \u00e0 piston et \u00e0 loquet qui permet l&#039;int\u00e9gration dans les syst\u00e8mes de contr\u00f4le d&#039;acc\u00e8s modernes et fournit une indication claire de l&#039;\u00e9tat de la porte.<\/p>\n<p class=\"\" data-start=\"1031\" data-end=\"1259\">La technologie brevet\u00e9e offre une r\u00e9sistance \u00e0 la rupture de 15 kN et la t\u00f4le s&#039;ouvre m\u00eame avec une pression de bande allant jusqu&#039;\u00e0 500 kg.<\/p>\n<p class=\"\" data-start=\"1031\" data-end=\"1259\">Un c\u00e2ble sans halog\u00e8ne de 5 m\u00e8tres est inclus, et une diode de protection et un parasurtenseur assurent une s\u00e9curit\u00e9 suppl\u00e9mentaire lors de l&#039;installation.<\/p>\n<p class=\"\" data-start=\"1261\" data-end=\"1289\"><strong data-start=\"1261\" data-end=\"1287\">Caract\u00e9ristiques et avantages :<\/strong><\/p>\n<ul data-start=\"1290\" data-end=\"1585\">\n<li class=\"\" data-start=\"1290\" data-end=\"1319\">\n<p class=\"\" data-start=\"1292\" data-end=\"1319\">Convient aux bielles de 9 mm<\/p>\n<\/li>\n<li class=\"\" data-start=\"1320\" data-end=\"1348\">\n<p class=\"\" data-start=\"1322\" data-end=\"1348\">Pour portes battantes \u00e0 gauche<\/p>\n<\/li>\n<li class=\"\" data-start=\"1349\" data-end=\"1387\">\n<p class=\"\" data-start=\"1351\" data-end=\"1387\">Fonction inverse (d\u00e9verrouillage sans alimentation)<\/p>\n<\/li>\n<li class=\"\" data-start=\"1388\" data-end=\"1420\">\n<p class=\"\" data-start=\"1390\" data-end=\"1420\">R\u00e9sistance au feu jusqu&#039;\u00e0 E\/EI60<\/p>\n<\/li>\n<li class=\"\" data-start=\"1421\" data-end=\"1464\">\n<p class=\"\" data-start=\"1423\" data-end=\"1464\">Contact \u00e0 piston et \u00e0 loquet pour syst\u00e8mes de contr\u00f4le d&#039;acc\u00e8s<\/p>\n<\/li>\n<li class=\"\" data-start=\"1465\" data-end=\"1491\">\n<p class=\"\" data-start=\"1467\" data-end=\"1491\">R\u00e9sistance \u00e0 la rupture : 15 kN<\/p>\n<\/li>\n<li class=\"\" data-start=\"1492\" data-end=\"1525\">\n<p class=\"\" data-start=\"1494\" data-end=\"1525\">R\u00e9siste \u00e0 une pression de bande jusqu&#039;\u00e0 500 kg<\/p>\n<\/li>\n<li class=\"\" data-start=\"1526\" data-end=\"1556\">\n<p class=\"\" data-start=\"1528\" data-end=\"1556\">C\u00e2ble de 5 m sans halog\u00e8ne inclus<\/p>\n<\/li>\n<li class=\"\" data-start=\"1557\" data-end=\"1585\">\n<p class=\"\" data-start=\"1559\" data-end=\"1585\">Diode de protection et antichoc<\/p>\n<\/li>\n<\/ul>","protected":false},"excerpt":{"rendered":"<p>Vous pouvez voir ici quels poteaux et mod\u00e8les s&#039;adaptent ensemble \u00e0 partir de la gamme STEP de but\u00e9es de porte \u00e9lectriques.<\/p>\n<h5><strong><a href=\"https:\/\/steplock.com\/sv\/stolpguide\/#!?lang=sv&amp;blog_id=1&amp;paged=1&amp;number=50\" target=\"_blank\" rel=\"noopener\">Guide de publication STEP\u00a0<\/a><\/strong><\/h5>\n<h5><strong><a href=\"https:\/\/steplock.com\/sv\/projekteringsguide\/#!?lang=sv&amp;blog_id=1&amp;paged=1&amp;number=999\" target=\"_blank\" rel=\"noopener\">Guide de conception STEP<\/a><\/strong><\/h5>","protected":false},"featured_media":139930,"template":"","meta":{"_acf_changed":false},"product_brand":[],"product_cat":[3355],"product_tag":[4198,4201],"class_list":{"0":"post-139934","1":"product","2":"type-product","3":"status-publish","4":"has-post-thumbnail","6":"product_cat-elslutbleck","7":"product_tag-12v","8":"product_tag-omvand","9":"product_shipping_class-tunga-paket","10":"pa_brands-step","11":"tm-no-options","13":"first","14":"onbackorder","15":"sale","16":"taxable","17":"shipping-taxable","18":"purchasable","19":"product-type-simple"},"acf":[],"_links":{"self":[{"href":"https:\/\/secureus.se\/fr\/wp-json\/wp\/v2\/product\/139934","targetHints":{"allow":["GET"]}}],"collection":[{"href":"https:\/\/secureus.se\/fr\/wp-json\/wp\/v2\/product"}],"about":[{"href":"https:\/\/secureus.se\/fr\/wp-json\/wp\/v2\/types\/product"}],"wp:featuredmedia":[{"embeddable":true,"href":"https:\/\/secureus.se\/fr\/wp-json\/wp\/v2\/media\/139930"}],"wp:attachment":[{"href":"https:\/\/secureus.se\/fr\/wp-json\/wp\/v2\/media?parent=139934"}],"wp:term":[{"taxonomy":"product_brand","embeddable":true,"href":"https:\/\/secureus.se\/fr\/wp-json\/wp\/v2\/product_brand?post=139934"},{"taxonomy":"product_cat","embeddable":true,"href":"https:\/\/secureus.se\/fr\/wp-json\/wp\/v2\/product_cat?post=139934"},{"taxonomy":"product_tag","embeddable":true,"href":"https:\/\/secureus.se\/fr\/wp-json\/wp\/v2\/product_tag?post=139934"}],"curies":[{"name":"wp","href":"https:\/\/api.w.org\/{rel}","templated":true}]}}