{"id":139960,"date":"2023-09-26T13:07:27","date_gmt":"2023-09-26T11:07:27","guid":{"rendered":"https:\/\/secureus.se\/elslutbleck-step-28e-hoger-rattvand-12v-9mm-regel\/"},"modified":"2026-04-08T16:28:15","modified_gmt":"2026-04-08T14:28:15","slug":"elslutbleck-step-28e-hoger-rattvand-12v-9mm-regel","status":"publish","type":"product","link":"https:\/\/secureus.se\/fr\/elslutbleck-step-28e-hoger-rattvand-12v-9mm-regel\/","title":{"rendered":"Plaque \u00e0 bornes \u00e9lectriques STEP 28E Droite Face \u00e0 droite R\u00e8gle 12V 9mm"},"content":{"rendered":"<h1>Plaque \u00e0 bornes \u00e9lectriques STEP 28E Droite Face \u00e0 droite R\u00e8gle 12V 9mm<\/h1>\n<p>G\u00e2che \u00e9lectrique s\u00e9curis\u00e9e avec fonction droite, adapt\u00e9e aux portes \u00e0 ouverture \u00e0 droite et piston de 9 mm de la s\u00e9rie Connect. Classe de feu E\/EI 60. Incl. C\u00e2ble de 5 m.<\/p>\n<p class=\"\" data-start=\"233\" data-end=\"584\">La g\u00e2che \u00e9lectrique s\u00e9curis\u00e9e STEP 28E est une g\u00e2che \u00e9lectrique fiable con\u00e7ue pour les environnements de s\u00e9curit\u00e9 o\u00f9 les exigences de r\u00e9sistance \u00e0 l&#039;intrusion, de r\u00e9sistance au feu et d&#039;\u00e9vacuation sont combin\u00e9es.<\/p>\n<p class=\"\" data-start=\"233\" data-end=\"584\">Ce mod\u00e8le est adapt\u00e9 aux portes \u00e0 ouverture \u00e0 droite avec un p\u00eane de 9 mm de la s\u00e9rie Connect et est utilis\u00e9 avec une serrure \u00e0 p\u00eane dormant ou une serrure \u00e0 p\u00eane dormant pour un effet de verrouillage maximal.<\/p>\n<p class=\"\" data-start=\"586\" data-end=\"872\">Gr\u00e2ce \u00e0 sa fonction inverse, la g\u00e2che \u00e9lectrique reste verrouill\u00e9e en position hors tension \u2013 un dispositif de s\u00e9curit\u00e9 qui prot\u00e8ge la porte en cas de panne de courant.<\/p>\n<p class=\"\" data-start=\"586\" data-end=\"872\">Il est certifi\u00e9 selon la classe de protection incendie E\/EI 60 et constitue un excellent choix pour les installations o\u00f9 les portes doivent \u00eatre combin\u00e9es avec un automatisme de porte ou des poign\u00e9es de tirage.<\/p>\n<p class=\"\" data-start=\"874\" data-end=\"1253\">STEP 28E est \u00e9quip\u00e9 d&#039;un interrupteur \u00e0 piston et d&#039;un interrupteur \u00e0 loquet, ce qui permet une surveillance pr\u00e9cise de l&#039;\u00e9tat de la porte (ouverte\/ferm\u00e9e et verrouill\u00e9e\/d\u00e9verrouill\u00e9e) via des syst\u00e8mes de contr\u00f4le d&#039;acc\u00e8s ou des syst\u00e8mes d&#039;alarme.<\/p>\n<p class=\"\" data-start=\"874\" data-end=\"1253\">La construction robuste r\u00e9siste \u00e0 une r\u00e9sistance \u00e0 la rupture de plus de 15 kN et fonctionne \u00e9galement avec une pression de bande allant jusqu&#039;\u00e0 500 kg.<\/p>\n<p class=\"\" data-start=\"874\" data-end=\"1253\">Le produit est inviolable et est livr\u00e9 avec un c\u00e2ble de connexion sans halog\u00e8ne de 5 m\u00e8tres.<\/p>\n<p class=\"\" data-start=\"1255\" data-end=\"1283\"><strong data-start=\"1255\" data-end=\"1281\">Caract\u00e9ristiques et avantages :<\/strong><\/p>\n<ul data-start=\"1284\" data-end=\"1581\">\n<li class=\"\" data-start=\"1284\" data-end=\"1331\">\n<p class=\"\" data-start=\"1286\" data-end=\"1331\">Pour serrure de r\u00e9gulation avec piston de 9 mm de la s\u00e9rie Connect<\/p>\n<\/li>\n<li class=\"\" data-start=\"1332\" data-end=\"1377\">\n<p class=\"\" data-start=\"1334\" data-end=\"1377\">Fonctionnement correct \u2013 verrouill\u00e9 en position hors tension<\/p>\n<\/li>\n<li class=\"\" data-start=\"1378\" data-end=\"1413\">\n<p class=\"\" data-start=\"1380\" data-end=\"1413\">Adapt\u00e9 aux portes \u00e0 suspension \u00e0 droite<\/p>\n<\/li>\n<li class=\"\" data-start=\"1414\" data-end=\"1447\">\n<p class=\"\" data-start=\"1416\" data-end=\"1447\">Homologu\u00e9 incendie jusqu&#039;\u00e0 E\/EI 60<\/p>\n<\/li>\n<li class=\"\" data-start=\"1448\" data-end=\"1482\">\n<p class=\"\" data-start=\"1450\" data-end=\"1482\">Interrupteur \u00e0 piston et \u00e0 loquet int\u00e9gr\u00e9<\/p>\n<\/li>\n<li class=\"\" data-start=\"1483\" data-end=\"1516\">\n<p class=\"\" data-start=\"1485\" data-end=\"1516\">R\u00e9siste \u00e0 une pression de bande jusqu&#039;\u00e0 500 kg<\/p>\n<\/li>\n<li class=\"\" data-start=\"1517\" data-end=\"1547\">\n<p class=\"\" data-start=\"1519\" data-end=\"1547\">R\u00e9sistance \u00e0 la rupture sup\u00e9rieure \u00e0 15 kN<\/p>\n<\/li>\n<li class=\"\" data-start=\"1548\" data-end=\"1581\">\n<p class=\"\" data-start=\"1550\" data-end=\"1581\">Comprend un c\u00e2ble sans halog\u00e8ne de 5 m<\/p>\n<\/li>\n<\/ul>","protected":false},"excerpt":{"rendered":"<p>Vous pouvez voir ici quels poteaux et mod\u00e8les s&#039;adaptent ensemble \u00e0 partir de la gamme STEP de but\u00e9es de porte \u00e9lectriques.<\/p>\n<h5><strong><a href=\"https:\/\/steplock.com\/sv\/stolpguide\/#!?lang=sv&amp;blog_id=1&amp;paged=1&amp;number=50\" target=\"_blank\" rel=\"noopener\">Guide de publication STEP\u00a0<\/a><\/strong><\/h5>\n<h5><strong><a href=\"https:\/\/steplock.com\/sv\/projekteringsguide\/#!?lang=sv&amp;blog_id=1&amp;paged=1&amp;number=999\" target=\"_blank\" rel=\"noopener\">Guide de conception STEP<\/a><\/strong><\/h5>","protected":false},"featured_media":139956,"template":"","meta":{"_acf_changed":false},"product_brand":[],"product_cat":[3355],"product_tag":[4198,4200],"class_list":{"0":"post-139960","1":"product","2":"type-product","3":"status-publish","4":"has-post-thumbnail","6":"product_cat-elslutbleck","7":"product_tag-12v","8":"product_tag-rattvand","9":"product_shipping_class-tunga-paket","10":"pa_brands-step","11":"tm-no-options","13":"first","14":"instock","15":"sale","16":"taxable","17":"shipping-taxable","18":"purchasable","19":"product-type-simple"},"acf":[],"_links":{"self":[{"href":"https:\/\/secureus.se\/fr\/wp-json\/wp\/v2\/product\/139960","targetHints":{"allow":["GET"]}}],"collection":[{"href":"https:\/\/secureus.se\/fr\/wp-json\/wp\/v2\/product"}],"about":[{"href":"https:\/\/secureus.se\/fr\/wp-json\/wp\/v2\/types\/product"}],"wp:featuredmedia":[{"embeddable":true,"href":"https:\/\/secureus.se\/fr\/wp-json\/wp\/v2\/media\/139956"}],"wp:attachment":[{"href":"https:\/\/secureus.se\/fr\/wp-json\/wp\/v2\/media?parent=139960"}],"wp:term":[{"taxonomy":"product_brand","embeddable":true,"href":"https:\/\/secureus.se\/fr\/wp-json\/wp\/v2\/product_brand?post=139960"},{"taxonomy":"product_cat","embeddable":true,"href":"https:\/\/secureus.se\/fr\/wp-json\/wp\/v2\/product_cat?post=139960"},{"taxonomy":"product_tag","embeddable":true,"href":"https:\/\/secureus.se\/fr\/wp-json\/wp\/v2\/product_tag?post=139960"}],"curies":[{"name":"wp","href":"https:\/\/api.w.org\/{rel}","templated":true}]}}