{"id":139969,"date":"2023-09-26T13:07:11","date_gmt":"2023-09-26T11:07:11","guid":{"rendered":"https:\/\/secureus.se\/elslutbleck-step-28e-hoger-rattvand-12v-12mm-regel\/"},"modified":"2026-04-08T16:32:04","modified_gmt":"2026-04-08T14:32:04","slug":"elslutbleck-step-28e-hoger-rattvand-12v-12mm-regel","status":"publish","type":"product","link":"https:\/\/secureus.se\/fr\/elslutbleck-step-28e-hoger-rattvand-12v-12mm-regel\/","title":{"rendered":"Plaque d&#039;extr\u00e9mit\u00e9 \u00e9lectrique STEP 28E Droite Face \u00e0 droite 12V R\u00e8gle de 12mm"},"content":{"rendered":"<h1>Plaque d&#039;extr\u00e9mit\u00e9 \u00e9lectrique STEP 28E Droite Face \u00e0 droite 12V R\u00e8gle de 12mm<\/h1>\n<p>STEP 28E Secure est une g\u00e2che \u00e9lectrique homologu\u00e9e incendie avec une haute r\u00e9sistance \u00e0 l&#039;intrusion et une fonction de maintien de porte.<\/p>\n<p>Id\u00e9al pour les portes de s\u00e9curit\u00e9 avec des exigences \u00e9lev\u00e9es en mati\u00e8re de r\u00e9sistance au feu et d&#039;\u00e9vacuation.<\/p>\n<p class=\"\" data-start=\"349\" data-end=\"786\">La g\u00e2che \u00e9lectrique STEP 28E Secure est une solution fiable pour les portes qui n\u00e9cessitent \u00e0 la fois s\u00e9curit\u00e9 et r\u00e9sistance au feu, notamment lorsque l&#039;\u00e9vacuation et l&#039;automatisation des portes doivent \u00eatre combin\u00e9es.<\/p>\n<p class=\"\" data-start=\"349\" data-end=\"786\">Il est con\u00e7u pour \u00eatre utilis\u00e9 avec des serrures \u00e0 p\u00eane avec un p\u00eane de 12 mm de la s\u00e9rie Modul et est parfait pour les portes \u00e0 suspension \u00e0 droite.<\/p>\n<p class=\"\" data-start=\"349\" data-end=\"786\">STEP 28E Secure r\u00e9pond aux exigences de r\u00e9sistance au feu jusqu&#039;\u00e0 E\/EI 60, ce qui en fait un excellent choix pour les portes qui doivent r\u00e9sister au feu pendant au moins 60 minutes.<\/p>\n<p class=\"\" data-start=\"788\" data-end=\"1182\">Gr\u00e2ce \u00e0 son contact \u00e0 piston int\u00e9gr\u00e9, l&#039;\u00e9tat de la porte (ferm\u00e9\/ouvert) et l&#039;\u00e9tat du verrouillage (verrouill\u00e9\/d\u00e9verrouill\u00e9) peuvent \u00eatre facilement int\u00e9gr\u00e9s dans les syst\u00e8mes de contr\u00f4le d&#039;acc\u00e8s et les syst\u00e8mes d&#039;alarme.<\/p>\n<p class=\"\" data-start=\"788\" data-end=\"1182\">STEP 28E Secure a une r\u00e9sistance \u00e0 la rupture de plus de 15 kN (environ 1500 kg) et garantit l&#039;ouverture de la porte malgr\u00e9 une pression de bande de 5 kN (environ 500 kg) en marche avant et arri\u00e8re.<\/p>\n<p class=\"\" data-start=\"788\" data-end=\"1182\">Un c\u00e2ble de connexion sans halog\u00e8ne de 5 m\u00e8tres est \u00e9galement inclus pour une installation facile.<\/p>\n<p class=\"\" data-start=\"1184\" data-end=\"1199\"><strong data-start=\"1184\" data-end=\"1199\">Propri\u00e9t\u00e9s:<\/strong><\/p>\n<ul data-start=\"1200\" data-end=\"1682\">\n<li class=\"\" data-start=\"1200\" data-end=\"1243\">\n<p class=\"\" data-start=\"1202\" data-end=\"1243\">Pour serrure de commande avec piston de 12 mm de la s\u00e9rie Modul<\/p>\n<\/li>\n<li class=\"\" data-start=\"1244\" data-end=\"1287\">\n<p class=\"\" data-start=\"1246\" data-end=\"1287\">Fonction orient\u00e9e vers la droite (verrouill\u00e9e en mode hors tension)<\/p>\n<\/li>\n<li class=\"\" data-start=\"1288\" data-end=\"1312\">\n<p class=\"\" data-start=\"1290\" data-end=\"1312\">Pour portes battantes \u00e0 droite<\/p>\n<\/li>\n<li class=\"\" data-start=\"1313\" data-end=\"1344\">\n<p class=\"\" data-start=\"1315\" data-end=\"1344\">Homologu\u00e9 incendie jusqu&#039;\u00e0 E\/EI 60<\/p>\n<\/li>\n<li class=\"\" data-start=\"1345\" data-end=\"1396\">\n<p class=\"\" data-start=\"1347\" data-end=\"1396\">Microrupteur unipolaire alternatif, max. 30 V CC, 1 A<\/p>\n<\/li>\n<li class=\"\" data-start=\"1397\" data-end=\"1499\">\n<p class=\"\" data-start=\"1399\" data-end=\"1499\">Indication de l&#039;\u00e9tat de la porte (ferm\u00e9e\/ouverte) et de l&#039;\u00e9tat du verrou (verrouill\u00e9\/d\u00e9verrouill\u00e9) via le contact du piston et le contact du loquet<\/p>\n<\/li>\n<li class=\"\" data-start=\"1500\" data-end=\"1541\">\n<p class=\"\" data-start=\"1502\" data-end=\"1541\">R\u00e9sistance \u00e0 la rupture sup\u00e9rieure \u00e0 15 kN (environ 1500 kg)<\/p>\n<\/li>\n<li class=\"\" data-start=\"1542\" data-end=\"1617\">\n<p class=\"\" data-start=\"1544\" data-end=\"1617\">S&#039;ouvre malgr\u00e9 une pression de bande de 5 kN (environ 500 kg) en marche avant et arri\u00e8re<\/p>\n<\/li>\n<li class=\"\" data-start=\"1618\" data-end=\"1682\">\n<p class=\"\" data-start=\"1620\" data-end=\"1682\">R\u00e9sistant aux chocs et comprend 5 m\u00e8tres de c\u00e2ble de connexion sans halog\u00e8ne<\/p>\n<\/li>\n<\/ul>\n<p class=\"\" data-start=\"1684\" data-end=\"1713\"><strong data-start=\"1684\" data-end=\"1713\">Sp\u00e9cifications techniques :<\/strong><\/p>\n<ul data-start=\"1714\" data-end=\"2289\">\n<li class=\"\" data-start=\"1714\" data-end=\"1806\">\n<p class=\"\" data-start=\"1716\" data-end=\"1806\">Alimentation : 12 V DC (+15% -10%) 1000 mA d\u00e9verrouill\u00e9 ou 24 V DC (+15% -10%) 500 mA d\u00e9verrouill\u00e9<\/p>\n<\/li>\n<li class=\"\" data-start=\"1807\" data-end=\"1847\">\n<p class=\"\" data-start=\"1809\" data-end=\"1847\">Durabilit\u00e9 : Grade Y selon SS-EN 14846<\/p>\n<\/li>\n<li class=\"\" data-start=\"1848\" data-end=\"1887\">\n<p class=\"\" data-start=\"1850\" data-end=\"1887\">Corrosion : Grade M selon SS-EN 14846<\/p>\n<\/li>\n<li class=\"\" data-start=\"1888\" data-end=\"1926\">\n<p class=\"\" data-start=\"1890\" data-end=\"1926\">S\u00e9curit\u00e9 : Grade 7 selon SS-EN 14846<\/p>\n<\/li>\n<li class=\"\" data-start=\"1927\" data-end=\"2017\">\n<p class=\"\" data-start=\"1929\" data-end=\"2017\">Manipulation \u00e9lectrique de s\u00e9curit\u00e9 : Grade 3 (face vers l&#039;avant) Grade 1 (face vers l&#039;arri\u00e8re) selon SS-EN 14846<\/p>\n<\/li>\n<li class=\"\" data-start=\"2018\" data-end=\"2039\">\n<p class=\"\" data-start=\"2020\" data-end=\"2039\">Test\u00e9 au feu : 60 min<\/p>\n<\/li>\n<li class=\"\" data-start=\"2040\" data-end=\"2066\">\n<p class=\"\" data-start=\"2042\" data-end=\"2066\">R\u00e9sistance \u00e0 la rupture : 1500 kg<\/p>\n<\/li>\n<li class=\"\" data-start=\"2067\" data-end=\"2088\">\n<p class=\"\" data-start=\"2069\" data-end=\"2088\">Charni\u00e8re de porte : droite<\/p>\n<\/li>\n<li class=\"\" data-start=\"2089\" data-end=\"2143\">\n<p class=\"\" data-start=\"2091\" data-end=\"2143\">C\u00e2ble inclus : Oui, c\u00e2ble de connexion sans halog\u00e8ne de 5 m\u00e8tres<\/p>\n<\/li>\n<li class=\"\" data-start=\"2144\" data-end=\"2163\">\n<p class=\"\" data-start=\"2146\" data-end=\"2163\">Pression nominale : 500 kg<\/p>\n<\/li>\n<li class=\"\" data-start=\"2164\" data-end=\"2195\">\n<p class=\"\" data-start=\"2166\" data-end=\"2195\">Type de serrure : Serrure \u00e0 crochet, Serrure \u00e0 loquet<\/p>\n<\/li>\n<li class=\"\" data-start=\"2196\" data-end=\"2250\">\n<p class=\"\" data-start=\"2198\" data-end=\"2250\">Dimensions du produit : Largeur : 35 mm, Profondeur : 40 mm, Hauteur : 230 mm<\/p>\n<\/li>\n<li class=\"\" data-start=\"2251\" data-end=\"2268\">\n<p class=\"\" data-start=\"2253\" data-end=\"2268\">Contact du piston : Oui<\/p>\n<\/li>\n<li class=\"\" data-start=\"2269\" data-end=\"2289\">\n<p class=\"\" data-start=\"2271\" data-end=\"2289\">Tension AC\/DC : DC<\/p>\n<\/li>\n<\/ul>","protected":false},"excerpt":{"rendered":"<p>Vous pouvez voir ici quels poteaux et mod\u00e8les s&#039;adaptent ensemble \u00e0 partir de la gamme STEP de but\u00e9es de porte \u00e9lectriques.<\/p>\n<h5><strong><a href=\"https:\/\/steplock.com\/sv\/stolpguide\/#!?lang=sv&amp;blog_id=1&amp;paged=1&amp;number=50\" target=\"_blank\" rel=\"noopener\">Guide de publication STEP\u00a0<\/a><\/strong><\/h5>\n<h5><strong><a href=\"https:\/\/steplock.com\/sv\/projekteringsguide\/#!?lang=sv&amp;blog_id=1&amp;paged=1&amp;number=999\" target=\"_blank\" rel=\"noopener\">Guide de conception STEP<\/a><\/strong><\/h5>","protected":false},"featured_media":139967,"template":"","meta":{"_acf_changed":false},"product_brand":[],"product_cat":[3355],"product_tag":[4198,4200],"class_list":{"0":"post-139969","1":"product","2":"type-product","3":"status-publish","4":"has-post-thumbnail","6":"product_cat-elslutbleck","7":"product_tag-12v","8":"product_tag-rattvand","9":"product_shipping_class-tunga-paket","10":"pa_brands-step","11":"tm-no-options","13":"first","14":"onbackorder","15":"sale","16":"taxable","17":"shipping-taxable","18":"purchasable","19":"product-type-simple"},"acf":[],"_links":{"self":[{"href":"https:\/\/secureus.se\/fr\/wp-json\/wp\/v2\/product\/139969","targetHints":{"allow":["GET"]}}],"collection":[{"href":"https:\/\/secureus.se\/fr\/wp-json\/wp\/v2\/product"}],"about":[{"href":"https:\/\/secureus.se\/fr\/wp-json\/wp\/v2\/types\/product"}],"wp:featuredmedia":[{"embeddable":true,"href":"https:\/\/secureus.se\/fr\/wp-json\/wp\/v2\/media\/139967"}],"wp:attachment":[{"href":"https:\/\/secureus.se\/fr\/wp-json\/wp\/v2\/media?parent=139969"}],"wp:term":[{"taxonomy":"product_brand","embeddable":true,"href":"https:\/\/secureus.se\/fr\/wp-json\/wp\/v2\/product_brand?post=139969"},{"taxonomy":"product_cat","embeddable":true,"href":"https:\/\/secureus.se\/fr\/wp-json\/wp\/v2\/product_cat?post=139969"},{"taxonomy":"product_tag","embeddable":true,"href":"https:\/\/secureus.se\/fr\/wp-json\/wp\/v2\/product_tag?post=139969"}],"curies":[{"name":"wp","href":"https:\/\/api.w.org\/{rel}","templated":true}]}}