{"id":139992,"date":"2023-09-26T13:07:03","date_gmt":"2023-09-26T11:07:03","guid":{"rendered":"https:\/\/secureus.se\/elslutbleck-step-18-vanster-rattvand-24v-10mm-regel-modul\/"},"modified":"2026-04-23T12:47:33","modified_gmt":"2026-04-23T10:47:33","slug":"elslutbleck-step-18-vanster-rattvand-24v-10mm-regel-modul","status":"publish","type":"product","link":"https:\/\/secureus.se\/fr\/elslutbleck-step-18-vanster-rattvand-24v-10mm-regel-modul\/","title":{"rendered":"Plaque d&#039;extr\u00e9mit\u00e9 \u00e9lectrique \u00c9TAPE 18 Module de r\u00e8gle 24 V 10 mm face gauche droite"},"content":{"rendered":"<h1>Plaque d&#039;extr\u00e9mit\u00e9 \u00e9lectrique \u00c9TAPE 18 Module de r\u00e8gle 24 V 10 mm face gauche droite<\/h1>\n<p>STEP 18 Secure est une g\u00e2che \u00e9lectrique coupe-feu pour serrures \u00e0 p\u00eane avec piston de 10 mm de la s\u00e9rie Modul, con\u00e7ue pour les portes de s\u00e9curit\u00e9 \u00e0 haute r\u00e9sistance \u00e0 l&#039;intrusion.<\/p>\n<p>Equip\u00e9 d&#039;un contact \u00e0 piston et d&#039;une r\u00e9sistance \u00e0 la rupture de 1500 kg.<\/p>\n<p class=\"\" data-start=\"388\" data-end=\"787\">La g\u00e2che \u00e9lectrique STEP 18 Secure fait partie de la s\u00e9rie Secure de STEP et offre la plus haute s\u00e9curit\u00e9 pour les portes ayant des exigences \u00e9lev\u00e9es en mati\u00e8re de protection contre l&#039;intrusion.<\/p>\n<p class=\"\" data-start=\"388\" data-end=\"787\">Il est particuli\u00e8rement adapt\u00e9 aux installations o\u00f9 les portes sont ouvertes et ferm\u00e9es fr\u00e9quemment, ce qui le rend parfait pour les portes dans des endroits tels que les prisons ou les banques.<\/p>\n<p class=\"\" data-start=\"388\" data-end=\"787\">STEP 18 Secure est homologu\u00e9 pour le verrouillage des portes de s\u00e9curit\u00e9 jusqu&#039;\u00e0 RC4 et homologu\u00e9 incendie jusqu&#039;\u00e0 E\/EI 60.<\/p>\n<p class=\"\" data-start=\"789\" data-end=\"1103\">Avec une r\u00e9sistance \u00e0 la rupture de 15 kN (environ 1 500 kg) et une capacit\u00e9 d&#039;ouverture malgr\u00e9 une pression de bande de 5 kN (environ 500 kg), STEP 18 Secure offre \u00e0 la fois une s\u00e9curit\u00e9 fiable et une durabilit\u00e9.<\/p>\n<p class=\"\" data-start=\"789\" data-end=\"1103\">L&#039;interrupteur \u00e0 piston int\u00e9gr\u00e9 fournit une indication de l&#039;\u00e9tat ferm\u00e9\/ouvert de la porte, ce qui facilite la connexion aux syst\u00e8mes de contr\u00f4le d&#039;acc\u00e8s et aux syst\u00e8mes d&#039;alarme.<\/p>\n<p class=\"\" data-start=\"1105\" data-end=\"1357\">La fonction inverse signifie que la porte est d\u00e9verrouill\u00e9e en position hors tension, ce qui en fait une solution flexible pour les portes de s\u00e9curit\u00e9 qui doivent pouvoir \u00eatre ouvertes rapidement et facilement en cas de besoin.<\/p>\n<p class=\"\" data-start=\"1105\" data-end=\"1357\">Un c\u00e2ble de connexion sans halog\u00e8ne de 5 m\u00e8tres est inclus pour une installation facile.<\/p>\n<p class=\"\" data-start=\"1359\" data-end=\"1374\"><strong data-start=\"1359\" data-end=\"1374\">Propri\u00e9t\u00e9s:<\/strong><\/p>\n<ul data-start=\"1375\" data-end=\"1943\">\n<li class=\"\" data-start=\"1375\" data-end=\"1419\">\n<p class=\"\" data-start=\"1377\" data-end=\"1419\">Pour serrure de r\u00e9gulation avec piston de 10 mm de la s\u00e9rie Modul<\/p>\n<\/li>\n<li class=\"\" data-start=\"1420\" data-end=\"1462\">\n<p class=\"\" data-start=\"1422\" data-end=\"1462\">Fonction inverse (d\u00e9verrouill\u00e9e en mode hors tension)<\/p>\n<\/li>\n<li class=\"\" data-start=\"1463\" data-end=\"1489\">\n<p class=\"\" data-start=\"1465\" data-end=\"1489\">Pour portes battantes \u00e0 gauche<\/p>\n<\/li>\n<li class=\"\" data-start=\"1490\" data-end=\"1521\">\n<p class=\"\" data-start=\"1492\" data-end=\"1521\">Homologu\u00e9 incendie jusqu&#039;\u00e0 E\/EI 60<\/p>\n<\/li>\n<li class=\"\" data-start=\"1522\" data-end=\"1632\">\n<p class=\"\" data-start=\"1524\" data-end=\"1632\">Indication int\u00e9gr\u00e9e de l&#039;\u00e9tat de la porte (ferm\u00e9e\/ouverte) via un contact \u00e0 piston et de l&#039;\u00e9tat du verrou (verrouill\u00e9\/d\u00e9verrouill\u00e9) via un contact \u00e0 loquet<\/p>\n<\/li>\n<li class=\"\" data-start=\"1633\" data-end=\"1671\">\n<p class=\"\" data-start=\"1635\" data-end=\"1671\">Diode de protection int\u00e9gr\u00e9e pour une s\u00e9curit\u00e9 accrue<\/p>\n<\/li>\n<li class=\"\" data-start=\"1672\" data-end=\"1711\">\n<p class=\"\" data-start=\"1674\" data-end=\"1711\">R\u00e9sistance \u00e0 la rupture de 15 kN (environ 1500 kg)<\/p>\n<\/li>\n<li class=\"\" data-start=\"1712\" data-end=\"1792\">\n<p class=\"\" data-start=\"1714\" data-end=\"1792\">S&#039;ouvre malgr\u00e9 une pression de bande de 5 kN (environ 500 kg) en marche avant et arri\u00e8re<\/p>\n<\/li>\n<li class=\"\" data-start=\"1793\" data-end=\"1852\">\n<p class=\"\" data-start=\"1795\" data-end=\"1852\">Antichoc et r\u00e9versible pour portes droites et gauches<\/p>\n<\/li>\n<li class=\"\" data-start=\"1853\" data-end=\"1899\">\n<p class=\"\" data-start=\"1855\" data-end=\"1899\">Capable de verrouiller les boulons \u00e0 crochet ou les boulons droits<\/p>\n<\/li>\n<li class=\"\" data-start=\"1900\" data-end=\"1943\">\n<p class=\"\" data-start=\"1902\" data-end=\"1943\">C\u00e2ble de connexion sans halog\u00e8ne de 5 m\u00e8tres inclus<\/p>\n<\/li>\n<\/ul>\n<p class=\"\" data-start=\"1945\" data-end=\"1974\"><strong data-start=\"1945\" data-end=\"1974\">Sp\u00e9cifications techniques :<\/strong><\/p>\n<ul data-start=\"1975\" data-end=\"2616\">\n<li class=\"\" data-start=\"1975\" data-end=\"2066\">\n<p class=\"\" data-start=\"1977\" data-end=\"2066\">Alimentation : 12 V DC (+15% -10%) 639 mA d\u00e9verrouill\u00e9 ou 24 V DC (+15% -10%) 313 mA d\u00e9verrouill\u00e9<\/p>\n<\/li>\n<li class=\"\" data-start=\"2067\" data-end=\"2131\">\n<p class=\"\" data-start=\"2069\" data-end=\"2131\">Contact \u00e0 piston : Microrupteur unipolaire inverseur, max. 30 V CC, 1 A<\/p>\n<\/li>\n<li class=\"\" data-start=\"2132\" data-end=\"2172\">\n<p class=\"\" data-start=\"2134\" data-end=\"2172\">Durabilit\u00e9 : Grade Y selon SS-EN 14846<\/p>\n<\/li>\n<li class=\"\" data-start=\"2173\" data-end=\"2212\">\n<p class=\"\" data-start=\"2175\" data-end=\"2212\">Corrosion : Grade M selon SS-EN 14846<\/p>\n<\/li>\n<li class=\"\" data-start=\"2213\" data-end=\"2251\">\n<p class=\"\" data-start=\"2215\" data-end=\"2251\">S\u00e9curit\u00e9 : Grade 7 selon SS-EN 14846<\/p>\n<\/li>\n<li class=\"\" data-start=\"2252\" data-end=\"2342\">\n<p class=\"\" data-start=\"2254\" data-end=\"2342\">Manipulation \u00e9lectrique de s\u00e9curit\u00e9 : Grade 3 (face vers l&#039;avant) Grade 1 (face vers l&#039;arri\u00e8re) selon SS-EN 14846<\/p>\n<\/li>\n<li class=\"\" data-start=\"2343\" data-end=\"2364\">\n<p class=\"\" data-start=\"2345\" data-end=\"2364\">Test\u00e9 au feu : 60 min<\/p>\n<\/li>\n<li class=\"\" data-start=\"2365\" data-end=\"2391\">\n<p class=\"\" data-start=\"2367\" data-end=\"2391\">R\u00e9sistance \u00e0 la rupture : 1500 kg<\/p>\n<\/li>\n<li class=\"\" data-start=\"2392\" data-end=\"2415\">\n<p class=\"\" data-start=\"2394\" data-end=\"2415\">Charni\u00e8re de porte : gauche<\/p>\n<\/li>\n<li class=\"\" data-start=\"2416\" data-end=\"2470\">\n<p class=\"\" data-start=\"2418\" data-end=\"2470\">C\u00e2ble inclus : Oui, c\u00e2ble de connexion sans halog\u00e8ne de 5 m\u00e8tres<\/p>\n<\/li>\n<li class=\"\" data-start=\"2471\" data-end=\"2490\">\n<p class=\"\" data-start=\"2473\" data-end=\"2490\">Pression nominale : 500 kg<\/p>\n<\/li>\n<li class=\"\" data-start=\"2491\" data-end=\"2522\">\n<p class=\"\" data-start=\"2493\" data-end=\"2522\">Type de serrure : Serrure \u00e0 crochet, Serrure \u00e0 loquet<\/p>\n<\/li>\n<li class=\"\" data-start=\"2523\" data-end=\"2577\">\n<p class=\"\" data-start=\"2525\" data-end=\"2577\">Dimensions du produit : Largeur : 35 mm, Profondeur : 40 mm, Hauteur : 230 mm<\/p>\n<\/li>\n<li class=\"\" data-start=\"2578\" data-end=\"2595\">\n<p class=\"\" data-start=\"2580\" data-end=\"2595\">Contact du piston : Oui<\/p>\n<\/li>\n<li class=\"\" data-start=\"2596\" data-end=\"2616\">\n<p class=\"\" data-start=\"2598\" data-end=\"2616\">Tension AC\/DC : DC<\/p>\n<\/li>\n<\/ul>","protected":false},"excerpt":{"rendered":"<p>Vous pouvez voir ici quels poteaux et mod\u00e8les s&#039;adaptent ensemble \u00e0 partir de la gamme STEP de but\u00e9es de porte \u00e9lectriques.<\/p>\n<h5><strong><a href=\"https:\/\/steplock.com\/sv\/stolpguide\/#!?lang=sv&amp;blog_id=1&amp;paged=1&amp;number=50\" target=\"_blank\" rel=\"noopener\">Guide de publication STEP\u00a0<\/a><\/strong><\/h5>\n<h5><strong><a href=\"https:\/\/steplock.com\/sv\/projekteringsguide\/#!?lang=sv&amp;blog_id=1&amp;paged=1&amp;number=999\" target=\"_blank\" rel=\"noopener\">Guide de conception STEP<\/a><\/strong><\/h5>","protected":false},"featured_media":139990,"template":"","meta":{"_acf_changed":false},"product_brand":[],"product_cat":[3355],"product_tag":[4197,4200],"class_list":{"0":"post-139992","1":"product","2":"type-product","3":"status-publish","4":"has-post-thumbnail","6":"product_cat-elslutbleck","7":"product_tag-24v","8":"product_tag-rattvand","9":"product_shipping_class-tunga-paket","10":"pa_brands-step","11":"tm-no-options","13":"first","14":"outofstock","15":"sale","16":"taxable","17":"shipping-taxable","18":"purchasable","19":"product-type-simple"},"acf":[],"_links":{"self":[{"href":"https:\/\/secureus.se\/fr\/wp-json\/wp\/v2\/product\/139992","targetHints":{"allow":["GET"]}}],"collection":[{"href":"https:\/\/secureus.se\/fr\/wp-json\/wp\/v2\/product"}],"about":[{"href":"https:\/\/secureus.se\/fr\/wp-json\/wp\/v2\/types\/product"}],"wp:featuredmedia":[{"embeddable":true,"href":"https:\/\/secureus.se\/fr\/wp-json\/wp\/v2\/media\/139990"}],"wp:attachment":[{"href":"https:\/\/secureus.se\/fr\/wp-json\/wp\/v2\/media?parent=139992"}],"wp:term":[{"taxonomy":"product_brand","embeddable":true,"href":"https:\/\/secureus.se\/fr\/wp-json\/wp\/v2\/product_brand?post=139992"},{"taxonomy":"product_cat","embeddable":true,"href":"https:\/\/secureus.se\/fr\/wp-json\/wp\/v2\/product_cat?post=139992"},{"taxonomy":"product_tag","embeddable":true,"href":"https:\/\/secureus.se\/fr\/wp-json\/wp\/v2\/product_tag?post=139992"}],"curies":[{"name":"wp","href":"https:\/\/api.w.org\/{rel}","templated":true}]}}