{"id":140012,"date":"2023-09-26T13:06:46","date_gmt":"2023-09-26T11:06:46","guid":{"rendered":"https:\/\/secureus.se\/elslutbleck-step-30-omstallbar-12v-kolvkontakt\/"},"modified":"2026-03-26T09:54:30","modified_gmt":"2026-03-26T08:54:30","slug":"elslutbleck-step-30-omstallbar-12v-kolvkontakt","status":"publish","type":"product","link":"https:\/\/secureus.se\/fr\/elslutbleck-step-30-omstallbar-12v-kolvkontakt\/","title":{"rendered":"Plaque de terminaison \u00e9lectrique STEP 30 Contact \u00e0 piston r\u00e9glable 12V"},"content":{"rendered":"<h1>Plaque de terminaison \u00e9lectrique STEP 30 Contact \u00e0 piston r\u00e9glable 12V<\/h1>\n<p>La g\u00e2che \u00e9lectrique pr\u00e9charg\u00e9e STEP 30 est une g\u00e2che \u00e9lectrique compacte con\u00e7ue pour remplacer les anciens mod\u00e8les et garantir un environnement de porte fiable.<\/p>\n<p>Equip\u00e9 d&#039;une fonction r\u00e9glable et d&#039;une r\u00e9sistance \u00e0 la rupture de 500 kg.<\/p>\n<p class=\"\" data-start=\"388\" data-end=\"825\">La g\u00e2che \u00e9lectrique STEP 30 Preload offre une solution de haute qualit\u00e9 pour remplacer les g\u00e2ches \u00e9lectriques simples existantes et garantir un environnement de porte s\u00fbr m\u00eame dans les sections de porte et les \u00e9videments plus anciens.<\/p>\n<p class=\"\" data-start=\"388\" data-end=\"825\">Faisant partie de la s\u00e9rie Preload de STEP, le STEP 30 combine des dimensions minimales avec une qualit\u00e9 et une flexibilit\u00e9 \u00e9lev\u00e9es. La g\u00e2che \u00e9lectrique est \u00e9quip\u00e9e de la technologie brevet\u00e9e de pression \u00e0 bande de STEP, ce qui signifie que la porte peut toujours \u00eatre ouverte m\u00eame si elle est expos\u00e9e \u00e0 une pression.<\/p>\n<p class=\"\" data-start=\"827\" data-end=\"1262\">La fonction commutable signifie que la porte peut \u00eatre verrouill\u00e9e ou d\u00e9verrouill\u00e9e en position hors tension, ce qui permet d&#039;ouvrir la porte rapidement si n\u00e9cessaire.<\/p>\n<p class=\"\" data-start=\"827\" data-end=\"1262\">L&#039;interrupteur \u00e0 piston fournit une indication de l&#039;\u00e9tat de la porte (ferm\u00e9e\/ouverte) et facilite son int\u00e9gration avec les syst\u00e8mes de contr\u00f4le d&#039;acc\u00e8s et les syst\u00e8mes d&#039;alarme.<\/p>\n<p class=\"\" data-start=\"827\" data-end=\"1262\">Avec une r\u00e9sistance \u00e0 la rupture de 5 kN (environ 500 kg) et une capacit\u00e9 d&#039;ouverture malgr\u00e9 une pression de bande allant jusqu&#039;\u00e0 40 kg, STEP 30 Preload offre \u00e0 la fois s\u00e9curit\u00e9 et fiabilit\u00e9.<\/p>\n<p class=\"\" data-start=\"1264\" data-end=\"1279\"><strong data-start=\"1264\" data-end=\"1279\">Propri\u00e9t\u00e9s:<\/strong><\/p>\n<ul data-start=\"1280\" data-end=\"1715\">\n<li class=\"\" data-start=\"1280\" data-end=\"1359\">\n<p class=\"\" data-start=\"1282\" data-end=\"1359\">Fonction marche avant ou arri\u00e8re commutable (verrouill\u00e9e ou d\u00e9verrouill\u00e9e en mode hors tension)<\/p>\n<\/li>\n<li class=\"\" data-start=\"1360\" data-end=\"1415\">\n<p class=\"\" data-start=\"1362\" data-end=\"1415\">Contact du piston. Indication de l&#039;\u00e9tat de la porte (ferm\u00e9e\/ouverte)<\/p>\n<\/li>\n<li class=\"\" data-start=\"1416\" data-end=\"1454\">\n<p class=\"\" data-start=\"1418\" data-end=\"1454\">Diode de protection int\u00e9gr\u00e9e pour une s\u00e9curit\u00e9 accrue<\/p>\n<\/li>\n<li class=\"\" data-start=\"1455\" data-end=\"1492\">\n<p class=\"\" data-start=\"1457\" data-end=\"1492\">R\u00e9sistance \u00e0 la rupture de 5 kN (environ 500 kg)<\/p>\n<\/li>\n<li class=\"\" data-start=\"1493\" data-end=\"1595\">\n<p class=\"\" data-start=\"1495\" data-end=\"1595\">Garantit l&#039;ouverture malgr\u00e9 une pression de bande jusqu&#039;\u00e0 0,4 kN (environ 40 kg) en marche avant comme en marche arri\u00e8re<\/p>\n<\/li>\n<li class=\"\" data-start=\"1596\" data-end=\"1655\">\n<p class=\"\" data-start=\"1598\" data-end=\"1655\">Antichoc et r\u00e9versible pour portes droites et gauches<\/p>\n<\/li>\n<li class=\"\" data-start=\"1656\" data-end=\"1698\">\n<p class=\"\" data-start=\"1658\" data-end=\"1698\">Convient aux serrures \u00e0 un ou deux battants<\/p>\n<\/li>\n<li class=\"\" data-start=\"1699\" data-end=\"1715\">\n<p class=\"\" data-start=\"1701\" data-end=\"1715\">C\u00e2ble non inclus<\/p>\n<\/li>\n<\/ul>\n<p class=\"\" data-start=\"1717\" data-end=\"1746\"><strong data-start=\"1717\" data-end=\"1746\">Sp\u00e9cifications techniques :<\/strong><\/p>\n<ul data-start=\"1747\" data-end=\"2397\">\n<li class=\"\" data-start=\"1747\" data-end=\"1854\">\n<p class=\"\" data-start=\"1749\" data-end=\"1854\">Alimentation : 24 V DC (+15% -10%) 110 mAh \/ max 300 mA ou 12 V DC (+15% -10%) 220 mAh \/ max 600 mA<\/p>\n<\/li>\n<li class=\"\" data-start=\"1855\" data-end=\"1918\">\n<p class=\"\" data-start=\"1857\" data-end=\"1918\">Contact \u00e0 piston : Microrupteur unipolaire inverseur, max. 30 V CC, 1 A<\/p>\n<\/li>\n<li class=\"\" data-start=\"1919\" data-end=\"1959\">\n<p class=\"\" data-start=\"1921\" data-end=\"1959\">Durabilit\u00e9 : Grade X selon SS-EN 14846<\/p>\n<\/li>\n<li class=\"\" data-start=\"1960\" data-end=\"1999\">\n<p class=\"\" data-start=\"1962\" data-end=\"1999\">Corrosion : Grade M selon SS-EN 14846<\/p>\n<\/li>\n<li class=\"\" data-start=\"2000\" data-end=\"2038\">\n<p class=\"\" data-start=\"2002\" data-end=\"2038\">S\u00e9curit\u00e9 : Grade 3 selon SS-EN 14846<\/p>\n<\/li>\n<li class=\"\" data-start=\"2039\" data-end=\"2064\">\n<p class=\"\" data-start=\"2041\" data-end=\"2064\">R\u00e9sistance \u00e0 la rupture : 500 kg<\/p>\n<\/li>\n<li class=\"\" data-start=\"2065\" data-end=\"2095\">\n<p class=\"\" data-start=\"2067\" data-end=\"2095\">Charni\u00e8re de porte : droite, gauche<\/p>\n<\/li>\n<li class=\"\" data-start=\"2096\" data-end=\"2114\">\n<p class=\"\" data-start=\"2098\" data-end=\"2114\">Pression de la bande : 40 kg<\/p>\n<\/li>\n<li class=\"\" data-start=\"2115\" data-end=\"2150\">\n<p class=\"\" data-start=\"2117\" data-end=\"2150\">Type de serrure : Serrure \u00e0 p\u00eane simple, Serrure \u00e0 p\u00eane double<\/p>\n<\/li>\n<li class=\"\" data-start=\"2151\" data-end=\"2206\">\n<p class=\"\" data-start=\"2153\" data-end=\"2206\">Dimensions du produit : Largeur : 20,5 mm, Profondeur : 28 mm, Hauteur : 99 mm<\/p>\n<\/li>\n<li class=\"\" data-start=\"2207\" data-end=\"2224\">\n<p class=\"\" data-start=\"2209\" data-end=\"2224\">Contact du piston : Oui<\/p>\n<\/li>\n<li class=\"\" data-start=\"2225\" data-end=\"2245\">\n<p class=\"\" data-start=\"2227\" data-end=\"2245\">Tension AC\/DC : DC<\/p>\n<\/li>\n<li class=\"\" data-start=\"2246\" data-end=\"2268\">\n<p class=\"\" data-start=\"2248\" data-end=\"2268\">Tension maximale : 13,8 V<\/p>\n<\/li>\n<li class=\"\" data-start=\"2269\" data-end=\"2291\">\n<p class=\"\" data-start=\"2271\" data-end=\"2291\">Tension minimale : 10,8 V<\/p>\n<\/li>\n<li class=\"\" data-start=\"2292\" data-end=\"2320\">\n<p class=\"\" data-start=\"2294\" data-end=\"2320\">Couleur\/Finition : Acier inoxydable<\/p>\n<\/li>\n<li class=\"\" data-start=\"2321\" data-end=\"2341\">\n<p class=\"\" data-start=\"2323\" data-end=\"2341\">Produit de construction \u00e9valu\u00e9 : Oui<\/p>\n<\/li>\n<li class=\"\" data-start=\"2342\" data-end=\"2363\">\n<p class=\"\" data-start=\"2344\" data-end=\"2363\">V\u00e9rifi\u00e9 EPD : Non<\/p>\n<\/li>\n<li class=\"\" data-start=\"2364\" data-end=\"2376\">\n<p class=\"\" data-start=\"2366\" data-end=\"2376\">FINFO : Non<\/p>\n<\/li>\n<li class=\"\" data-start=\"2377\" data-end=\"2397\">\n<p class=\"\" data-start=\"2379\" data-end=\"2397\">SundaHouse not\u00e9 : Oui<\/p>\n<\/li>\n<\/ul>","protected":false},"excerpt":{"rendered":"<p>Vous pouvez voir ici quels poteaux et mod\u00e8les s&#039;adaptent ensemble \u00e0 partir de la gamme STEP de but\u00e9es de porte \u00e9lectriques.<\/p>\n<h5><strong><a href=\"https:\/\/steplock.com\/sv\/stolpguide\/#!?lang=sv&amp;blog_id=1&amp;paged=1&amp;number=50\" target=\"_blank\" rel=\"noopener\">Guide de publication STEP\u00a0<\/a><\/strong><\/h5>\n<h5><strong><a href=\"https:\/\/steplock.com\/sv\/projekteringsguide\/#!?lang=sv&amp;blog_id=1&amp;paged=1&amp;number=999\" target=\"_blank\" rel=\"noopener\">Guide de conception STEP<\/a><\/strong><\/h5>","protected":false},"featured_media":140011,"template":"","meta":{"_acf_changed":false},"product_brand":[],"product_cat":[3355],"product_tag":[4198,4202],"class_list":{"0":"post-140012","1":"product","2":"type-product","3":"status-publish","4":"has-post-thumbnail","6":"product_cat-elslutbleck","7":"product_tag-12v","8":"product_tag-omstallbar-rattvand-omvand","9":"product_shipping_class-tunga-paket","10":"pa_brands-step","11":"tm-no-options","13":"first","14":"onbackorder","15":"sale","16":"taxable","17":"shipping-taxable","18":"purchasable","19":"product-type-simple"},"acf":[],"_links":{"self":[{"href":"https:\/\/secureus.se\/fr\/wp-json\/wp\/v2\/product\/140012","targetHints":{"allow":["GET"]}}],"collection":[{"href":"https:\/\/secureus.se\/fr\/wp-json\/wp\/v2\/product"}],"about":[{"href":"https:\/\/secureus.se\/fr\/wp-json\/wp\/v2\/types\/product"}],"wp:featuredmedia":[{"embeddable":true,"href":"https:\/\/secureus.se\/fr\/wp-json\/wp\/v2\/media\/140011"}],"wp:attachment":[{"href":"https:\/\/secureus.se\/fr\/wp-json\/wp\/v2\/media?parent=140012"}],"wp:term":[{"taxonomy":"product_brand","embeddable":true,"href":"https:\/\/secureus.se\/fr\/wp-json\/wp\/v2\/product_brand?post=140012"},{"taxonomy":"product_cat","embeddable":true,"href":"https:\/\/secureus.se\/fr\/wp-json\/wp\/v2\/product_cat?post=140012"},{"taxonomy":"product_tag","embeddable":true,"href":"https:\/\/secureus.se\/fr\/wp-json\/wp\/v2\/product_tag?post=140012"}],"curies":[{"name":"wp","href":"https:\/\/api.w.org\/{rel}","templated":true}]}}