{"id":140045,"date":"2023-09-26T13:06:13","date_gmt":"2023-09-26T11:06:13","guid":{"rendered":"https:\/\/secureus.se\/elslutbleck-step-18-hoger-rattvand-12v-for-assa-511\/"},"modified":"2026-04-08T16:30:54","modified_gmt":"2026-04-08T14:30:54","slug":"elslutbleck-step-18-hoger-rattvand-12v-for-assa-511","status":"publish","type":"product","link":"https:\/\/secureus.se\/fr\/elslutbleck-step-18-hoger-rattvand-12v-for-assa-511\/","title":{"rendered":"Plaque d&#039;extr\u00e9mit\u00e9 \u00e9lectrique STEP 18 Droite Face droite 12V pour Assa 511"},"content":{"rendered":"<h1>Plaque d&#039;extr\u00e9mit\u00e9 \u00e9lectrique STEP 18 Droite Face droite 12V pour Assa 511<\/h1>\n<p>La g\u00e2che \u00e9lectrique STEP 18 Secure pour Assa 511 est une serrure haute s\u00e9curit\u00e9 homologu\u00e9e feu avec une grande r\u00e9sistance \u00e0 la rupture. Con\u00e7u pour les portes avec un grand nombre d&#039;entr\u00e9es et de sorties.<\/p>\n<p class=\"\" data-start=\"346\" data-end=\"752\">STEP 18 Secure est une g\u00e2che \u00e9lectrique haute s\u00e9curit\u00e9 adapt\u00e9e aux portes ayant des exigences \u00e9lev\u00e9es en mati\u00e8re de r\u00e9sistance \u00e0 l&#039;intrusion, telles que les portes de s\u00e9curit\u00e9 ou les portes des prisons et des banques.<\/p>\n<p class=\"\" data-start=\"346\" data-end=\"752\">Cette g\u00e2che \u00e9lectrique est homologu\u00e9e pour le verrouillage des portes de s\u00e9curit\u00e9 jusqu&#039;\u00e0 RC4 et est homologu\u00e9e feu jusqu&#039;\u00e0 E\/EI 60. Elle est adapt\u00e9e \u00e0 la serrure \u00e0 crochet Assa 511 avec piston de 10 mm et dispose d&#039;une fonction avant (verrouill\u00e9e en position hors tension).<\/p>\n<p class=\"\" data-start=\"754\" data-end=\"1121\">STEP 18 Secure a une r\u00e9sistance \u00e0 la rupture de 15 kN (environ 1500 kg) et s&#039;ouvre m\u00eame avec une pression de bande allant jusqu&#039;\u00e0 5 kN (environ 500 kg) en fonction avant et arri\u00e8re.<\/p>\n<p class=\"\" data-start=\"754\" data-end=\"1121\">Il comprend un interrupteur \u00e0 piston pour indiquer si la porte est ferm\u00e9e\/ouverte et verrouill\u00e9e\/d\u00e9verrouill\u00e9e, ce qui le rend adapt\u00e9 \u00e0 une utilisation avec des syst\u00e8mes de contr\u00f4le d&#039;acc\u00e8s ou des syst\u00e8mes d&#039;alarme. C\u00e2ble de connexion sans halog\u00e8ne de 5 m\u00e8tres inclus.<\/p>\n<p class=\"\" data-start=\"1123\" data-end=\"1140\"><strong data-start=\"1123\" data-end=\"1137\">Caract\u00e9ristiques<\/strong>:<\/p>\n<ul data-start=\"1141\" data-end=\"1583\">\n<li class=\"\" data-start=\"1141\" data-end=\"1184\">\n<p class=\"\" data-start=\"1143\" data-end=\"1184\">Pour serrure \u00e0 r\u00e8gle \u00e0 crochet Assa 511 avec piston de 10 mm<\/p>\n<\/li>\n<li class=\"\" data-start=\"1185\" data-end=\"1230\">\n<p class=\"\" data-start=\"1187\" data-end=\"1230\">Fonction orient\u00e9e vers la droite (verrouill\u00e9e en mode hors tension)<\/p>\n<\/li>\n<li class=\"\" data-start=\"1231\" data-end=\"1257\">\n<p class=\"\" data-start=\"1233\" data-end=\"1257\">Pour portes battantes \u00e0 droite<\/p>\n<\/li>\n<li class=\"\" data-start=\"1258\" data-end=\"1291\">\n<p class=\"\" data-start=\"1260\" data-end=\"1291\">Homologu\u00e9 incendie jusqu&#039;\u00e0 E\/EI 60<\/p>\n<\/li>\n<li class=\"\" data-start=\"1292\" data-end=\"1376\">\n<p class=\"\" data-start=\"1294\" data-end=\"1376\">Interrupteur \u00e0 piston int\u00e9gr\u00e9 pour indiquer l&#039;\u00e9tat ferm\u00e9\/ouvert et verrouill\u00e9\/d\u00e9verrouill\u00e9 de la porte<\/p>\n<\/li>\n<li class=\"\" data-start=\"1377\" data-end=\"1399\">\n<p class=\"\" data-start=\"1379\" data-end=\"1399\">Diode de protection int\u00e9gr\u00e9e<\/p>\n<\/li>\n<li class=\"\" data-start=\"1400\" data-end=\"1438\">\n<p class=\"\" data-start=\"1402\" data-end=\"1438\">R\u00e9sistance \u00e0 la rupture 15 kN (environ 1500 kg)<\/p>\n<\/li>\n<li class=\"\" data-start=\"1439\" data-end=\"1521\">\n<p class=\"\" data-start=\"1441\" data-end=\"1521\">S&#039;ouvre malgr\u00e9 une pression de bande de 5 kN (environ 500 kg) en marche avant et arri\u00e8re<\/p>\n<\/li>\n<li class=\"\" data-start=\"1522\" data-end=\"1537\">\n<p class=\"\" data-start=\"1524\" data-end=\"1537\">Antid\u00e9tonant<\/p>\n<\/li>\n<li class=\"\" data-start=\"1538\" data-end=\"1583\">\n<p class=\"\" data-start=\"1540\" data-end=\"1583\">C\u00e2ble de connexion sans halog\u00e8ne de 5 m\u00e8tres inclus<\/p>\n<\/li>\n<\/ul>\n<p class=\"\" data-start=\"1585\" data-end=\"1616\"><strong data-start=\"1585\" data-end=\"1613\">Sp\u00e9cifications techniques<\/strong>:<\/p>\n<ul data-start=\"1617\" data-end=\"2198\">\n<li class=\"\" data-start=\"1617\" data-end=\"1653\">\n<p class=\"\" data-start=\"1619\" data-end=\"1653\"><strong data-start=\"1619\" data-end=\"1642\">R\u00e9sistance \u00e0 la rupture maximale<\/strong>: 1500 kg<\/p>\n<\/li>\n<li class=\"\" data-start=\"1654\" data-end=\"1681\">\n<p class=\"\" data-start=\"1656\" data-end=\"1681\"><strong data-start=\"1656\" data-end=\"1672\">Porte suspendue<\/strong>: Droite<\/p>\n<\/li>\n<li class=\"\" data-start=\"1682\" data-end=\"1705\">\n<p class=\"\" data-start=\"1684\" data-end=\"1705\"><strong data-start=\"1684\" data-end=\"1699\">C\u00e2ble inclus<\/strong>: Oui<\/p>\n<\/li>\n<li class=\"\" data-start=\"1706\" data-end=\"1731\">\n<p class=\"\" data-start=\"1708\" data-end=\"1731\"><strong data-start=\"1708\" data-end=\"1721\">Impression de liste<\/strong>: 500 kg<\/p>\n<\/li>\n<li class=\"\" data-start=\"1732\" data-end=\"1769\">\n<p class=\"\" data-start=\"1734\" data-end=\"1769\"><strong data-start=\"1734\" data-end=\"1744\">Type de serrure<\/strong>: Serrure \u00e0 crochet, Loquets<\/p>\n<\/li>\n<li class=\"\" data-start=\"1770\" data-end=\"1798\">\n<p class=\"\" data-start=\"1772\" data-end=\"1798\"><strong data-start=\"1772\" data-end=\"1789\">Produit large<\/strong>: 35 mm<\/p>\n<\/li>\n<li class=\"\" data-start=\"1799\" data-end=\"1825\">\n<p class=\"\" data-start=\"1801\" data-end=\"1825\"><strong data-start=\"1801\" data-end=\"1819\">Mat\u00e9riaux de construction \u00e9valu\u00e9s<\/strong>: Oui<\/p>\n<\/li>\n<li class=\"\" data-start=\"1826\" data-end=\"1853\">\n<p class=\"\" data-start=\"1828\" data-end=\"1853\"><strong data-start=\"1828\" data-end=\"1844\">Produit profond<\/strong>: 40 mm<\/p>\n<\/li>\n<li class=\"\" data-start=\"1854\" data-end=\"1888\">\n<p class=\"\" data-start=\"1856\" data-end=\"1888\"><strong data-start=\"1856\" data-end=\"1881\">Tension de fonctionnement 12V\/24V<\/strong>: 12V<\/p>\n<\/li>\n<li class=\"\" data-start=\"1889\" data-end=\"1917\">\n<p class=\"\" data-start=\"1891\" data-end=\"1917\"><strong data-start=\"1891\" data-end=\"1910\">Bo\u00eetier double torsion<\/strong>: Non<\/p>\n<\/li>\n<li class=\"\" data-start=\"1918\" data-end=\"1945\">\n<p class=\"\" data-start=\"1920\" data-end=\"1945\"><strong data-start=\"1920\" data-end=\"1938\">V\u00e9rifi\u00e9 EPD<\/strong>: Non<\/p>\n<\/li>\n<li class=\"\" data-start=\"1946\" data-end=\"1964\">\n<p class=\"\" data-start=\"1948\" data-end=\"1964\"><strong data-start=\"1948\" data-end=\"1957\">BONNES INFOS<\/strong>: Non<\/p>\n<\/li>\n<li class=\"\" data-start=\"1965\" data-end=\"1999\">\n<p class=\"\" data-start=\"1967\" data-end=\"1999\"><strong data-start=\"1967\" data-end=\"1988\">Couleur\/Traitement de surface<\/strong>: Acier inoxydable<\/p>\n<\/li>\n<li class=\"\" data-start=\"2000\" data-end=\"2028\">\n<p class=\"\" data-start=\"2002\" data-end=\"2028\"><strong data-start=\"2002\" data-end=\"2018\">Produit sur\u00e9lev\u00e9<\/strong>: 230 mm<\/p>\n<\/li>\n<li class=\"\" data-start=\"2029\" data-end=\"2052\">\n<p class=\"\" data-start=\"2031\" data-end=\"2052\"><strong data-start=\"2031\" data-end=\"2046\">Connecteur \u00e0 piston<\/strong>: Oui<\/p>\n<\/li>\n<li class=\"\" data-start=\"2053\" data-end=\"2086\">\n<p class=\"\" data-start=\"2055\" data-end=\"2086\"><strong data-start=\"2055\" data-end=\"2074\">Droite\/Recul<\/strong>: Orient\u00e9 vers la droite<\/p>\n<\/li>\n<li class=\"\" data-start=\"2087\" data-end=\"2113\">\n<p class=\"\" data-start=\"2089\" data-end=\"2113\"><strong data-start=\"2089\" data-end=\"2107\">Tension AC\/DC<\/strong>: DC<\/p>\n<\/li>\n<li class=\"\" data-start=\"2114\" data-end=\"2142\">\n<p class=\"\" data-start=\"2116\" data-end=\"2142\"><strong data-start=\"2116\" data-end=\"2132\">Tension maximale<\/strong>: 13,8 V<\/p>\n<\/li>\n<li class=\"\" data-start=\"2143\" data-end=\"2171\">\n<p class=\"\" data-start=\"2145\" data-end=\"2171\"><strong data-start=\"2145\" data-end=\"2161\">Tension minimale<\/strong>: 10,8 V<\/p>\n<\/li>\n<li class=\"\" data-start=\"2172\" data-end=\"2198\">\n<p class=\"\" data-start=\"2174\" data-end=\"2198\"><strong data-start=\"2174\" data-end=\"2192\">SundaMaison not\u00e9e<\/strong>: Oui<\/p>\n<\/li>\n<\/ul>","protected":false},"excerpt":{"rendered":"<p>Vous pouvez voir ici quels poteaux et mod\u00e8les s&#039;adaptent ensemble \u00e0 partir de la gamme STEP de but\u00e9es de porte \u00e9lectriques.<\/p>\n<h5><strong><a href=\"https:\/\/steplock.com\/sv\/stolpguide\/#!?lang=sv&amp;blog_id=1&amp;paged=1&amp;number=50\" target=\"_blank\" rel=\"noopener\">Guide de publication STEP\u00a0<\/a><\/strong><\/h5>\n<h5><strong><a href=\"https:\/\/steplock.com\/sv\/projekteringsguide\/#!?lang=sv&amp;blog_id=1&amp;paged=1&amp;number=999\" target=\"_blank\" rel=\"noopener\">Guide de conception STEP<\/a><\/strong><\/h5>","protected":false},"featured_media":140043,"template":"","meta":{"_acf_changed":false},"product_brand":[],"product_cat":[3355],"product_tag":[4198,4200],"class_list":{"0":"post-140045","1":"product","2":"type-product","3":"status-publish","4":"has-post-thumbnail","6":"product_cat-elslutbleck","7":"product_tag-12v","8":"product_tag-rattvand","9":"product_shipping_class-tunga-paket","10":"pa_brands-step","11":"tm-no-options","13":"first","14":"onbackorder","15":"sale","16":"taxable","17":"shipping-taxable","18":"purchasable","19":"product-type-simple"},"acf":[],"_links":{"self":[{"href":"https:\/\/secureus.se\/fr\/wp-json\/wp\/v2\/product\/140045","targetHints":{"allow":["GET"]}}],"collection":[{"href":"https:\/\/secureus.se\/fr\/wp-json\/wp\/v2\/product"}],"about":[{"href":"https:\/\/secureus.se\/fr\/wp-json\/wp\/v2\/types\/product"}],"wp:featuredmedia":[{"embeddable":true,"href":"https:\/\/secureus.se\/fr\/wp-json\/wp\/v2\/media\/140043"}],"wp:attachment":[{"href":"https:\/\/secureus.se\/fr\/wp-json\/wp\/v2\/media?parent=140045"}],"wp:term":[{"taxonomy":"product_brand","embeddable":true,"href":"https:\/\/secureus.se\/fr\/wp-json\/wp\/v2\/product_brand?post=140045"},{"taxonomy":"product_cat","embeddable":true,"href":"https:\/\/secureus.se\/fr\/wp-json\/wp\/v2\/product_cat?post=140045"},{"taxonomy":"product_tag","embeddable":true,"href":"https:\/\/secureus.se\/fr\/wp-json\/wp\/v2\/product_tag?post=140045"}],"curies":[{"name":"wp","href":"https:\/\/api.w.org\/{rel}","templated":true}]}}