{"id":140059,"date":"2023-09-26T13:06:02","date_gmt":"2023-09-26T11:06:02","guid":{"rendered":"https:\/\/secureus.se\/elslutbleck-step-28e-vanster-rattvand-12v-12mm-regel\/"},"modified":"2026-04-23T12:56:35","modified_gmt":"2026-04-23T10:56:35","slug":"elslutbleck-step-28e-vanster-rattvand-12v-12mm-regel","status":"publish","type":"product","link":"https:\/\/secureus.se\/fr\/elslutbleck-step-28e-vanster-rattvand-12v-12mm-regel\/","title":{"rendered":"Plaque \u00e0 bornes \u00e9lectriques STEP 28E Gauche Droite face 12V R\u00e8gle de 12mm"},"content":{"rendered":"<h1>Plaque \u00e0 bornes \u00e9lectriques STEP 28E Gauche Droite face 12V R\u00e8gle de 12mm<\/h1>\n<p>STEP 28E Secure est une g\u00e2che \u00e9lectrique coupe-feu \u00e0 haute r\u00e9sistance \u00e0 l&#039;intrusion, certifi\u00e9e pour une r\u00e9sistance au feu jusqu&#039;\u00e0 E\/EI 60. C\u00e2ble de 5 m\u00e8tres inclus, parfait pour les portes avec des exigences \u00e9lev\u00e9es en mati\u00e8re de s\u00e9curit\u00e9 et d&#039;\u00e9vacuation.<\/p>\n<p class=\"\" data-start=\"400\" data-end=\"747\">STEP 28E Secure offre une combinaison de s\u00e9curit\u00e9, d&#039;exigences incendie et d&#039;\u00e9vacuation dans une g\u00e2che \u00e9lectrique petite et robuste.<\/p>\n<p class=\"\" data-start=\"400\" data-end=\"747\">Con\u00e7ue pour \u00eatre utilis\u00e9e avec les serrures \u00e0 p\u00eane de 12 mm de la s\u00e9rie Modul, cette g\u00e2che \u00e9lectrique est parfaite pour les portes o\u00f9 il est n\u00e9cessaire d&#039;assurer \u00e0 la fois une r\u00e9sistance \u00e0 l&#039;intrusion et une fonction de maintien de porte en douceur.<\/p>\n<p class=\"\" data-start=\"749\" data-end=\"1161\">Il est id\u00e9al pour les applications o\u00f9 l&#039;automatisation des portes ou les poign\u00e9es de tirage sont combin\u00e9es \u00e0 des exigences de protection contre l&#039;incendie, et est souvent utilis\u00e9 lors de l&#039;installation de serrures d&#039;\u00e9vacuation d&#039;urgence conform\u00e9ment \u00e0 la norme SS-EN 179.<\/p>\n<p class=\"\" data-start=\"749\" data-end=\"1161\">R\u00e9sistante au feu jusqu&#039;\u00e0 E\/EI 60 et d&#039;une r\u00e9sistance de plus de 1500 kg, cette g\u00e2che \u00e9lectrique garantit que la porte reste s\u00e9curis\u00e9e m\u00eame sous haute pression.<\/p>\n<p class=\"\" data-start=\"749\" data-end=\"1161\">Incluant 5 m\u00e8tres de c\u00e2ble de connexion sans halog\u00e8ne, il est \u00e0 la fois durable et facile \u00e0 installer.<\/p>\n<p class=\"\" data-start=\"1163\" data-end=\"1180\"><strong data-start=\"1163\" data-end=\"1177\">Caract\u00e9ristiques<\/strong>:<\/p>\n<ul data-start=\"1181\" data-end=\"1687\">\n<li class=\"\" data-start=\"1181\" data-end=\"1226\">\n<p class=\"\" data-start=\"1183\" data-end=\"1226\">Pour serrure de commande avec piston de 12 mm de la s\u00e9rie Modul<\/p>\n<\/li>\n<li class=\"\" data-start=\"1227\" data-end=\"1272\">\n<p class=\"\" data-start=\"1229\" data-end=\"1272\">Fonction orient\u00e9e vers la droite (verrouill\u00e9e en mode hors tension)<\/p>\n<\/li>\n<li class=\"\" data-start=\"1273\" data-end=\"1301\">\n<p class=\"\" data-start=\"1275\" data-end=\"1301\">Pour portes battantes \u00e0 gauche<\/p>\n<\/li>\n<li class=\"\" data-start=\"1302\" data-end=\"1354\">\n<p class=\"\" data-start=\"1304\" data-end=\"1354\">Homologu\u00e9 incendie jusqu&#039;\u00e0 la classe technique incendie E\/EI 60<\/p>\n<\/li>\n<li class=\"\" data-start=\"1355\" data-end=\"1408\">\n<p class=\"\" data-start=\"1357\" data-end=\"1408\">Microrupteur unipolaire alternatif, max. 30 V CC, 1 A<\/p>\n<\/li>\n<li class=\"\" data-start=\"1409\" data-end=\"1487\">\n<p class=\"\" data-start=\"1411\" data-end=\"1487\">Indication int\u00e9gr\u00e9e pour d\u00e9tecter que la porte est ferm\u00e9e\/ouverte et verrouill\u00e9e\/d\u00e9verrouill\u00e9e<\/p>\n<\/li>\n<li class=\"\" data-start=\"1488\" data-end=\"1531\">\n<p class=\"\" data-start=\"1490\" data-end=\"1531\">R\u00e9sistance \u00e0 la rupture sup\u00e9rieure \u00e0 15 kN (environ 1500 kg)<\/p>\n<\/li>\n<li class=\"\" data-start=\"1532\" data-end=\"1621\">\n<p class=\"\" data-start=\"1534\" data-end=\"1621\">Garantit l&#039;ouverture malgr\u00e9 une pression de bande de 5 kN (environ 500 kg) en marche avant et arri\u00e8re<\/p>\n<\/li>\n<li class=\"\" data-start=\"1622\" data-end=\"1637\">\n<p class=\"\" data-start=\"1624\" data-end=\"1637\">Antid\u00e9tonant<\/p>\n<\/li>\n<li class=\"\" data-start=\"1638\" data-end=\"1687\">\n<p class=\"\" data-start=\"1640\" data-end=\"1687\">C\u00e2ble de connexion sans halog\u00e8ne de 5 m\u00e8tres inclus<\/p>\n<\/li>\n<\/ul>\n<p class=\"\" data-start=\"1689\" data-end=\"1720\"><strong data-start=\"1689\" data-end=\"1717\">Sp\u00e9cifications techniques<\/strong>:<\/p>\n<ul data-start=\"1721\" data-end=\"2331\">\n<li class=\"\" data-start=\"1721\" data-end=\"1757\">\n<p class=\"\" data-start=\"1723\" data-end=\"1757\"><strong data-start=\"1723\" data-end=\"1746\">R\u00e9sistance \u00e0 la rupture maximale<\/strong>: 1500 kg<\/p>\n<\/li>\n<li class=\"\" data-start=\"1758\" data-end=\"1787\">\n<p class=\"\" data-start=\"1760\" data-end=\"1787\"><strong data-start=\"1760\" data-end=\"1776\">Porte suspendue<\/strong>: Gauche<\/p>\n<\/li>\n<li class=\"\" data-start=\"1788\" data-end=\"1811\">\n<p class=\"\" data-start=\"1790\" data-end=\"1811\"><strong data-start=\"1790\" data-end=\"1805\">C\u00e2ble inclus<\/strong>: Oui<\/p>\n<\/li>\n<li class=\"\" data-start=\"1812\" data-end=\"1837\">\n<p class=\"\" data-start=\"1814\" data-end=\"1837\"><strong data-start=\"1814\" data-end=\"1827\">Impression de liste<\/strong>: 500 kg<\/p>\n<\/li>\n<li class=\"\" data-start=\"1838\" data-end=\"1875\">\n<p class=\"\" data-start=\"1840\" data-end=\"1875\"><strong data-start=\"1840\" data-end=\"1850\">Type de serrure<\/strong>: Serrure \u00e0 crochet, Loquets<\/p>\n<\/li>\n<li class=\"\" data-start=\"1876\" data-end=\"1904\">\n<p class=\"\" data-start=\"1878\" data-end=\"1904\"><strong data-start=\"1878\" data-end=\"1895\">Produit large<\/strong>: 35 mm<\/p>\n<\/li>\n<li class=\"\" data-start=\"1905\" data-end=\"1931\">\n<p class=\"\" data-start=\"1907\" data-end=\"1931\"><strong data-start=\"1907\" data-end=\"1925\">Mat\u00e9riaux de construction \u00e9valu\u00e9s<\/strong>: Oui<\/p>\n<\/li>\n<li class=\"\" data-start=\"1932\" data-end=\"1959\">\n<p class=\"\" data-start=\"1934\" data-end=\"1959\"><strong data-start=\"1934\" data-end=\"1950\">Produit profond<\/strong>: 40 mm<\/p>\n<\/li>\n<li class=\"\" data-start=\"1960\" data-end=\"1994\">\n<p class=\"\" data-start=\"1962\" data-end=\"1994\"><strong data-start=\"1962\" data-end=\"1987\">Tension de fonctionnement 12V\/24V<\/strong>: 12V<\/p>\n<\/li>\n<li class=\"\" data-start=\"1995\" data-end=\"2022\">\n<p class=\"\" data-start=\"1997\" data-end=\"2022\"><strong data-start=\"1997\" data-end=\"2016\">Bo\u00eetier double torsion<\/strong>: Oui<\/p>\n<\/li>\n<li class=\"\" data-start=\"2023\" data-end=\"2050\">\n<p class=\"\" data-start=\"2025\" data-end=\"2050\"><strong data-start=\"2025\" data-end=\"2043\">V\u00e9rifi\u00e9 EPD<\/strong>: Non<\/p>\n<\/li>\n<li class=\"\" data-start=\"2051\" data-end=\"2069\">\n<p class=\"\" data-start=\"2053\" data-end=\"2069\"><strong data-start=\"2053\" data-end=\"2062\">BONNES INFOS<\/strong>: Non<\/p>\n<\/li>\n<li class=\"\" data-start=\"2070\" data-end=\"2104\">\n<p class=\"\" data-start=\"2072\" data-end=\"2104\"><strong data-start=\"2072\" data-end=\"2093\">Couleur\/Traitement de surface<\/strong>: Acier inoxydable<\/p>\n<\/li>\n<li class=\"\" data-start=\"2105\" data-end=\"2133\">\n<p class=\"\" data-start=\"2107\" data-end=\"2133\"><strong data-start=\"2107\" data-end=\"2123\">Produit sur\u00e9lev\u00e9<\/strong>: 230 mm<\/p>\n<\/li>\n<li class=\"\" data-start=\"2134\" data-end=\"2161\">\n<p class=\"\" data-start=\"2136\" data-end=\"2161\"><strong data-start=\"2136\" data-end=\"2150\">Longueur du c\u00e2ble<\/strong>: 5 m\u00e8tres<\/p>\n<\/li>\n<li class=\"\" data-start=\"2162\" data-end=\"2185\">\n<p class=\"\" data-start=\"2164\" data-end=\"2185\"><strong data-start=\"2164\" data-end=\"2179\">Connecteur \u00e0 piston<\/strong>: Oui<\/p>\n<\/li>\n<li class=\"\" data-start=\"2186\" data-end=\"2219\">\n<p class=\"\" data-start=\"2188\" data-end=\"2219\"><strong data-start=\"2188\" data-end=\"2207\">Droite\/Recul<\/strong>: Orient\u00e9 vers la droite<\/p>\n<\/li>\n<li class=\"\" data-start=\"2220\" data-end=\"2246\">\n<p class=\"\" data-start=\"2222\" data-end=\"2246\"><strong data-start=\"2222\" data-end=\"2240\">Tension AC\/DC<\/strong>: DC<\/p>\n<\/li>\n<li class=\"\" data-start=\"2247\" data-end=\"2275\">\n<p class=\"\" data-start=\"2249\" data-end=\"2275\"><strong data-start=\"2249\" data-end=\"2265\">Tension maximale<\/strong>: 13,8 V<\/p>\n<\/li>\n<li class=\"\" data-start=\"2276\" data-end=\"2304\">\n<p class=\"\" data-start=\"2278\" data-end=\"2304\"><strong data-start=\"2278\" data-end=\"2294\">Tension minimale<\/strong>: 10,8 V<\/p>\n<\/li>\n<li class=\"\" data-start=\"2305\" data-end=\"2331\">\n<p class=\"\" data-start=\"2307\" data-end=\"2331\"><strong data-start=\"2307\" data-end=\"2325\">SundaMaison not\u00e9e<\/strong>: Oui<\/p>\n<\/li>\n<\/ul>\n<div>\n<p>&nbsp;<\/p>\n<\/div>","protected":false},"excerpt":{"rendered":"<p>Vous pouvez voir ici quels poteaux et mod\u00e8les s&#039;adaptent ensemble \u00e0 partir de la gamme STEP de but\u00e9es de porte \u00e9lectriques.<\/p>\n<h5><strong><a href=\"https:\/\/steplock.com\/sv\/stolpguide\/#!?lang=sv&amp;blog_id=1&amp;paged=1&amp;number=50\" target=\"_blank\" rel=\"noopener\">Guide de publication STEP\u00a0<\/a><\/strong><\/h5>\n<h5><strong><a href=\"https:\/\/steplock.com\/sv\/projekteringsguide\/#!?lang=sv&amp;blog_id=1&amp;paged=1&amp;number=999\" target=\"_blank\" rel=\"noopener\">Guide de conception STEP<\/a><\/strong><\/h5>","protected":false},"featured_media":140057,"template":"","meta":{"_acf_changed":false},"product_brand":[],"product_cat":[3355],"product_tag":[4198,4200],"class_list":{"0":"post-140059","1":"product","2":"type-product","3":"status-publish","4":"has-post-thumbnail","6":"product_cat-elslutbleck","7":"product_tag-12v","8":"product_tag-rattvand","9":"product_shipping_class-tunga-paket","10":"pa_brands-step","11":"tm-no-options","13":"first","14":"onbackorder","15":"sale","16":"taxable","17":"shipping-taxable","18":"purchasable","19":"product-type-simple"},"acf":[],"_links":{"self":[{"href":"https:\/\/secureus.se\/fr\/wp-json\/wp\/v2\/product\/140059","targetHints":{"allow":["GET"]}}],"collection":[{"href":"https:\/\/secureus.se\/fr\/wp-json\/wp\/v2\/product"}],"about":[{"href":"https:\/\/secureus.se\/fr\/wp-json\/wp\/v2\/types\/product"}],"wp:featuredmedia":[{"embeddable":true,"href":"https:\/\/secureus.se\/fr\/wp-json\/wp\/v2\/media\/140057"}],"wp:attachment":[{"href":"https:\/\/secureus.se\/fr\/wp-json\/wp\/v2\/media?parent=140059"}],"wp:term":[{"taxonomy":"product_brand","embeddable":true,"href":"https:\/\/secureus.se\/fr\/wp-json\/wp\/v2\/product_brand?post=140059"},{"taxonomy":"product_cat","embeddable":true,"href":"https:\/\/secureus.se\/fr\/wp-json\/wp\/v2\/product_cat?post=140059"},{"taxonomy":"product_tag","embeddable":true,"href":"https:\/\/secureus.se\/fr\/wp-json\/wp\/v2\/product_tag?post=140059"}],"curies":[{"name":"wp","href":"https:\/\/api.w.org\/{rel}","templated":true}]}}