{"id":140082,"date":"2023-09-26T13:08:03","date_gmt":"2023-09-26T11:08:03","guid":{"rendered":"https:\/\/secureus.se\/elslutbleck-step-48-omstallbar-24v\/"},"modified":"2026-04-08T16:06:33","modified_gmt":"2026-04-08T14:06:33","slug":"elslutbleck-step-48-omstallbar-24v","status":"publish","type":"product","link":"https:\/\/secureus.se\/fr\/elslutbleck-step-48-omstallbar-24v\/","title":{"rendered":"Plaque de terminaison \u00e9lectrique STEP 48 Commutable 24V"},"content":{"rendered":"<h1>Plaque de terminaison \u00e9lectrique STEP 48 Commutable 24V<\/h1>\n<p>G\u00e2che \u00e9lectrique STEP 48 La pr\u00e9charge avec fonction r\u00e9glable permet une installation flexible en position avant et arri\u00e8re.<\/p>\n<p>Compact, fiable et pr\u00eat pour une utilisation fr\u00e9quente.<\/p>\n<p class=\"\" data-start=\"237\" data-end=\"641\">La g\u00e2che \u00e9lectrique pr\u00e9charg\u00e9e STEP 48 est une g\u00e2che \u00e9lectrique polyvalente qui allie fiabilit\u00e9 op\u00e9rationnelle et flexibilit\u00e9 dans une conception compacte.<\/p>\n<p class=\"\" data-start=\"237\" data-end=\"641\">Gr\u00e2ce \u00e0 sa fonction r\u00e9versible, le produit peut \u00eatre configur\u00e9 soit en mode orient\u00e9 vers l&#039;avant (verrouill\u00e9 sans alimentation) soit en mode orient\u00e9 vers l&#039;arri\u00e8re (d\u00e9verrouill\u00e9 sans alimentation), ce qui le rend id\u00e9al pour une vari\u00e9t\u00e9 d&#039;environnements de portes - des bureaux aux espaces publics avec des exigences d&#039;adaptabilit\u00e9.<\/p>\n<p class=\"\" data-start=\"643\" data-end=\"893\">La t\u00f4le est \u00e9quip\u00e9e de la technologie brevet\u00e9e de pression de bande de STEP, qui garantit que la porte peut \u00eatre d\u00e9verrouill\u00e9e m\u00eame avec une pression de bande allant jusqu&#039;\u00e0 40 kg.<\/p>\n<p class=\"\" data-start=\"643\" data-end=\"893\">Cela rend le STEP 48 Preload particuli\u00e8rement adapt\u00e9 aux portes avec bandes d&#039;\u00e9tanch\u00e9it\u00e9 ou lorsque des conditions de pression peuvent se produire.<\/p>\n<p class=\"\" data-start=\"895\" data-end=\"1222\">Avec une r\u00e9sistance \u00e0 la rupture de 9 kN (environ 900 kg), STEP 48 offre une protection fiable. La conception inviolable, la diode de protection int\u00e9gr\u00e9e et la compatibilit\u00e9 avec les crochets ou les goujons droits rendent le produit s\u00fbr et facile \u00e0 installer.<\/p>\n<p class=\"\" data-start=\"895\" data-end=\"1222\">Il est \u00e9galement r\u00e9versible pour les portes \u00e0 suspension \u00e0 droite ou \u00e0 gauche et peut g\u00e9rer les serrures \u00e0 simple et double loquet.<\/p>\n<p class=\"\" data-start=\"1224\" data-end=\"1252\"><strong data-start=\"1224\" data-end=\"1250\">Caract\u00e9ristiques et avantages :<\/strong><\/p>\n<ul data-start=\"1253\" data-end=\"1544\">\n<li class=\"\" data-start=\"1253\" data-end=\"1303\">\n<p class=\"\" data-start=\"1255\" data-end=\"1303\">Commutable entre la fonction avant et arri\u00e8re<\/p>\n<\/li>\n<li class=\"\" data-start=\"1304\" data-end=\"1362\">\n<p class=\"\" data-start=\"1306\" data-end=\"1362\">Technologie d&#039;impression en bande brevet\u00e9e (r\u00e9siste jusqu&#039;\u00e0 40 kg de pression)<\/p>\n<\/li>\n<li class=\"\" data-start=\"1363\" data-end=\"1417\">\n<p class=\"\" data-start=\"1365\" data-end=\"1417\">Diode de protection et protection contre les chocs pour une fiabilit\u00e9 op\u00e9rationnelle accrue<\/p>\n<\/li>\n<li class=\"\" data-start=\"1418\" data-end=\"1460\">\n<p class=\"\" data-start=\"1420\" data-end=\"1460\">R\u00e9versible pour portes \u00e0 ouverture droite\/gauche<\/p>\n<\/li>\n<li class=\"\" data-start=\"1461\" data-end=\"1494\">\n<p class=\"\" data-start=\"1463\" data-end=\"1494\">Poign\u00e9es crochet et r\u00e8gle droite<\/p>\n<\/li>\n<li class=\"\" data-start=\"1495\" data-end=\"1544\">\n<p class=\"\" data-start=\"1497\" data-end=\"1544\">Compatible avec l&#039;indication de r\u00e8gle ST4880 (en option)<\/p>\n<\/li>\n<\/ul>\n<p class=\"\" data-start=\"1546\" data-end=\"1701\"><strong data-start=\"1546\" data-end=\"1569\">Domaines d&#039;utilisation :<\/strong><br data-start=\"1569\" data-end=\"1572\" \/>Id\u00e9al pour les portes de bureau, les entr\u00e9es, les espaces techniques et autres environnements de portes n\u00e9cessitant une logique de verrouillage flexible et une fr\u00e9quence d&#039;ouverture \u00e9lev\u00e9e.<\/p>\n<p class=\"\" data-start=\"1703\" data-end=\"2059\"><strong data-start=\"1703\" data-end=\"1732\">Sp\u00e9cifications techniques\u00a0:<\/strong><br data-start=\"1732\" data-end=\"1735\" \/>Tension de fonctionnement : 24 V CC (21,6-27,6 V)<br data-start=\"1771\" data-end=\"1774\" \/>Consommation \u00e9lectrique : 110 mAh \/ max 300 mA<br data-start=\"1812\" data-end=\"1815\" \/>R\u00e9sistance \u00e0 la rupture : 900 kg<br data-start=\"1838\" data-end=\"1841\" \/>Pression de la bande : 40 kg<br data-start=\"1857\" data-end=\"1860\" \/>Charni\u00e8re de porte : droite\/gauche<br data-start=\"1887\" data-end=\"1890\" \/>C\u00e2ble inclus : Non<br data-start=\"1906\" data-end=\"1909\" \/>Type de serrure : Serrure \u00e0 p\u00eane simple, Serrure \u00e0 p\u00eane double<br data-start=\"1942\" data-end=\"1945\" \/>Dimensions (LxPxH) : 25 x 35 x 90 mm<br data-start=\"1974\" data-end=\"1977\" \/>Traitement de surface : Acier inoxydable<br data-start=\"1998\" data-end=\"2001\" \/>Produit de construction \u00e9valu\u00e9 : Oui<br data-start=\"2019\" data-end=\"2022\" \/>SundaHouse not\u00e9 : Oui<br data-start=\"2040\" data-end=\"2043\" \/>Contact piston : Non<\/p>","protected":false},"excerpt":{"rendered":"<p>Vous pouvez voir ici quels poteaux et mod\u00e8les s&#039;adaptent ensemble \u00e0 partir de la gamme STEP de but\u00e9es de porte \u00e9lectriques.<\/p>\n<h5><strong><a href=\"https:\/\/steplock.com\/sv\/stolpguide\/#!?lang=sv&amp;blog_id=1&amp;paged=1&amp;number=50\" target=\"_blank\" rel=\"noopener\">Guide de publication STEP\u00a0<\/a><\/strong><\/h5>\n<h5><strong><a href=\"https:\/\/steplock.com\/sv\/projekteringsguide\/#!?lang=sv&amp;blog_id=1&amp;paged=1&amp;number=999\" target=\"_blank\" rel=\"noopener\">Guide de conception STEP<\/a><\/strong><\/h5>","protected":false},"featured_media":140080,"template":"","meta":{"_acf_changed":false},"product_brand":[],"product_cat":[3355],"product_tag":[4197,4202],"class_list":{"0":"post-140082","1":"product","2":"type-product","3":"status-publish","4":"has-post-thumbnail","6":"product_cat-elslutbleck","7":"product_tag-24v","8":"product_tag-omstallbar-rattvand-omvand","9":"product_shipping_class-tunga-paket","10":"pa_brands-step","11":"tm-no-options","13":"first","14":"onbackorder","15":"sale","16":"taxable","17":"shipping-taxable","18":"purchasable","19":"product-type-simple"},"acf":[],"_links":{"self":[{"href":"https:\/\/secureus.se\/fr\/wp-json\/wp\/v2\/product\/140082","targetHints":{"allow":["GET"]}}],"collection":[{"href":"https:\/\/secureus.se\/fr\/wp-json\/wp\/v2\/product"}],"about":[{"href":"https:\/\/secureus.se\/fr\/wp-json\/wp\/v2\/types\/product"}],"wp:featuredmedia":[{"embeddable":true,"href":"https:\/\/secureus.se\/fr\/wp-json\/wp\/v2\/media\/140080"}],"wp:attachment":[{"href":"https:\/\/secureus.se\/fr\/wp-json\/wp\/v2\/media?parent=140082"}],"wp:term":[{"taxonomy":"product_brand","embeddable":true,"href":"https:\/\/secureus.se\/fr\/wp-json\/wp\/v2\/product_brand?post=140082"},{"taxonomy":"product_cat","embeddable":true,"href":"https:\/\/secureus.se\/fr\/wp-json\/wp\/v2\/product_cat?post=140082"},{"taxonomy":"product_tag","embeddable":true,"href":"https:\/\/secureus.se\/fr\/wp-json\/wp\/v2\/product_tag?post=140082"}],"curies":[{"name":"wp","href":"https:\/\/api.w.org\/{rel}","templated":true}]}}