{"id":140092,"date":"2023-09-26T13:08:00","date_gmt":"2023-09-26T11:08:00","guid":{"rendered":"https:\/\/secureus.se\/elslutbleck-step-98-omvand-24v-kolvkontakt\/"},"modified":"2026-04-08T16:12:37","modified_gmt":"2026-04-08T14:12:37","slug":"elslutbleck-step-98-omvand-24v-kolvkontakt","status":"publish","type":"product","link":"https:\/\/secureus.se\/fr\/elslutbleck-step-98-omvand-24v-kolvkontakt\/","title":{"rendered":"Plaque de terminaison \u00e9lectrique STEP 98 Contact piston invers\u00e9 24V"},"content":{"rendered":"<h1>Plaque de terminaison \u00e9lectrique STEP 98 Contact piston invers\u00e9 24V<\/h1>\n<p>STEP 98 Preload est une g\u00e2che \u00e9lectrique compacte et coupe-feu avec fonction inverse et contact \u00e0 piston, id\u00e9ale pour les portes n\u00e9cessitant un verrouillage s\u00e9curis\u00e9 et une fonction d&#039;ouverture flexible.<\/p>\n<p class=\"\" data-start=\"253\" data-end=\"696\">La g\u00e2che \u00e9lectrique pr\u00e9contrainte STEP 98 avec fonction d&#039;inversion offre une solution fiable pour le verrouillage dans les environnements de porte o\u00f9 la s\u00e9curit\u00e9, les exigences incendie et la fr\u00e9quence d&#039;utilisation \u00e9lev\u00e9e doivent \u00eatre combin\u00e9es.<\/p>\n<p class=\"\" data-start=\"253\" data-end=\"696\">Gr\u00e2ce \u00e0 sa conception compacte, il est particuli\u00e8rement adapt\u00e9 \u00e0 l&#039;installation dans des espaces qui doivent \u00eatre verrouill\u00e9s avec un bouton ou une cl\u00e9, et o\u00f9 la fonctionnalit\u00e9 de la porte doit \u00eatre flexible - par exemple, dans des locaux commerciaux, des bureaux ou des environnements scolaires.<\/p>\n<p class=\"\" data-start=\"698\" data-end=\"992\">Gr\u00e2ce \u00e0 la technologie brevet\u00e9e de pression de bande de STEP, la porte peut \u00eatre d\u00e9verrouill\u00e9e m\u00eame avec une pression de bande allant jusqu&#039;\u00e0 40 kg, ce qui garantit le fonctionnement m\u00eame sous la pression des bandes d&#039;\u00e9tanch\u00e9it\u00e9.<\/p>\n<p class=\"\" data-start=\"698\" data-end=\"992\">La fonction inverse signifie que la g\u00e2che \u00e9lectrique est d\u00e9verrouill\u00e9e en cas de panne de courant, ce qui est important pour les issues de secours, par exemple.<\/p>\n<p class=\"\" data-start=\"994\" data-end=\"1346\">STEP 98 est test\u00e9 et certifi\u00e9 selon la classe de feu E\/EI 120 et a une r\u00e9sistance \u00e0 la rupture de 9 kN. L&#039;interrupteur \u00e0 piston int\u00e9gr\u00e9 fournit une indication de l&#039;\u00e9tat de la porte - ferm\u00e9e ou ouverte - pour une int\u00e9gration fluide avec les syst\u00e8mes de contr\u00f4le d&#039;acc\u00e8s et les installations d&#039;alarme.<\/p>\n<p class=\"\" data-start=\"994\" data-end=\"1346\">La plaque est r\u00e9versible pour les portes \u00e0 suspension \u00e0 droite et \u00e0 gauche et peut \u00e9galement \u00eatre utilis\u00e9e pour verrouiller les p\u00eanes \u00e0 crochet ou les p\u00eanes droits.<\/p>\n<p class=\"\" data-start=\"1348\" data-end=\"1374\"><strong data-start=\"1348\" data-end=\"1374\">Caract\u00e9ristiques et avantages :<\/strong><\/p>\n<ul data-start=\"1375\" data-end=\"1618\">\n<li class=\"\" data-start=\"1375\" data-end=\"1417\">\n<p class=\"\" data-start=\"1377\" data-end=\"1417\">Fonction inverse (d\u00e9verrouill\u00e9e en mode hors tension)<\/p>\n<\/li>\n<li class=\"\" data-start=\"1418\" data-end=\"1458\">\n<p class=\"\" data-start=\"1420\" data-end=\"1458\">Classe de r\u00e9sistance au feu E\/EI 120 selon SS-EN 14846<\/p>\n<\/li>\n<li class=\"\" data-start=\"1459\" data-end=\"1501\">\n<p class=\"\" data-start=\"1461\" data-end=\"1501\">Contact \u00e0 piston pour indiquer l&#039;\u00e9tat de la porte<\/p>\n<\/li>\n<li class=\"\" data-start=\"1502\" data-end=\"1554\">\n<p class=\"\" data-start=\"1504\" data-end=\"1554\">Technologie de pression de bande \u2013 s&#039;ouvre avec une pression allant jusqu&#039;\u00e0 40 kg<\/p>\n<\/li>\n<li class=\"\" data-start=\"1555\" data-end=\"1593\">\n<p class=\"\" data-start=\"1557\" data-end=\"1593\">Conception compacte et montage r\u00e9versible<\/p>\n<\/li>\n<li class=\"\" data-start=\"1594\" data-end=\"1618\">\n<p class=\"\" data-start=\"1596\" data-end=\"1618\">Haute r\u00e9sistance (9 kN)<\/p>\n<\/li>\n<\/ul>\n<p class=\"\" data-start=\"1620\" data-end=\"1977\"><strong data-start=\"1620\" data-end=\"1649\">Sp\u00e9cifications techniques\u00a0:<\/strong><br data-start=\"1649\" data-end=\"1652\" \/>Tension de fonctionnement : 24 V CC (21,6-27,6 V)<br data-start=\"1688\" data-end=\"1691\" \/>Consommation \u00e9lectrique : 110 mAh \/ max 300 mA<br data-start=\"1729\" data-end=\"1732\" \/>Contact plongeur : Oui (micro-interrupteur, 30 V CC, 1 A)<br data-start=\"1776\" data-end=\"1779\" \/>R\u00e9sistance \u00e0 la rupture : 900 kg (9 kN)<br data-start=\"1809\" data-end=\"1812\" \/>Pression de la bande : 40 kg<br data-start=\"1828\" data-end=\"1831\" \/>Type de serrure : Serrure \u00e0 p\u00eane simple, Serrure \u00e0 p\u00eane double<br data-start=\"1864\" data-end=\"1867\" \/>Dimensions (LxPxH) : 25 x 35 x 90 mm<br data-start=\"1896\" data-end=\"1899\" \/>Traitement de surface : Acier inoxydable<br data-start=\"1920\" data-end=\"1923\" \/>C\u00e2ble : Non<br data-start=\"1933\" data-end=\"1936\" \/>Produit de construction \u00e9valu\u00e9 : Oui<br data-start=\"1954\" data-end=\"1957\" \/>SundaHouse not\u00e9 : Oui<\/p>","protected":false},"excerpt":{"rendered":"<p>Vous pouvez voir ici quels poteaux et mod\u00e8les s&#039;adaptent ensemble \u00e0 partir de la gamme STEP de but\u00e9es de porte \u00e9lectriques.<\/p>\n<h5><strong><a href=\"https:\/\/steplock.com\/sv\/stolpguide\/#!?lang=sv&amp;blog_id=1&amp;paged=1&amp;number=50\" target=\"_blank\" rel=\"noopener\">Guide de publication STEP\u00a0<\/a><\/strong><\/h5>\n<h5><strong><a href=\"https:\/\/steplock.com\/sv\/projekteringsguide\/#!?lang=sv&amp;blog_id=1&amp;paged=1&amp;number=999\" target=\"_blank\" rel=\"noopener\">Guide de conception STEP<\/a><\/strong><\/h5>","protected":false},"featured_media":140090,"template":"","meta":{"_acf_changed":false},"product_brand":[],"product_cat":[3355],"product_tag":[4197,4201],"class_list":{"0":"post-140092","1":"product","2":"type-product","3":"status-publish","4":"has-post-thumbnail","6":"product_cat-elslutbleck","7":"product_tag-24v","8":"product_tag-omvand","9":"product_shipping_class-tunga-paket","10":"pa_brands-step","11":"tm-no-options","13":"first","14":"onbackorder","15":"sale","16":"taxable","17":"shipping-taxable","18":"purchasable","19":"product-type-simple"},"acf":[],"_links":{"self":[{"href":"https:\/\/secureus.se\/fr\/wp-json\/wp\/v2\/product\/140092","targetHints":{"allow":["GET"]}}],"collection":[{"href":"https:\/\/secureus.se\/fr\/wp-json\/wp\/v2\/product"}],"about":[{"href":"https:\/\/secureus.se\/fr\/wp-json\/wp\/v2\/types\/product"}],"wp:featuredmedia":[{"embeddable":true,"href":"https:\/\/secureus.se\/fr\/wp-json\/wp\/v2\/media\/140090"}],"wp:attachment":[{"href":"https:\/\/secureus.se\/fr\/wp-json\/wp\/v2\/media?parent=140092"}],"wp:term":[{"taxonomy":"product_brand","embeddable":true,"href":"https:\/\/secureus.se\/fr\/wp-json\/wp\/v2\/product_brand?post=140092"},{"taxonomy":"product_cat","embeddable":true,"href":"https:\/\/secureus.se\/fr\/wp-json\/wp\/v2\/product_cat?post=140092"},{"taxonomy":"product_tag","embeddable":true,"href":"https:\/\/secureus.se\/fr\/wp-json\/wp\/v2\/product_tag?post=140092"}],"curies":[{"name":"wp","href":"https:\/\/api.w.org\/{rel}","templated":true}]}}