{"id":140103,"date":"2023-09-26T13:07:51","date_gmt":"2023-09-26T11:07:51","guid":{"rendered":"https:\/\/secureus.se\/elslutbleck-step-18-hoger-rattvand-24v-10mm-regel-modul\/"},"modified":"2026-02-20T11:30:36","modified_gmt":"2026-02-20T10:30:36","slug":"elslutbleck-step-18-hoger-rattvand-24v-10mm-regel-modul","status":"publish","type":"product","link":"https:\/\/secureus.se\/fr\/elslutbleck-step-18-hoger-rattvand-24v-10mm-regel-modul\/","title":{"rendered":"Plaque d&#039;extr\u00e9mit\u00e9 \u00e9lectrique \u00c9TAPE 18 Droite Face \u00e0 droite Module de r\u00e8gle 24 V 10 mm"},"content":{"rendered":"<h1>Plaque d&#039;extr\u00e9mit\u00e9 \u00e9lectrique \u00c9TAPE 18 Droite Face \u00e0 droite Module de r\u00e8gle 24 V 10 mm<\/h1>\n<p>\u00c9TAPE 18 G\u00e2che \u00e9lectrique s\u00e9curis\u00e9e pour portes \u00e0 ouverture \u00e0 droite de la s\u00e9rie Modul avec p\u00eane de 10 mm. Fonctionnement \u00e0 droite, homologu\u00e9 incendie E\/EI 60 et contact piston\/loquet. C\u00e2ble de 5 m inclus.<\/p>\n<p class=\"\" data-start=\"249\" data-end=\"575\">La g\u00e2che \u00e9lectrique STEP 18 Secure est une solution robuste et hautement s\u00e9curis\u00e9e con\u00e7ue pour les environnements exigeant une protection contre les intrusions \u00e9lev\u00e9e, tels que les prisons, les agences gouvernementales et les propri\u00e9t\u00e9s class\u00e9es de s\u00e9curit\u00e9.<\/p>\n<p class=\"\" data-start=\"249\" data-end=\"575\">Cette variante est particuli\u00e8rement adapt\u00e9e aux portes \u00e0 ouverture \u00e0 droite avec serrures \u00e0 p\u00eane de la s\u00e9rie Modul et piston de 10 mm.<\/p>\n<p class=\"\" data-start=\"577\" data-end=\"962\">Le STEP 18 est dot\u00e9 d&#039;une fonction de s\u00e9curit\u00e9 int\u00e9gr\u00e9e, ce qui signifie qu&#039;il est verrouill\u00e9 en cas de panne de courant \u2013 une caract\u00e9ristique importante dans les installations o\u00f9 la s\u00e9curit\u00e9 doit toujours \u00eatre maintenue.<\/p>\n<p class=\"\" data-start=\"577\" data-end=\"962\">Le produit est test\u00e9 et approuv\u00e9 pour une r\u00e9sistance au feu jusqu&#039;\u00e0 E\/EI 60 et offre une r\u00e9sistance \u00e0 la rupture impressionnante de 15 kN.<\/p>\n<p class=\"\" data-start=\"577\" data-end=\"962\">Il s&#039;ouvre m\u00eame sous une pression de bande allant jusqu&#039;\u00e0 5 kN, gr\u00e2ce \u00e0 sa construction r\u00e9sistante aux chocs et robuste.<\/p>\n<p class=\"\" data-start=\"964\" data-end=\"1178\">Dot\u00e9e d&#039;un piston et d&#039;un contact de verrouillage int\u00e9gr\u00e9s, la g\u00e2che \u00e9lectrique permet une d\u00e9tection d&#039;\u00e9tat fiable et une int\u00e9gration facile dans les syst\u00e8mes de contr\u00f4le d&#039;acc\u00e8s ou les alarmes.<\/p>\n<p class=\"\" data-start=\"964\" data-end=\"1178\">Il est livr\u00e9 avec un c\u00e2ble de connexion sans halog\u00e8ne de 5 m\u00e8tres pour une installation facile.<\/p>\n<p class=\"\" data-start=\"1180\" data-end=\"1206\"><strong data-start=\"1180\" data-end=\"1206\">Caract\u00e9ristiques et avantages :<\/strong><\/p>\n<ul data-start=\"1207\" data-end=\"1495\">\n<li class=\"\" data-start=\"1207\" data-end=\"1242\">\n<p class=\"\" data-start=\"1209\" data-end=\"1242\">Pour serrure \u00e0 p\u00eane modulaire avec piston de 10 mm<\/p>\n<\/li>\n<li class=\"\" data-start=\"1243\" data-end=\"1280\">\n<p class=\"\" data-start=\"1245\" data-end=\"1280\">Fonctionnement correct \u2013 verrouill\u00e9 sans alimentation<\/p>\n<\/li>\n<li class=\"\" data-start=\"1281\" data-end=\"1298\">\n<p class=\"\" data-start=\"1283\" data-end=\"1298\">Porte de droite<\/p>\n<\/li>\n<li class=\"\" data-start=\"1299\" data-end=\"1321\">\n<p class=\"\" data-start=\"1301\" data-end=\"1321\">R\u00e9sistance au feu E\/EI 60<\/p>\n<\/li>\n<li class=\"\" data-start=\"1322\" data-end=\"1346\">\n<p class=\"\" data-start=\"1324\" data-end=\"1346\">R\u00e9sistance \u00e0 la rupture : 15 kN<\/p>\n<\/li>\n<li class=\"\" data-start=\"1347\" data-end=\"1376\">\n<p class=\"\" data-start=\"1349\" data-end=\"1376\">R\u00e9siste \u00e0 une pression de moulage jusqu&#039;\u00e0 5 kN<\/p>\n<\/li>\n<li class=\"\" data-start=\"1377\" data-end=\"1407\">\n<p class=\"\" data-start=\"1379\" data-end=\"1407\">Contact de piston et contact de verrouillage<\/p>\n<\/li>\n<li class=\"\" data-start=\"1408\" data-end=\"1428\">\n<p class=\"\" data-start=\"1410\" data-end=\"1428\">Conception anti-choc<\/p>\n<\/li>\n<li class=\"\" data-start=\"1429\" data-end=\"1461\">\n<p class=\"\" data-start=\"1431\" data-end=\"1461\">C\u00e2ble sans halog\u00e8ne de 5 m\u00e8tres inclus<\/p>\n<\/li>\n<li class=\"\" data-start=\"1462\" data-end=\"1495\">\n<p class=\"\" data-start=\"1464\" data-end=\"1495\">Mat\u00e9riaux de construction \u00e9valu\u00e9s et SundaHus \u00e9valu\u00e9s<\/p>\n<\/li>\n<\/ul>","protected":false},"excerpt":{"rendered":"<p>Vous pouvez voir ici quels poteaux et mod\u00e8les s&#039;adaptent ensemble \u00e0 partir de la gamme STEP de but\u00e9es de porte \u00e9lectriques.<\/p>\n<h5><strong><a href=\"https:\/\/steplock.com\/sv\/stolpguide\/#!?lang=sv&amp;blog_id=1&amp;paged=1&amp;number=50\" target=\"_blank\" rel=\"noopener\">Guide de publication STEP\u00a0<\/a><\/strong><\/h5>\n<h5><strong><a href=\"https:\/\/steplock.com\/sv\/projekteringsguide\/#!?lang=sv&amp;blog_id=1&amp;paged=1&amp;number=999\" target=\"_blank\" rel=\"noopener\">Guide de conception STEP<\/a><\/strong><\/h5>","protected":false},"featured_media":140100,"template":"","meta":{"_acf_changed":false},"product_brand":[],"product_cat":[3355],"product_tag":[4197,4200],"class_list":{"0":"post-140103","1":"product","2":"type-product","3":"status-publish","4":"has-post-thumbnail","6":"product_cat-elslutbleck","7":"product_tag-24v","8":"product_tag-rattvand","9":"product_shipping_class-tunga-paket","10":"pa_brands-step","11":"tm-no-options","13":"first","14":"onbackorder","15":"sale","16":"taxable","17":"shipping-taxable","18":"purchasable","19":"product-type-simple"},"acf":[],"_links":{"self":[{"href":"https:\/\/secureus.se\/fr\/wp-json\/wp\/v2\/product\/140103","targetHints":{"allow":["GET"]}}],"collection":[{"href":"https:\/\/secureus.se\/fr\/wp-json\/wp\/v2\/product"}],"about":[{"href":"https:\/\/secureus.se\/fr\/wp-json\/wp\/v2\/types\/product"}],"wp:featuredmedia":[{"embeddable":true,"href":"https:\/\/secureus.se\/fr\/wp-json\/wp\/v2\/media\/140100"}],"wp:attachment":[{"href":"https:\/\/secureus.se\/fr\/wp-json\/wp\/v2\/media?parent=140103"}],"wp:term":[{"taxonomy":"product_brand","embeddable":true,"href":"https:\/\/secureus.se\/fr\/wp-json\/wp\/v2\/product_brand?post=140103"},{"taxonomy":"product_cat","embeddable":true,"href":"https:\/\/secureus.se\/fr\/wp-json\/wp\/v2\/product_cat?post=140103"},{"taxonomy":"product_tag","embeddable":true,"href":"https:\/\/secureus.se\/fr\/wp-json\/wp\/v2\/product_tag?post=140103"}],"curies":[{"name":"wp","href":"https:\/\/api.w.org\/{rel}","templated":true}]}}