{"id":140123,"date":"2023-09-26T13:07:47","date_gmt":"2023-09-26T11:07:47","guid":{"rendered":"https:\/\/secureus.se\/elslutbleck-step-40-omstallbar-12v-kolvkontakt\/"},"modified":"2026-04-08T16:11:13","modified_gmt":"2026-04-08T14:11:13","slug":"elslutbleck-step-40-omstallbar-12v-kolvkontakt","status":"publish","type":"product","link":"https:\/\/secureus.se\/fr\/elslutbleck-step-40-omstallbar-12v-kolvkontakt\/","title":{"rendered":"Plaque de terminaison \u00e9lectrique STEP 40 Contact piston r\u00e9glable 12V"},"content":{"rendered":"<h1>Plaque de terminaison \u00e9lectrique STEP 40 Contact piston r\u00e9glable 12V<\/h1>\n<p>STEP 40 Preload HPR \u2013 g\u00e2che \u00e9lectrique compacte avec fonction r\u00e9versible (avant\/arri\u00e8re), contact \u00e0 piston et haute fiabilit\u00e9 de fonctionnement. R\u00e9siste jusqu&#039;\u00e0 250 kg de pression de bande.<\/p>\n<p class=\"\" data-start=\"234\" data-end=\"603\">La g\u00e2che \u00e9lectrique STEP 40 Preload HPR est une g\u00e2che \u00e9lectrique polyvalente et puissante adapt\u00e9e aux environnements de portes modernes avec des exigences \u00e9lev\u00e9es en mati\u00e8re de fonctionnalit\u00e9 et de s\u00e9curit\u00e9.<\/p>\n<p class=\"\" data-start=\"234\" data-end=\"603\">Gr\u00e2ce \u00e0 sa fonction r\u00e9versible, il peut \u00eatre facilement configur\u00e9 en mode orient\u00e9 vers l&#039;avant (verrouill\u00e9 sans alimentation) ou orient\u00e9 vers l&#039;arri\u00e8re (d\u00e9verrouill\u00e9 sans alimentation), offrant une flexibilit\u00e9 maximale lors de l&#039;installation.<\/p>\n<p class=\"\" data-start=\"605\" data-end=\"889\">Gr\u00e2ce \u00e0 la technologie brevet\u00e9e de pression de bande HPR\u00ae de STEP, la porte s&#039;ouvre m\u00eame lorsqu&#039;elle est soumise \u00e0 une pression allant jusqu&#039;\u00e0 250 kg, ce qui fait de la g\u00e2che \u00e9lectrique un choix fiable m\u00eame dans les environnements \u00e0 fortes contraintes.<\/p>\n<p class=\"\" data-start=\"605\" data-end=\"889\">La t\u00f4le est test\u00e9e sur plus de 1,5 million de cycles et pr\u00e9sente une r\u00e9sistance \u00e0 la rupture de 1 200 kg.<\/p>\n<p class=\"\" data-start=\"891\" data-end=\"1166\">Le contact \u00e0 piston int\u00e9gr\u00e9 fournit une indication fiable si la porte est ferm\u00e9e ou ouverte et peut \u00eatre facilement int\u00e9gr\u00e9 aux syst\u00e8mes de contr\u00f4le d&#039;acc\u00e8s ou aux syst\u00e8mes d&#039;alarme.<\/p>\n<p class=\"\" data-start=\"891\" data-end=\"1166\">STEP 40 est r\u00e9versible pour les portes droites et gauches et poss\u00e8de une conception compacte qui s&#039;adapte aux espaces restreints ou aux environnements de portes plus anciens.<\/p>\n<p class=\"\" data-start=\"1168\" data-end=\"1194\"><strong data-start=\"1168\" data-end=\"1194\">Caract\u00e9ristiques et avantages :<\/strong><\/p>\n<ul data-start=\"1195\" data-end=\"1540\">\n<li class=\"\" data-start=\"1195\" data-end=\"1242\">\n<p class=\"\" data-start=\"1197\" data-end=\"1242\">Fonction r\u00e9versible \u2013 avant ou arri\u00e8re<\/p>\n<\/li>\n<li class=\"\" data-start=\"1243\" data-end=\"1279\">\n<p class=\"\" data-start=\"1245\" data-end=\"1279\">Contact de piston avec indication d&#039;\u00e9tat<\/p>\n<\/li>\n<li class=\"\" data-start=\"1280\" data-end=\"1327\">\n<p class=\"\" data-start=\"1282\" data-end=\"1327\">Technologie HPR\u00ae \u2013 s&#039;ouvre malgr\u00e9 une pression de bande de 250 kg<\/p>\n<\/li>\n<li class=\"\" data-start=\"1328\" data-end=\"1356\">\n<p class=\"\" data-start=\"1330\" data-end=\"1356\">R\u00e9sistance \u00e0 la rupture 1 200 kg<\/p>\n<\/li>\n<li class=\"\" data-start=\"1357\" data-end=\"1390\">\n<p class=\"\" data-start=\"1359\" data-end=\"1390\">Pour serrures \u00e0 un ou deux vantaux<\/p>\n<\/li>\n<li class=\"\" data-start=\"1391\" data-end=\"1420\">\n<p class=\"\" data-start=\"1393\" data-end=\"1420\">Diode de protection et protection contre les chocs<\/p>\n<\/li>\n<li class=\"\" data-start=\"1421\" data-end=\"1471\">\n<p class=\"\" data-start=\"1423\" data-end=\"1471\">R\u00e9versible \u2013 s&#039;adapte aux portes droites et gauches<\/p>\n<\/li>\n<li class=\"\" data-start=\"1472\" data-end=\"1507\">\n<p class=\"\" data-start=\"1474\" data-end=\"1507\">Test\u00e9 sur 1,5 million de cycles<\/p>\n<\/li>\n<li class=\"\" data-start=\"1508\" data-end=\"1540\">\n<p class=\"\" data-start=\"1510\" data-end=\"1540\">Compatible avec les syst\u00e8mes 12 V CC<\/p>\n<\/li>\n<\/ul>","protected":false},"excerpt":{"rendered":"<p>Vous pouvez voir ici quels poteaux et mod\u00e8les s&#039;adaptent ensemble \u00e0 partir de la gamme STEP de but\u00e9es de porte \u00e9lectriques.<\/p>\n<h5><strong><a href=\"https:\/\/steplock.com\/sv\/stolpguide\/#!?lang=sv&amp;blog_id=1&amp;paged=1&amp;number=50\" target=\"_blank\" rel=\"noopener\">Guide de publication STEP\u00a0<\/a><\/strong><\/h5>\n<h5><strong><a href=\"https:\/\/steplock.com\/sv\/projekteringsguide\/#!?lang=sv&amp;blog_id=1&amp;paged=1&amp;number=999\" target=\"_blank\" rel=\"noopener\">Guide de conception STEP<\/a><\/strong><\/h5>","protected":false},"featured_media":140116,"template":"","meta":{"_acf_changed":false},"product_brand":[],"product_cat":[3355],"product_tag":[4198,4202],"class_list":{"0":"post-140123","1":"product","2":"type-product","3":"status-publish","4":"has-post-thumbnail","6":"product_cat-elslutbleck","7":"product_tag-12v","8":"product_tag-omstallbar-rattvand-omvand","9":"product_shipping_class-tunga-paket","10":"pa_brands-step","11":"tm-no-options","13":"first","14":"onbackorder","15":"sale","16":"taxable","17":"shipping-taxable","18":"purchasable","19":"product-type-simple"},"acf":[],"_links":{"self":[{"href":"https:\/\/secureus.se\/fr\/wp-json\/wp\/v2\/product\/140123","targetHints":{"allow":["GET"]}}],"collection":[{"href":"https:\/\/secureus.se\/fr\/wp-json\/wp\/v2\/product"}],"about":[{"href":"https:\/\/secureus.se\/fr\/wp-json\/wp\/v2\/types\/product"}],"wp:featuredmedia":[{"embeddable":true,"href":"https:\/\/secureus.se\/fr\/wp-json\/wp\/v2\/media\/140116"}],"wp:attachment":[{"href":"https:\/\/secureus.se\/fr\/wp-json\/wp\/v2\/media?parent=140123"}],"wp:term":[{"taxonomy":"product_brand","embeddable":true,"href":"https:\/\/secureus.se\/fr\/wp-json\/wp\/v2\/product_brand?post=140123"},{"taxonomy":"product_cat","embeddable":true,"href":"https:\/\/secureus.se\/fr\/wp-json\/wp\/v2\/product_cat?post=140123"},{"taxonomy":"product_tag","embeddable":true,"href":"https:\/\/secureus.se\/fr\/wp-json\/wp\/v2\/product_tag?post=140123"}],"curies":[{"name":"wp","href":"https:\/\/api.w.org\/{rel}","templated":true}]}}