{"id":140167,"date":"2023-09-26T13:07:16","date_gmt":"2023-09-26T11:07:16","guid":{"rendered":"https:\/\/secureus.se\/elslutbleck-step-28e-vanster-omvand-24v-12mm-regel\/"},"modified":"2026-03-26T09:50:35","modified_gmt":"2026-03-26T08:50:35","slug":"elslutbleck-step-28e-vanster-omvand-24v-12mm-regel","status":"publish","type":"product","link":"https:\/\/secureus.se\/fr\/elslutbleck-step-28e-vanster-omvand-24v-12mm-regel\/","title":{"rendered":"Plaque d&#039;extr\u00e9mit\u00e9 \u00e9lectrique STEP 28E Gauche Inverse 24V R\u00e8gle 12mm"},"content":{"rendered":"<h1>Plaque d&#039;extr\u00e9mit\u00e9 \u00e9lectrique STEP 28E Gauche Inverse 24V R\u00e8gle 12mm<\/h1>\n<p>\u00c9TAPE 28E G\u00e2che \u00e9lectrique s\u00e9curis\u00e9e avec fonction d&#039;inversion pour portes \u00e0 ouverture \u00e0 gauche.<\/p>\n<p>Adapt\u00e9 pour piston 12 mm de la s\u00e9rie Modul, 24V DC, classe de feu E\/EI 60.<\/p>\n<p>Construction robuste avec support de syst\u00e8me d&#039;acc\u00e8s et c\u00e2ble sans halog\u00e8ne de 5 m.<\/p>\n<p class=\"\" data-start=\"428\" data-end=\"823\">STEP 28E Secure est une g\u00e2che \u00e9lectrique puissante et fiable qui r\u00e9pond \u00e0 des exigences \u00e9lev\u00e9es en mati\u00e8re de s\u00e9curit\u00e9, de protection incendie et de fonctionnement dans les voies d&#039;\u00e9vacuation.<\/p>\n<p class=\"\" data-start=\"428\" data-end=\"823\">Il est sp\u00e9cialement adapt\u00e9 aux portes \u00e0 ouverture \u00e0 gauche et est utilis\u00e9 avec les serrures \u00e0 p\u00eane avec piston de 12 mm de la s\u00e9rie Modul.<\/p>\n<p class=\"\" data-start=\"428\" data-end=\"823\">Gr\u00e2ce \u00e0 sa fonction inverse \u2013 verrouill\u00e9e en cas de panne de courant \u2013 il assure une protection efficace m\u00eame en cas de panne de courant.<\/p>\n<p class=\"\" data-start=\"825\" data-end=\"1173\">Cette g\u00e2che \u00e9lectrique est class\u00e9e coupe-feu jusqu&#039;\u00e0 E\/EI 60 et convient parfaitement aux installations o\u00f9 l&#039;\u00e9vacuation d&#039;urgence selon SS-EN 179 doit \u00eatre combin\u00e9e avec l&#039;automatisation des portes ou d&#039;autres exigences de s\u00e9curit\u00e9.<\/p>\n<p class=\"\" data-start=\"825\" data-end=\"1173\">Dot\u00e9 d&#039;un piston et d&#039;un contact de verrouillage int\u00e9gr\u00e9s, il fournit des signaux sur l&#039;\u00e9tat de la porte (ouvert\/ferm\u00e9) et l&#039;\u00e9tat du verrouillage (verrouill\u00e9\/d\u00e9verrouill\u00e9) aux syst\u00e8mes de contr\u00f4le d&#039;acc\u00e8s, aux syst\u00e8mes d&#039;alarme ou \u00e0 d&#039;autres syst\u00e8mes de contr\u00f4le.<\/p>\n<p class=\"\" data-start=\"1175\" data-end=\"1582\">Le STEP 28E a une r\u00e9sistance \u00e0 la rupture de plus de 15 kN et peut supporter une pression de bande allant jusqu&#039;\u00e0 500 kg, ce qui le rend r\u00e9sistant m\u00eame dans des environnements exigeants.<\/p>\n<p class=\"\" data-start=\"1175\" data-end=\"1582\">La construction en acier inoxydable est inviolable et con\u00e7ue pour une durabilit\u00e9 \u00e0 long terme.<\/p>\n<p class=\"\" data-start=\"1175\" data-end=\"1582\">Livr\u00e9 avec un c\u00e2ble de connexion sans halog\u00e8ne de 5 m\u00e8tres et est \u00e0 la fois un produit de construction \u00e9valu\u00e9 et approuv\u00e9 par SundaHus - parfait pour les solutions de s\u00e9curit\u00e9 professionnelles dans les environnements publics et commerciaux.<\/p>","protected":false},"excerpt":{"rendered":"<p>Vous pouvez voir ici quels poteaux et mod\u00e8les s&#039;adaptent ensemble \u00e0 partir de la gamme STEP de but\u00e9es de porte \u00e9lectriques.<\/p>\n<h5><strong><a href=\"https:\/\/steplock.com\/sv\/stolpguide\/#!?lang=sv&amp;blog_id=1&amp;paged=1&amp;number=50\" target=\"_blank\" rel=\"noopener\">Guide de publication STEP\u00a0<\/a><\/strong><\/h5>\n<h5><strong><a href=\"https:\/\/steplock.com\/sv\/projekteringsguide\/#!?lang=sv&amp;blog_id=1&amp;paged=1&amp;number=999\" target=\"_blank\" rel=\"noopener\">Guide de conception STEP<\/a><\/strong><\/h5>","protected":false},"featured_media":140165,"template":"","meta":{"_acf_changed":false},"product_brand":[],"product_cat":[3355],"product_tag":[4197,4201],"class_list":{"0":"post-140167","1":"product","2":"type-product","3":"status-publish","4":"has-post-thumbnail","6":"product_cat-elslutbleck","7":"product_tag-24v","8":"product_tag-omvand","9":"product_shipping_class-tunga-paket","10":"pa_brands-step","11":"tm-no-options","13":"first","14":"instock","15":"sale","16":"taxable","17":"shipping-taxable","18":"purchasable","19":"product-type-simple"},"acf":[],"_links":{"self":[{"href":"https:\/\/secureus.se\/fr\/wp-json\/wp\/v2\/product\/140167","targetHints":{"allow":["GET"]}}],"collection":[{"href":"https:\/\/secureus.se\/fr\/wp-json\/wp\/v2\/product"}],"about":[{"href":"https:\/\/secureus.se\/fr\/wp-json\/wp\/v2\/types\/product"}],"wp:featuredmedia":[{"embeddable":true,"href":"https:\/\/secureus.se\/fr\/wp-json\/wp\/v2\/media\/140165"}],"wp:attachment":[{"href":"https:\/\/secureus.se\/fr\/wp-json\/wp\/v2\/media?parent=140167"}],"wp:term":[{"taxonomy":"product_brand","embeddable":true,"href":"https:\/\/secureus.se\/fr\/wp-json\/wp\/v2\/product_brand?post=140167"},{"taxonomy":"product_cat","embeddable":true,"href":"https:\/\/secureus.se\/fr\/wp-json\/wp\/v2\/product_cat?post=140167"},{"taxonomy":"product_tag","embeddable":true,"href":"https:\/\/secureus.se\/fr\/wp-json\/wp\/v2\/product_tag?post=140167"}],"curies":[{"name":"wp","href":"https:\/\/api.w.org\/{rel}","templated":true}]}}