{"id":140178,"date":"2023-09-26T13:07:06","date_gmt":"2023-09-26T11:07:06","guid":{"rendered":"https:\/\/secureus.se\/elslutbleck-step-98-omvand-24v\/"},"modified":"2026-04-08T16:38:44","modified_gmt":"2026-04-08T14:38:44","slug":"elslutbleck-step-98-omvand-24v","status":"publish","type":"product","link":"https:\/\/secureus.se\/fr\/elslutbleck-step-98-omvand-24v\/","title":{"rendered":"Plaque de terminaison \u00e9lectrique STEP 98 Reverse 24V"},"content":{"rendered":"<p>Plaque de terminaison \u00e9lectrique STEP 98 Reverse 24V<\/p>\n<p>STEP 98 Preload est une g\u00e2che \u00e9lectrique coupe-feu avec fonction d&#039;inversion, con\u00e7ue pour les portes de s\u00e9curit\u00e9 verrouill\u00e9es avec un bouton ou une cl\u00e9.<\/p>\n<p>Dot\u00e9 de la technologie HPR\u00ae et d&#039;une r\u00e9sistance \u00e0 la rupture de 900 kg, il offre une ouverture s\u00e9curis\u00e9e m\u00eame en appui contre le cadre.<\/p>\n<p>G\u00e2che \u00e9lectrique STEP 98 Preload est une g\u00e2che \u00e9lectrique qui offre \u00e0 la fois s\u00e9curit\u00e9 et fonctionnalit\u00e9 pour les portes verrouill\u00e9es avec un bouton ou une cl\u00e9.<\/p>\n<p>Il est homologu\u00e9 incendie jusqu&#039;\u00e0 E\/EI 120 selon la norme SS-EN 14846:2008, ce qui en fait un choix fiable pour les portes qui doivent r\u00e9sister \u00e0 des exigences \u00e9lev\u00e9es en mati\u00e8re de r\u00e9sistance au feu.<\/p>\n<p>Gr\u00e2ce \u00e0 la technologie brevet\u00e9e de pression de bande de STEP, STEP 98 garantit l&#039;ouverture de la porte m\u00eame lorsqu&#039;elle est soumise \u00e0 une pression de bande allant jusqu&#039;\u00e0 40 kg.<\/p>\n<p class=\"\" data-start=\"809\" data-end=\"1162\">La fonction inverse signifie que la g\u00e2che \u00e9lectrique est d\u00e9verrouill\u00e9e en position hors tension, ce qui est une caract\u00e9ristique importante pour les solutions de s\u00e9curit\u00e9 o\u00f9 un acc\u00e8s rapide est requis.<\/p>\n<p class=\"\" data-start=\"809\" data-end=\"1162\">Le STEP 98 a une r\u00e9sistance \u00e0 la rupture de 9 kN (environ 900 kg) et offre une solution fiable pour les op\u00e9rations en marche avant et en marche arri\u00e8re. Il est \u00e9galement inviolable et r\u00e9versible pour s&#039;adapter aux portes droites et gauches.<\/p>\n<p class=\"\" data-start=\"1164\" data-end=\"1449\">Il est \u00e9galement possible d&#039;installer un indicateur de p\u00eane (ST4880), qui permet de bloquer le syst\u00e8me de contr\u00f4le d&#039;acc\u00e8s de la porte ou l&#039;automatisation de la porte lorsque le p\u00eane \u00e0 crochet ou le p\u00eane droit du bo\u00eetier de serrure a \u00e9t\u00e9 d\u00e9verrouill\u00e9 m\u00e9caniquement, offrant ainsi des fonctionnalit\u00e9s suppl\u00e9mentaires pour les syst\u00e8mes de contr\u00f4le d&#039;acc\u00e8s et les solutions de s\u00e9curit\u00e9.<\/p>\n<p class=\"\" data-start=\"1451\" data-end=\"1466\"><strong data-start=\"1451\" data-end=\"1466\">Propri\u00e9t\u00e9s:<\/strong><\/p>\n<ul data-start=\"1467\" data-end=\"1911\">\n<li class=\"\" data-start=\"1467\" data-end=\"1509\">\n<p class=\"\" data-start=\"1469\" data-end=\"1509\">Fonction inverse (d\u00e9verrouill\u00e9e en mode hors tension)<\/p>\n<\/li>\n<li class=\"\" data-start=\"1510\" data-end=\"1566\">\n<p class=\"\" data-start=\"1512\" data-end=\"1566\">Homologu\u00e9 au feu jusqu&#039;\u00e0 E\/EI 120 selon SS-EN 14846:2008<\/p>\n<\/li>\n<li class=\"\" data-start=\"1567\" data-end=\"1615\">\n<p class=\"\" data-start=\"1569\" data-end=\"1615\">Diode de protection int\u00e9gr\u00e9e pour une s\u00e9curit\u00e9 \u00e9lectrique accrue<\/p>\n<\/li>\n<li class=\"\" data-start=\"1616\" data-end=\"1653\">\n<p class=\"\" data-start=\"1618\" data-end=\"1653\">R\u00e9sistance \u00e0 la rupture de 9 kN (environ 900 kg)<\/p>\n<\/li>\n<li class=\"\" data-start=\"1654\" data-end=\"1753\">\n<p class=\"\" data-start=\"1656\" data-end=\"1753\">Garantit l&#039;ouverture malgr\u00e9 une pression de bande jusqu&#039;\u00e0 40 kg (0,4 kN) en marche avant et arri\u00e8re<\/p>\n<\/li>\n<li class=\"\" data-start=\"1754\" data-end=\"1813\">\n<p class=\"\" data-start=\"1756\" data-end=\"1813\">Antichoc et r\u00e9versible pour portes droites et gauches<\/p>\n<\/li>\n<li class=\"\" data-start=\"1814\" data-end=\"1860\">\n<p class=\"\" data-start=\"1816\" data-end=\"1860\">Capable de verrouiller les boulons \u00e0 crochet ou les boulons droits<\/p>\n<\/li>\n<li class=\"\" data-start=\"1861\" data-end=\"1911\">\n<p class=\"\" data-start=\"1863\" data-end=\"1911\">Microrupteur unipolaire inverseur, max. 30 V CC, 1 A<\/p>\n<\/li>\n<\/ul>\n<p class=\"\" data-start=\"1913\" data-end=\"1942\"><strong data-start=\"1913\" data-end=\"1942\">Sp\u00e9cifications techniques :<\/strong><\/p>\n<ul data-start=\"1943\" data-end=\"2481\">\n<li class=\"\" data-start=\"1943\" data-end=\"2050\">\n<p class=\"\" data-start=\"1945\" data-end=\"2050\">Alimentation : 12 V DC (+15% -10%) 220 mAh \/ max 600 mA ou 24 V DC (+15% -10%) 110 mAh \/ max 300 mA<\/p>\n<\/li>\n<li class=\"\" data-start=\"2051\" data-end=\"2091\">\n<p class=\"\" data-start=\"2053\" data-end=\"2091\">Durabilit\u00e9 : Grade X selon SS-EN 14846<\/p>\n<\/li>\n<li class=\"\" data-start=\"2092\" data-end=\"2131\">\n<p class=\"\" data-start=\"2094\" data-end=\"2131\">Corrosion : Grade M selon SS-EN 14846<\/p>\n<\/li>\n<li class=\"\" data-start=\"2132\" data-end=\"2170\">\n<p class=\"\" data-start=\"2134\" data-end=\"2170\">S\u00e9curit\u00e9 : Grade 3 selon SS-EN 14846<\/p>\n<\/li>\n<li class=\"\" data-start=\"2171\" data-end=\"2233\">\n<p class=\"\" data-start=\"2173\" data-end=\"2233\">Manipulation \u00e9lectrique de s\u00e9curit\u00e9 : Grade 1 selon SS-EN 14846<\/p>\n<\/li>\n<li class=\"\" data-start=\"2234\" data-end=\"2256\">\n<p class=\"\" data-start=\"2236\" data-end=\"2256\">Test\u00e9 au feu : 120 min<\/p>\n<\/li>\n<li class=\"\" data-start=\"2257\" data-end=\"2282\">\n<p class=\"\" data-start=\"2259\" data-end=\"2282\">R\u00e9sistance \u00e0 la rupture : 900 kg<\/p>\n<\/li>\n<li class=\"\" data-start=\"2283\" data-end=\"2313\">\n<p class=\"\" data-start=\"2285\" data-end=\"2313\">Charni\u00e8re de porte : droite, gauche<\/p>\n<\/li>\n<li class=\"\" data-start=\"2314\" data-end=\"2332\">\n<p class=\"\" data-start=\"2316\" data-end=\"2332\">C\u00e2ble inclus : Non<\/p>\n<\/li>\n<li class=\"\" data-start=\"2333\" data-end=\"2351\">\n<p class=\"\" data-start=\"2335\" data-end=\"2351\">Pression de la bande : 40 kg<\/p>\n<\/li>\n<li class=\"\" data-start=\"2352\" data-end=\"2387\">\n<p class=\"\" data-start=\"2354\" data-end=\"2387\">Type de serrure : Serrure \u00e0 p\u00eane simple, Serrure \u00e0 p\u00eane double<\/p>\n<\/li>\n<li class=\"\" data-start=\"2388\" data-end=\"2441\">\n<p class=\"\" data-start=\"2390\" data-end=\"2441\">Dimensions du produit : Largeur : 25 mm, Profondeur : 35 mm, Hauteur : 90 mm<\/p>\n<\/li>\n<li class=\"\" data-start=\"2442\" data-end=\"2460\">\n<p class=\"\" data-start=\"2444\" data-end=\"2460\">Contact piston : Non<\/p>\n<\/li>\n<li class=\"\" data-start=\"2461\" data-end=\"2481\">\n<p class=\"\" data-start=\"2463\" data-end=\"2481\">Tension AC\/DC : DC<\/p>\n<\/li>\n<\/ul>","protected":false},"excerpt":{"rendered":"<p>Vous pouvez voir ici quels poteaux et mod\u00e8les s&#039;adaptent ensemble \u00e0 partir de la gamme STEP de but\u00e9es de porte \u00e9lectriques.<\/p>\n<h5><strong><a href=\"https:\/\/steplock.com\/sv\/stolpguide\/#!?lang=sv&amp;blog_id=1&amp;paged=1&amp;number=50\" target=\"_blank\" rel=\"noopener\">Guide de publication STEP\u00a0<\/a><\/strong><\/h5>\n<h5><strong><a href=\"https:\/\/steplock.com\/sv\/projekteringsguide\/#!?lang=sv&amp;blog_id=1&amp;paged=1&amp;number=999\" target=\"_blank\" rel=\"noopener\">Guide de conception STEP<\/a><\/strong><\/h5>","protected":false},"featured_media":140177,"template":"","meta":{"_acf_changed":false},"product_brand":[],"product_cat":[3355],"product_tag":[4197,4201],"class_list":{"0":"post-140178","1":"product","2":"type-product","3":"status-publish","4":"has-post-thumbnail","6":"product_cat-elslutbleck","7":"product_tag-24v","8":"product_tag-omvand","9":"product_shipping_class-tunga-paket","10":"pa_brands-step","11":"tm-no-options","13":"first","14":"onbackorder","15":"sale","16":"taxable","17":"shipping-taxable","18":"purchasable","19":"product-type-simple"},"acf":[],"_links":{"self":[{"href":"https:\/\/secureus.se\/fr\/wp-json\/wp\/v2\/product\/140178","targetHints":{"allow":["GET"]}}],"collection":[{"href":"https:\/\/secureus.se\/fr\/wp-json\/wp\/v2\/product"}],"about":[{"href":"https:\/\/secureus.se\/fr\/wp-json\/wp\/v2\/types\/product"}],"wp:featuredmedia":[{"embeddable":true,"href":"https:\/\/secureus.se\/fr\/wp-json\/wp\/v2\/media\/140177"}],"wp:attachment":[{"href":"https:\/\/secureus.se\/fr\/wp-json\/wp\/v2\/media?parent=140178"}],"wp:term":[{"taxonomy":"product_brand","embeddable":true,"href":"https:\/\/secureus.se\/fr\/wp-json\/wp\/v2\/product_brand?post=140178"},{"taxonomy":"product_cat","embeddable":true,"href":"https:\/\/secureus.se\/fr\/wp-json\/wp\/v2\/product_cat?post=140178"},{"taxonomy":"product_tag","embeddable":true,"href":"https:\/\/secureus.se\/fr\/wp-json\/wp\/v2\/product_tag?post=140178"}],"curies":[{"name":"wp","href":"https:\/\/api.w.org\/{rel}","templated":true}]}}