{"id":140202,"date":"2023-09-26T13:06:52","date_gmt":"2023-09-26T11:06:52","guid":{"rendered":"https:\/\/secureus.se\/elslutbleck-step-18-hoger-omvand-24v-10mm-regel\/"},"modified":"2026-03-26T09:53:51","modified_gmt":"2026-03-26T08:53:51","slug":"elslutbleck-step-18-hoger-omvand-24v-10mm-regel","status":"publish","type":"product","link":"https:\/\/secureus.se\/fr\/elslutbleck-step-18-hoger-omvand-24v-10mm-regel\/","title":{"rendered":"Plaque d&#039;extr\u00e9mit\u00e9 \u00e9lectrique STEP 18 Droite Invers\u00e9e 24V R\u00e8gle 10mm"},"content":{"rendered":"<h1>Plaque d&#039;extr\u00e9mit\u00e9 \u00e9lectrique STEP 18 Droite Invers\u00e9e 24V R\u00e8gle 10mm<\/h1>\n<p>La g\u00e2che \u00e9lectrique STEP 18 Secure est une g\u00e2che \u00e9lectrique coupe-feu pour serrures \u00e0 p\u00eane avec piston de 10 mm de la s\u00e9rie Modul, con\u00e7ue pour les portes \u00e0 haute s\u00e9curit\u00e9 anti-intrusion et \u00e0 verrouillage rapide.<\/p>\n<p class=\"\" data-start=\"357\" data-end=\"700\">La g\u00e2che \u00e9lectrique STEP 18 Secure fait partie de la s\u00e9rie Secure de STEP et offre la plus haute s\u00e9curit\u00e9 pour les portes qui n\u00e9cessitent un verrouillage et un d\u00e9verrouillage rapides et durables, ce qui la rend parfaite pour les portes avec un nombre \u00e9lev\u00e9 d&#039;entr\u00e9es et de sorties.<\/p>\n<p class=\"\" data-start=\"357\" data-end=\"700\">Il est homologu\u00e9 pour le verrouillage des portes de s\u00e9curit\u00e9 jusqu&#039;\u00e0 RC4 et coupe-feu jusqu&#039;\u00e0 E\/EI 60.<\/p>\n<p class=\"\" data-start=\"702\" data-end=\"1186\">Avec une r\u00e9sistance \u00e0 la rupture de 15 kN (environ 1 500 kg) et une capacit\u00e9 d&#039;ouverture malgr\u00e9 une pression de bande de 5 kN (environ 500 kg) en marche avant et arri\u00e8re, STEP 18 Secure offre \u00e0 la fois fiabilit\u00e9 et s\u00e9curit\u00e9.<\/p>\n<p class=\"\" data-start=\"702\" data-end=\"1186\">La fonction inverse signifie que la porte est d\u00e9verrouill\u00e9e en position hors tension, ce qui permet d&#039;ouvrir la porte rapidement si n\u00e9cessaire.<\/p>\n<p class=\"\" data-start=\"702\" data-end=\"1186\">Le contact \u00e0 piston int\u00e9gr\u00e9 fournit une indication de l&#039;\u00e9tat ferm\u00e9\/ouvert de la porte et de l&#039;\u00e9tat de verrouillage (verrouill\u00e9\/d\u00e9verrouill\u00e9), ce qui facilite l&#039;int\u00e9gration avec les syst\u00e8mes de contr\u00f4le d&#039;acc\u00e8s et les syst\u00e8mes d&#039;alarme.<\/p>\n<p class=\"\" data-start=\"1188\" data-end=\"1328\">STEP 18 Secure est \u00e9galement inviolable pour r\u00e9sister aux influences ext\u00e9rieures et dispose d&#039;un c\u00e2ble de connexion sans halog\u00e8ne de 5 m\u00e8tres pour une installation facile.<\/p>\n<p class=\"\" data-start=\"1330\" data-end=\"1345\"><strong data-start=\"1330\" data-end=\"1345\">Propri\u00e9t\u00e9s:<\/strong><\/p>\n<ul data-start=\"1346\" data-end=\"1879\">\n<li class=\"\" data-start=\"1346\" data-end=\"1390\">\n<p class=\"\" data-start=\"1348\" data-end=\"1390\">Pour serrure de r\u00e9gulation avec piston de 10 mm de la s\u00e9rie Modul<\/p>\n<\/li>\n<li class=\"\" data-start=\"1391\" data-end=\"1433\">\n<p class=\"\" data-start=\"1393\" data-end=\"1433\">Fonction inverse (d\u00e9verrouill\u00e9e en mode hors tension)<\/p>\n<\/li>\n<li class=\"\" data-start=\"1434\" data-end=\"1458\">\n<p class=\"\" data-start=\"1436\" data-end=\"1458\">Pour portes battantes \u00e0 droite<\/p>\n<\/li>\n<li class=\"\" data-start=\"1459\" data-end=\"1490\">\n<p class=\"\" data-start=\"1461\" data-end=\"1490\">Homologu\u00e9 incendie jusqu&#039;\u00e0 E\/EI 60<\/p>\n<\/li>\n<li class=\"\" data-start=\"1491\" data-end=\"1568\">\n<p class=\"\" data-start=\"1493\" data-end=\"1568\">Indication int\u00e9gr\u00e9e de l&#039;\u00e9tat de la porte (ferm\u00e9e\/ouverte) et de l&#039;\u00e9tat du verrouillage (verrouill\u00e9\/d\u00e9verrouill\u00e9)<\/p>\n<\/li>\n<li class=\"\" data-start=\"1569\" data-end=\"1607\">\n<p class=\"\" data-start=\"1571\" data-end=\"1607\">Diode de protection int\u00e9gr\u00e9e pour une s\u00e9curit\u00e9 accrue<\/p>\n<\/li>\n<li class=\"\" data-start=\"1608\" data-end=\"1647\">\n<p class=\"\" data-start=\"1610\" data-end=\"1647\">R\u00e9sistance \u00e0 la rupture de 15 kN (environ 1500 kg)<\/p>\n<\/li>\n<li class=\"\" data-start=\"1648\" data-end=\"1728\">\n<p class=\"\" data-start=\"1650\" data-end=\"1728\">S&#039;ouvre malgr\u00e9 une pression de bande de 5 kN (environ 500 kg) en marche avant et arri\u00e8re<\/p>\n<\/li>\n<li class=\"\" data-start=\"1729\" data-end=\"1788\">\n<p class=\"\" data-start=\"1731\" data-end=\"1788\">Antichoc et r\u00e9versible pour portes droites et gauches<\/p>\n<\/li>\n<li class=\"\" data-start=\"1789\" data-end=\"1835\">\n<p class=\"\" data-start=\"1791\" data-end=\"1835\">Capable de verrouiller les boulons \u00e0 crochet ou les boulons droits<\/p>\n<\/li>\n<li class=\"\" data-start=\"1836\" data-end=\"1879\">\n<p class=\"\" data-start=\"1838\" data-end=\"1879\">C\u00e2ble de connexion sans halog\u00e8ne de 5 m\u00e8tres inclus<\/p>\n<\/li>\n<\/ul>\n<p class=\"\" data-start=\"1881\" data-end=\"1910\"><strong data-start=\"1881\" data-end=\"1910\">Sp\u00e9cifications techniques :<\/strong><\/p>\n<ul data-start=\"1911\" data-end=\"2702\">\n<li class=\"\" data-start=\"1911\" data-end=\"2002\">\n<p class=\"\" data-start=\"1913\" data-end=\"2002\">Alimentation : 12 V DC (+15% -10%) 639 mA d\u00e9verrouill\u00e9 ou 24 V DC (+15% -10%) 313 mA d\u00e9verrouill\u00e9<\/p>\n<\/li>\n<li class=\"\" data-start=\"2003\" data-end=\"2067\">\n<p class=\"\" data-start=\"2005\" data-end=\"2067\">Contact \u00e0 piston : Microrupteur unipolaire inverseur, max. 30 V CC, 1 A<\/p>\n<\/li>\n<li class=\"\" data-start=\"2068\" data-end=\"2108\">\n<p class=\"\" data-start=\"2070\" data-end=\"2108\">Durabilit\u00e9 : Grade Y selon SS-EN 14846<\/p>\n<\/li>\n<li class=\"\" data-start=\"2109\" data-end=\"2148\">\n<p class=\"\" data-start=\"2111\" data-end=\"2148\">Corrosion : Grade M selon SS-EN 14846<\/p>\n<\/li>\n<li class=\"\" data-start=\"2149\" data-end=\"2187\">\n<p class=\"\" data-start=\"2151\" data-end=\"2187\">S\u00e9curit\u00e9 : Grade 7 selon SS-EN 14846<\/p>\n<\/li>\n<li class=\"\" data-start=\"2188\" data-end=\"2278\">\n<p class=\"\" data-start=\"2190\" data-end=\"2278\">Manipulation \u00e9lectrique de s\u00e9curit\u00e9 : Grade 3 (face vers l&#039;avant) Grade 1 (face vers l&#039;arri\u00e8re) selon SS-EN 14846<\/p>\n<\/li>\n<li class=\"\" data-start=\"2279\" data-end=\"2300\">\n<p class=\"\" data-start=\"2281\" data-end=\"2300\">Test\u00e9 au feu : 60 min<\/p>\n<\/li>\n<li class=\"\" data-start=\"2301\" data-end=\"2327\">\n<p class=\"\" data-start=\"2303\" data-end=\"2327\">R\u00e9sistance \u00e0 la rupture : 1500 kg<\/p>\n<\/li>\n<li class=\"\" data-start=\"2328\" data-end=\"2349\">\n<p class=\"\" data-start=\"2330\" data-end=\"2349\">Charni\u00e8re de porte : droite<\/p>\n<\/li>\n<li class=\"\" data-start=\"2350\" data-end=\"2404\">\n<p class=\"\" data-start=\"2352\" data-end=\"2404\">C\u00e2ble inclus : Oui, c\u00e2ble de connexion sans halog\u00e8ne de 5 m\u00e8tres<\/p>\n<\/li>\n<li class=\"\" data-start=\"2405\" data-end=\"2424\">\n<p class=\"\" data-start=\"2407\" data-end=\"2424\">Pression nominale : 500 kg<\/p>\n<\/li>\n<li class=\"\" data-start=\"2425\" data-end=\"2456\">\n<p class=\"\" data-start=\"2427\" data-end=\"2456\">Type de serrure : Serrure \u00e0 crochet, Serrure \u00e0 loquet<\/p>\n<\/li>\n<li class=\"\" data-start=\"2457\" data-end=\"2511\">\n<p class=\"\" data-start=\"2459\" data-end=\"2511\">Dimensions du produit : Largeur : 35 mm, Profondeur : 40 mm, Hauteur : 230 mm<\/p>\n<\/li>\n<li class=\"\" data-start=\"2512\" data-end=\"2529\">\n<p class=\"\" data-start=\"2514\" data-end=\"2529\">Contact du piston : Oui<\/p>\n<\/li>\n<li class=\"\" data-start=\"2530\" data-end=\"2550\">\n<p class=\"\" data-start=\"2532\" data-end=\"2550\">Tension AC\/DC : DC<\/p>\n<\/li>\n<li class=\"\" data-start=\"2551\" data-end=\"2573\">\n<p class=\"\" data-start=\"2553\" data-end=\"2573\">Tension maximale : 27,6 V<\/p>\n<\/li>\n<li class=\"\" data-start=\"2574\" data-end=\"2596\">\n<p class=\"\" data-start=\"2576\" data-end=\"2596\">Tension minimale : 21,6 V<\/p>\n<\/li>\n<li class=\"\" data-start=\"2597\" data-end=\"2625\">\n<p class=\"\" data-start=\"2599\" data-end=\"2625\">Couleur\/Finition : Acier inoxydable<\/p>\n<\/li>\n<li class=\"\" data-start=\"2626\" data-end=\"2646\">\n<p class=\"\" data-start=\"2628\" data-end=\"2646\">Produit de construction \u00e9valu\u00e9 : Oui<\/p>\n<\/li>\n<li class=\"\" data-start=\"2647\" data-end=\"2668\">\n<p class=\"\" data-start=\"2649\" data-end=\"2668\">V\u00e9rifi\u00e9 EPD : Non<\/p>\n<\/li>\n<li class=\"\" data-start=\"2669\" data-end=\"2681\">\n<p class=\"\" data-start=\"2671\" data-end=\"2681\">FINFO : Non<\/p>\n<\/li>\n<li class=\"\" data-start=\"2682\" data-end=\"2702\">\n<p class=\"\" data-start=\"2684\" data-end=\"2702\">SundaHouse not\u00e9 : Oui<\/p>\n<\/li>\n<\/ul>","protected":false},"excerpt":{"rendered":"<p>Vous pouvez voir ici quels poteaux et mod\u00e8les s&#039;adaptent ensemble \u00e0 partir de la gamme STEP de but\u00e9es de porte \u00e9lectriques.<\/p>\n<h5><strong><a href=\"https:\/\/steplock.com\/sv\/stolpguide\/#!?lang=sv&amp;blog_id=1&amp;paged=1&amp;number=50\" target=\"_blank\" rel=\"noopener\">Guide de publication STEP\u00a0<\/a><\/strong><\/h5>\n<h5><strong><a href=\"https:\/\/steplock.com\/sv\/projekteringsguide\/#!?lang=sv&amp;blog_id=1&amp;paged=1&amp;number=999\" target=\"_blank\" rel=\"noopener\">Guide de conception STEP<\/a><\/strong><\/h5>","protected":false},"featured_media":140199,"template":"","meta":{"_acf_changed":false},"product_brand":[],"product_cat":[3355],"product_tag":[4197,4201],"class_list":{"0":"post-140202","1":"product","2":"type-product","3":"status-publish","4":"has-post-thumbnail","6":"product_cat-elslutbleck","7":"product_tag-24v","8":"product_tag-omvand","9":"product_shipping_class-tunga-paket","10":"pa_brands-step","11":"tm-no-options","13":"first","14":"onbackorder","15":"sale","16":"taxable","17":"shipping-taxable","18":"purchasable","19":"product-type-simple"},"acf":[],"_links":{"self":[{"href":"https:\/\/secureus.se\/fr\/wp-json\/wp\/v2\/product\/140202","targetHints":{"allow":["GET"]}}],"collection":[{"href":"https:\/\/secureus.se\/fr\/wp-json\/wp\/v2\/product"}],"about":[{"href":"https:\/\/secureus.se\/fr\/wp-json\/wp\/v2\/types\/product"}],"wp:featuredmedia":[{"embeddable":true,"href":"https:\/\/secureus.se\/fr\/wp-json\/wp\/v2\/media\/140199"}],"wp:attachment":[{"href":"https:\/\/secureus.se\/fr\/wp-json\/wp\/v2\/media?parent=140202"}],"wp:term":[{"taxonomy":"product_brand","embeddable":true,"href":"https:\/\/secureus.se\/fr\/wp-json\/wp\/v2\/product_brand?post=140202"},{"taxonomy":"product_cat","embeddable":true,"href":"https:\/\/secureus.se\/fr\/wp-json\/wp\/v2\/product_cat?post=140202"},{"taxonomy":"product_tag","embeddable":true,"href":"https:\/\/secureus.se\/fr\/wp-json\/wp\/v2\/product_tag?post=140202"}],"curies":[{"name":"wp","href":"https:\/\/api.w.org\/{rel}","templated":true}]}}