{"id":140248,"date":"2023-09-26T13:06:27","date_gmt":"2023-09-26T11:06:27","guid":{"rendered":"https:\/\/secureus.se\/elslutbleck-step-90-omstallbar-12v\/"},"modified":"2026-03-26T09:58:44","modified_gmt":"2026-03-26T08:58:44","slug":"elslutbleck-step-90-omstallbar-12v","status":"publish","type":"product","link":"https:\/\/secureus.se\/fr\/elslutbleck-step-90-omstallbar-12v\/","title":{"rendered":"Plaque de terminaison \u00e9lectrique STEP 90 Commutable 12V"},"content":{"rendered":"<h1>Plaque de terminaison \u00e9lectrique STEP 90 Commutable 12V<\/h1>\n<p>La g\u00e2che \u00e9lectrique STEP 90 Preload HPR est une g\u00e2che \u00e9lectrique compacte et homologu\u00e9e incendie offrant une s\u00e9curit\u00e9 \u00e9lev\u00e9e, une longue dur\u00e9e de vie et un fonctionnement fiable m\u00eame dans des conditions difficiles.<\/p>\n<p>Convient aux portes \u00e0 fr\u00e9quence d&#039;ouverture \u00e9lev\u00e9e.<\/p>\n<p class=\"\" data-start=\"355\" data-end=\"810\">STEP 90 Preload HPR est une g\u00e2che \u00e9lectrique homologu\u00e9e incendie con\u00e7ue pour r\u00e9pondre aux exigences \u00e9lev\u00e9es en mati\u00e8re de s\u00e9curit\u00e9 et de fonctionnalit\u00e9.<\/p>\n<p class=\"\" data-start=\"355\" data-end=\"810\">Il est certifi\u00e9 pour la r\u00e9sistance au feu jusqu&#039;\u00e0 E\/EI120 selon la norme SS-EN 14846 et offre une solution fiable et durable pour les portes soumises \u00e0 une utilisation fr\u00e9quente.<\/p>\n<p class=\"\" data-start=\"355\" data-end=\"810\">STEP 90 est dot\u00e9 de la technologie brevet\u00e9e HPR\u00ae, qui garantit que la porte s&#039;ouvre m\u00eame lorsqu&#039;elle est soumise \u00e0 une pression de bande allant jusqu&#039;\u00e0 250 kg.<\/p>\n<p class=\"\" data-start=\"812\" data-end=\"1133\">La g\u00e2che \u00e9lectrique poss\u00e8de une fonction r\u00e9versible pour les positions avant et arri\u00e8re, ce qui signifie qu&#039;elle peut \u00eatre utilis\u00e9e pour diff\u00e9rents syst\u00e8mes de verrouillage.<\/p>\n<p class=\"\" data-start=\"812\" data-end=\"1133\">Le produit est con\u00e7u pour s&#039;adapter aux portes \u00e0 ouverture \u00e0 droite et \u00e0 ouverture \u00e0 gauche et peut \u00eatre facilement install\u00e9 dans les syst\u00e8mes de portes avec serrures \u00e0 un ou deux vantaux, en particulier dans les s\u00e9ries Connect, Modul et Narrow Profile.<\/p>\n<p class=\"\" data-start=\"1135\" data-end=\"1152\"><strong data-start=\"1135\" data-end=\"1149\">Caract\u00e9ristiques<\/strong>:<\/p>\n<ul data-start=\"1153\" data-end=\"1691\">\n<li class=\"\" data-start=\"1153\" data-end=\"1234\">\n<p class=\"\" data-start=\"1155\" data-end=\"1234\">Fonction marche avant ou arri\u00e8re commutable (verrouill\u00e9e ou d\u00e9verrouill\u00e9e en mode hors tension)<\/p>\n<\/li>\n<li class=\"\" data-start=\"1235\" data-end=\"1310\">\n<p class=\"\" data-start=\"1237\" data-end=\"1310\">Certifi\u00e9 pour la r\u00e9sistance au feu jusqu&#039;\u00e0 E\/EI 120 selon SS-EN 14846:2008<\/p>\n<\/li>\n<li class=\"\" data-start=\"1311\" data-end=\"1333\">\n<p class=\"\" data-start=\"1313\" data-end=\"1333\">Diode de protection int\u00e9gr\u00e9e<\/p>\n<\/li>\n<li class=\"\" data-start=\"1334\" data-end=\"1428\">\n<p class=\"\" data-start=\"1336\" data-end=\"1428\">Indication de d\u00e9tection de la fermeture\/ouverture de la porte (s&#039;applique aux produits avec contact \u00e0 piston)<\/p>\n<\/li>\n<li class=\"\" data-start=\"1429\" data-end=\"1467\">\n<p class=\"\" data-start=\"1431\" data-end=\"1467\">R\u00e9sistance \u00e0 la rupture 1200 kg (environ 12 kN)<\/p>\n<\/li>\n<li class=\"\" data-start=\"1468\" data-end=\"1549\">\n<p class=\"\" data-start=\"1470\" data-end=\"1549\">La technologie HPR\u00ae garantit une ouverture malgr\u00e9 une pression de bande allant jusqu&#039;\u00e0 250 kg (environ 2,5 kN)<\/p>\n<\/li>\n<li class=\"\" data-start=\"1550\" data-end=\"1606\">\n<p class=\"\" data-start=\"1552\" data-end=\"1606\">Antichoc et r\u00e9versible pour portes droites et gauches<\/p>\n<\/li>\n<li class=\"\" data-start=\"1607\" data-end=\"1691\">\n<p class=\"\" data-start=\"1609\" data-end=\"1691\">Convient aux bo\u00eetiers de serrure avec serrures \u00e0 simple ou double loquet des s\u00e9ries Connect, Modul et Narrow Profile<\/p>\n<\/li>\n<\/ul>\n<p class=\"\" data-start=\"1693\" data-end=\"1724\"><strong data-start=\"1693\" data-end=\"1721\">Sp\u00e9cifications techniques<\/strong>:<\/p>\n<ul data-start=\"1725\" data-end=\"2338\">\n<li class=\"\" data-start=\"1725\" data-end=\"1761\">\n<p class=\"\" data-start=\"1727\" data-end=\"1761\"><strong data-start=\"1727\" data-end=\"1750\">R\u00e9sistance \u00e0 la rupture maximale<\/strong>: 1200 kg<\/p>\n<\/li>\n<li class=\"\" data-start=\"1762\" data-end=\"1798\">\n<p class=\"\" data-start=\"1764\" data-end=\"1798\"><strong data-start=\"1764\" data-end=\"1780\">Porte suspendue<\/strong>:Droite, Gauche<\/p>\n<\/li>\n<li class=\"\" data-start=\"1799\" data-end=\"1823\">\n<p class=\"\" data-start=\"1801\" data-end=\"1823\"><strong data-start=\"1801\" data-end=\"1816\">C\u00e2ble inclus<\/strong>: Non<\/p>\n<\/li>\n<li class=\"\" data-start=\"1824\" data-end=\"1849\">\n<p class=\"\" data-start=\"1826\" data-end=\"1849\"><strong data-start=\"1826\" data-end=\"1839\">Impression de liste<\/strong>: 250 kg<\/p>\n<\/li>\n<li class=\"\" data-start=\"1850\" data-end=\"1891\">\n<p class=\"\" data-start=\"1852\" data-end=\"1891\"><strong data-start=\"1852\" data-end=\"1862\">Type de serrure<\/strong>: Serrure \u00e0 loquet simple, Serrure \u00e0 loquet double<\/p>\n<\/li>\n<li class=\"\" data-start=\"1892\" data-end=\"1920\">\n<p class=\"\" data-start=\"1894\" data-end=\"1920\"><strong data-start=\"1894\" data-end=\"1911\">Produit large<\/strong>: 25 mm<\/p>\n<\/li>\n<li class=\"\" data-start=\"1921\" data-end=\"1947\">\n<p class=\"\" data-start=\"1923\" data-end=\"1947\"><strong data-start=\"1923\" data-end=\"1941\">Mat\u00e9riaux de construction \u00e9valu\u00e9s<\/strong>: Oui<\/p>\n<\/li>\n<li class=\"\" data-start=\"1948\" data-end=\"1975\">\n<p class=\"\" data-start=\"1950\" data-end=\"1975\"><strong data-start=\"1950\" data-end=\"1966\">Produit profond<\/strong>: 28 mm<\/p>\n<\/li>\n<li class=\"\" data-start=\"1976\" data-end=\"2010\">\n<p class=\"\" data-start=\"1978\" data-end=\"2010\"><strong data-start=\"1978\" data-end=\"2003\">Tension de fonctionnement 12V\/24V<\/strong>: 12V<\/p>\n<\/li>\n<li class=\"\" data-start=\"2011\" data-end=\"2039\">\n<p class=\"\" data-start=\"2013\" data-end=\"2039\"><strong data-start=\"2013\" data-end=\"2032\">Bo\u00eetier double torsion<\/strong>: Non<\/p>\n<\/li>\n<li class=\"\" data-start=\"2040\" data-end=\"2067\">\n<p class=\"\" data-start=\"2042\" data-end=\"2067\"><strong data-start=\"2042\" data-end=\"2060\">V\u00e9rifi\u00e9 EPD<\/strong>: Non<\/p>\n<\/li>\n<li class=\"\" data-start=\"2068\" data-end=\"2086\">\n<p class=\"\" data-start=\"2070\" data-end=\"2086\"><strong data-start=\"2070\" data-end=\"2079\">BONNES INFOS<\/strong>: Non<\/p>\n<\/li>\n<li class=\"\" data-start=\"2087\" data-end=\"2121\">\n<p class=\"\" data-start=\"2089\" data-end=\"2121\"><strong data-start=\"2089\" data-end=\"2110\">Couleur\/Traitement de surface<\/strong>: Acier inoxydable<\/p>\n<\/li>\n<li class=\"\" data-start=\"2122\" data-end=\"2149\">\n<p class=\"\" data-start=\"2124\" data-end=\"2149\"><strong data-start=\"2124\" data-end=\"2140\">Produit sur\u00e9lev\u00e9<\/strong>: 90 mm<\/p>\n<\/li>\n<li class=\"\" data-start=\"2150\" data-end=\"2174\">\n<p class=\"\" data-start=\"2152\" data-end=\"2174\"><strong data-start=\"2152\" data-end=\"2167\">Connecteur \u00e0 piston<\/strong>: Non<\/p>\n<\/li>\n<li class=\"\" data-start=\"2175\" data-end=\"2226\">\n<p class=\"\" data-start=\"2177\" data-end=\"2226\"><strong data-start=\"2177\" data-end=\"2196\">Droite\/Recul<\/strong>: Commutable avant\/arri\u00e8re<\/p>\n<\/li>\n<li class=\"\" data-start=\"2227\" data-end=\"2253\">\n<p class=\"\" data-start=\"2229\" data-end=\"2253\"><strong data-start=\"2229\" data-end=\"2247\">Tension AC\/DC<\/strong>: DC<\/p>\n<\/li>\n<li class=\"\" data-start=\"2254\" data-end=\"2282\">\n<p class=\"\" data-start=\"2256\" data-end=\"2282\"><strong data-start=\"2256\" data-end=\"2272\">Tension maximale<\/strong>: 13,8 V<\/p>\n<\/li>\n<li class=\"\" data-start=\"2283\" data-end=\"2311\">\n<p class=\"\" data-start=\"2285\" data-end=\"2311\"><strong data-start=\"2285\" data-end=\"2301\">Tension minimale<\/strong>: 10,8 V<\/p>\n<\/li>\n<li class=\"\" data-start=\"2312\" data-end=\"2338\">\n<p class=\"\" data-start=\"2314\" data-end=\"2338\"><strong data-start=\"2314\" data-end=\"2332\">SundaMaison not\u00e9e<\/strong>: Oui<\/p>\n<\/li>\n<\/ul>","protected":false},"excerpt":{"rendered":"<p>Vous pouvez voir ici quels poteaux et mod\u00e8les s&#039;adaptent ensemble \u00e0 partir de la gamme STEP de but\u00e9es de porte \u00e9lectriques.<\/p>\n<h5><strong><a href=\"https:\/\/steplock.com\/sv\/stolpguide\/#!?lang=sv&amp;blog_id=1&amp;paged=1&amp;number=50\" target=\"_blank\" rel=\"noopener\">Guide de publication STEP\u00a0<\/a><\/strong><\/h5>\n<h5><strong><a href=\"https:\/\/steplock.com\/sv\/projekteringsguide\/#!?lang=sv&amp;blog_id=1&amp;paged=1&amp;number=999\" target=\"_blank\" rel=\"noopener\">Guide de conception STEP<\/a><\/strong><\/h5>","protected":false},"featured_media":140241,"template":"","meta":{"_acf_changed":false},"product_brand":[],"product_cat":[3355],"product_tag":[4198,4202],"class_list":{"0":"post-140248","1":"product","2":"type-product","3":"status-publish","4":"has-post-thumbnail","6":"product_cat-elslutbleck","7":"product_tag-12v","8":"product_tag-omstallbar-rattvand-omvand","9":"product_shipping_class-tunga-paket","10":"pa_brands-step","11":"tm-no-options","13":"first","14":"onbackorder","15":"sale","16":"taxable","17":"shipping-taxable","18":"purchasable","19":"product-type-simple"},"acf":[],"_links":{"self":[{"href":"https:\/\/secureus.se\/fr\/wp-json\/wp\/v2\/product\/140248","targetHints":{"allow":["GET"]}}],"collection":[{"href":"https:\/\/secureus.se\/fr\/wp-json\/wp\/v2\/product"}],"about":[{"href":"https:\/\/secureus.se\/fr\/wp-json\/wp\/v2\/types\/product"}],"wp:featuredmedia":[{"embeddable":true,"href":"https:\/\/secureus.se\/fr\/wp-json\/wp\/v2\/media\/140241"}],"wp:attachment":[{"href":"https:\/\/secureus.se\/fr\/wp-json\/wp\/v2\/media?parent=140248"}],"wp:term":[{"taxonomy":"product_brand","embeddable":true,"href":"https:\/\/secureus.se\/fr\/wp-json\/wp\/v2\/product_brand?post=140248"},{"taxonomy":"product_cat","embeddable":true,"href":"https:\/\/secureus.se\/fr\/wp-json\/wp\/v2\/product_cat?post=140248"},{"taxonomy":"product_tag","embeddable":true,"href":"https:\/\/secureus.se\/fr\/wp-json\/wp\/v2\/product_tag?post=140248"}],"curies":[{"name":"wp","href":"https:\/\/api.w.org\/{rel}","templated":true}]}}