{"id":140280,"date":"2023-09-26T13:06:11","date_gmt":"2023-09-26T11:06:11","guid":{"rendered":"https:\/\/secureus.se\/elslutbleck-step-18-hoger-omvand-24v-for-assa-511\/"},"modified":"2026-04-23T12:56:42","modified_gmt":"2026-04-23T10:56:42","slug":"elslutbleck-step-18-hoger-omvand-24v-for-assa-511","status":"publish","type":"product","link":"https:\/\/secureus.se\/fr\/elslutbleck-step-18-hoger-omvand-24v-for-assa-511\/","title":{"rendered":"Plaque d&#039;extr\u00e9mit\u00e9 \u00e9lectrique STEP 18 Droite Invers\u00e9e 24V pour Assa 511"},"content":{"rendered":"<h1>Plaque d&#039;extr\u00e9mit\u00e9 \u00e9lectrique STEP 18 Droite Invers\u00e9e 24V pour Assa 511<\/h1>\n<p>La g\u00e2che \u00e9lectrique STEP 18 Secure pour Assa 511 offre une s\u00e9curit\u00e9 \u00e9lev\u00e9e et est homologu\u00e9e feu jusqu&#039;\u00e0 E\/EI 60. Parfaite pour les portes avec des exigences \u00e9lev\u00e9es en mati\u00e8re de protection contre l&#039;intrusion et une fr\u00e9quence d&#039;ouverture \u00e9lev\u00e9e.<\/p>\n<p class=\"\" data-start=\"417\" data-end=\"793\">STEP 18 Secure est une serrure \u00e9lectrique de haute s\u00e9curit\u00e9 sp\u00e9cialement con\u00e7ue pour \u00eatre utilis\u00e9e dans les portes ayant des exigences de s\u00e9curit\u00e9 \u00e9lev\u00e9es, telles que les prisons, les banques et les portes de s\u00e9curit\u00e9.<\/p>\n<p class=\"\" data-start=\"417\" data-end=\"793\">Avec une r\u00e9sistance \u00e0 la rupture de 15 kN (environ 1 500 kg), cette g\u00e2che \u00e9lectrique est con\u00e7ue pour r\u00e9sister \u00e0 une forte pression de bande et assurer un verrouillage et un d\u00e9verrouillage fiables m\u00eame sous des charges \u00e9lev\u00e9es.<\/p>\n<p class=\"\" data-start=\"795\" data-end=\"1252\">Cette g\u00e2che \u00e9lectrique est homologu\u00e9e pour le verrouillage des portes de s\u00e9curit\u00e9 jusqu&#039;\u00e0 RC4 et est class\u00e9e coupe-feu jusqu&#039;\u00e0 E\/EI 60.<\/p>\n<p class=\"\" data-start=\"795\" data-end=\"1252\">Il est adapt\u00e9 \u00e0 la serrure \u00e0 crochet Assa 511 avec piston de 10 mm et dispose d&#039;une fonction inverse (d\u00e9verrouillage en position hors tension), ce qui le rend particuli\u00e8rement adapt\u00e9 aux portes o\u00f9 l&#039;ouverture et la fermeture se produisent fr\u00e9quemment.<\/p>\n<p class=\"\" data-start=\"795\" data-end=\"1252\">Dot\u00e9e d&#039;un interrupteur \u00e0 piston int\u00e9gr\u00e9 qui indique si la porte est ferm\u00e9e\/ouverte et verrouill\u00e9e\/d\u00e9verrouill\u00e9e, cette g\u00e2che \u00e9lectrique peut \u00eatre facilement int\u00e9gr\u00e9e aux syst\u00e8mes de contr\u00f4le d&#039;acc\u00e8s et aux syst\u00e8mes d&#039;alarme.<\/p>\n<p class=\"\" data-start=\"1254\" data-end=\"1271\"><strong data-start=\"1254\" data-end=\"1268\">Caract\u00e9ristiques<\/strong>:<\/p>\n<ul data-start=\"1272\" data-end=\"1713\">\n<li class=\"\" data-start=\"1272\" data-end=\"1315\">\n<p class=\"\" data-start=\"1274\" data-end=\"1315\">Pour serrure \u00e0 r\u00e8gle \u00e0 crochet Assa 511 avec piston de 10 mm<\/p>\n<\/li>\n<li class=\"\" data-start=\"1316\" data-end=\"1360\">\n<p class=\"\" data-start=\"1318\" data-end=\"1360\">Fonction inverse (d\u00e9verrouill\u00e9e en mode non aliment\u00e9)<\/p>\n<\/li>\n<li class=\"\" data-start=\"1361\" data-end=\"1387\">\n<p class=\"\" data-start=\"1363\" data-end=\"1387\">Pour portes battantes \u00e0 droite<\/p>\n<\/li>\n<li class=\"\" data-start=\"1388\" data-end=\"1421\">\n<p class=\"\" data-start=\"1390\" data-end=\"1421\">Homologu\u00e9 incendie jusqu&#039;\u00e0 E\/EI 60<\/p>\n<\/li>\n<li class=\"\" data-start=\"1422\" data-end=\"1506\">\n<p class=\"\" data-start=\"1424\" data-end=\"1506\">Interrupteur \u00e0 piston int\u00e9gr\u00e9 pour indiquer l&#039;\u00e9tat ferm\u00e9\/ouvert et verrouill\u00e9\/d\u00e9verrouill\u00e9 de la porte<\/p>\n<\/li>\n<li class=\"\" data-start=\"1507\" data-end=\"1529\">\n<p class=\"\" data-start=\"1509\" data-end=\"1529\">Diode de protection int\u00e9gr\u00e9e<\/p>\n<\/li>\n<li class=\"\" data-start=\"1530\" data-end=\"1568\">\n<p class=\"\" data-start=\"1532\" data-end=\"1568\">R\u00e9sistance \u00e0 la rupture 15 kN (environ 1500 kg)<\/p>\n<\/li>\n<li class=\"\" data-start=\"1569\" data-end=\"1651\">\n<p class=\"\" data-start=\"1571\" data-end=\"1651\">S&#039;ouvre malgr\u00e9 une pression de bande de 5 kN (environ 500 kg) en marche avant et arri\u00e8re<\/p>\n<\/li>\n<li class=\"\" data-start=\"1652\" data-end=\"1667\">\n<p class=\"\" data-start=\"1654\" data-end=\"1667\">Antid\u00e9tonant<\/p>\n<\/li>\n<li class=\"\" data-start=\"1668\" data-end=\"1713\">\n<p class=\"\" data-start=\"1670\" data-end=\"1713\">C\u00e2ble de connexion sans halog\u00e8ne de 5 m\u00e8tres inclus<\/p>\n<\/li>\n<\/ul>\n<p class=\"\" data-start=\"1715\" data-end=\"1746\"><strong data-start=\"1715\" data-end=\"1743\">Sp\u00e9cifications techniques<\/strong>:<\/p>\n<ul data-start=\"1747\" data-end=\"2354\">\n<li class=\"\" data-start=\"1747\" data-end=\"1783\">\n<p class=\"\" data-start=\"1749\" data-end=\"1783\"><strong data-start=\"1749\" data-end=\"1772\">R\u00e9sistance \u00e0 la rupture maximale<\/strong>: 1500 kg<\/p>\n<\/li>\n<li class=\"\" data-start=\"1784\" data-end=\"1811\">\n<p class=\"\" data-start=\"1786\" data-end=\"1811\"><strong data-start=\"1786\" data-end=\"1802\">Porte suspendue<\/strong>: Droite<\/p>\n<\/li>\n<li class=\"\" data-start=\"1812\" data-end=\"1835\">\n<p class=\"\" data-start=\"1814\" data-end=\"1835\"><strong data-start=\"1814\" data-end=\"1829\">C\u00e2ble inclus<\/strong>: Oui<\/p>\n<\/li>\n<li class=\"\" data-start=\"1836\" data-end=\"1861\">\n<p class=\"\" data-start=\"1838\" data-end=\"1861\"><strong data-start=\"1838\" data-end=\"1851\">Impression de liste<\/strong>: 500 kg<\/p>\n<\/li>\n<li class=\"\" data-start=\"1862\" data-end=\"1899\">\n<p class=\"\" data-start=\"1864\" data-end=\"1899\"><strong data-start=\"1864\" data-end=\"1874\">Type de serrure<\/strong>: Serrure \u00e0 crochet, Loquets<\/p>\n<\/li>\n<li class=\"\" data-start=\"1900\" data-end=\"1928\">\n<p class=\"\" data-start=\"1902\" data-end=\"1928\"><strong data-start=\"1902\" data-end=\"1919\">Produit large<\/strong>: 35 mm<\/p>\n<\/li>\n<li class=\"\" data-start=\"1929\" data-end=\"1955\">\n<p class=\"\" data-start=\"1931\" data-end=\"1955\"><strong data-start=\"1931\" data-end=\"1949\">Mat\u00e9riaux de construction \u00e9valu\u00e9s<\/strong>: Oui<\/p>\n<\/li>\n<li class=\"\" data-start=\"1956\" data-end=\"1983\">\n<p class=\"\" data-start=\"1958\" data-end=\"1983\"><strong data-start=\"1958\" data-end=\"1974\">Produit profond<\/strong>: 40 mm<\/p>\n<\/li>\n<li class=\"\" data-start=\"1984\" data-end=\"2018\">\n<p class=\"\" data-start=\"1986\" data-end=\"2018\"><strong data-start=\"1986\" data-end=\"2011\">Tension de fonctionnement 12V\/24V<\/strong>: 24V<\/p>\n<\/li>\n<li class=\"\" data-start=\"2019\" data-end=\"2047\">\n<p class=\"\" data-start=\"2021\" data-end=\"2047\"><strong data-start=\"2021\" data-end=\"2040\">Bo\u00eetier double torsion<\/strong>: Non<\/p>\n<\/li>\n<li class=\"\" data-start=\"2048\" data-end=\"2075\">\n<p class=\"\" data-start=\"2050\" data-end=\"2075\"><strong data-start=\"2050\" data-end=\"2068\">V\u00e9rifi\u00e9 EPD<\/strong>: Non<\/p>\n<\/li>\n<li class=\"\" data-start=\"2076\" data-end=\"2094\">\n<p class=\"\" data-start=\"2078\" data-end=\"2094\"><strong data-start=\"2078\" data-end=\"2087\">BONNES INFOS<\/strong>: Non<\/p>\n<\/li>\n<li class=\"\" data-start=\"2095\" data-end=\"2129\">\n<p class=\"\" data-start=\"2097\" data-end=\"2129\"><strong data-start=\"2097\" data-end=\"2118\">Couleur\/Traitement de surface<\/strong>: Acier inoxydable<\/p>\n<\/li>\n<li class=\"\" data-start=\"2130\" data-end=\"2158\">\n<p class=\"\" data-start=\"2132\" data-end=\"2158\"><strong data-start=\"2132\" data-end=\"2148\">Produit sur\u00e9lev\u00e9<\/strong>: 230 mm<\/p>\n<\/li>\n<li class=\"\" data-start=\"2159\" data-end=\"2186\">\n<p class=\"\" data-start=\"2161\" data-end=\"2186\"><strong data-start=\"2161\" data-end=\"2175\">Longueur du c\u00e2ble<\/strong>: 5 m\u00e8tres<\/p>\n<\/li>\n<li class=\"\" data-start=\"2187\" data-end=\"2210\">\n<p class=\"\" data-start=\"2189\" data-end=\"2210\"><strong data-start=\"2189\" data-end=\"2204\">Connecteur \u00e0 piston<\/strong>: Oui<\/p>\n<\/li>\n<li class=\"\" data-start=\"2211\" data-end=\"2242\">\n<p class=\"\" data-start=\"2213\" data-end=\"2242\"><strong data-start=\"2213\" data-end=\"2232\">Droite\/Recul<\/strong>: Inverse<\/p>\n<\/li>\n<li class=\"\" data-start=\"2243\" data-end=\"2269\">\n<p class=\"\" data-start=\"2245\" data-end=\"2269\"><strong data-start=\"2245\" data-end=\"2263\">Tension AC\/DC<\/strong>: DC<\/p>\n<\/li>\n<li class=\"\" data-start=\"2270\" data-end=\"2298\">\n<p class=\"\" data-start=\"2272\" data-end=\"2298\"><strong data-start=\"2272\" data-end=\"2288\">Tension maximale<\/strong>: 27,6 V<\/p>\n<\/li>\n<li class=\"\" data-start=\"2299\" data-end=\"2327\">\n<p class=\"\" data-start=\"2301\" data-end=\"2327\"><strong data-start=\"2301\" data-end=\"2317\">Tension minimale<\/strong>: 21,6 V<\/p>\n<\/li>\n<li class=\"\" data-start=\"2328\" data-end=\"2354\">\n<p class=\"\" data-start=\"2330\" data-end=\"2354\"><strong data-start=\"2330\" data-end=\"2348\">SundaMaison not\u00e9e<\/strong>: Oui<\/p>\n<\/li>\n<\/ul>","protected":false},"excerpt":{"rendered":"<p>Vous pouvez voir ici quels poteaux et mod\u00e8les s&#039;adaptent ensemble \u00e0 partir de la gamme STEP de but\u00e9es de porte \u00e9lectriques.<\/p>\n<h5><strong><a href=\"https:\/\/steplock.com\/sv\/stolpguide\/#!?lang=sv&amp;blog_id=1&amp;paged=1&amp;number=50\" target=\"_blank\" rel=\"noopener\">Guide de publication STEP\u00a0<\/a><\/strong><\/h5>\n<h5><strong><a href=\"https:\/\/steplock.com\/sv\/projekteringsguide\/#!?lang=sv&amp;blog_id=1&amp;paged=1&amp;number=999\" target=\"_blank\" rel=\"noopener\">Guide de conception STEP<\/a><\/strong><\/h5>","protected":false},"featured_media":140278,"template":"","meta":{"_acf_changed":false},"product_brand":[],"product_cat":[3355],"product_tag":[4197,4201],"class_list":{"0":"post-140280","1":"product","2":"type-product","3":"status-publish","4":"has-post-thumbnail","6":"product_cat-elslutbleck","7":"product_tag-24v","8":"product_tag-omvand","9":"product_shipping_class-tunga-paket","10":"pa_brands-step","11":"tm-no-options","13":"first","14":"onbackorder","15":"sale","16":"taxable","17":"shipping-taxable","18":"purchasable","19":"product-type-simple"},"acf":[],"_links":{"self":[{"href":"https:\/\/secureus.se\/fr\/wp-json\/wp\/v2\/product\/140280","targetHints":{"allow":["GET"]}}],"collection":[{"href":"https:\/\/secureus.se\/fr\/wp-json\/wp\/v2\/product"}],"about":[{"href":"https:\/\/secureus.se\/fr\/wp-json\/wp\/v2\/types\/product"}],"wp:featuredmedia":[{"embeddable":true,"href":"https:\/\/secureus.se\/fr\/wp-json\/wp\/v2\/media\/140278"}],"wp:attachment":[{"href":"https:\/\/secureus.se\/fr\/wp-json\/wp\/v2\/media?parent=140280"}],"wp:term":[{"taxonomy":"product_brand","embeddable":true,"href":"https:\/\/secureus.se\/fr\/wp-json\/wp\/v2\/product_brand?post=140280"},{"taxonomy":"product_cat","embeddable":true,"href":"https:\/\/secureus.se\/fr\/wp-json\/wp\/v2\/product_cat?post=140280"},{"taxonomy":"product_tag","embeddable":true,"href":"https:\/\/secureus.se\/fr\/wp-json\/wp\/v2\/product_tag?post=140280"}],"curies":[{"name":"wp","href":"https:\/\/api.w.org\/{rel}","templated":true}]}}