{"id":140297,"date":"2023-09-26T13:06:09","date_gmt":"2023-09-26T11:06:09","guid":{"rendered":"https:\/\/secureus.se\/elslutbleck-step-18-vanster-omvand-24v-for-assa-511\/"},"modified":"2026-03-26T10:05:55","modified_gmt":"2026-03-26T09:05:55","slug":"elslutbleck-step-18-vanster-omvand-24v-for-assa-511","status":"publish","type":"product","link":"https:\/\/secureus.se\/fr\/elslutbleck-step-18-vanster-omvand-24v-for-assa-511\/","title":{"rendered":"Plaque d&#039;extr\u00e9mit\u00e9 \u00e9lectrique STEP 18 Gauche Inverse 24V pour Assa 511"},"content":{"rendered":"<h1>Plaque d&#039;extr\u00e9mit\u00e9 \u00e9lectrique STEP 18 Gauche Inverse 24V pour Assa 511<\/h1>\n<p>La g\u00e2che \u00e9lectrique STEP 18 Secure pour Assa 511 offre la plus haute s\u00e9curit\u00e9 et homologation incendie jusqu&#039;\u00e0 E\/EI 60. Parfaite pour les portes avec des exigences \u00e9lev\u00e9es en mati\u00e8re de protection contre l&#039;intrusion et une fr\u00e9quence d&#039;ouverture \u00e9lev\u00e9e.<\/p>\n<p class=\"\" data-start=\"414\" data-end=\"1032\">STEP 18 Secure est une serrure \u00e9lectrique haute s\u00e9curit\u00e9 d\u00e9velopp\u00e9e pour les portes ayant des exigences de s\u00e9curit\u00e9 \u00e9lev\u00e9es.<\/p>\n<p class=\"\" data-start=\"414\" data-end=\"1032\">Cette g\u00e2che \u00e9lectrique est adapt\u00e9e aux portes de s\u00e9curit\u00e9 et aux portes n\u00e9cessitant une \u00e9vacuation et devant supporter une fr\u00e9quence d&#039;ouverture \u00e9lev\u00e9e, comme les prisons et les banques.<\/p>\n<p class=\"\" data-start=\"414\" data-end=\"1032\">Avec une r\u00e9sistance \u00e0 la rupture de 15 kN (environ 1 500 kg) et homologu\u00e9 pour la r\u00e9sistance au feu jusqu&#039;\u00e0 E\/EI 60, il est con\u00e7u pour garantir un fonctionnement fiable m\u00eame dans des conditions extr\u00eames.<\/p>\n<p class=\"\" data-start=\"414\" data-end=\"1032\">STEP 18 Secure est con\u00e7u pour la serrure \u00e0 crochet Assa 511 avec un p\u00eane de 10 mm et dispose d&#039;une fonction inverse (d\u00e9verrouill\u00e9e en position hors tension), ce qui la rend tr\u00e8s adapt\u00e9e aux portes fr\u00e9quemment ouvertes.<\/p>\n<p class=\"\" data-start=\"1034\" data-end=\"1289\">Cette g\u00e2che \u00e9lectrique est \u00e9galement \u00e9quip\u00e9e d&#039;un contact \u00e0 piston qui indique si la porte est ferm\u00e9e\/ouverte et verrouill\u00e9e\/d\u00e9verrouill\u00e9e, ce qui facilite son int\u00e9gration avec les syst\u00e8mes de contr\u00f4le d&#039;acc\u00e8s et les syst\u00e8mes d&#039;alarme.<\/p>\n<p class=\"\" data-start=\"1034\" data-end=\"1289\">Comprend 5 m\u00e8tres de c\u00e2ble de connexion sans halog\u00e8ne pour une installation facile.<\/p>\n<p class=\"\" data-start=\"1291\" data-end=\"1308\"><strong data-start=\"1291\" data-end=\"1305\">Caract\u00e9ristiques<\/strong>:<\/p>\n<ul data-start=\"1309\" data-end=\"1747\">\n<li class=\"\" data-start=\"1309\" data-end=\"1352\">\n<p class=\"\" data-start=\"1311\" data-end=\"1352\">Pour serrure \u00e0 r\u00e8gle \u00e0 crochet Assa 511 avec piston de 10 mm<\/p>\n<\/li>\n<li class=\"\" data-start=\"1353\" data-end=\"1397\">\n<p class=\"\" data-start=\"1355\" data-end=\"1397\">Fonction inverse (d\u00e9verrouill\u00e9e en mode non aliment\u00e9)<\/p>\n<\/li>\n<li class=\"\" data-start=\"1398\" data-end=\"1426\">\n<p class=\"\" data-start=\"1400\" data-end=\"1426\">Pour portes battantes \u00e0 gauche<\/p>\n<\/li>\n<li class=\"\" data-start=\"1427\" data-end=\"1460\">\n<p class=\"\" data-start=\"1429\" data-end=\"1460\">Homologu\u00e9 incendie jusqu&#039;\u00e0 E\/EI 60<\/p>\n<\/li>\n<li class=\"\" data-start=\"1461\" data-end=\"1545\">\n<p class=\"\" data-start=\"1463\" data-end=\"1545\">Interrupteur \u00e0 piston int\u00e9gr\u00e9 pour indiquer l&#039;\u00e9tat ferm\u00e9\/ouvert et verrouill\u00e9\/d\u00e9verrouill\u00e9 de la porte<\/p>\n<\/li>\n<li class=\"\" data-start=\"1546\" data-end=\"1568\">\n<p class=\"\" data-start=\"1548\" data-end=\"1568\">Diode de protection int\u00e9gr\u00e9e<\/p>\n<\/li>\n<li class=\"\" data-start=\"1569\" data-end=\"1607\">\n<p class=\"\" data-start=\"1571\" data-end=\"1607\">R\u00e9sistance \u00e0 la rupture 15 kN (environ 1500 kg)<\/p>\n<\/li>\n<li class=\"\" data-start=\"1608\" data-end=\"1685\">\n<p class=\"\" data-start=\"1610\" data-end=\"1685\">S&#039;ouvre malgr\u00e9 une pression de bande de 5 kN (environ 500 kg) en marche avant et arri\u00e8re<\/p>\n<\/li>\n<li class=\"\" data-start=\"1686\" data-end=\"1701\">\n<p class=\"\" data-start=\"1688\" data-end=\"1701\">Antid\u00e9tonant<\/p>\n<\/li>\n<li class=\"\" data-start=\"1702\" data-end=\"1747\">\n<p class=\"\" data-start=\"1704\" data-end=\"1747\">C\u00e2ble de connexion sans halog\u00e8ne de 5 m\u00e8tres inclus<\/p>\n<\/li>\n<\/ul>\n<p class=\"\" data-start=\"1749\" data-end=\"1780\"><strong data-start=\"1749\" data-end=\"1777\">Sp\u00e9cifications techniques<\/strong>:<\/p>\n<ul data-start=\"1781\" data-end=\"2390\">\n<li class=\"\" data-start=\"1781\" data-end=\"1817\">\n<p class=\"\" data-start=\"1783\" data-end=\"1817\"><strong data-start=\"1783\" data-end=\"1806\">R\u00e9sistance \u00e0 la rupture maximale<\/strong>: 1500 kg<\/p>\n<\/li>\n<li class=\"\" data-start=\"1818\" data-end=\"1847\">\n<p class=\"\" data-start=\"1820\" data-end=\"1847\"><strong data-start=\"1820\" data-end=\"1836\">Porte suspendue<\/strong>: Gauche<\/p>\n<\/li>\n<li class=\"\" data-start=\"1848\" data-end=\"1871\">\n<p class=\"\" data-start=\"1850\" data-end=\"1871\"><strong data-start=\"1850\" data-end=\"1865\">C\u00e2ble inclus<\/strong>: Oui<\/p>\n<\/li>\n<li class=\"\" data-start=\"1872\" data-end=\"1897\">\n<p class=\"\" data-start=\"1874\" data-end=\"1897\"><strong data-start=\"1874\" data-end=\"1887\">Impression de liste<\/strong>: 500 kg<\/p>\n<\/li>\n<li class=\"\" data-start=\"1898\" data-end=\"1935\">\n<p class=\"\" data-start=\"1900\" data-end=\"1935\"><strong data-start=\"1900\" data-end=\"1910\">Type de serrure<\/strong>: Serrure \u00e0 crochet, Loquets<\/p>\n<\/li>\n<li class=\"\" data-start=\"1936\" data-end=\"1964\">\n<p class=\"\" data-start=\"1938\" data-end=\"1964\"><strong data-start=\"1938\" data-end=\"1955\">Produit large<\/strong>: 35 mm<\/p>\n<\/li>\n<li class=\"\" data-start=\"1965\" data-end=\"1991\">\n<p class=\"\" data-start=\"1967\" data-end=\"1991\"><strong data-start=\"1967\" data-end=\"1985\">Mat\u00e9riaux de construction \u00e9valu\u00e9s<\/strong>: Oui<\/p>\n<\/li>\n<li class=\"\" data-start=\"1992\" data-end=\"2019\">\n<p class=\"\" data-start=\"1994\" data-end=\"2019\"><strong data-start=\"1994\" data-end=\"2010\">Produit profond<\/strong>: 40 mm<\/p>\n<\/li>\n<li class=\"\" data-start=\"2020\" data-end=\"2054\">\n<p class=\"\" data-start=\"2022\" data-end=\"2054\"><strong data-start=\"2022\" data-end=\"2047\">Tension de fonctionnement 12V\/24V<\/strong>: 24V<\/p>\n<\/li>\n<li class=\"\" data-start=\"2055\" data-end=\"2083\">\n<p class=\"\" data-start=\"2057\" data-end=\"2083\"><strong data-start=\"2057\" data-end=\"2076\">Bo\u00eetier double torsion<\/strong>: Non<\/p>\n<\/li>\n<li class=\"\" data-start=\"2084\" data-end=\"2111\">\n<p class=\"\" data-start=\"2086\" data-end=\"2111\"><strong data-start=\"2086\" data-end=\"2104\">V\u00e9rifi\u00e9 EPD<\/strong>: Non<\/p>\n<\/li>\n<li class=\"\" data-start=\"2112\" data-end=\"2130\">\n<p class=\"\" data-start=\"2114\" data-end=\"2130\"><strong data-start=\"2114\" data-end=\"2123\">BONNES INFOS<\/strong>: Non<\/p>\n<\/li>\n<li class=\"\" data-start=\"2131\" data-end=\"2165\">\n<p class=\"\" data-start=\"2133\" data-end=\"2165\"><strong data-start=\"2133\" data-end=\"2154\">Couleur\/Traitement de surface<\/strong>: Acier inoxydable<\/p>\n<\/li>\n<li class=\"\" data-start=\"2166\" data-end=\"2194\">\n<p class=\"\" data-start=\"2168\" data-end=\"2194\"><strong data-start=\"2168\" data-end=\"2184\">Produit sur\u00e9lev\u00e9<\/strong>: 230 mm<\/p>\n<\/li>\n<li class=\"\" data-start=\"2195\" data-end=\"2222\">\n<p class=\"\" data-start=\"2197\" data-end=\"2222\"><strong data-start=\"2197\" data-end=\"2211\">Longueur du c\u00e2ble<\/strong>: 5 m\u00e8tres<\/p>\n<\/li>\n<li class=\"\" data-start=\"2223\" data-end=\"2246\">\n<p class=\"\" data-start=\"2225\" data-end=\"2246\"><strong data-start=\"2225\" data-end=\"2240\">Connecteur \u00e0 piston<\/strong>: Oui<\/p>\n<\/li>\n<li class=\"\" data-start=\"2247\" data-end=\"2278\">\n<p class=\"\" data-start=\"2249\" data-end=\"2278\"><strong data-start=\"2249\" data-end=\"2268\">Droite\/Recul<\/strong>: Inverse<\/p>\n<\/li>\n<li class=\"\" data-start=\"2279\" data-end=\"2305\">\n<p class=\"\" data-start=\"2281\" data-end=\"2305\"><strong data-start=\"2281\" data-end=\"2299\">Tension AC\/DC<\/strong>: DC<\/p>\n<\/li>\n<li class=\"\" data-start=\"2306\" data-end=\"2334\">\n<p class=\"\" data-start=\"2308\" data-end=\"2334\"><strong data-start=\"2308\" data-end=\"2324\">Tension maximale<\/strong>: 27,6 V<\/p>\n<\/li>\n<li class=\"\" data-start=\"2335\" data-end=\"2363\">\n<p class=\"\" data-start=\"2337\" data-end=\"2363\"><strong data-start=\"2337\" data-end=\"2353\">Tension minimale<\/strong>: 21,6 V<\/p>\n<\/li>\n<li class=\"\" data-start=\"2364\" data-end=\"2390\">\n<p class=\"\" data-start=\"2366\" data-end=\"2390\"><strong data-start=\"2366\" data-end=\"2384\">SundaMaison not\u00e9e<\/strong>: Oui<\/p>\n<\/li>\n<\/ul>","protected":false},"excerpt":{"rendered":"<p>Vous pouvez voir ici quels poteaux et mod\u00e8les s&#039;adaptent ensemble \u00e0 partir de la gamme STEP de but\u00e9es de porte \u00e9lectriques.<\/p>\n<h5><strong><a href=\"https:\/\/steplock.com\/sv\/stolpguide\/#!?lang=sv&amp;blog_id=1&amp;paged=1&amp;number=50\" target=\"_blank\" rel=\"noopener\">Guide de publication STEP\u00a0<\/a><\/strong><\/h5>\n<h5><strong><a href=\"https:\/\/steplock.com\/sv\/projekteringsguide\/#!?lang=sv&amp;blog_id=1&amp;paged=1&amp;number=999\" target=\"_blank\" rel=\"noopener\">Guide de conception STEP<\/a><\/strong><\/h5>","protected":false},"featured_media":140294,"template":"","meta":{"_acf_changed":false},"product_brand":[],"product_cat":[3355],"product_tag":[4197,4201],"class_list":{"0":"post-140297","1":"product","2":"type-product","3":"status-publish","4":"has-post-thumbnail","6":"product_cat-elslutbleck","7":"product_tag-24v","8":"product_tag-omvand","9":"product_shipping_class-tunga-paket","10":"pa_brands-step","11":"tm-no-options","13":"first","14":"onbackorder","15":"sale","16":"taxable","17":"shipping-taxable","18":"purchasable","19":"product-type-simple"},"acf":[],"_links":{"self":[{"href":"https:\/\/secureus.se\/fr\/wp-json\/wp\/v2\/product\/140297","targetHints":{"allow":["GET"]}}],"collection":[{"href":"https:\/\/secureus.se\/fr\/wp-json\/wp\/v2\/product"}],"about":[{"href":"https:\/\/secureus.se\/fr\/wp-json\/wp\/v2\/types\/product"}],"wp:featuredmedia":[{"embeddable":true,"href":"https:\/\/secureus.se\/fr\/wp-json\/wp\/v2\/media\/140294"}],"wp:attachment":[{"href":"https:\/\/secureus.se\/fr\/wp-json\/wp\/v2\/media?parent=140297"}],"wp:term":[{"taxonomy":"product_brand","embeddable":true,"href":"https:\/\/secureus.se\/fr\/wp-json\/wp\/v2\/product_brand?post=140297"},{"taxonomy":"product_cat","embeddable":true,"href":"https:\/\/secureus.se\/fr\/wp-json\/wp\/v2\/product_cat?post=140297"},{"taxonomy":"product_tag","embeddable":true,"href":"https:\/\/secureus.se\/fr\/wp-json\/wp\/v2\/product_tag?post=140297"}],"curies":[{"name":"wp","href":"https:\/\/api.w.org\/{rel}","templated":true}]}}