{"id":140363,"date":"2023-05-10T09:52:05","date_gmt":"2023-05-10T07:52:05","guid":{"rendered":"https:\/\/secureus.se\/elqxb-pure-4x2x05-vit-b100\/"},"modified":"2026-04-08T16:49:54","modified_gmt":"2026-04-08T14:49:54","slug":"elqxb-pure-4x2x05-vit-b100","status":"publish","type":"product","link":"https:\/\/secureus.se\/fr\/elqxb-pure-4x2x05-vit-b100\/","title":{"rendered":"ELQXB PURE 4X2X0.5 BLANC B100"},"content":{"rendered":"","protected":false},"excerpt":{"rendered":"<p>C\u00e2ble de signal de t\u00e9l\u00e9communication sans halog\u00e8ne. N&#039;\u00e9met pas de gaz corrosifs et pr\u00e9sente une faible densit\u00e9 de fum\u00e9e en cas d&#039;incendie. Installation fixe ou dans des canalisations, pour r\u00e9seaux de communication priv\u00e9s en int\u00e9rieur. Les pi\u00e8ces sont torsad\u00e9es par paires (1x4x0,5 sont torsad\u00e9es en quatre vis).<\/p>","protected":false},"featured_media":140361,"template":"","meta":{"_acf_changed":false},"product_brand":[],"product_cat":[2678],"product_tag":[2487],"class_list":{"0":"post-140363","1":"product","2":"type-product","3":"status-publish","4":"has-post-thumbnail","6":"product_cat-telekabel-oskarmad","7":"product_tag-kabel-oskarmad","8":"product_shipping_class-tunga-paket","9":"tm-no-options","11":"first","12":"instock","13":"taxable","14":"shipping-taxable","15":"purchasable","16":"product-type-simple"},"acf":[],"_links":{"self":[{"href":"https:\/\/secureus.se\/fr\/wp-json\/wp\/v2\/product\/140363","targetHints":{"allow":["GET"]}}],"collection":[{"href":"https:\/\/secureus.se\/fr\/wp-json\/wp\/v2\/product"}],"about":[{"href":"https:\/\/secureus.se\/fr\/wp-json\/wp\/v2\/types\/product"}],"wp:featuredmedia":[{"embeddable":true,"href":"https:\/\/secureus.se\/fr\/wp-json\/wp\/v2\/media\/140361"}],"wp:attachment":[{"href":"https:\/\/secureus.se\/fr\/wp-json\/wp\/v2\/media?parent=140363"}],"wp:term":[{"taxonomy":"product_brand","embeddable":true,"href":"https:\/\/secureus.se\/fr\/wp-json\/wp\/v2\/product_brand?post=140363"},{"taxonomy":"product_cat","embeddable":true,"href":"https:\/\/secureus.se\/fr\/wp-json\/wp\/v2\/product_cat?post=140363"},{"taxonomy":"product_tag","embeddable":true,"href":"https:\/\/secureus.se\/fr\/wp-json\/wp\/v2\/product_tag?post=140363"}],"curies":[{"name":"wp","href":"https:\/\/api.w.org\/{rel}","templated":true}]}}